{"id":49,"date":"2018-06-26T12:10:31","date_gmt":"2018-06-26T12:10:31","guid":{"rendered":"https:\/\/webs.uab.cat\/3dvirtualherp\/llistat-despecies\/"},"modified":"2025-01-24T12:17:19","modified_gmt":"2025-01-24T11:17:19","slug":"llistat-despecies","status":"publish","type":"page","link":"https:\/\/webs.uab.cat\/3dvirtualherp\/llistat-despecies\/","title":{"rendered":"Llistat d&#8217;esp\u00e8cies"},"content":{"rendered":"\n<p>En aquest llistat es mostren ordenats alfab\u00e8ticament els noms cient\u00edfics de totes les esp\u00e8cies d&#8217;amfibis i r\u00e8ptils&nbsp;que inclou aquest cat\u00e0leg. Al clicar sobre cadascun d&#8217;ells s&#8217;obre una finestra amb informaci\u00f3 b\u00e0sica de l&#8217;esp\u00e8cie.<\/p>\n\n\n<form role=\"search\" method=\"get\" action=\"https:\/\/webs.uab.cat\/3dvirtualherp\/\" class=\"wp-block-search__button-outside wp-block-search__text-button wp-block-search\"    ><label class=\"wp-block-search__label\" for=\"wp-block-search__input-1\" >Cerca<\/label><div class=\"wp-block-search__inside-wrapper\" ><input class=\"wp-block-search__input\" id=\"wp-block-search__input-1\" placeholder=\"\" value=\"\" type=\"search\" name=\"s\" required \/><button aria-label=\"Cerca\" class=\"wp-block-search__button wp-element-button\" type=\"submit\" >Cerca<\/button><\/div><\/form>\n\n\n<h2 class=\"wp-block-heading\"><strong>Amfibis<\/strong><\/h2>\n\n\n\n<ul class=\"wp-block-list\">\n<li><a href=\"https:\/\/webs.uab.cat\/3dvirtualherp\/fitxa-descriptiva\/totil-iberic\/\" data-type=\"fitxa_descriptiva\" data-id=\"120\"><em>Alytes cisternasii<\/em><\/a><\/li>\n\n\n\n<li><a href=\"https:\/\/webs.uab.cat\/3dvirtualherp\/fitxa-descriptiva\/alytes-dickhilleni\/\" data-type=\"fitxa_descriptiva\" data-id=\"122\"><em>Alytes dickhilleni<\/em><\/a><\/li>\n\n\n\n<li><a href=\"https:\/\/webs.uab.cat\/3dvirtualherp\/fitxa-descriptiva\/ferreret\/\" data-type=\"fitxa_descriptiva\" data-id=\"123\"><em>Alytes muletensis<\/em><\/a><\/li>\n\n\n\n<li><a href=\"https:\/\/webs.uab.cat\/3dvirtualherp\/fitxa-descriptiva\/totil\/\" data-type=\"fitxa_descriptiva\" data-id=\"124\"><em>Alytes obstetricans<\/em><\/a> i <a href=\"https:\/\/webs.uab.cat\/3dvirtualherp\/fitxa-descriptiva\/totil\/\" data-type=\"link\" data-id=\"https:\/\/webs.uab.cat\/3dvirtualherp\/fitxa-descriptiva\/totil\/\"><em>almogavarii<\/em><\/a><\/li>\n\n\n\n<li><a href=\"https:\/\/webs.uab.cat\/3dvirtualherp\/fitxa-descriptiva\/bufo-spinosus\/\" data-type=\"fitxa_descriptiva\" data-id=\"125\"><em>Bufo spinosus<\/em><\/a><\/li>\n\n\n\n<li><a href=\"https:\/\/webs.uab.cat\/3dvirtualherp\/fitxa-descriptiva\/calapet\/\" data-type=\"fitxa_descriptiva\" data-id=\"127\"><em>Bufotes balearicus<\/em><\/a><\/li>\n\n\n\n<li><a href=\"https:\/\/webs.uab.cat\/3dvirtualherp\/fitxa-descriptiva\/trito-del-montseny\/\" data-type=\"fitxa_descriptiva\" data-id=\"128\"><em>Calotriton arnoldi<\/em><\/a><\/li>\n\n\n\n<li><em><a href=\"https:\/\/webs.uab.cat\/3dvirtualherp\/fitxa-descriptiva\/trito-pirinenc\/\" data-type=\"fitxa_descriptiva\" data-id=\"98\">Calotriton asper<\/a><\/em><\/li>\n\n\n\n<li><a href=\"https:\/\/webs.uab.cat\/3dvirtualherp\/fitxa-descriptiva\/salamandra-lusitanica\/\" data-type=\"fitxa_descriptiva\" data-id=\"130\"><em>Chioglossa lusitanica<\/em><\/a><\/li>\n\n\n\n<li><a href=\"https:\/\/webs.uab.cat\/3dvirtualherp\/fitxa-descriptiva\/discoglossus-galganoi\/\" data-type=\"fitxa_descriptiva\" data-id=\"126\"><i>Discoglossus galganoi<\/i><\/a><\/li>\n\n\n\n<li><a href=\"https:\/\/webs.uab.cat\/3dvirtualherp\/fitxa-descriptiva\/granota-pintada-gripau-pintat\/\" data-type=\"fitxa_descriptiva\" data-id=\"131\"><i>Discoglossus pictus<\/i><\/a><\/li>\n\n\n\n<li><a href=\"https:\/\/webs.uab.cat\/3dvirtualherp\/fitxa-descriptiva\/gripau-corredor\/\" data-type=\"fitxa_descriptiva\" data-id=\"132\"><em>Epidalea calamita<\/em><\/a><\/li>\n\n\n\n<li><a href=\"https:\/\/webs.uab.cat\/3dvirtualherp\/fitxa-descriptiva\/reineta-meridional\/\" data-type=\"fitxa_descriptiva\" data-id=\"133\"><em>Hyla meridionalis<\/em><\/a><\/li>\n\n\n\n<li><a href=\"https:\/\/webs.uab.cat\/3dvirtualherp\/fitxa-descriptiva\/reineta-de-sant-antoni\/\" data-type=\"fitxa_descriptiva\" data-id=\"134\"><em>Hyla molleri<\/em><\/a><\/li>\n\n\n\n<li><a href=\"https:\/\/webs.uab.cat\/3dvirtualherp\/fitxa-descriptiva\/trito-alpi\/\" data-type=\"fitxa_descriptiva\" data-id=\"135\"><em>Ichthyosaura alpestris<\/em><\/a><\/li>\n\n\n\n<li><a href=\"https:\/\/webs.uab.cat\/3dvirtualherp\/fitxa-descriptiva\/trito-iberic\/\" data-type=\"fitxa_descriptiva\" data-id=\"136\"><em>Lissotriton boscai<\/em><\/a><\/li>\n\n\n\n<li><a href=\"https:\/\/webs.uab.cat\/3dvirtualherp\/fitxa-descriptiva\/trito-palmat\/\" data-type=\"fitxa_descriptiva\" data-id=\"137\"><em>Lissotriton helveticus<\/em><\/a><\/li>\n\n\n\n<li><a href=\"https:\/\/webs.uab.cat\/3dvirtualherp\/fitxa-descriptiva\/gripau-desperons\/\" data-type=\"fitxa_descriptiva\" data-id=\"138\"><em>Pelobates cultripes<\/em><\/a><\/li>\n\n\n\n<li><a href=\"https:\/\/webs.uab.cat\/3dvirtualherp\/fitxa-descriptiva\/pelodytes-atlanticus\/\" data-type=\"fitxa_descriptiva\" data-id=\"139\"><em>Pelodytes atlanticus<\/em><\/a><\/li>\n\n\n\n<li><em><a href=\"https:\/\/webs.uab.cat\/3dvirtualherp\/fitxa-descriptiva\/pelodytes-hespericus\/\">Pelodytes hespericus<\/a><\/em><\/li>\n\n\n\n<li><a href=\"https:\/\/webs.uab.cat\/3dvirtualherp\/fitxa-descriptiva\/pelodytes-ibericus\/\" data-type=\"fitxa_descriptiva\" data-id=\"141\"><em>Pelodytes ibericus<\/em><\/a><\/li>\n\n\n\n<li><a href=\"https:\/\/webs.uab.cat\/3dvirtualherp\/fitxa-descriptiva\/pelodytes-punctatus\/\" data-type=\"fitxa_descriptiva\" data-id=\"140\"><em>Pelodytes punctatus<\/em><\/a><\/li>\n\n\n\n<li><a href=\"https:\/\/webs.uab.cat\/3dvirtualherp\/fitxa-descriptiva\/granota-hibrida-de-graf\/\" data-type=\"fitxa_descriptiva\" data-id=\"142\"><em>Pelophylax grafi<\/em><\/a><\/li>\n\n\n\n<li><a href=\"https:\/\/webs.uab.cat\/3dvirtualherp\/fitxa-descriptiva\/granota-verda-granota-vulgar\/\" data-type=\"fitxa_descriptiva\" data-id=\"143\"><em>Pelophylax perezi<\/em><\/a><\/li>\n\n\n\n<li><a href=\"https:\/\/webs.uab.cat\/3dvirtualherp\/fitxa-descriptiva\/gandaria-ofegabous\/\" data-type=\"fitxa_descriptiva\" data-id=\"129\"><em>Pleurodeles waltl<\/em><\/a><\/li>\n\n\n\n<li><a href=\"https:\/\/webs.uab.cat\/3dvirtualherp\/fitxa-descriptiva\/granota-agil\/\" data-type=\"fitxa_descriptiva\" data-id=\"144\"><em>Rana dalmatina<\/em><\/a><\/li>\n\n\n\n<li><a href=\"https:\/\/webs.uab.cat\/3dvirtualherp\/fitxa-descriptiva\/granota-iberica\/\" data-type=\"fitxa_descriptiva\" data-id=\"145\"><em>Rana iberica<\/em><\/a><\/li>\n\n\n\n<li><a href=\"https:\/\/webs.uab.cat\/3dvirtualherp\/fitxa-descriptiva\/rana-pyrenaica\/\" data-type=\"fitxa_descriptiva\" data-id=\"146\"><em>Rana pyrenaica<\/em><\/a><\/li>\n\n\n\n<li><a href=\"https:\/\/webs.uab.cat\/3dvirtualherp\/fitxa-descriptiva\/granota-roja-granota-pirinenca\/\" data-type=\"fitxa_descriptiva\" data-id=\"147\"><em>Rana temporaria<\/em><\/a><\/li>\n\n\n\n<li><a href=\"https:\/\/webs.uab.cat\/3dvirtualherp\/fitxa-descriptiva\/salamandra\/\" data-type=\"fitxa_descriptiva\" data-id=\"116\"><em>Salamandra salamandra<\/em><\/a><\/li>\n\n\n\n<li><a href=\"https:\/\/webs.uab.cat\/3dvirtualherp\/fitxa-descriptiva\/trito-verd-trito-marbrat\/\" data-type=\"fitxa_descriptiva\" data-id=\"117\"><em>Triturus marmoratus<\/em><\/a><\/li>\n\n\n\n<li><a href=\"https:\/\/webs.uab.cat\/3dvirtualherp\/fitxa-descriptiva\/triturus-pygmaeus\/\" data-type=\"fitxa_descriptiva\" data-id=\"148\"><em>Triturus pygmaeus <\/em><\/a><\/li>\n<\/ul>\n\n\n\n<h2 class=\"wp-block-heading\"><strong>R\u00e8ptils<\/strong><\/h2>\n\n\n\n<ul class=\"wp-block-list\">\n<li><a href=\"https:\/\/webs.uab.cat\/3dvirtualherp\/fitxa-descriptiva\/sargantana-cua-roja\/\" data-type=\"fitxa_descriptiva\" data-id=\"99\"><em>Acanthodactylus erythrurus<\/em><\/a><\/li>\n\n\n\n<li><a href=\"https:\/\/webs.uab.cat\/3dvirtualherp\/fitxa-descriptiva\/algyroides-marchi\/\" data-type=\"fitxa_descriptiva\" data-id=\"149\"><em>Algyroides marchi<\/em><\/a><\/li>\n\n\n\n<li><a href=\"https:\/\/webs.uab.cat\/3dvirtualherp\/fitxa-descriptiva\/vidriol-llisona\/\" data-type=\"fitxa_descriptiva\" data-id=\"100\"><em>Anguis fragilis<\/em><\/a><\/li>\n\n\n\n<li><a href=\"https:\/\/webs.uab.cat\/3dvirtualherp\/fitxa-descriptiva\/serpeta-cega\/\" data-type=\"fitxa_descriptiva\" data-id=\"186\"><em>Blanus cinereus<\/em><\/a> i <em><a href=\"https:\/\/webs.uab.cat\/3dvirtualherp\/fitxa-descriptiva\/serpeta-cega\/\">mariae<\/a><\/em><\/li>\n\n\n\n<li><a href=\"https:\/\/webs.uab.cat\/3dvirtualherp\/fitxa-descriptiva\/tortuga-careta-tortuga-babaua\/\" data-type=\"fitxa_descriptiva\" data-id=\"151\"><em>Caretta caretta<\/em><\/a><\/li>\n\n\n\n<li><a href=\"https:\/\/webs.uab.cat\/3dvirtualherp\/fitxa-descriptiva\/bivia-iberica\/\" data-type=\"fitxa_descriptiva\" data-id=\"102\"><em>Chalcides bedriagai<\/em><\/a><\/li>\n\n\n\n<li><a href=\"https:\/\/webs.uab.cat\/3dvirtualherp\/fitxa-descriptiva\/lludrio-llistat-brivia-tridactila\/\" data-type=\"fitxa_descriptiva\" data-id=\"104\"><em>Chalcides striatus<\/em><\/a><\/li>\n\n\n\n<li><a href=\"https:\/\/webs.uab.cat\/3dvirtualherp\/fitxa-descriptiva\/camaleo-comu\/\" data-type=\"fitxa_descriptiva\" data-id=\"152\"><em>Chamaeleo chamaeleon<\/em><\/a><\/li>\n\n\n\n<li><a href=\"https:\/\/webs.uab.cat\/3dvirtualherp\/fitxa-descriptiva\/tortuga-verda\/\" data-type=\"fitxa_descriptiva\" data-id=\"153\"><em>Chelonia mydas<\/em><\/a><\/li>\n\n\n\n<li><a href=\"https:\/\/webs.uab.cat\/3dvirtualherp\/fitxa-descriptiva\/colobra-llisa-serp-llisa-septentrional\/\" data-type=\"fitxa_descriptiva\" data-id=\"105\"><em>Coronella austriaca<\/em><\/a><\/li>\n\n\n\n<li><a href=\"https:\/\/webs.uab.cat\/3dvirtualherp\/fitxa-descriptiva\/colobra-bordelesa\/\" data-type=\"fitxa_descriptiva\" data-id=\"106\"><em>Coronella girondica<\/em><\/a><\/li>\n\n\n\n<li><a href=\"https:\/\/webs.uab.cat\/3dvirtualherp\/fitxa-descriptiva\/tortuga-llaut\/\" data-type=\"fitxa_descriptiva\" data-id=\"154\"><em>Dermochelys coriacea<\/em><\/a><\/li>\n\n\n\n<li><a href=\"https:\/\/webs.uab.cat\/3dvirtualherp\/fitxa-descriptiva\/tortuga-destany\/\" data-type=\"fitxa_descriptiva\" data-id=\"155\"><em>Emys orbicularis<\/em><\/a><\/li>\n\n\n\n<li><a href=\"https:\/\/webs.uab.cat\/3dvirtualherp\/fitxa-descriptiva\/tortuga-carei\/\" data-type=\"fitxa_descriptiva\" data-id=\"156\"><em>Eretmochelys imbricata<\/em><\/a><\/li>\n\n\n\n<li><a href=\"https:\/\/webs.uab.cat\/3dvirtualherp\/fitxa-descriptiva\/drago-rosat-dragonet\/\" data-type=\"fitxa_descriptiva\" data-id=\"157\"><em>Hemidactylus turcicus<\/em><\/a><\/li>\n\n\n\n<li><a href=\"https:\/\/webs.uab.cat\/3dvirtualherp\/fitxa-descriptiva\/colobra-de-ferradura-serp-de-ferradura\/\" data-type=\"fitxa_descriptiva\" data-id=\"158\"><em>Hemorrhois hippocrepis<\/em><\/a><\/li>\n\n\n\n<li><a href=\"https:\/\/webs.uab.cat\/3dvirtualherp\/fitxa-descriptiva\/serp-verda-i-groga\/\" data-type=\"fitxa_descriptiva\" data-id=\"159\"><em>Hierophis viridiflavus<\/em><\/a><\/li>\n\n\n\n<li><a href=\"https:\/\/webs.uab.cat\/3dvirtualherp\/fitxa-descriptiva\/sargantana-aranesa\/\" data-type=\"fitxa_descriptiva\" data-id=\"107\"><em>Iberolacerta aranica<\/em><\/a><\/li>\n\n\n\n<li><a href=\"https:\/\/webs.uab.cat\/3dvirtualherp\/fitxa-descriptiva\/sargantana-pallaresa\/\" data-type=\"fitxa_descriptiva\" data-id=\"187\"><em>Iberolacerta aurelioi<\/em><\/a><\/li>\n\n\n\n<li><a href=\"https:\/\/webs.uab.cat\/3dvirtualherp\/fitxa-descriptiva\/sargantana-pirinenca\/\" data-type=\"fitxa_descriptiva\" data-id=\"160\"><em>Iberolacerta bonnali<\/em><\/a><\/li>\n\n\n\n<li><a href=\"https:\/\/webs.uab.cat\/3dvirtualherp\/fitxa-descriptiva\/iberolacerta-cyreni\/\" data-type=\"fitxa_descriptiva\" data-id=\"161\"><em>Iberolacerta cyreni<\/em><\/a><\/li>\n\n\n\n<li><a href=\"https:\/\/webs.uab.cat\/3dvirtualherp\/fitxa-descriptiva\/iberolacerta-galani\/\" data-type=\"fitxa_descriptiva\" data-id=\"162\"><em>Iberolacerta galani<\/em><\/a><\/li>\n\n\n\n<li><a href=\"https:\/\/webs.uab.cat\/3dvirtualherp\/fitxa-descriptiva\/iberolacerta-martinezricai\/\" data-type=\"fitxa_descriptiva\" data-id=\"163\"><em>Iberolacerta martinezricai<\/em><\/a><\/li>\n\n\n\n<li><a href=\"https:\/\/webs.uab.cat\/3dvirtualherp\/fitxa-descriptiva\/sargantana-serrana\/\" data-type=\"fitxa_descriptiva\" data-id=\"164\"><em>Iberolacerta monticola<\/em><\/a><\/li>\n\n\n\n<li><a href=\"https:\/\/webs.uab.cat\/3dvirtualherp\/fitxa-descriptiva\/langardaix-pirinenc\/\" data-type=\"fitxa_descriptiva\" data-id=\"108\"><em>Lacerta agilis<\/em><\/a><\/li>\n\n\n\n<li><a href=\"https:\/\/webs.uab.cat\/3dvirtualherp\/fitxa-descriptiva\/lluert-occidental-llangardaix-verd-occidental\/\" data-type=\"fitxa_descriptiva\" data-id=\"165\"><em>Lacerta bilineata<\/em><\/a><\/li>\n\n\n\n<li><a href=\"https:\/\/webs.uab.cat\/3dvirtualherp\/fitxa-descriptiva\/sargantana-de-schreiber\/\" data-type=\"fitxa_descriptiva\" data-id=\"109\"><em>Lacerta schreiberi<\/em><\/a><\/li>\n\n\n\n<li><a href=\"https:\/\/webs.uab.cat\/3dvirtualherp\/fitxa-descriptiva\/tortuga-bastarda\/\" data-type=\"fitxa_descriptiva\" data-id=\"166\"><em>Lepidochelys kempii<\/em><\/a><\/li>\n\n\n\n<li><a href=\"https:\/\/webs.uab.cat\/3dvirtualherp\/fitxa-descriptiva\/tortuga-de-ridley-tortuga-olivacia\/\" data-type=\"fitxa_descriptiva\" data-id=\"167\"><em>Lepidochelys olivacea<\/em><\/a><\/li>\n\n\n\n<li><a href=\"https:\/\/webs.uab.cat\/3dvirtualherp\/fitxa-descriptiva\/colobra-de-cogulla\/\" data-type=\"fitxa_descriptiva\" data-id=\"110\"><em>Macroprotodon brevis<\/em><\/a><\/li>\n\n\n\n<li><a href=\"https:\/\/webs.uab.cat\/3dvirtualherp\/fitxa-descriptiva\/malpolon-monspessulanus\/\" data-type=\"fitxa_descriptiva\" data-id=\"111\"><em>Malpolon monspessulanus<\/em><\/a><\/li>\n\n\n\n<li><a href=\"https:\/\/webs.uab.cat\/3dvirtualherp\/fitxa-descriptiva\/tortuga-de-rierol\/\" data-type=\"fitxa_descriptiva\" data-id=\"168\"><em>Mauremys leprosa<\/em><\/a><\/li>\n\n\n\n<li><em><a href=\"https:\/\/webs.uab.cat\/3dvirtualherp\/fitxa-descriptiva\/iberian-grass-snake\/\">Natrix astreptophora<\/a><\/em> i <a href=\"https:\/\/webs.uab.cat\/3dvirtualherp\/fitxa-descriptiva\/iberian-grass-snake\/\"><em>natrix<\/em><\/a><\/li>\n\n\n\n<li><a href=\"https:\/\/webs.uab.cat\/3dvirtualherp\/fitxa-descriptiva\/colobra-escurconera-serp-daigua\/\" data-type=\"fitxa_descriptiva\" data-id=\"112\"><em>Natrix maura<\/em><\/a><\/li>\n\n\n\n<li><a href=\"https:\/\/webs.uab.cat\/3dvirtualherp\/fitxa-descriptiva\/sargantana-de-bocage\/\" data-type=\"fitxa_descriptiva\" data-id=\"171\"><em>Podarcis bocagei<\/em><\/a><\/li>\n\n\n\n<li><a href=\"https:\/\/webs.uab.cat\/3dvirtualherp\/fitxa-descriptiva\/podarcis-carbonelli\/\" data-type=\"fitxa_descriptiva\" data-id=\"172\"><em>Podarcis carbonelli<\/em><\/a><\/li>\n\n\n\n<li><em><a href=\"https:\/\/webs.uab.cat\/3dvirtualherp\/fitxa-descriptiva\/podarcis-guadarramae\/\">Podarcis guadarramae<\/a><\/em><\/li>\n\n\n\n<li><em><a href=\"https:\/\/webs.uab.cat\/3dvirtualherp\/fitxa-descriptiva\/sargantana-iberica\/\">Podarcis hispanicus<\/a><\/em><\/li>\n\n\n\n<li><a href=\"https:\/\/webs.uab.cat\/3dvirtualherp\/fitxa-descriptiva\/sargantana-gimnesia\/\" data-type=\"fitxa_descriptiva\" data-id=\"173\"><em>Podarcis lilfordi<\/em><\/a><\/li>\n\n\n\n<li><a href=\"https:\/\/webs.uab.cat\/3dvirtualherp\/fitxa-descriptiva\/podarcis-liolepis\/\" data-type=\"fitxa_descriptiva\" data-id=\"174\"><em>Podarcis liolepis<\/em><\/a><\/li>\n\n\n\n<li><a href=\"https:\/\/webs.uab.cat\/3dvirtualherp\/fitxa-descriptiva\/podarcis-muralis\/\" data-type=\"fitxa_descriptiva\" data-id=\"114\"><em>Podarcis muralis<\/em><\/a><\/li>\n\n\n\n<li><a href=\"https:\/\/webs.uab.cat\/3dvirtualherp\/fitxa-descriptiva\/sargantana-de-les-pitiuses\/\" data-type=\"fitxa_descriptiva\" data-id=\"175\"><em>Podarcis pityusensis<\/em><\/a><\/li>\n\n\n\n<li><a href=\"https:\/\/webs.uab.cat\/3dvirtualherp\/fitxa-descriptiva\/llangardaix-andalus\/\" data-type=\"fitxa_descriptiva\" data-id=\"176\"><em>Podarcis vaucheri<\/em><\/a><\/li>\n\n\n\n<li><em><a href=\"https:\/\/webs.uab.cat\/3dvirtualherp\/fitxa-descriptiva\/podarcis-virescens\/\">Podarcis virescens<\/a><\/em><\/li>\n\n\n\n<li><a href=\"https:\/\/webs.uab.cat\/3dvirtualherp\/fitxa-descriptiva\/psammodromus-algirus\/\" data-type=\"fitxa_descriptiva\" data-id=\"115\"><em>Psammodromus algirus<\/em><\/a><\/li>\n\n\n\n<li><a href=\"https:\/\/webs.uab.cat\/3dvirtualherp\/fitxa-descriptiva\/psammodromus-edwardsianus\/\" data-type=\"fitxa_descriptiva\" data-id=\"118\"><em>Psammodromus edwarsianus<\/em><\/a><\/li>\n\n\n\n<li><a href=\"https:\/\/webs.uab.cat\/3dvirtualherp\/fitxa-descriptiva\/sargantana-corredora\/\" data-type=\"fitxa_descriptiva\" data-id=\"177\"><em>Psammodromus hispanicus<\/em><\/a><\/li>\n\n\n\n<li><em><a href=\"https:\/\/webs.uab.cat\/3dvirtualherp\/fitxa-descriptiva\/psammodromus-occidentalis\/\">Psammodromus occidentalis<\/a><\/em><\/li>\n\n\n\n<li><a href=\"https:\/\/webs.uab.cat\/3dvirtualherp\/fitxa-descriptiva\/tarentola-mauritanica\/\" data-type=\"fitxa_descriptiva\" data-id=\"119\"><em>Tarentola mauritanica<\/em><\/a><\/li>\n\n\n\n<li><a href=\"https:\/\/webs.uab.cat\/3dvirtualherp\/fitxa-descriptiva\/tortuga-grega\/\" data-type=\"fitxa_descriptiva\" data-id=\"179\"><em>Testudo graeca<\/em><\/a><\/li>\n\n\n\n<li><a href=\"https:\/\/webs.uab.cat\/3dvirtualherp\/fitxa-descriptiva\/tortuga-mediterrania-tortuga-de-terra\/\" data-type=\"fitxa_descriptiva\" data-id=\"180\"><em>Testudo hermanni<\/em><\/a><\/li>\n\n\n\n<li><em><a href=\"https:\/\/webs.uab.cat\/3dvirtualherp\/fitxa-descriptiva\/llangardaix-ocellat\/\">Timon lepidus<\/a><\/em> i <a href=\"https:\/\/webs.uab.cat\/3dvirtualherp\/fitxa-descriptiva\/llangardaix-ocellat\/\" data-type=\"link\" data-id=\"https:\/\/webs.uab.cat\/3dvirtualherp\/fitxa-descriptiva\/llangardaix-ocellat\/\"><em>nevadensis<\/em><\/a><\/li>\n\n\n\n<li><a href=\"https:\/\/webs.uab.cat\/3dvirtualherp\/fitxa-descriptiva\/escurco-pirinenc\/\" data-type=\"fitxa_descriptiva\" data-id=\"181\"><em>Vipera aspis<\/em><\/a><\/li>\n\n\n\n<li><a href=\"https:\/\/webs.uab.cat\/3dvirtualherp\/fitxa-descriptiva\/escurco-iberic\/\" data-type=\"fitxa_descriptiva\" data-id=\"182\"><em>Vipera latastei<\/em><\/a><\/li>\n\n\n\n<li><a href=\"https:\/\/webs.uab.cat\/3dvirtualherp\/fitxa-descriptiva\/vipera-seoanei\/\" data-type=\"fitxa_descriptiva\" data-id=\"183\"><em>Vipera seoanei<\/em><\/a><\/li>\n\n\n\n<li><a href=\"https:\/\/webs.uab.cat\/3dvirtualherp\/fitxa-descriptiva\/serp-desculapi\/\" data-type=\"fitxa_descriptiva\" data-id=\"184\"><em>Zamenis longissimus<\/em><\/a><\/li>\n\n\n\n<li><a href=\"https:\/\/webs.uab.cat\/3dvirtualherp\/fitxa-descriptiva\/serp-blanca-serp-ratllada\/\" data-type=\"fitxa_descriptiva\" data-id=\"185\"><em>Zamenis scalaris<\/em><\/a><\/li>\n\n\n\n<li><a href=\"https:\/\/webs.uab.cat\/3dvirtualherp\/fitxa-descriptiva\/zootoca-vivipara\/\" data-type=\"fitxa_descriptiva\" data-id=\"121\"><em>Zootoca vivipara<\/em><\/a><\/li>\n<\/ul>\n","protected":false},"excerpt":{"rendered":"<p>En aquest llistat es mostren ordenats alfab\u00e8ticament els noms cient\u00edfics de totes les esp\u00e8cies d&#8217;amfibis i r\u00e8ptils&nbsp;que inclou aquest cat\u00e0leg. Al clicar sobre cadascun d&#8217;ells s&#8217;obre una finestra amb informaci\u00f3 b\u00e0sica de l&#8217;esp\u00e8cie. Amfibis R\u00e8ptils<\/p>\n","protected":false},"author":20,"featured_media":0,"parent":0,"menu_order":0,"comment_status":"closed","ping_status":"closed","template":"","meta":{"footnotes":""},"class_list":["post-49","page","type-page","status-publish","hentry"],"_links":{"self":[{"href":"https:\/\/webs.uab.cat\/3dvirtualherp\/wp-json\/wp\/v2\/pages\/49","targetHints":{"allow":["GET"]}}],"collection":[{"href":"https:\/\/webs.uab.cat\/3dvirtualherp\/wp-json\/wp\/v2\/pages"}],"about":[{"href":"https:\/\/webs.uab.cat\/3dvirtualherp\/wp-json\/wp\/v2\/types\/page"}],"author":[{"embeddable":true,"href":"https:\/\/webs.uab.cat\/3dvirtualherp\/wp-json\/wp\/v2\/users\/20"}],"replies":[{"embeddable":true,"href":"https:\/\/webs.uab.cat\/3dvirtualherp\/wp-json\/wp\/v2\/comments?post=49"}],"version-history":[{"count":18,"href":"https:\/\/webs.uab.cat\/3dvirtualherp\/wp-json\/wp\/v2\/pages\/49\/revisions"}],"predecessor-version":[{"id":845,"href":"https:\/\/webs.uab.cat\/3dvirtualherp\/wp-json\/wp\/v2\/pages\/49\/revisions\/845"}],"wp:attachment":[{"href":"https:\/\/webs.uab.cat\/3dvirtualherp\/wp-json\/wp\/v2\/media?parent=49"}],"curies":[{"name":"wp","href":"https:\/\/api.w.org\/{rel}","templated":true}]}}