{"id":67,"date":"2018-07-26T21:50:00","date_gmt":"2018-07-26T21:50:00","guid":{"rendered":"https:\/\/webs.uab.cat\/3dvirtualherp\/equip\/"},"modified":"2025-07-15T09:05:37","modified_gmt":"2025-07-15T07:05:37","slug":"equip","status":"publish","type":"page","link":"https:\/\/webs.uab.cat\/3dvirtualherp\/equip\/","title":{"rendered":"Equip"},"content":{"rendered":"\n<h2 class=\"wp-block-heading\"><strong>Membres<\/strong><\/h2>\n\n\n\n<div class=\"wp-block-media-text is-stacked-on-mobile\" style=\"grid-template-columns:36% auto\"><figure class=\"wp-block-media-text__media\"><img loading=\"lazy\" decoding=\"async\" width=\"454\" height=\"540\" src=\"https:\/\/webs.uab.cat\/3dvirtualherp\/wp-content\/uploads\/sites\/139\/2018\/07\/fmm.jpg\" alt=\"\" class=\"wp-image-55 size-full\" srcset=\"https:\/\/webs.uab.cat\/3dvirtualherp\/wp-content\/uploads\/sites\/139\/2018\/07\/fmm.jpg 454w, https:\/\/webs.uab.cat\/3dvirtualherp\/wp-content\/uploads\/sites\/139\/2018\/07\/fmm-252x300.jpg 252w\" sizes=\"auto, (max-width: 454px) 100vw, 454px\" \/><\/figure><div class=\"wp-block-media-text__content\">\n<p><strong>Francesc Mu\u00f1oz Mu\u00f1oz &#8211; Coordinador<\/strong><\/p>\n\n\n\n<p>Professor Titular.&nbsp;Unitat de Zoologia.<\/p>\n\n\n\n<p>Departament de Biologia Animal, Biologia Vegetal i Ecologia<\/p>\n\n\n\n<p>Universitat Aut\u00f2noma de Barcelona.<\/p>\n\n\n\n<p><a href=\"mailto:Francesc.Munozm@uab.cat\">Francesc.Munozm@uab.cat<\/a><\/p>\n<\/div><\/div>\n\n\n\n<div class=\"wp-block-media-text is-stacked-on-mobile\" style=\"grid-template-columns:36% auto\"><figure class=\"wp-block-media-text__media\"><img loading=\"lazy\" decoding=\"async\" width=\"434\" height=\"535\" src=\"https:\/\/webs.uab.cat\/3dvirtualherp\/wp-content\/uploads\/sites\/139\/2018\/07\/emilio.jpg\" alt=\"\" class=\"wp-image-58 size-full\" srcset=\"https:\/\/webs.uab.cat\/3dvirtualherp\/wp-content\/uploads\/sites\/139\/2018\/07\/emilio.jpg 434w, https:\/\/webs.uab.cat\/3dvirtualherp\/wp-content\/uploads\/sites\/139\/2018\/07\/emilio-243x300.jpg 243w\" sizes=\"auto, (max-width: 434px) 100vw, 434px\" \/><\/figure><div class=\"wp-block-media-text__content\">\n<p><strong>Emili&nbsp;Valbuena Ure\u00f1a&nbsp;&#8211; Assessor<\/strong><\/p>\n\n\n\n<p>T\u00e8cnic de conservaci\u00f3\/Bi\u00f2leg<\/p>\n\n\n\n<p>Parc Natural del Garraf, Ol\u00e8rdola i el Foix<\/p>\n\n\n\n<p>Diputaci\u00f3 de Barcelona<\/p>\n\n\n\n<p><a href=\"mailto:valbuenaue@diba.cat\">valbuenaue@diba.cat<\/a><\/p>\n<\/div><\/div>\n\n\n\n<div class=\"wp-block-media-text is-stacked-on-mobile\" style=\"grid-template-columns:36% auto\"><figure class=\"wp-block-media-text__media\"><img loading=\"lazy\" decoding=\"async\" width=\"622\" height=\"600\" src=\"https:\/\/webs.uab.cat\/3dvirtualherp\/wp-content\/uploads\/sites\/139\/2018\/07\/javi.jpg\" alt=\"javi.jpg\" class=\"wp-image-61 size-full\" srcset=\"https:\/\/webs.uab.cat\/3dvirtualherp\/wp-content\/uploads\/sites\/139\/2018\/07\/javi.jpg 622w, https:\/\/webs.uab.cat\/3dvirtualherp\/wp-content\/uploads\/sites\/139\/2018\/07\/javi-300x289.jpg 300w\" sizes=\"auto, (max-width: 622px) 100vw, 622px\" \/><\/figure><div class=\"wp-block-media-text__content\">\n<p><strong>Javier Quesada &#8211; Assessor<\/strong><\/p>\n\n\n\n<p>Conservador de Vertebrats<\/p>\n\n\n\n<p>Museu de Ci\u00e8ncies Naturals de Barcelona<\/p>\n\n\n\n<p><a href=\"http:\/\/jquesada@bcn.cat\">jquesada@bcn.cat<\/a><\/p>\n<\/div><\/div>\n\n\n\n<div class=\"wp-block-media-text is-stacked-on-mobile\" style=\"grid-template-columns:36% auto\"><figure class=\"wp-block-media-text__media\"><img loading=\"lazy\" decoding=\"async\" width=\"200\" height=\"200\" src=\"https:\/\/webs.uab.cat\/3dvirtualherp\/wp-content\/uploads\/sites\/139\/2024\/12\/1711623469936.jpg\" alt=\"\" class=\"wp-image-711 size-full\" srcset=\"https:\/\/webs.uab.cat\/3dvirtualherp\/wp-content\/uploads\/sites\/139\/2024\/12\/1711623469936.jpg 200w, https:\/\/webs.uab.cat\/3dvirtualherp\/wp-content\/uploads\/sites\/139\/2024\/12\/1711623469936-150x150.jpg 150w\" sizes=\"auto, (max-width: 200px) 100vw, 200px\" \/><\/figure><div class=\"wp-block-media-text__content\">\n<p><strong>Alejandro Garc\u00eda Salmer\u00f3n &#8211; Assessor i creador de continguts<\/strong><\/p>\n\n\n\n<p>T\u00e8cnic de la Societat Catalana d&#8217;Herpetologia<\/p>\n\n\n\n<p>Professor associat Unitat de Zoologia<\/p>\n\n\n\n<p>Universitat Aut\u00f2noma de Barcelona.<\/p>\n\n\n\n<p><a href=\"mailto:Alejandro.Garcia.Salmeron@uab.cat\">Alejandro.Garcia.Salmeron@uab.cat<\/a><\/p>\n<\/div><\/div>\n\n\n\n<h2 class=\"wp-block-heading\"><strong>Col\u00b7laboradors<\/strong><\/h2>\n\n\n\n<div class=\"wp-block-media-text is-stacked-on-mobile\" style=\"grid-template-columns:36% auto\"><figure class=\"wp-block-media-text__media\"><img loading=\"lazy\" decoding=\"async\" width=\"600\" height=\"600\" src=\"https:\/\/webs.uab.cat\/3dvirtualherp\/wp-content\/uploads\/sites\/139\/2018\/07\/toni.jpg\" alt=\"\" class=\"wp-image-64 size-full\" srcset=\"https:\/\/webs.uab.cat\/3dvirtualherp\/wp-content\/uploads\/sites\/139\/2018\/07\/toni.jpg 600w, https:\/\/webs.uab.cat\/3dvirtualherp\/wp-content\/uploads\/sites\/139\/2018\/07\/toni-300x300.jpg 300w, https:\/\/webs.uab.cat\/3dvirtualherp\/wp-content\/uploads\/sites\/139\/2018\/07\/toni-150x150.jpg 150w\" sizes=\"auto, (max-width: 600px) 100vw, 600px\" \/><\/figure><div class=\"wp-block-media-text__content\">\n<p><strong>Toni Viv\u00f3 Pons &#8211; Dissenyador p\u00e0gina web (2018)<\/strong><\/p>\n\n\n\n<p>PhD Student.<\/p>\n\n\n\n<p>Technical University of Denmark. Aqua Institute.<\/p>\n\n\n\n<p><a href=\"mailto:avipo@aqua.dtu.dk\">avipo@aqua.dtu.dk<\/a><\/p>\n<\/div><\/div>\n\n\n\n<div class=\"wp-block-media-text is-stacked-on-mobile\" style=\"grid-template-columns:36% auto\"><figure class=\"wp-block-media-text__media\"><img loading=\"lazy\" decoding=\"async\" width=\"893\" height=\"1024\" src=\"https:\/\/webs.uab.cat\/3dvirtualherp\/wp-content\/uploads\/sites\/139\/2023\/09\/jec-e1694168143546-893x1024.jpeg\" alt=\"\" class=\"wp-image-466 size-full\" srcset=\"https:\/\/webs.uab.cat\/3dvirtualherp\/wp-content\/uploads\/sites\/139\/2023\/09\/jec-e1694168143546-893x1024.jpeg 893w, https:\/\/webs.uab.cat\/3dvirtualherp\/wp-content\/uploads\/sites\/139\/2023\/09\/jec-e1694168143546-262x300.jpeg 262w, https:\/\/webs.uab.cat\/3dvirtualherp\/wp-content\/uploads\/sites\/139\/2023\/09\/jec-e1694168143546-768x881.jpeg 768w, https:\/\/webs.uab.cat\/3dvirtualherp\/wp-content\/uploads\/sites\/139\/2023\/09\/jec-e1694168143546-1200x1376.jpeg 1200w, https:\/\/webs.uab.cat\/3dvirtualherp\/wp-content\/uploads\/sites\/139\/2023\/09\/jec-e1694168143546.jpeg 1280w\" sizes=\"auto, (max-width: 893px) 100vw, 893px\" \/><\/figure><div class=\"wp-block-media-text__content\">\n<p><strong>Joan Esteve Canals &#8211; Creador de contingut<\/strong> <strong>(2023)<\/strong><\/p>\n\n\n\n<p>Estudiant de Biologia. <\/p>\n\n\n\n<p>Facultat de Bioci\u00e8ncies. Universitat Aut\u00f2noma de Barcelona. <\/p>\n\n\n\n<p>1531750@uab.cat <\/p>\n<\/div><\/div>\n\n\n\n<div class=\"wp-block-media-text is-stacked-on-mobile\" style=\"grid-template-columns:36% auto\"><figure class=\"wp-block-media-text__media\"><img loading=\"lazy\" decoding=\"async\" width=\"1024\" height=\"1024\" src=\"https:\/\/webs.uab.cat\/3dvirtualherp\/wp-content\/uploads\/sites\/139\/2025\/01\/Col.laborador_Albert_Rodriguez_cropped-1024x1024.jpg\" alt=\"\" class=\"wp-image-864 size-full\" srcset=\"https:\/\/webs.uab.cat\/3dvirtualherp\/wp-content\/uploads\/sites\/139\/2025\/01\/Col.laborador_Albert_Rodriguez_cropped-1024x1024.jpg 1024w, https:\/\/webs.uab.cat\/3dvirtualherp\/wp-content\/uploads\/sites\/139\/2025\/01\/Col.laborador_Albert_Rodriguez_cropped-300x300.jpg 300w, https:\/\/webs.uab.cat\/3dvirtualherp\/wp-content\/uploads\/sites\/139\/2025\/01\/Col.laborador_Albert_Rodriguez_cropped-150x150.jpg 150w, https:\/\/webs.uab.cat\/3dvirtualherp\/wp-content\/uploads\/sites\/139\/2025\/01\/Col.laborador_Albert_Rodriguez_cropped-768x768.jpg 768w, https:\/\/webs.uab.cat\/3dvirtualherp\/wp-content\/uploads\/sites\/139\/2025\/01\/Col.laborador_Albert_Rodriguez_cropped-1536x1536.jpg 1536w, https:\/\/webs.uab.cat\/3dvirtualherp\/wp-content\/uploads\/sites\/139\/2025\/01\/Col.laborador_Albert_Rodriguez_cropped-1200x1200.jpg 1200w, https:\/\/webs.uab.cat\/3dvirtualherp\/wp-content\/uploads\/sites\/139\/2025\/01\/Col.laborador_Albert_Rodriguez_cropped.jpg 1824w\" sizes=\"auto, (max-width: 1024px) 100vw, 1024px\" \/><\/figure><div class=\"wp-block-media-text__content\">\n<p><strong>Albert Rodr\u00edguez L\u00f3pez &#8211; Creador de contingut<\/strong> <strong>(2024 &#8211; 2025)<\/strong><\/p>\n\n\n\n<p>Estudiant de Biologia. <\/p>\n\n\n\n<p>Facultat de Bioci\u00e8ncies. Universitat Aut\u00f2noma de Barcelona.<\/p>\n\n\n\n<p>1638138@uab.cat<\/p>\n<\/div><\/div>\n\n\n\n<p>Amb el suport de:<\/p>\n\n\n\n<figure class=\"wp-block-image size-full is-resized\"><a href=\"https:\/\/www.zoosysevo.net\/\"><img loading=\"lazy\" decoding=\"async\" width=\"600\" height=\"462\" src=\"https:\/\/webs.uab.cat\/3dvirtualherp\/wp-content\/uploads\/sites\/139\/2025\/07\/logo_complet-583fadee.webp\" alt=\"\" class=\"wp-image-876\" style=\"width:218px;height:auto\" srcset=\"https:\/\/webs.uab.cat\/3dvirtualherp\/wp-content\/uploads\/sites\/139\/2025\/07\/logo_complet-583fadee.webp 600w, https:\/\/webs.uab.cat\/3dvirtualherp\/wp-content\/uploads\/sites\/139\/2025\/07\/logo_complet-583fadee-300x231.webp 300w\" sizes=\"auto, (max-width: 600px) 100vw, 600px\" \/><\/a><\/figure>\n\n\n\n<p><\/p>\n","protected":false},"excerpt":{"rendered":"<p>Membres Francesc Mu\u00f1oz Mu\u00f1oz &#8211; Coordinador Professor Titular.&nbsp;Unitat de Zoologia. Departament de Biologia Animal, Biologia Vegetal i Ecologia Universitat Aut\u00f2noma de Barcelona. Francesc.Munozm@uab.cat Emili&nbsp;Valbuena Ure\u00f1a&nbsp;&#8211; Assessor T\u00e8cnic de conservaci\u00f3\/Bi\u00f2leg Parc Natural del Garraf, Ol\u00e8rdola i el Foix Diputaci\u00f3 de Barcelona valbuenaue@diba.cat Javier Quesada &#8211; Assessor Conservador de Vertebrats Museu de Ci\u00e8ncies Naturals de Barcelona jquesada@bcn.cat [&hellip;]<\/p>\n","protected":false},"author":20,"featured_media":0,"parent":0,"menu_order":0,"comment_status":"closed","ping_status":"closed","template":"","meta":{"footnotes":""},"class_list":["post-67","page","type-page","status-publish","hentry"],"_links":{"self":[{"href":"https:\/\/webs.uab.cat\/3dvirtualherp\/wp-json\/wp\/v2\/pages\/67","targetHints":{"allow":["GET"]}}],"collection":[{"href":"https:\/\/webs.uab.cat\/3dvirtualherp\/wp-json\/wp\/v2\/pages"}],"about":[{"href":"https:\/\/webs.uab.cat\/3dvirtualherp\/wp-json\/wp\/v2\/types\/page"}],"author":[{"embeddable":true,"href":"https:\/\/webs.uab.cat\/3dvirtualherp\/wp-json\/wp\/v2\/users\/20"}],"replies":[{"embeddable":true,"href":"https:\/\/webs.uab.cat\/3dvirtualherp\/wp-json\/wp\/v2\/comments?post=67"}],"version-history":[{"count":11,"href":"https:\/\/webs.uab.cat\/3dvirtualherp\/wp-json\/wp\/v2\/pages\/67\/revisions"}],"predecessor-version":[{"id":879,"href":"https:\/\/webs.uab.cat\/3dvirtualherp\/wp-json\/wp\/v2\/pages\/67\/revisions\/879"}],"wp:attachment":[{"href":"https:\/\/webs.uab.cat\/3dvirtualherp\/wp-json\/wp\/v2\/media?parent=67"}],"curies":[{"name":"wp","href":"https:\/\/api.w.org\/{rel}","templated":true}]}}