{"id":274,"date":"2016-09-26T11:13:32","date_gmt":"2016-09-26T09:13:32","guid":{"rendered":"http:\/\/blogs.uab.cat\/acaia\/?page_id=274"},"modified":"2023-03-19T06:59:23","modified_gmt":"2023-03-19T04:59:23","slug":"presentaciones","status":"publish","type":"page","link":"https:\/\/webs.uab.cat\/acaia\/difusion\/presentaciones\/","title":{"rendered":"Presentaciones"},"content":{"rendered":"\n<div class=\"wp-block-group\"><div class=\"wp-block-group__inner-container is-layout-flow wp-block-group-is-layout-flow\">\n<div class=\"_1mf _1mj\">\n<h1 style=\"text-align: right\"><span style=\"color: #ff0000\"><strong>17.9.2021<\/strong><\/span><\/h1>\n<p><span style=\"color: #339966\"><a href=\"https:\/\/webs.uab.cat\/acaia\/wp-content\/uploads\/sites\/303\/2021\/09\/CARTEL.png\"><img loading=\"lazy\" decoding=\"async\" class=\"wp-image-870 size-medium alignleft\" src=\"https:\/\/webs.uab.cat\/acaia\/wp-content\/uploads\/sites\/303\/2021\/09\/CARTEL-300x300.png\" alt=\"\" width=\"300\" height=\"300\" srcset=\"https:\/\/webs.uab.cat\/acaia\/wp-content\/uploads\/sites\/303\/2021\/09\/CARTEL-300x300.png 300w, https:\/\/webs.uab.cat\/acaia\/wp-content\/uploads\/sites\/303\/2021\/09\/CARTEL-150x150.png 150w, https:\/\/webs.uab.cat\/acaia\/wp-content\/uploads\/sites\/303\/2021\/09\/CARTEL.png 768w\" sizes=\"auto, (max-width: 300px) 100vw, 300px\" \/><\/a>ESCORIZA-MATEU, Trinidad (20210917). Participa en la Presentaci\u00f3n de la Exposici\u00f3n <strong>\u201cLa Mirada de Kati Horna. Guerra y Revoluci\u00f3n (1936-1939)\u201d, <\/strong>organizada por CGT (Confederaci\u00f3n General del Trabajo), comisariada por Jos\u00e9 M. Oterino L\u00f3pez. LA RESISTENCIA, Viernes 17 Septiembre 2021, 18,30 h. Presentaci\u00f3n a cargo de Trinidad Escoriza-Mateu y Jos\u00e9 M. Oterino L\u00f3pez.\u00a0<\/span><\/p>\n<p>\u00a0<\/p>\n<hr \/>\n<h1 style=\"text-align: right\"><span style=\"color: #ff0000\"><strong>29.9.2016<\/strong><\/span><\/h1>\n<\/div>\n<div class=\"_1mf _1mj\">\n<p><span style=\"color: #008000\"><a href=\"https:\/\/webs.uab.cat\/acaia\/wp-content\/uploads\/sites\/303\/2016\/09\/Cartel.png\"><img loading=\"lazy\" decoding=\"async\" class=\"wp-image-282 alignleft\" src=\"http:\/\/blogs.uab.cat\/acaia\/files\/2016\/09\/Cartel-460x1024.png\" alt=\"Cartel\" width=\"264\" height=\"588\" srcset=\"https:\/\/webs.uab.cat\/acaia\/wp-content\/uploads\/sites\/303\/2016\/09\/Cartel-460x1024.png 460w, https:\/\/webs.uab.cat\/acaia\/wp-content\/uploads\/sites\/303\/2016\/09\/Cartel-135x300.png 135w, https:\/\/webs.uab.cat\/acaia\/wp-content\/uploads\/sites\/303\/2016\/09\/Cartel.png 461w\" sizes=\"auto, (max-width: 264px) 100vw, 264px\" \/><\/a><\/span><\/p>\n<p><span style=\"color: #008000\">ESCORIZA-MATEU, Trinidad\u00a0(20160929). Participa en la Presentaci\u00f3n del Libro\u00a0<strong>\u201cLa Chanca. Un Cambio Revolucionario (1940-2000). En palabras de Pepe el Barbero\u201d,\u00a0<\/strong>de PEPE CRIADO (Entrevistando a JOS\u00c9 GARC\u00cdA RUEDA, Pepe El Barbero). Letra Impar, Almer\u00eda, 2016. MUSEO DE ALMERIA, Jueves 29 Septiembre 2016, 19 h.\u00a0Presentaci\u00f3n a cargo de Juana S\u00e1nchez, Trinidad Escoriza-Mateu, Lola Rodr\u00edguez Mart\u00ednez, Antonio Torres, Miguel Angel Blanco, Rodrigo Valero y Pepe Criado.\u00a0<\/span><\/p>\n<\/div>\n<p><iframe loading=\"lazy\" title=\"TRINIDAD ESCORIZA: La Chanca, un cambio revolucionario\" width=\"580\" height=\"326\" src=\"https:\/\/www.youtube.com\/embed\/6qONRy4IRlA?feature=oembed\" frameborder=\"0\" allow=\"accelerometer; autoplay; clipboard-write; encrypted-media; gyroscope; picture-in-picture; web-share\" referrerpolicy=\"strict-origin-when-cross-origin\" allowfullscreen><\/iframe><\/p>\n<\/div><\/div>\n","protected":false},"excerpt":{"rendered":"<p>17.9.2021 ESCORIZA-MATEU, Trinidad (20210917). Participa en la Presentaci\u00f3n de la Exposici\u00f3n \u201cLa Mirada de Kati Horna. Guerra y Revoluci\u00f3n (1936-1939)\u201d, organizada por CGT (Confederaci\u00f3n General del Trabajo), comisariada por Jos\u00e9 M. Oterino L\u00f3pez. LA RESISTENCIA, Viernes 17 Septiembre 2021, 18,30 h. Presentaci\u00f3n a cargo de Trinidad Escoriza-Mateu y Jos\u00e9 M. Oterino L\u00f3pez.\u00a0 \u00a0 29.9.2016 ESCORIZA-MATEU, [&hellip;]<\/p>\n","protected":false},"author":2061,"featured_media":0,"parent":740,"menu_order":0,"comment_status":"closed","ping_status":"closed","template":"","meta":{"footnotes":""},"class_list":["post-274","page","type-page","status-publish","hentry"],"_links":{"self":[{"href":"https:\/\/webs.uab.cat\/acaia\/wp-json\/wp\/v2\/pages\/274","targetHints":{"allow":["GET"]}}],"collection":[{"href":"https:\/\/webs.uab.cat\/acaia\/wp-json\/wp\/v2\/pages"}],"about":[{"href":"https:\/\/webs.uab.cat\/acaia\/wp-json\/wp\/v2\/types\/page"}],"author":[{"embeddable":true,"href":"https:\/\/webs.uab.cat\/acaia\/wp-json\/wp\/v2\/users\/2061"}],"replies":[{"embeddable":true,"href":"https:\/\/webs.uab.cat\/acaia\/wp-json\/wp\/v2\/comments?post=274"}],"version-history":[{"count":7,"href":"https:\/\/webs.uab.cat\/acaia\/wp-json\/wp\/v2\/pages\/274\/revisions"}],"predecessor-version":[{"id":1062,"href":"https:\/\/webs.uab.cat\/acaia\/wp-json\/wp\/v2\/pages\/274\/revisions\/1062"}],"up":[{"embeddable":true,"href":"https:\/\/webs.uab.cat\/acaia\/wp-json\/wp\/v2\/pages\/740"}],"wp:attachment":[{"href":"https:\/\/webs.uab.cat\/acaia\/wp-json\/wp\/v2\/media?parent=274"}],"curies":[{"name":"wp","href":"https:\/\/api.w.org\/{rel}","templated":true}]}}