{"id":62,"date":"2016-09-06T06:29:27","date_gmt":"2016-09-06T04:29:27","guid":{"rendered":"http:\/\/blogs.uab.cat\/acaia\/?page_id=62"},"modified":"2016-09-06T06:29:27","modified_gmt":"2016-09-06T04:29:27","slug":"objetivos","status":"publish","type":"page","link":"https:\/\/webs.uab.cat\/acaia\/equipo\/objetivos\/","title":{"rendered":"Objetivos"},"content":{"rendered":"<h1 align=\"justify\"><span style=\"color: #ff0000\"><strong>ARQUEOLOG\u00cdA DE LAS COMUNIDADES A-ESTATALES IB\u00c9RICAS Y ANDINAS<\/strong><\/span><\/h1>\n<p align=\"justify\"><span style=\"color: #800080\"><strong>a. Objetivos generales:<\/strong><\/span><\/p>\n<p align=\"justify\">\u00a0Estudios arqueol\u00f3gicos de comunidades de etapas hist\u00f3ricas en las que no existe constancia de la existencia de Estado y en comunidades que desarrollan su reproducci\u00f3n social al margen del Estado o Estados coet\u00e1neos.<\/p>\n<p align=\"justify\"><span style=\"color: #800080\"><strong>b. Ambitos de la investigaci\u00f3n:<\/strong><\/span><\/p>\n<p align=\"justify\">-Sociedades de los Andes Centrales-Costa Sur del Per\u00fa, en los horizontes cronol\u00f3gicos de c. 1400 cal ANE-350 cal DNE, asociados tradicionalmente al <strong><em>\u00abPeriodo Formativo\u00bb<\/em><\/strong> y al \u00e1mbito <strong><em>\u00abParacas\u00bb<\/em><\/strong>, que corresponden a las comunidades previas y coet\u00e1neas a los Estados de la <strong><em>\u00abEtapa de Desarrollos Regionales\u00bb<\/em><\/strong>.<\/p>\n<p align=\"justify\">-Comunidades del Sud-este Ib\u00e9rico, \u00e1reas mediterr\u00e1neas de la Pen\u00ednsula Ib\u00e9rica y Mediterr\u00e1neo Occidental, en los horizontes del V\u00ba al Ier milenios cal ANE, anteriores, coet\u00e1neas y posteriores a las formaciones estatales.<\/p>\n<p align=\"justify\">La investigaci\u00f3n en el Mediterr\u00e1neo y en los Andes permite contrastar las formas sociales desarrolladas en entornos con paleoclima y condiciones \u00e1ridas equiparables (desierto de Atacama en Per\u00fa y regiones des\u00e9rticas y subdes\u00e9rticas ib\u00e9ricas), de manera que es posible comparar la din\u00e1mica hist\u00f3rica. Nos interesan las din\u00e1micas de formaci\u00f3n del Estado, de resistencia de comunidades a la su integraci\u00f3n en Estados expansivos, los mecanismos econ\u00f3mico-pol\u00edticos de dominio y\/o explotaci\u00f3n entre colectivos bajo formas aestatales y los cambios en los sistemas de organizaci\u00f3n de la producci\u00f3n social.<\/p>\n<p align=\"justify\"><span style=\"color: #800080\"><strong>c. L\u00edneas de Actuaci\u00f3n<\/strong>:<\/span><\/p>\n<p align=\"justify\">\u00a01 ) <span style=\"color: #ff6600\"><strong>Demarcaciones Cronom\u00e9tricas<\/strong>:<\/span> Definir los horizontes de sincron\u00eda y las inflexiones de cambios sociales relevantes, a partir de las evidencias arqueol\u00f3gicas de las sociedades aestatales en las regiones mediterr\u00e1neas ib\u00e9ricas y en las regiones andinas costeras.<\/p>\n<p align=\"justify\">2 ) <span style=\"color: #ff6600\"><strong>Paleoclima y Paleoecolog\u00eda<\/strong><\/span>: Caracterizar los territorios en clave del soporte material de la vida social.<\/p>\n<p align=\"justify\">3 ) <span style=\"color: #ff6600\"><strong>Sujetos Sexuados y Arqueolog\u00eda de las Mujeres<\/strong><\/span>: Estudiar las condiciones de la vida social de las Mujeres y los Hombres y sus relaciones, considerando las evidencias sobre los colectivos sexuados, desde los estudios paleoantropol\u00f3gicos, las representaciones figurativas y las asociaciones funerarias.<\/p>\n<p align=\"justify\">4 ) <strong><span style=\"color: #ff6600\">Producci\u00f3n y tecnolog\u00edas:<\/span> <\/strong>Conocer las condiciones del trabajo en la producci\u00f3n de alimentos y en la producci\u00f3n de medios de trabajo y de otros artefactos, considerando los recursos tecnol\u00f3gicos y de divisi\u00f3n y especializaci\u00f3n del trabajo.<\/p>\n<p align=\"justify\">5 ) <strong><span style=\"color: #ff6600\">Pr\u00e1cticas Sociales:<\/span> <\/strong>Describir las actividades de los diferentes colectivos, tanto en la esfera econ\u00f3mica como en la esfera pol\u00edtico-ideol\u00f3gica.<\/p>\n<p align=\"justify\">6 ) <strong><span style=\"color: #ff6600\">Lugares Sociales y Formas Urbanas:<\/span><\/strong> Definir los Espacios Sociales, considerando la estructuraci\u00f3n arquitect\u00f3nica, la convergencia espacial de actividades y la especializaci\u00f3n de los lugares, tanto en los \u00e1mbitos dom\u00e9sticos como en los extradom\u00e9sticos, .<\/p>\n<p align=\"justify\">7 ) <strong><span style=\"color: #ff6600\">Reciprocidad y Explotaci\u00f3n:<\/span><\/strong> Identificar las relaciones entre colectivos sexuales y sociales, para detectar donde existen situaciones de simetr\u00eda, basadas en la reciprocidad, o donde existen situaciones de beneficio particular para ciertos grupos, basadas en la apropiaci\u00f3n del trabajo de otros grupos.<\/p>\n<p align=\"justify\">8 ) <span style=\"color: #ff6600\"><strong>Pol\u00edticas Aestatales<\/strong><\/span>: Establecer la din\u00e1mica hist\u00f3rica de las pol\u00edticas y las ideolog\u00edas desarrolladas por las comunidades previas, coet\u00e1neas o posteriores a las formaciones estatales.<\/p>\n","protected":false},"excerpt":{"rendered":"<p>ARQUEOLOG\u00cdA DE LAS COMUNIDADES A-ESTATALES IB\u00c9RICAS Y ANDINAS a. Objetivos generales: \u00a0Estudios arqueol\u00f3gicos de comunidades de etapas hist\u00f3ricas en las que no existe constancia de la existencia de Estado y en comunidades que desarrollan su reproducci\u00f3n social al margen del Estado o Estados coet\u00e1neos. b. Ambitos de la investigaci\u00f3n: -Sociedades de los Andes Centrales-Costa Sur [&hellip;]<\/p>\n","protected":false},"author":2061,"featured_media":315,"parent":316,"menu_order":0,"comment_status":"closed","ping_status":"closed","template":"","meta":{"footnotes":""},"class_list":["post-62","page","type-page","status-publish","has-post-thumbnail","hentry"],"_links":{"self":[{"href":"https:\/\/webs.uab.cat\/acaia\/wp-json\/wp\/v2\/pages\/62","targetHints":{"allow":["GET"]}}],"collection":[{"href":"https:\/\/webs.uab.cat\/acaia\/wp-json\/wp\/v2\/pages"}],"about":[{"href":"https:\/\/webs.uab.cat\/acaia\/wp-json\/wp\/v2\/types\/page"}],"author":[{"embeddable":true,"href":"https:\/\/webs.uab.cat\/acaia\/wp-json\/wp\/v2\/users\/2061"}],"replies":[{"embeddable":true,"href":"https:\/\/webs.uab.cat\/acaia\/wp-json\/wp\/v2\/comments?post=62"}],"version-history":[{"count":0,"href":"https:\/\/webs.uab.cat\/acaia\/wp-json\/wp\/v2\/pages\/62\/revisions"}],"up":[{"embeddable":true,"href":"https:\/\/webs.uab.cat\/acaia\/wp-json\/wp\/v2\/pages\/316"}],"wp:featuredmedia":[{"embeddable":true,"href":"https:\/\/webs.uab.cat\/acaia\/wp-json\/wp\/v2\/media\/315"}],"wp:attachment":[{"href":"https:\/\/webs.uab.cat\/acaia\/wp-json\/wp\/v2\/media?parent=62"}],"curies":[{"name":"wp","href":"https:\/\/api.w.org\/{rel}","templated":true}]}}