{"id":626,"date":"2018-06-27T04:26:18","date_gmt":"2018-06-27T02:26:18","guid":{"rendered":"http:\/\/blogs.uab.cat\/acaia\/?page_id=626"},"modified":"2018-06-27T04:26:18","modified_gmt":"2018-06-27T02:26:18","slug":"uab-divulga-26-junio-2018","status":"publish","type":"page","link":"https:\/\/webs.uab.cat\/acaia\/difusion\/notas-de-prensa\/uab-divulga-26-junio-2018\/","title":{"rendered":"26 Junio 2018: UAB Divulga (ESP)"},"content":{"rendered":"<h1 role=\"heading\">La vida cotidiana de las poblaciones andinas ante el surgimiento de los primeros estados<\/h1>\n<p><strong><span style=\"font-size: 1rem\">Desde hace una d\u00e9cada, un equipo coordinado por el profesor del departamento de Prehistoria de la UAB Pedro V. Castro-Mart\u00ednez, analiza la vida cotidiana de las poblaciones andinas ante el surgimiento de los primeros estados desde la \u00f3ptica de la arqueolog\u00eda social.<\/span><\/strong><\/p>\n<figure class=\"article_head\">\n<div class=\"fons_article\"><img loading=\"lazy\" decoding=\"async\" class=\"aligncenter\" src=\"http:\/\/www.uab.cat\/Imatge\/297\/183\/Cerro-Trigal-Vista-Cenital-Dronweb.jpg\" alt=\"La Puntilla\" width=\"726\" height=\"408\" \/><\/div>\n<div class=\"fons_article\"><\/div>\n<\/figure>\n<div class=\"cos_article\">\n<p>Hace entre 2.500 y 2.000 a\u00f1os, la Costa Sur del Per\u00fa registr\u00f3 muchos cambios por lo que se refiere a la relaci\u00f3n entre las distintas comunidades humanas que tuvieron que afrontar la aparici\u00f3n de lo que hoy se denomina \u00abcivilizaci\u00f3n\u00bb y el concepto de estado, con todas las transformaciones urban\u00edsticas, econ\u00f3micas y de formas del poder que este hecho comport\u00f3. \u00bfPero c\u00f3mo era la vida cotidiana de las mujeres y hombres que se movieron en este escenario, de la gente com\u00fan que se dedicaba a la agricultura, a la artesan\u00eda, a las tareas dom\u00e9sticas, que trabajaba en todas las actividades que hicieron posibles los cambios?<\/p>\n<p>Este es el objetivo principal de la investigaci\u00f3n que desde hace una d\u00e9cada lleva a cabo un equipo coordinado por el Prof. Pedro V. Castro-Mart\u00ednez, de la Universidad Aut\u00f3noma de Barcelona, y en codirecci\u00f3n con V\u00edctor F. Salazar Ib\u00e1\u00f1ez, en La Puntilla, una sierra situada entre dos r\u00edos, Aja al norte, y Tierras Blancas al sur, que confluyen en la ciudad de Nasca, en la Costa Sur del Per\u00fa. El proyecto tambi\u00e9n cuenta con la participaci\u00f3n de la Dra. Trinidad Escoriza-Mateu, de la Universidad de Almeria, y la Dra. Andrea Gonz\u00e1lez-Ram\u00edrez de la Universidad de Chile, y con la financiaci\u00f3n de la Fundaci\u00f3n Palarq, as\u00ed como del Ministerio de Cultura y Deportes, a trav\u00e9s de los \u00abProyectos Arqueol\u00f3gicos en el Exterior\u201d, desde el a\u00f1o 2005, y de Proyectos de I+D de la Agencia Estatal de Investigaci\u00f3n (HAR2013-44276-P, Ministerio de Econom\u00eda, Industria y Competitividad, hasta el a\u00f1o pasado, y HAR2017-86431-P (Ministerio de Ciencia, Innovaci\u00f3n y Universidades, que se inicia este a\u00f1o, y cuenta con cofinanciaci\u00f3n FEDER).<\/p>\n<p>Se trata de desentra\u00f1ar las redes que funcionaban en las comunidades existentes paralelamente o con anterioridad a la emergencia del estado, en este caso centrado en Cahuachi, que la arqueolog\u00eda tradicional vincula a las fases tempranas de la denominada \u201cCultura Nasca\u201d. Se incide en c\u00f3mo las mujeres y los hombres se desenvolv\u00edan habitualmente, cu\u00e1les eran sus quehaceres diarios, c\u00f3mo se distribu\u00edan el trabajo y las distintas responsabilidades y qu\u00e9 relaci\u00f3n manten\u00edan los diferentes colectivos, en lugar de centrarse \u00fanicamente en aquellos elementos singulares y vinculados solamente a ciertos grupos, normalmente los que pose\u00edan el poder.<\/p>\n<p>Por todo ello este proyecto es un claro ejemplo de arqueolog\u00eda social aplicada en un contexto en el que surge el estado en los Andes y que ha suscitado cierta pol\u00e9mica por lo que se refiere a sus implicaciones, pues en paralelo a esta emergencia se produce un incremento de manera absolutamente desbordante de la violencia con el fin de imponer el poder, seg\u00fan se deduce de las evidencias obtenidas desde las primeras campa\u00f1as de excavaciones.<\/p>\n<p>Por este motivo, el equipo de La Puntilla pretende incrementar las excavaciones en extensi\u00f3n hasta conocer de la manera m\u00e1s completa posible los dos yacimientos en que se ha focalizado la investigaci\u00f3n desde hace una d\u00e9cada: el Cerro de El Trigal y El Trigal III. \u201cSolamente as\u00ed, conociendo en conjunto las condiciones de vida a partir de todos los espacios y actividades que se realizaban, consideramos que podemos saber qu\u00e9 acontec\u00eda en la vida cotidiana\u201d, comenta el Prof. Castro-Mart\u00ednez.<\/p>\n<p>El \u00e1rea de El Trigal est\u00e1 situada en la zona m\u00e1s \u00e1rida del planeta, los desiertos costeros del Sur del Per\u00fa y del Norte de Chile, donde se registra el \u00edndice menor de pluviosidad de la Tierra. Ahora bien, al lado tiene los Andes, y ah\u00ed s\u00ed que llueve. Como consecuencia, los r\u00edos bajan con agua y las riberas acogen distintos tipos de cultivo y permiten desarrollar la actividad agr\u00edcola. En este contexto, el equipo del Prof. Castro-Mart\u00ednez ha excavado en los dos yacimientos, junto al r\u00edo Aja.<\/p>\n<p>De momento, los trabajos ya han aportado datos muy significativos que permiten empezar a vislumbrar algunos de los ejes que caracterizaban a esas sociedades andinas. As\u00ed se han podido conocer distintos tipos de edificios y asentamientos, que complementan lo que habitualmente es mejor conocido por su car\u00e1cter llamativo o monumental, como los geoglifos (las conocidas \u201cl\u00edneas de Nasca\u201d) o las grandes construcciones del centro urbano, caso de Cahuachi.<\/p>\n<p>En cuanto a procesos de trabajo, se han identificado los talleres de fabricaci\u00f3n de ornamentos con Spondylus, una concha que ha sido siempre considerada muy valiosa -equiparable al oro en nuestro pa\u00eds- por la lejan\u00eda de su procedencia. Es, adem\u00e1s, un molusco que \u00fanicamente puede vivir en las aguas c\u00e1lidas de una franja muy peque\u00f1a de la costa pac\u00edfica andina, que ahora mismo est\u00e1 ubicada en el territorio m\u00e1s meridional del actual estado del Ecuador, a unos 1.700 Km de Nasca en l\u00ednea recta. Es un producto estrella porque en el per\u00edodo imperial inca, y en algunos momentos previos, se asocia con las aristocracias dominantes de la regi\u00f3n, aunque en la \u00e9poca de los asentamientos de El Trigal pudo tener otra consideraci\u00f3n.<\/p>\n<p>Tambi\u00e9n cabe referirse a la constataci\u00f3n de los primeros sistemas de arquitectura defensiva en la Costa del Sur del Per\u00fa, con murallas que delimitan un gran basti\u00f3n en Cerro de El Trigal, que era defendido con hondas desde los parapetos, y que probablemente serv\u00eda de protecci\u00f3n a comunidades aut\u00f3nomas frente a la expansi\u00f3n del poder de los estados de otras \u00e1reas. Se han sumado miles de proyectiles de honda, una arma consistente en una cuerda no muy larga con una parte m\u00e1s ancha en el medio donde se coloca el proyectil y que se ha asociado a una diversidad de actividades (econ\u00f3micas, agr\u00edcolas, ganaderas, la caza\u2026), adem\u00e1s de que la puede utilizar cualquier persona, sea hombre o mujer, ni\u00f1o o ni\u00f1a. \u201cPor consiguiente, es una arma muy coherente con una defensa comunitaria de un grupo que no cuenta con una estratificaci\u00f3n social clara, de momento, a falta de conocer mejor las unidades dom\u00e9sticas all\u00ed localizadas\u201d, matiza el Prof. Castro-Mart\u00ednez.<\/p>\n<p>Por lo que se refiere a Cahuachi, fue un gran centro pol\u00edtico que surgi\u00f3 en el Valle de Nasca dos siglos antes de nuestra era y se convirti\u00f3 en el eje central de un estado, que desde una perspectiva evolucionista se ha considerado la primera \u201ccivilizaci\u00f3n\u201d de la Costa Sur del Per\u00fa. Esto conlleva una expansi\u00f3n y un control territorial de los valles que supondr\u00e1 el desalojo de los poblados en cerros, como Cerro de El Trigal; se pierde la autonom\u00eda comunitaria que hab\u00edan tenido estos grupos y podemos asegurar la aparici\u00f3n de oligarqu\u00edas.<\/p>\n<p>Surge entonces una hacienda local con estructuras destinadas a actividades econ\u00f3micas, talleres de fabricaci\u00f3n de herramientas, o trabajos sobre conchas de erizos que posiblemente se destinaban a recipientes -dado que all\u00ed llegan hasta los 15 cent\u00edmetros de di\u00e1metro-, cer\u00e1micas, instrumentos musicales, tumbas, y evidencias de violencia social. En algunos casos se aprecian deformaciones craneanas que son claramente un ejercicio traum\u00e1tico sobre individuos de muy corta edad, con riesgos para la salud de qui\u00e9nes las sufren que pueden provocar unas deficiencias psicomotrices importantes y, adem\u00e1s, es una manera de marcar los individuos y ponerlos en una determinada categor\u00eda, que a\u00fan no podemos precisar.<\/p>\n<p>En la \u00e9poca de Cahuachi tambi\u00e9n hay cientos de cabezas cortadas y posiblemente sea una pr\u00e1ctica ligada al ejercicio de terror de estado para consolidar un dominio pol\u00edtico. Tambi\u00e9n hay desmembramientos, piernas de cuerpos descuartizados, un ejemplo m\u00e1s de agresi\u00f3n sobre los seres humanos. En El Trigal se poseen las evidencias de un individuo muerto por el impacto de un dardo con punta de obsidiana y decapitado. As\u00ed pues, se confirmar\u00eda la pr\u00e1ctica cotidiana de la violencia con la aparici\u00f3n de la primera \u201ccivilizaci\u00f3n\u201d.<\/p>\n<p>Los avances de las investigaciones del proyecto se presentaron hace unos d\u00edas en el Convegno Internationazionale di Americanistica, en la ciudad italiana de Perugia. En los pr\u00f3ximos meses se dar\u00e1n a conocer tambi\u00e9n en la Reuni\u00f3n de Teor\u00eda Arqueol\u00f3gica de Am\u00e9rica del Sur, en el International Congres of Americanists y en el Annual Meeting of the European Association of Archaeologists.<\/p>\n<p><em>Este art\u00edculo es una reproducci\u00f3n del publicado originalmente en el blog de <a href=\"http:\/\/fundacionpalarq.com\/arqueologia-social-entender-la-vida-cotidiana-las-poblaciones-andinas-ante-surgimiento-los-primeros-estados\/\" target=\"_blank\" rel=\"noopener\">Fundacionpalarq.com<\/a><\/em><\/p>\n<\/div>\n<div class=\"autor\">\n<div class=\"entitat\"><strong>Cinta S. Bellmunt<\/strong><br \/>\nFundaci\u00f3n Palarq<strong>Pedro Vicente Castro Mart\u00ednez<\/strong><br \/>\nDepartamento de Prehistoria<br \/>\nUniversitat Aut\u00f2noma de Barcelona<br \/>\n<a href=\"mailto:Pedro.Castro@uab.cat\">Pedro.Castro@uab.cat<\/a><\/div>\n<\/div>\n<h3 class=\"amagat collapsible-heading\"><a class=\"collapsible-heading-toggle\" href=\"http:\/\/www.uab.cat\/web\/detalle-noticia-1345680342040.html?noticiaid=1345765542642#\" target=\"_blank\" rel=\"noopener\">Referencias <\/a><\/h3>\n<p class=\"collapsible-content\">P.V. Castro-Martinez, T. Escoriza-Mateu, A. K. Gonzalez-Ramirez, M. D. Guerrero Perales, A. Penagos Cabestany, <strong>Arqueolog\u00eda de las Comunidades Aestatales: Teor\u00edas, m\u00e9todolog\u00edas y l\u00edneas de investigaci\u00f3n en los Andes Centrales.<\/strong> <em>XL CONGRESO INTERNACIONAL DE AMERICAN\u00cdSTICA<\/em>, Perugia (Italia), 3-8 de mayo de 2018. (<a href=\"http:\/\/www.amerindiano.org\/?page_id=7986\" target=\"_blank\" rel=\"noopener\">URL: http:\/\/www.amerindiano.org\/?page_id=7986<\/a>).<\/p>\n<p>P.V. Castro-Martinez, T. Escoriza-Mateu, A. K. Gonz\u00e1lez-Ramirez, M.D. Guerrero-Perales, S.L. Irazabal Valencia, A. Penagos-Cabestany, A. Saez-Sepulveda, V.F. Salazar Ib\u00e1\u00f1ez, <strong>La Puntilla Project: Social Archaeology in Nasca (Ica, Per\u00fa)<\/strong>,\u00a0 <em>24 ANNUAL MEETING OF THE EUROPEAN ASSOCIATION OF ARCHAEOLOGISTS-EAA2018<\/em>, Barcelona, 6 de Septiembre de 2018 (<a href=\"https:\/\/www.e-a-a.org\/EAA2018\/Programme.aspx?Program_ContentCollectionOrganizerCommon=3\" target=\"_blank\" rel=\"noopener\">URL: https:\/\/www.e-a-a.org\/EAA2018\/Programme.aspx?Program_ContentCollectionOrganizerCommon=3<\/a>).<\/p>\n<p>P.V. Castro-Martinez, T. Escoriza-Mateu, A. K. Gonz\u00e1lez-Ramirez, M.D. Guerrero-Perales, S.L. Irazabal Valencia, A. Penagos-Cabestany, A. Saez-Sepulveda, V.F. Salazar Ib\u00e1\u00f1ez, <strong>El Trigal y los Asentamientos Fortificados en la Cuenca de Nasca (c. 800-100 cal ANE, Costa Sur del Per\u00fa),<\/strong> <em>IX REUNI\u00d3N DE TEOR\u00cdA ARQUEOL\u00d3GICA DE AM\u00c9RICA DEL SUR-TAAS2018<\/em>, Ibarra (Ecuador), 8 de junio de 2018 (<a href=\"https:\/\/www.taasibarra.org\/page03\/\" target=\"_blank\" rel=\"noopener\">URL: https:\/\/www.taasibarra.org\/page03\/<\/a>).<\/p>\n<p>P.V. Castro-Martinez, T. Escoriza-Mateu, A. K. Gonz\u00e1lez-Ramirez, M.D. Guerrero-Perales, S.L. Irazabal Valencia, A. Penagos-Cabestany, A. Saez-Sepulveda, V.F. Salazar Ib\u00e1\u00f1ez,\u00a0 <strong>No eran Ciudades: Asentamientos coet\u00e1neos a las primeras Ciudades en la Costa Sur del Per\u00fa (c. 1200 cal ANE-400 cal DNE),<\/strong> <em>56 INTERNATIONAL CONGRES OF AMERICANISTS<\/em>, Salamanca, 17 de Julio de 2018 (<a href=\"http:\/\/ica2018.es\/\" target=\"_blank\" rel=\"noopener\">URL: http:\/\/ica2018.es\/<\/a>).<\/p>\n","protected":false},"excerpt":{"rendered":"<p>La vida cotidiana de las poblaciones andinas ante el surgimiento de los primeros estados Desde hace una d\u00e9cada, un equipo coordinado por el profesor del departamento de Prehistoria de la UAB Pedro V. Castro-Mart\u00ednez, analiza la vida cotidiana de las poblaciones andinas ante el surgimiento de los primeros estados desde la \u00f3ptica de la arqueolog\u00eda [&hellip;]<\/p>\n","protected":false},"author":2061,"featured_media":0,"parent":619,"menu_order":0,"comment_status":"closed","ping_status":"closed","template":"","meta":{"footnotes":""},"class_list":["post-626","page","type-page","status-publish","hentry"],"_links":{"self":[{"href":"https:\/\/webs.uab.cat\/acaia\/wp-json\/wp\/v2\/pages\/626","targetHints":{"allow":["GET"]}}],"collection":[{"href":"https:\/\/webs.uab.cat\/acaia\/wp-json\/wp\/v2\/pages"}],"about":[{"href":"https:\/\/webs.uab.cat\/acaia\/wp-json\/wp\/v2\/types\/page"}],"author":[{"embeddable":true,"href":"https:\/\/webs.uab.cat\/acaia\/wp-json\/wp\/v2\/users\/2061"}],"replies":[{"embeddable":true,"href":"https:\/\/webs.uab.cat\/acaia\/wp-json\/wp\/v2\/comments?post=626"}],"version-history":[{"count":0,"href":"https:\/\/webs.uab.cat\/acaia\/wp-json\/wp\/v2\/pages\/626\/revisions"}],"up":[{"embeddable":true,"href":"https:\/\/webs.uab.cat\/acaia\/wp-json\/wp\/v2\/pages\/619"}],"wp:attachment":[{"href":"https:\/\/webs.uab.cat\/acaia\/wp-json\/wp\/v2\/media?parent=626"}],"curies":[{"name":"wp","href":"https:\/\/api.w.org\/{rel}","templated":true}]}}