{"id":147,"date":"2024-07-31T12:21:20","date_gmt":"2024-07-31T10:21:20","guid":{"rendered":"https:\/\/webs.uab.cat\/acelec\/?page_id=147"},"modified":"2025-07-21T11:50:52","modified_gmt":"2025-07-21T09:50:52","slug":"projectes","status":"publish","type":"page","link":"https:\/\/webs.uab.cat\/acelec\/projectes\/","title":{"rendered":"Projectes"},"content":{"rendered":"\n<div class=\"wp-block-columns alignwide is-layout-flex wp-container-core-columns-is-layout-9d6595d7 wp-block-columns-is-layout-flex\">\n<div class=\"wp-block-column is-layout-flow wp-block-column-is-layout-flow\">\n<figure class=\"wp-block-image size-full\"><img loading=\"lazy\" decoding=\"async\" width=\"627\" height=\"359\" src=\"https:\/\/webs.uab.cat\/acelec\/wp-content\/uploads\/sites\/489\/2025\/07\/STEM-Sports.jpg\" alt=\"\" class=\"wp-image-235\" srcset=\"https:\/\/webs.uab.cat\/acelec\/wp-content\/uploads\/sites\/489\/2025\/07\/STEM-Sports.jpg 627w, https:\/\/webs.uab.cat\/acelec\/wp-content\/uploads\/sites\/489\/2025\/07\/STEM-Sports-300x172.jpg 300w\" sizes=\"auto, (max-width: 627px) 100vw, 627px\" \/><figcaption class=\"wp-element-caption\">KA220-SCH-5F8E2DBF, STEM Sports Education: Innovating in the way STEM is taught through Sports in School education, Erasmus + (Novembre 2024 &#8211; Octubre 2026)<a href=\"https:\/\/stemsports.eu\/\" data-type=\"link\" data-id=\"https:\/\/stemsports.eu\/\">https:\/\/stemsports.eu\/<\/a><\/figcaption><\/figure>\n<\/div>\n\n\n\n<div class=\"wp-block-column is-layout-flow wp-block-column-is-layout-flow\">\n<figure class=\"wp-block-image size-full\"><img loading=\"lazy\" decoding=\"async\" width=\"674\" height=\"243\" src=\"https:\/\/webs.uab.cat\/acelec\/wp-content\/uploads\/sites\/489\/2025\/07\/UpSTEAM.jpg\" alt=\"\" class=\"wp-image-237\" srcset=\"https:\/\/webs.uab.cat\/acelec\/wp-content\/uploads\/sites\/489\/2025\/07\/UpSTEAM.jpg 674w, https:\/\/webs.uab.cat\/acelec\/wp-content\/uploads\/sites\/489\/2025\/07\/UpSTEAM-300x108.jpg 300w\" sizes=\"auto, (max-width: 674px) 100vw, 674px\" \/><figcaption class=\"wp-element-caption\">2023-1-NL01-KA220-HED-000152303, Up-STEAM: Upskilling Prospective Teachers in STEAM for elevating out-of-school learning for all, Erasmus + (Novembre del 2023 &#8211; Abril 2026)<a href=\"https:\/\/up-steam.eu\/ca\/home-2\/\" data-type=\"link\" data-id=\"https:\/\/up-steam.eu\/ca\/home-2\/\">https:\/\/up-steam.eu\/ca\/home-2\/<\/a><\/figcaption><\/figure>\n<\/div>\n\n\n\n<div class=\"wp-block-column is-layout-flow wp-block-column-is-layout-flow\">\n<figure class=\"wp-block-image size-full is-resized\"><img loading=\"lazy\" decoding=\"async\" width=\"1881\" height=\"706\" src=\"https:\/\/webs.uab.cat\/acelec\/wp-content\/uploads\/sites\/489\/2025\/07\/logo-UAB.jpg\" alt=\"\" class=\"wp-image-238\" style=\"width:376px;height:auto\" srcset=\"https:\/\/webs.uab.cat\/acelec\/wp-content\/uploads\/sites\/489\/2025\/07\/logo-UAB.jpg 1881w, https:\/\/webs.uab.cat\/acelec\/wp-content\/uploads\/sites\/489\/2025\/07\/logo-UAB-300x113.jpg 300w, https:\/\/webs.uab.cat\/acelec\/wp-content\/uploads\/sites\/489\/2025\/07\/logo-UAB-1024x384.jpg 1024w, https:\/\/webs.uab.cat\/acelec\/wp-content\/uploads\/sites\/489\/2025\/07\/logo-UAB-768x288.jpg 768w, https:\/\/webs.uab.cat\/acelec\/wp-content\/uploads\/sites\/489\/2025\/07\/logo-UAB-1536x577.jpg 1536w, https:\/\/webs.uab.cat\/acelec\/wp-content\/uploads\/sites\/489\/2025\/07\/logo-UAB-1200x450.jpg 1200w\" sizes=\"auto, (max-width: 1881px) 100vw, 1881px\" \/><figcaption class=\"wp-element-caption\">Els reptes de l&#8217;ensenyament i l&#8217;aprenentatge de la f\u00edsica a trav\u00e9s de la intel\u00b7lig\u00e8ncia artificial (REAFIA). Projectes de recerca en doc\u00e8ncia i innovaci\u00f3 docent UAB &#8211; Modalitat B- Convocat\u00f2ria 2024. (Setembre del 2024 &#8211; Agost del 2026)<\/figcaption><\/figure>\n<\/div>\n<\/div>\n\n\n\n<div class=\"wp-block-columns alignwide is-layout-flex wp-container-core-columns-is-layout-9d6595d7 wp-block-columns-is-layout-flex\">\n<div class=\"wp-block-column is-layout-flow wp-block-column-is-layout-flow\">\n<figure class=\"wp-block-image size-full\"><img loading=\"lazy\" decoding=\"async\" width=\"1756\" height=\"546\" src=\"https:\/\/webs.uab.cat\/acelec\/wp-content\/uploads\/sites\/489\/2025\/07\/Ministerio.jpg\" alt=\"\" class=\"wp-image-239\" srcset=\"https:\/\/webs.uab.cat\/acelec\/wp-content\/uploads\/sites\/489\/2025\/07\/Ministerio.jpg 1756w, https:\/\/webs.uab.cat\/acelec\/wp-content\/uploads\/sites\/489\/2025\/07\/Ministerio-300x93.jpg 300w, https:\/\/webs.uab.cat\/acelec\/wp-content\/uploads\/sites\/489\/2025\/07\/Ministerio-1024x318.jpg 1024w, https:\/\/webs.uab.cat\/acelec\/wp-content\/uploads\/sites\/489\/2025\/07\/Ministerio-768x239.jpg 768w, https:\/\/webs.uab.cat\/acelec\/wp-content\/uploads\/sites\/489\/2025\/07\/Ministerio-1536x478.jpg 1536w, https:\/\/webs.uab.cat\/acelec\/wp-content\/uploads\/sites\/489\/2025\/07\/Ministerio-1200x373.jpg 1200w\" sizes=\"auto, (max-width: 1756px) 100vw, 1756px\" \/><figcaption class=\"wp-element-caption\">PID2022-138166NB-C22b, School Science with-science (awareness) and critical action to face emergent real world challenges. Ministerio de ciencia i innovaci\u00f3n. (Setembre del 2023 &#8211; Agost del 27)<\/figcaption><\/figure>\n<\/div>\n\n\n\n<div class=\"wp-block-column is-layout-flow wp-block-column-is-layout-flow\">\n<figure class=\"wp-block-image size-full\"><img loading=\"lazy\" decoding=\"async\" width=\"800\" height=\"561\" src=\"https:\/\/webs.uab.cat\/acelec\/wp-content\/uploads\/sites\/489\/2025\/07\/Ecoscomics.png\" alt=\"\" class=\"wp-image-241\" srcset=\"https:\/\/webs.uab.cat\/acelec\/wp-content\/uploads\/sites\/489\/2025\/07\/Ecoscomics.png 800w, https:\/\/webs.uab.cat\/acelec\/wp-content\/uploads\/sites\/489\/2025\/07\/Ecoscomics-300x210.png 300w, https:\/\/webs.uab.cat\/acelec\/wp-content\/uploads\/sites\/489\/2025\/07\/Ecoscomics-768x539.png 768w\" sizes=\"auto, (max-width: 800px) 100vw, 800px\" \/><figcaption class=\"wp-element-caption\">KA220-SCH n\u00b02021-1-FR01-KA220-SCH-000030110, Ecoscomics: European Co-construction of a science webcomics series: \u201cBombastics\u201d, Erasmus + (Febrer 2022 &#8211; Gener 2025) <\/figcaption><\/figure>\n<\/div>\n\n\n\n<div class=\"wp-block-column is-layout-flow wp-block-column-is-layout-flow\">\n<figure class=\"wp-block-image size-full is-resized\"><img loading=\"lazy\" decoding=\"async\" width=\"1126\" height=\"285\" src=\"https:\/\/webs.uab.cat\/acelec\/wp-content\/uploads\/sites\/489\/2025\/07\/Multipliers.jpg\" alt=\"\" class=\"wp-image-243\" style=\"width:376px;height:auto\" srcset=\"https:\/\/webs.uab.cat\/acelec\/wp-content\/uploads\/sites\/489\/2025\/07\/Multipliers.jpg 1126w, https:\/\/webs.uab.cat\/acelec\/wp-content\/uploads\/sites\/489\/2025\/07\/Multipliers-300x76.jpg 300w, https:\/\/webs.uab.cat\/acelec\/wp-content\/uploads\/sites\/489\/2025\/07\/Multipliers-1024x259.jpg 1024w, https:\/\/webs.uab.cat\/acelec\/wp-content\/uploads\/sites\/489\/2025\/07\/Multipliers-768x194.jpg 768w\" sizes=\"auto, (max-width: 1126px) 100vw, 1126px\" \/><figcaption class=\"wp-element-caption\"><a href=\"https:\/\/multipliers-project.org\/ca\/\" data-type=\"link\" data-id=\"https:\/\/multipliers-project.org\/ca\/\">Grant Agreement no: 101006255, Multipliers: Multiplayer\u2019s Partnerships to ensure Meaningful engagement with Science and research, Horizon 2020 (Novembre 2021 &#8211; Octubre 2024)<\/a><\/figcaption><\/figure>\n<\/div>\n<\/div>\n\n\n\n<div class=\"wp-block-columns alignwide is-layout-flex wp-container-core-columns-is-layout-9d6595d7 wp-block-columns-is-layout-flex\">\n<div class=\"wp-block-column is-layout-flow wp-block-column-is-layout-flow\">\n<figure class=\"wp-block-image size-full\"><img loading=\"lazy\" decoding=\"async\" width=\"847\" height=\"392\" src=\"https:\/\/webs.uab.cat\/acelec\/wp-content\/uploads\/sites\/489\/2025\/07\/eva.jpg\" alt=\"\" class=\"wp-image-245\" srcset=\"https:\/\/webs.uab.cat\/acelec\/wp-content\/uploads\/sites\/489\/2025\/07\/eva.jpg 847w, https:\/\/webs.uab.cat\/acelec\/wp-content\/uploads\/sites\/489\/2025\/07\/eva-300x139.jpg 300w, https:\/\/webs.uab.cat\/acelec\/wp-content\/uploads\/sites\/489\/2025\/07\/eva-768x355.jpg 768w\" sizes=\"auto, (max-width: 847px) 100vw, 847px\" \/><figcaption class=\"wp-element-caption\">2020-1-ES01-KA226-HE-095485, D-Eva: Practical skills evaluation with digital technologies in teacher education, Erasmus + (Mar\u00e7 2021 &#8211; Agost 2023)<a href=\"https:\/\/digitalsocietyschool.org\/project\/d-eva-practical-skills-evaluation-with-digital-technologies-in-teacher-education\/\" data-type=\"link\" data-id=\"https:\/\/digitalsocietyschool.org\/project\/d-eva-practical-skills-evaluation-with-digital-technologies-in-teacher-education\/\">https:\/\/digitalsocietyschool.org\/project\/d-eva-practical-skills-evaluation-with-digital-technologies-in-teacher-education\/<\/a><\/figcaption><\/figure>\n<\/div>\n\n\n\n<div class=\"wp-block-column is-layout-flow wp-block-column-is-layout-flow\">\n<figure class=\"wp-block-image size-full\"><img loading=\"lazy\" decoding=\"async\" width=\"387\" height=\"255\" src=\"https:\/\/webs.uab.cat\/acelec\/wp-content\/uploads\/sites\/489\/2025\/07\/phereclos.jpg\" alt=\"\" class=\"wp-image-246\" srcset=\"https:\/\/webs.uab.cat\/acelec\/wp-content\/uploads\/sites\/489\/2025\/07\/phereclos.jpg 387w, https:\/\/webs.uab.cat\/acelec\/wp-content\/uploads\/sites\/489\/2025\/07\/phereclos-300x198.jpg 300w\" sizes=\"auto, (max-width: 387px) 100vw, 387px\" \/><figcaption class=\"wp-element-caption\"><a href=\"https:\/\/edu-plus.es\/temp-transnational-education-mentoring-partnership\/\" data-type=\"link\" data-id=\"https:\/\/edu-plus.es\/temp-transnational-education-mentoring-partnership\/\">Grant Agreement no. 824630, Transnational Education Mentoring Partnership from Phereclos, Horizon 2020 (Febrer 2021 &#8211; Mar\u00e7 2022)<\/a><\/figcaption><\/figure>\n<\/div>\n\n\n\n<div class=\"wp-block-column is-layout-flow wp-block-column-is-layout-flow\">\n<figure class=\"wp-block-image size-full\"><img loading=\"lazy\" decoding=\"async\" width=\"1756\" height=\"546\" src=\"https:\/\/webs.uab.cat\/acelec\/wp-content\/uploads\/sites\/489\/2025\/07\/Ministerio-1.jpg\" alt=\"\" class=\"wp-image-249\" srcset=\"https:\/\/webs.uab.cat\/acelec\/wp-content\/uploads\/sites\/489\/2025\/07\/Ministerio-1.jpg 1756w, https:\/\/webs.uab.cat\/acelec\/wp-content\/uploads\/sites\/489\/2025\/07\/Ministerio-1-300x93.jpg 300w, https:\/\/webs.uab.cat\/acelec\/wp-content\/uploads\/sites\/489\/2025\/07\/Ministerio-1-1024x318.jpg 1024w, https:\/\/webs.uab.cat\/acelec\/wp-content\/uploads\/sites\/489\/2025\/07\/Ministerio-1-768x239.jpg 768w, https:\/\/webs.uab.cat\/acelec\/wp-content\/uploads\/sites\/489\/2025\/07\/Ministerio-1-1536x478.jpg 1536w, https:\/\/webs.uab.cat\/acelec\/wp-content\/uploads\/sites\/489\/2025\/07\/Ministerio-1-1200x373.jpg 1200w\" sizes=\"auto, (max-width: 1756px) 100vw, 1756px\" \/><figcaption class=\"wp-element-caption\">PGC2018-096581-B-C21, El pensamiento y las pr\u00e1cticas cient\u00edficas en la era de la post-verdad (ESPIGA). Ministerio de Ciencia, Innovaci\u00f3n y Universidades (Agost 2019 &#8211; Desembre 2022)<\/figcaption><\/figure>\n<\/div>\n<\/div>\n\n\n\n<div class=\"wp-block-columns alignwide is-layout-flex wp-container-core-columns-is-layout-9d6595d7 wp-block-columns-is-layout-flex\">\n<div class=\"wp-block-column is-layout-flow wp-block-column-is-layout-flow\"><\/div>\n\n\n\n<div class=\"wp-block-column is-layout-flow wp-block-column-is-layout-flow\"><\/div>\n\n\n\n<div class=\"wp-block-column is-layout-flow wp-block-column-is-layout-flow\"><\/div>\n<\/div>\n","protected":false},"excerpt":{"rendered":"","protected":false},"author":2770,"featured_media":0,"parent":0,"menu_order":6,"comment_status":"closed","ping_status":"closed","template":"","meta":{"footnotes":""},"class_list":["post-147","page","type-page","status-publish","hentry"],"_links":{"self":[{"href":"https:\/\/webs.uab.cat\/acelec\/wp-json\/wp\/v2\/pages\/147","targetHints":{"allow":["GET"]}}],"collection":[{"href":"https:\/\/webs.uab.cat\/acelec\/wp-json\/wp\/v2\/pages"}],"about":[{"href":"https:\/\/webs.uab.cat\/acelec\/wp-json\/wp\/v2\/types\/page"}],"author":[{"embeddable":true,"href":"https:\/\/webs.uab.cat\/acelec\/wp-json\/wp\/v2\/users\/2770"}],"replies":[{"embeddable":true,"href":"https:\/\/webs.uab.cat\/acelec\/wp-json\/wp\/v2\/comments?post=147"}],"version-history":[{"count":11,"href":"https:\/\/webs.uab.cat\/acelec\/wp-json\/wp\/v2\/pages\/147\/revisions"}],"predecessor-version":[{"id":250,"href":"https:\/\/webs.uab.cat\/acelec\/wp-json\/wp\/v2\/pages\/147\/revisions\/250"}],"wp:attachment":[{"href":"https:\/\/webs.uab.cat\/acelec\/wp-json\/wp\/v2\/media?parent=147"}],"curies":[{"name":"wp","href":"https:\/\/api.w.org\/{rel}","templated":true}]}}