{"id":150,"date":"2024-07-31T12:44:01","date_gmt":"2024-07-31T10:44:01","guid":{"rendered":"https:\/\/webs.uab.cat\/acelec\/?page_id=150"},"modified":"2025-07-16T09:14:27","modified_gmt":"2025-07-16T07:14:27","slug":"activitats","status":"publish","type":"page","link":"https:\/\/webs.uab.cat\/acelec\/activitats\/","title":{"rendered":"Activitats"},"content":{"rendered":"\n<div class=\"wp-block-columns alignwide is-layout-flex wp-container-core-columns-is-layout-9d6595d7 wp-block-columns-is-layout-flex\">\n<div class=\"wp-block-column is-layout-flow wp-block-column-is-layout-flow\">\n<figure class=\"wp-block-image size-full\"><img loading=\"lazy\" decoding=\"async\" width=\"607\" height=\"858\" src=\"https:\/\/webs.uab.cat\/acelec\/wp-content\/uploads\/sites\/489\/2025\/07\/Seminari-Ainoa_vertical-1.jpg\" alt=\"\" class=\"wp-image-227\" srcset=\"https:\/\/webs.uab.cat\/acelec\/wp-content\/uploads\/sites\/489\/2025\/07\/Seminari-Ainoa_vertical-1.jpg 607w, https:\/\/webs.uab.cat\/acelec\/wp-content\/uploads\/sites\/489\/2025\/07\/Seminari-Ainoa_vertical-1-212x300.jpg 212w\" sizes=\"auto, (max-width: 607px) 100vw, 607px\" \/><figcaption class=\"wp-element-caption\">10 de febrer de 2025 &#8211; Mentoratge i comunitat: donant suport al creixement d&#8217;acad\u00e8mics novells. Ainoa Marz\u00e1bal.<\/figcaption><\/figure>\n<\/div>\n\n\n\n<div class=\"wp-block-column is-layout-flow wp-block-column-is-layout-flow\">\n<figure class=\"wp-block-image size-full\"><img loading=\"lazy\" decoding=\"async\" width=\"543\" height=\"942\" src=\"https:\/\/webs.uab.cat\/acelec\/wp-content\/uploads\/sites\/489\/2025\/07\/Cartell-per-penjar.jpg\" alt=\"\" class=\"wp-image-229\" srcset=\"https:\/\/webs.uab.cat\/acelec\/wp-content\/uploads\/sites\/489\/2025\/07\/Cartell-per-penjar.jpg 543w, https:\/\/webs.uab.cat\/acelec\/wp-content\/uploads\/sites\/489\/2025\/07\/Cartell-per-penjar-173x300.jpg 173w\" sizes=\"auto, (max-width: 543px) 100vw, 543px\" \/><figcaption class=\"wp-element-caption\">14 de febrer de 2025 &#8211; Integraci\u00f3 de les pr\u00e0ctiques cient\u00edfiques i la programaci\u00f3 amb Scratch a l&#8217;escola secund\u00e0ria. Maricel Occelli i Gimena Fussero. <\/figcaption><\/figure>\n<\/div>\n\n\n\n<div class=\"wp-block-column is-layout-flow wp-block-column-is-layout-flow\">\n<figure class=\"wp-block-image size-full is-resized\"><img loading=\"lazy\" decoding=\"async\" width=\"672\" height=\"942\" src=\"https:\/\/webs.uab.cat\/acelec\/wp-content\/uploads\/sites\/489\/2025\/07\/per-penjar.jpg\" alt=\"\" class=\"wp-image-231\" style=\"width:376px;height:auto\" srcset=\"https:\/\/webs.uab.cat\/acelec\/wp-content\/uploads\/sites\/489\/2025\/07\/per-penjar.jpg 672w, https:\/\/webs.uab.cat\/acelec\/wp-content\/uploads\/sites\/489\/2025\/07\/per-penjar-214x300.jpg 214w\" sizes=\"auto, (max-width: 672px) 100vw, 672px\" \/><figcaption class=\"wp-element-caption\">20 de mar\u00e7 de 2025 &#8211; Investigaci\u00f3n en did\u00e1ctica de las ciencias experimentales en un mundo impulsado por IA: Oportunidades y retos. Francisco Jos\u00e9 Castillo Hern\u00e1ndez. <\/figcaption><\/figure>\n<\/div>\n<\/div>\n\n\n\n<div class=\"wp-block-columns alignwide is-layout-flex wp-container-core-columns-is-layout-9d6595d7 wp-block-columns-is-layout-flex\">\n<div class=\"wp-block-column is-layout-flow wp-block-column-is-layout-flow\">\n<figure class=\"wp-block-image size-full\"><img loading=\"lazy\" decoding=\"async\" width=\"1430\" height=\"769\" src=\"https:\/\/webs.uab.cat\/acelec\/wp-content\/uploads\/sites\/489\/2024\/07\/6.Heidi_.jpg\" alt=\"\" class=\"wp-image-167\" srcset=\"https:\/\/webs.uab.cat\/acelec\/wp-content\/uploads\/sites\/489\/2024\/07\/6.Heidi_.jpg 1430w, https:\/\/webs.uab.cat\/acelec\/wp-content\/uploads\/sites\/489\/2024\/07\/6.Heidi_-300x161.jpg 300w, https:\/\/webs.uab.cat\/acelec\/wp-content\/uploads\/sites\/489\/2024\/07\/6.Heidi_-1024x551.jpg 1024w, https:\/\/webs.uab.cat\/acelec\/wp-content\/uploads\/sites\/489\/2024\/07\/6.Heidi_-768x413.jpg 768w, https:\/\/webs.uab.cat\/acelec\/wp-content\/uploads\/sites\/489\/2024\/07\/6.Heidi_-1200x645.jpg 1200w\" sizes=\"auto, (max-width: 1430px) 100vw, 1430px\" \/><figcaption class=\"wp-element-caption\">25 de juny de 2024 -Simposi: El potencial i els impactes de la ci\u00e8ncia ciutadana. Seminari: &#8220;Beyond potential&#8221;: Documenting Learning and Stewrdship Outcomes of community and Citizen Science. &#8211; Heidi Ballard. <\/figcaption><\/figure>\n<\/div>\n\n\n\n<div class=\"wp-block-column is-layout-flow wp-block-column-is-layout-flow\">\n<figure class=\"wp-block-image size-full\"><img loading=\"lazy\" decoding=\"async\" width=\"599\" height=\"876\" src=\"https:\/\/webs.uab.cat\/acelec\/wp-content\/uploads\/sites\/489\/2024\/07\/8.-Jordi-Domenech.jpg\" alt=\"\" class=\"wp-image-169\" srcset=\"https:\/\/webs.uab.cat\/acelec\/wp-content\/uploads\/sites\/489\/2024\/07\/8.-Jordi-Domenech.jpg 599w, https:\/\/webs.uab.cat\/acelec\/wp-content\/uploads\/sites\/489\/2024\/07\/8.-Jordi-Domenech-205x300.jpg 205w\" sizes=\"auto, (max-width: 599px) 100vw, 599px\" \/><figcaption class=\"wp-element-caption\">8 de setembre de 2024 &#8211; Intercanvi did\u00e0ctic entre docents i presentaci\u00f3 del llibre p\u00f2stum d&#8217;en Jordi Dom\u00e8nech Casal. <\/figcaption><\/figure>\n<\/div>\n\n\n\n<div class=\"wp-block-column is-layout-flow wp-block-column-is-layout-flow\">\n<figure class=\"wp-block-image size-full is-resized\"><img loading=\"lazy\" decoding=\"async\" width=\"604\" height=\"858\" src=\"https:\/\/webs.uab.cat\/acelec\/wp-content\/uploads\/sites\/489\/2024\/11\/27-de-novembre_Caterina-Sole-Martin-1.jpg\" alt=\"\" class=\"wp-image-213\" style=\"width:376px;height:auto\" srcset=\"https:\/\/webs.uab.cat\/acelec\/wp-content\/uploads\/sites\/489\/2024\/11\/27-de-novembre_Caterina-Sole-Martin-1.jpg 604w, https:\/\/webs.uab.cat\/acelec\/wp-content\/uploads\/sites\/489\/2024\/11\/27-de-novembre_Caterina-Sole-Martin-1-211x300.jpg 211w\" sizes=\"auto, (max-width: 604px) 100vw, 604px\" \/><figcaption class=\"wp-element-caption\"> 27 de novembre de 2024 &#8211; Protecci\u00f3 de dades i \u00e8tica als projectes de recerca en did\u00e0ctica de les ci\u00e8ncies. Caterina Sol\u00e9 Mart\u00edn<\/figcaption><\/figure>\n<\/div>\n<\/div>\n\n\n\n<div class=\"wp-block-columns alignwide is-layout-flex wp-container-core-columns-is-layout-9d6595d7 wp-block-columns-is-layout-flex\">\n<div class=\"wp-block-column is-layout-flow wp-block-column-is-layout-flow\">\n<figure class=\"wp-block-image size-full\"><img loading=\"lazy\" decoding=\"async\" width=\"608\" height=\"863\" src=\"https:\/\/webs.uab.cat\/acelec\/wp-content\/uploads\/sites\/489\/2024\/07\/4.-Alba.jpg\" alt=\"\" class=\"wp-image-162\" srcset=\"https:\/\/webs.uab.cat\/acelec\/wp-content\/uploads\/sites\/489\/2024\/07\/4.-Alba.jpg 608w, https:\/\/webs.uab.cat\/acelec\/wp-content\/uploads\/sites\/489\/2024\/07\/4.-Alba-211x300.jpg 211w\" sizes=\"auto, (max-width: 608px) 100vw, 608px\" \/><figcaption class=\"wp-element-caption\">5 de desembre de 2023 &#8211; Visualizaci\u00f3n de las pr\u00e1cticas discursivas del profesorado de ciencias en procesos de modelizaci\u00f3n. Alba Cort\u00e9s Morales. <\/figcaption><\/figure>\n<\/div>\n\n\n\n<div class=\"wp-block-column is-layout-flow wp-block-column-is-layout-flow\">\n<figure class=\"wp-block-image size-full\"><a href=\"https:\/\/teams.microsoft.com\/l\/meetup-join\/19%3ameeting_ZDY2OTEyYzMtOWE0My00MGFhLThkY2ItN2JjZjA1ZjhhOTY0%40thread.v2\/0?context=%7b%22Tid%22%3a%226b514c29-2391-4831-b774-84f35c45bf01%22%2c%22Oid%22%3a%22dd7217b4-44db-4335-83d1-6f6b60fa8bcc%22%7d\"><img loading=\"lazy\" decoding=\"async\" width=\"677\" height=\"958\" src=\"https:\/\/webs.uab.cat\/acelec\/wp-content\/uploads\/sites\/489\/2024\/07\/5.-Henriette.jpg\" alt=\"\" class=\"wp-image-164\" srcset=\"https:\/\/webs.uab.cat\/acelec\/wp-content\/uploads\/sites\/489\/2024\/07\/5.-Henriette.jpg 677w, https:\/\/webs.uab.cat\/acelec\/wp-content\/uploads\/sites\/489\/2024\/07\/5.-Henriette-212x300.jpg 212w\" sizes=\"auto, (max-width: 677px) 100vw, 677px\" \/><\/a><figcaption class=\"wp-element-caption\">15 de maig de 2024 &#8211; Let&#8217;s talk about Science Identities. Henriette Tolstrup Homegaard. <\/figcaption><\/figure>\n<\/div>\n\n\n\n<div class=\"wp-block-column is-layout-flow wp-block-column-is-layout-flow\">\n<figure class=\"wp-block-image size-full\"><a href=\"https:\/\/teams.microsoft.com\/l\/meetup-join\/19%3ameeting_ZGJmYzAwYzItY2RlOS00YmJkLThkNmUtMDUzYmIyOWY4YzMy%40thread.v2\/0?context=%7b%22Tid%22%3a%226b514c29-2391-4831-b774-84f35c45bf01%22%2c%22Oid%22%3a%22dd7217b4-44db-4335-83d1-6f6b60fa8bcc%22%7d\"><img loading=\"lazy\" decoding=\"async\" width=\"680\" height=\"962\" src=\"https:\/\/webs.uab.cat\/acelec\/wp-content\/uploads\/sites\/489\/2024\/07\/6.-Rabih.jpg\" alt=\"\" class=\"wp-image-165\" srcset=\"https:\/\/webs.uab.cat\/acelec\/wp-content\/uploads\/sites\/489\/2024\/07\/6.-Rabih.jpg 680w, https:\/\/webs.uab.cat\/acelec\/wp-content\/uploads\/sites\/489\/2024\/07\/6.-Rabih-212x300.jpg 212w\" sizes=\"auto, (max-width: 680px) 100vw, 680px\" \/><\/a><figcaption class=\"wp-element-caption\">30 de maig de 2024 &#8211; Transforming Physics Education with LLM. Rabih Kahaleh.<\/figcaption><\/figure>\n<\/div>\n<\/div>\n\n\n\n<div class=\"wp-block-columns alignwide is-layout-flex wp-container-core-columns-is-layout-9d6595d7 wp-block-columns-is-layout-flex\">\n<div class=\"wp-block-column is-layout-flow wp-block-column-is-layout-flow\">\n<figure class=\"wp-block-image size-full\"><a href=\"https:\/\/teams.microsoft.com\/l\/meetup-join\/19%3ameeting_ZmZjMGEyZjQtOWE0Ni00NzM5LTg1NmItNDkxOWEwNjczODQ3%40thread.v2\/0?context=%7b%22Tid%22%3a%226b514c29-2391-4831-b774-84f35c45bf01%22%2c%22Oid%22%3a%220c31718c-de56-4c31-9201-9eb5c4a253eb%22%7d\"><img loading=\"lazy\" decoding=\"async\" width=\"678\" height=\"958\" src=\"https:\/\/webs.uab.cat\/acelec\/wp-content\/uploads\/sites\/489\/2024\/07\/1.-Rut-1.jpg\" alt=\"\" class=\"wp-image-154\" srcset=\"https:\/\/webs.uab.cat\/acelec\/wp-content\/uploads\/sites\/489\/2024\/07\/1.-Rut-1.jpg 678w, https:\/\/webs.uab.cat\/acelec\/wp-content\/uploads\/sites\/489\/2024\/07\/1.-Rut-1-212x300.jpg 212w\" sizes=\"auto, (max-width: 678px) 100vw, 678px\" \/><\/a><figcaption class=\"wp-element-caption\">14 de setembre de 2023 &#8211; Reflexionando sobre las pr\u00e1cticas de ense\u00f1anza clave en la formaci\u00f3n y en la investigaci\u00f3n en did\u00e1ctica de las ciencias. Rut Jim\u00e9nez Liso<\/figcaption><\/figure>\n<\/div>\n\n\n\n<div class=\"wp-block-column is-layout-flow wp-block-column-is-layout-flow\">\n<figure class=\"wp-block-image size-full\"><img loading=\"lazy\" decoding=\"async\" width=\"681\" height=\"965\" src=\"https:\/\/webs.uab.cat\/acelec\/wp-content\/uploads\/sites\/489\/2024\/07\/2.-Sylvia.jpg\" alt=\"\" class=\"wp-image-155\" srcset=\"https:\/\/webs.uab.cat\/acelec\/wp-content\/uploads\/sites\/489\/2024\/07\/2.-Sylvia.jpg 681w, https:\/\/webs.uab.cat\/acelec\/wp-content\/uploads\/sites\/489\/2024\/07\/2.-Sylvia-212x300.jpg 212w\" sizes=\"auto, (max-width: 681px) 100vw, 681px\" \/><figcaption class=\"wp-element-caption\">14 de setembre de 2023 &#8211; Conversatorio: Formaci\u00f3n inicial docente en Chile y su relaci\u00f3n con la RED-INCE. Sylvia Moraga Toledo. <\/figcaption><\/figure>\n<\/div>\n\n\n\n<div class=\"wp-block-column is-layout-flow wp-block-column-is-layout-flow\">\n<figure class=\"wp-block-image size-full\"><img loading=\"lazy\" decoding=\"async\" width=\"680\" height=\"960\" src=\"https:\/\/webs.uab.cat\/acelec\/wp-content\/uploads\/sites\/489\/2024\/07\/3.Victor.jpg\" alt=\"\" class=\"wp-image-156\" srcset=\"https:\/\/webs.uab.cat\/acelec\/wp-content\/uploads\/sites\/489\/2024\/07\/3.Victor.jpg 680w, https:\/\/webs.uab.cat\/acelec\/wp-content\/uploads\/sites\/489\/2024\/07\/3.Victor-213x300.jpg 213w\" sizes=\"auto, (max-width: 680px) 100vw, 680px\" \/><figcaption class=\"wp-element-caption\">8 de novembre de 2023 &#8211; La IA a l&#8217;ensenyament de les ci\u00e8ncies: On som i cap a on anem?. V\u00edctor L\u00f3pez Sim\u00f3. <\/figcaption><\/figure>\n<\/div>\n<\/div>\n","protected":false},"excerpt":{"rendered":"","protected":false},"author":2770,"featured_media":0,"parent":0,"menu_order":4,"comment_status":"closed","ping_status":"closed","template":"","meta":{"footnotes":""},"class_list":["post-150","page","type-page","status-publish","hentry"],"_links":{"self":[{"href":"https:\/\/webs.uab.cat\/acelec\/wp-json\/wp\/v2\/pages\/150","targetHints":{"allow":["GET"]}}],"collection":[{"href":"https:\/\/webs.uab.cat\/acelec\/wp-json\/wp\/v2\/pages"}],"about":[{"href":"https:\/\/webs.uab.cat\/acelec\/wp-json\/wp\/v2\/types\/page"}],"author":[{"embeddable":true,"href":"https:\/\/webs.uab.cat\/acelec\/wp-json\/wp\/v2\/users\/2770"}],"replies":[{"embeddable":true,"href":"https:\/\/webs.uab.cat\/acelec\/wp-json\/wp\/v2\/comments?post=150"}],"version-history":[{"count":19,"href":"https:\/\/webs.uab.cat\/acelec\/wp-json\/wp\/v2\/pages\/150\/revisions"}],"predecessor-version":[{"id":232,"href":"https:\/\/webs.uab.cat\/acelec\/wp-json\/wp\/v2\/pages\/150\/revisions\/232"}],"wp:attachment":[{"href":"https:\/\/webs.uab.cat\/acelec\/wp-json\/wp\/v2\/media?parent=150"}],"curies":[{"name":"wp","href":"https:\/\/api.w.org\/{rel}","templated":true}]}}