{"id":187,"date":"2024-10-24T11:58:21","date_gmt":"2024-10-24T09:58:21","guid":{"rendered":"https:\/\/webs.uab.cat\/acelec\/?page_id=187"},"modified":"2024-10-28T13:23:30","modified_gmt":"2024-10-28T11:23:30","slug":"transferencia","status":"publish","type":"page","link":"https:\/\/webs.uab.cat\/acelec\/transferencia\/","title":{"rendered":"Transfer\u00e8ncia"},"content":{"rendered":"\n<p class=\"has-text-align-center\">Publicacions adre\u00e7ades al professorat <\/p>\n\n\n\n<div class=\"wp-block-columns alignwide is-layout-flex wp-container-core-columns-is-layout-9d6595d7 wp-block-columns-is-layout-flex\">\n<div class=\"wp-block-column is-layout-flow wp-block-column-is-layout-flow\">\n<figure class=\"wp-block-image size-full\"><img loading=\"lazy\" decoding=\"async\" width=\"490\" height=\"700\" src=\"https:\/\/webs.uab.cat\/acelec\/wp-content\/uploads\/sites\/489\/2024\/10\/Pensar-criticament-1.jpg\" alt=\"\" class=\"wp-image-200\" srcset=\"https:\/\/webs.uab.cat\/acelec\/wp-content\/uploads\/sites\/489\/2024\/10\/Pensar-criticament-1.jpg 490w, https:\/\/webs.uab.cat\/acelec\/wp-content\/uploads\/sites\/489\/2024\/10\/Pensar-criticament-1-210x300.jpg 210w\" sizes=\"auto, (max-width: 490px) 100vw, 490px\" \/><figcaption class=\"wp-element-caption\">Llibre: Pensar cr\u00edticament a l&#8217;aula de ci\u00e8ncies. Activitats competencials per a estudiants de secund\u00e0ria. <\/figcaption><\/figure>\n<\/div>\n\n\n\n<div class=\"wp-block-column is-layout-flow wp-block-column-is-layout-flow\">\n<figure class=\"wp-block-image size-full\"><a href=\"https:\/\/monografies.uab.cat\/monografies\/catalog\/book\/mat0244\"><img loading=\"lazy\" decoding=\"async\" width=\"400\" height=\"577\" src=\"https:\/\/webs.uab.cat\/acelec\/wp-content\/uploads\/sites\/489\/2024\/10\/Didactica-de-la-fisica-1.jpg\" alt=\"\" class=\"wp-image-202\" srcset=\"https:\/\/webs.uab.cat\/acelec\/wp-content\/uploads\/sites\/489\/2024\/10\/Didactica-de-la-fisica-1.jpg 400w, https:\/\/webs.uab.cat\/acelec\/wp-content\/uploads\/sites\/489\/2024\/10\/Didactica-de-la-fisica-1-208x300.jpg 208w\" sizes=\"auto, (max-width: 400px) 100vw, 400px\" \/><\/a><figcaption class=\"wp-element-caption\">Llibre: Did\u00e0ctica de la f\u00edsica per a l&#8217;educaci\u00f3 secund\u00e0ria obligat\u00f2ria.<\/figcaption><\/figure>\n<\/div>\n\n\n\n<div class=\"wp-block-column is-layout-flow wp-block-column-is-layout-flow\">\n<figure class=\"wp-block-image size-full\"><a href=\"https:\/\/ddd.uab.cat\/record\/292468\"><img loading=\"lazy\" decoding=\"async\" width=\"670\" height=\"922\" src=\"https:\/\/webs.uab.cat\/acelec\/wp-content\/uploads\/sites\/489\/2024\/10\/Sabers-idees-clau-i-contextos.jpg\" alt=\"\" class=\"wp-image-204\" srcset=\"https:\/\/webs.uab.cat\/acelec\/wp-content\/uploads\/sites\/489\/2024\/10\/Sabers-idees-clau-i-contextos.jpg 670w, https:\/\/webs.uab.cat\/acelec\/wp-content\/uploads\/sites\/489\/2024\/10\/Sabers-idees-clau-i-contextos-218x300.jpg 218w\" sizes=\"auto, (max-width: 670px) 100vw, 670px\" \/><\/a><figcaption class=\"wp-element-caption\">Document: Sabers, idees clau i contextos a l&#8217;educaci\u00f3 cient\u00edfica a l&#8217;ESO<\/figcaption><\/figure>\n<\/div>\n<\/div>\n\n\n\n<p class=\"has-text-align-center\">Projectes adre\u00e7ats al professorat <\/p>\n\n\n\n<div class=\"wp-block-columns alignwide is-layout-flex wp-container-core-columns-is-layout-9d6595d7 wp-block-columns-is-layout-flex\">\n<div class=\"wp-block-column is-layout-flow wp-block-column-is-layout-flow\">\n<figure class=\"wp-block-image size-large\"><a href=\"https:\/\/revistes.uab.cat\/ciencies\/index\"><img loading=\"lazy\" decoding=\"async\" width=\"1024\" height=\"496\" src=\"https:\/\/webs.uab.cat\/acelec\/wp-content\/uploads\/sites\/489\/2024\/10\/Edicio-imatge-1024x496.jpg\" alt=\"\" class=\"wp-image-196\" srcset=\"https:\/\/webs.uab.cat\/acelec\/wp-content\/uploads\/sites\/489\/2024\/10\/Edicio-imatge-1024x496.jpg 1024w, https:\/\/webs.uab.cat\/acelec\/wp-content\/uploads\/sites\/489\/2024\/10\/Edicio-imatge-300x145.jpg 300w, https:\/\/webs.uab.cat\/acelec\/wp-content\/uploads\/sites\/489\/2024\/10\/Edicio-imatge-768x372.jpg 768w, https:\/\/webs.uab.cat\/acelec\/wp-content\/uploads\/sites\/489\/2024\/10\/Edicio-imatge-1536x744.jpg 1536w, https:\/\/webs.uab.cat\/acelec\/wp-content\/uploads\/sites\/489\/2024\/10\/Edicio-imatge-2048x992.jpg 2048w, https:\/\/webs.uab.cat\/acelec\/wp-content\/uploads\/sites\/489\/2024\/10\/Edicio-imatge-1200x581.jpg 1200w, https:\/\/webs.uab.cat\/acelec\/wp-content\/uploads\/sites\/489\/2024\/10\/Edicio-imatge-1980x959.jpg 1980w\" sizes=\"auto, (max-width: 1024px) 100vw, 1024px\" \/><\/a><\/figure>\n<\/div>\n\n\n\n<div class=\"wp-block-column is-layout-flow wp-block-column-is-layout-flow\">\n<figure class=\"wp-block-image size-large\"><a href=\"https:\/\/www.crecim.cat\/ca\/revir\"><img loading=\"lazy\" decoding=\"async\" width=\"1024\" height=\"497\" src=\"https:\/\/webs.uab.cat\/acelec\/wp-content\/uploads\/sites\/489\/2024\/10\/logo-revir-1024x497.jpg\" alt=\"\" class=\"wp-image-194\" srcset=\"https:\/\/webs.uab.cat\/acelec\/wp-content\/uploads\/sites\/489\/2024\/10\/logo-revir-1024x497.jpg 1024w, https:\/\/webs.uab.cat\/acelec\/wp-content\/uploads\/sites\/489\/2024\/10\/logo-revir-300x146.jpg 300w, https:\/\/webs.uab.cat\/acelec\/wp-content\/uploads\/sites\/489\/2024\/10\/logo-revir-768x373.jpg 768w, https:\/\/webs.uab.cat\/acelec\/wp-content\/uploads\/sites\/489\/2024\/10\/logo-revir-1200x583.jpg 1200w, https:\/\/webs.uab.cat\/acelec\/wp-content\/uploads\/sites\/489\/2024\/10\/logo-revir.jpg 1304w\" sizes=\"auto, (max-width: 1024px) 100vw, 1024px\" \/><\/a><\/figure>\n<\/div>\n<\/div>\n\n\n\n<p class=\"has-text-align-center\"><\/p>\n","protected":false},"excerpt":{"rendered":"<p>Publicacions adre\u00e7ades al professorat Projectes adre\u00e7ats al professorat<\/p>\n","protected":false},"author":2770,"featured_media":0,"parent":0,"menu_order":30,"comment_status":"closed","ping_status":"closed","template":"","meta":{"footnotes":""},"class_list":["post-187","page","type-page","status-publish","hentry"],"_links":{"self":[{"href":"https:\/\/webs.uab.cat\/acelec\/wp-json\/wp\/v2\/pages\/187","targetHints":{"allow":["GET"]}}],"collection":[{"href":"https:\/\/webs.uab.cat\/acelec\/wp-json\/wp\/v2\/pages"}],"about":[{"href":"https:\/\/webs.uab.cat\/acelec\/wp-json\/wp\/v2\/types\/page"}],"author":[{"embeddable":true,"href":"https:\/\/webs.uab.cat\/acelec\/wp-json\/wp\/v2\/users\/2770"}],"replies":[{"embeddable":true,"href":"https:\/\/webs.uab.cat\/acelec\/wp-json\/wp\/v2\/comments?post=187"}],"version-history":[{"count":12,"href":"https:\/\/webs.uab.cat\/acelec\/wp-json\/wp\/v2\/pages\/187\/revisions"}],"predecessor-version":[{"id":208,"href":"https:\/\/webs.uab.cat\/acelec\/wp-json\/wp\/v2\/pages\/187\/revisions\/208"}],"wp:attachment":[{"href":"https:\/\/webs.uab.cat\/acelec\/wp-json\/wp\/v2\/media?parent=187"}],"curies":[{"name":"wp","href":"https:\/\/api.w.org\/{rel}","templated":true}]}}