{"id":32,"date":"2023-11-21T20:45:39","date_gmt":"2023-11-21T18:45:39","guid":{"rendered":"https:\/\/webs.uab.cat\/acelec\/?page_id=32"},"modified":"2025-10-06T15:21:48","modified_gmt":"2025-10-06T13:21:48","slug":"32-2","status":"publish","type":"page","link":"https:\/\/webs.uab.cat\/acelec\/","title":{"rendered":"Qui som?"},"content":{"rendered":"\n<h2 class=\"wp-block-heading\">Qui som? <\/h2>\n\n\n\n<p>ACELEC som un Grup de Recerca Consolidat (GRC) del Departament de Did\u00e0ctica de la Matem\u00e0tica i les Ci\u00e8ncies Experimentals de la Facultat de Ci\u00e8ncies de l\u2019Educaci\u00f3 de la Universitat Aut\u00f2noma de Barcelona que neix el 2017 com a fusi\u00f3 de dos grups de recerca consolidats: el LICEC i el TIREC, dedicats a la investigaci\u00f3, la innovaci\u00f3 i la transfer\u00e8ncia educativa en l\u2019\u00e0mbit de la Did\u00e0ctica de les Ci\u00e8ncies. M\u00e9s endavant, s\u2019uneix tamb\u00e9 el grup de recerca COMPLEX, amb traject\u00f2ria consolidada i experi\u00e8ncia en recerca, innovaci\u00f3 i transfer\u00e8ncia en el camp de l\u2019Educaci\u00f3 Ambiental, l\u2019Educaci\u00f3 per a la Sostenibilitat i l\u2019Educaci\u00f3 del Consum, donant lloc a una proposta refor\u00e7ada que engloba diferents dimensions educatives en ci\u00e8ncia. La cohesi\u00f3 d\u2019aquests tres grups sorgeix d\u2019un posicionament compartir sobre l\u2019educaci\u00f3 cient\u00edfica, entesa per a tots com Activitat Cient\u00edfica Escolar (ACE), que dona una gran rellev\u00e0ncia als processos de generaci\u00f3 de coneixement cient\u00edfic, centrant la mirada en les pr\u00e0ctiques epist\u00e8miques de la ci\u00e8ncia escolar. <\/p>\n\n\n\n<p class=\"has-text-align-left\">Actualment, estem format per quatre comunitats de pr\u00e0ctica diferents: <\/p>\n\n\n\n<ul class=\"wp-block-list\">\n<li>la comunitat<a href=\"https:\/\/webs.uab.cat\/liec\/\"> <strong>LIEC<\/strong> <\/a>(Llenguatge i Ensenyament de les Ci\u00e8ncies)<\/li>\n\n\n\n<li>la comunitat<strong><a href=\"https:\/\/www.crecim.cat\/ca\"> CRECIM<\/a><\/strong> (Col\u00b7lectiu per la Recerca en Educaci\u00f3 Cient\u00edfic-tecnol\u00f2gica i Matem\u00e0tica)<\/li>\n\n\n\n<li>la comunitat <strong>Gresc@ <\/strong>(Grup de recerca en educaci\u00f3 per la sostenibilitat, escola i comunitat) <\/li>\n\n\n\n<li>la comunitat <strong>COMPLEX<\/strong><\/li>\n<\/ul>\n\n\n\n<p class=\"has-text-align-left\">Cadascuna d\u2019aquestes amb traject\u00f2ries consolidades en diverses facetes de la innovaci\u00f3 i transformaci\u00f3 en educaci\u00f3 cient\u00edfica i ambiental i principalment integrades per professorat i educadores en exercici tant a l\u2019ensenyament obligatori com a la universitat amb doctorats en did\u00e0ctica de les ci\u00e8ncies. Donada la naturalesa de la nostra recerca, amb unes tem\u00e0tiques centrades en l\u2019educaci\u00f3 cient\u00edfica en situacions reals dins i fora de l\u2019aula i amb una metodologia de recerca orientada a la innovaci\u00f3 i a la recerca fortament vinculada al territori, fa necess\u00e0ria tant la composici\u00f3 heterog\u00e8nia i extensa dels col\u00b7laboradors del grup a nivell local, aix\u00ed com la coexist\u00e8ncia de diverses comunitats educatives que treballen tant de forma independent com conjunta, en la consecuci\u00f3 dels reptes educatius i de recerca del grup ACELEC.&nbsp;<\/p>\n\n\n\n<p><\/p>\n\n\n\n<h2 class=\"wp-block-heading\"><\/h2>\n","protected":false},"excerpt":{"rendered":"<p>Qui som? ACELEC som un Grup de Recerca Consolidat (GRC) del Departament de Did\u00e0ctica de la Matem\u00e0tica i les Ci\u00e8ncies Experimentals de la Facultat de Ci\u00e8ncies de l\u2019Educaci\u00f3 de la Universitat Aut\u00f2noma de Barcelona que neix el 2017 com a fusi\u00f3 de dos grups de recerca consolidats: el LICEC i el TIREC, dedicats a la [&hellip;]<\/p>\n","protected":false},"author":2797,"featured_media":0,"parent":0,"menu_order":1,"comment_status":"closed","ping_status":"closed","template":"","meta":{"footnotes":""},"class_list":["post-32","page","type-page","status-publish","hentry"],"_links":{"self":[{"href":"https:\/\/webs.uab.cat\/acelec\/wp-json\/wp\/v2\/pages\/32","targetHints":{"allow":["GET"]}}],"collection":[{"href":"https:\/\/webs.uab.cat\/acelec\/wp-json\/wp\/v2\/pages"}],"about":[{"href":"https:\/\/webs.uab.cat\/acelec\/wp-json\/wp\/v2\/types\/page"}],"author":[{"embeddable":true,"href":"https:\/\/webs.uab.cat\/acelec\/wp-json\/wp\/v2\/users\/2797"}],"replies":[{"embeddable":true,"href":"https:\/\/webs.uab.cat\/acelec\/wp-json\/wp\/v2\/comments?post=32"}],"version-history":[{"count":13,"href":"https:\/\/webs.uab.cat\/acelec\/wp-json\/wp\/v2\/pages\/32\/revisions"}],"predecessor-version":[{"id":253,"href":"https:\/\/webs.uab.cat\/acelec\/wp-json\/wp\/v2\/pages\/32\/revisions\/253"}],"wp:attachment":[{"href":"https:\/\/webs.uab.cat\/acelec\/wp-json\/wp\/v2\/media?parent=32"}],"curies":[{"name":"wp","href":"https:\/\/api.w.org\/{rel}","templated":true}]}}