{"id":19,"date":"2013-04-12T08:09:54","date_gmt":"2013-04-12T08:09:54","guid":{"rendered":"http:\/\/blogs.uab.cat\/acme\/?page_id=19"},"modified":"2013-04-12T08:09:54","modified_gmt":"2013-04-12T08:09:54","slug":"que-es-lacme","status":"publish","type":"page","link":"https:\/\/webs.uab.cat\/acme\/que-es-lacme\/","title":{"rendered":"Qu\u00e8 \u00e9s l&#8217;ACME?"},"content":{"rendered":"<p>L&#8217;ACME (Avaluaci\u00f3 Continuada i Millora de l&#8217;Ensenyament) \u00e9s una plataforma virtual dissenyada, b\u00e0sicament, per a desenvolupar una avaluaci\u00f3 continuada i fer un seguiment de les tasques encarregades als alumnes durant el curs acad\u00e8mic.<\/p>\n<p>Ara fa uns anys a la UAB varem posar en marxa el projecte <a href=\"http:\/\/mat.uab.cat\/aula\" target=\"_blank\" rel=\"noopener\">Aula Matem\u00e0tica<\/a>, un sistema d&#8217;autoaprenentatge de les matem\u00e0tiques destinat als alumnes dels primers cursos i proped\u00e8utics. M\u00e9s o menys de manera simult\u00e0nia, a la Universitat de Girona es va engegar un projecte similar, <a href=\"http:\/\/acme.udg.edu\" target=\"_blank\" rel=\"noopener\">Projecte ACME<\/a>, per\u00f2 destinat a un control de la feina de l&#8217;alumne. Des de el curs 2011-12 hem signat un projecte de col.laboraci\u00f3 per a unificar ambdos projectes implantant, en una primera fase, el projecte ACME a la UAB. M\u00e9s endavant, en una segona fase es desenvolupar\u00e0 el sistema d&#8217;autoaprenentatge.<\/p>\n<p><a href=\"https:\/\/youtu.be\/Ak4oAN6C4ZE\">V\u00eddeo de presentaci\u00f3<\/a><\/p>\n","protected":false},"excerpt":{"rendered":"<p>L&#8217;ACME (Avaluaci\u00f3 Continuada i Millora de l&#8217;Ensenyament) \u00e9s una plataforma virtual dissenyada, b\u00e0sicament, per a desenvolupar una avaluaci\u00f3 continuada i fer un seguiment de les tasques encarregades als alumnes durant el curs acad\u00e8mic. Ara fa uns anys a la UAB varem posar en marxa el projecte Aula Matem\u00e0tica, un sistema d&#8217;autoaprenentatge de les matem\u00e0tiques destinat [&hellip;]<\/p>\n","protected":false},"author":46,"featured_media":0,"parent":0,"menu_order":2,"comment_status":"open","ping_status":"open","template":"","meta":{"footnotes":""},"class_list":["post-19","page","type-page","status-publish","hentry"],"_links":{"self":[{"href":"https:\/\/webs.uab.cat\/acme\/wp-json\/wp\/v2\/pages\/19","targetHints":{"allow":["GET"]}}],"collection":[{"href":"https:\/\/webs.uab.cat\/acme\/wp-json\/wp\/v2\/pages"}],"about":[{"href":"https:\/\/webs.uab.cat\/acme\/wp-json\/wp\/v2\/types\/page"}],"author":[{"embeddable":true,"href":"https:\/\/webs.uab.cat\/acme\/wp-json\/wp\/v2\/users\/46"}],"replies":[{"embeddable":true,"href":"https:\/\/webs.uab.cat\/acme\/wp-json\/wp\/v2\/comments?post=19"}],"version-history":[{"count":0,"href":"https:\/\/webs.uab.cat\/acme\/wp-json\/wp\/v2\/pages\/19\/revisions"}],"wp:attachment":[{"href":"https:\/\/webs.uab.cat\/acme\/wp-json\/wp\/v2\/media?parent=19"}],"curies":[{"name":"wp","href":"https:\/\/api.w.org\/{rel}","templated":true}]}}