{"id":193,"date":"2021-07-22T14:54:55","date_gmt":"2021-07-22T14:54:55","guid":{"rendered":"https:\/\/blogs.uab.cat\/acme\/?page_id=193"},"modified":"2021-07-22T14:54:55","modified_gmt":"2021-07-22T14:54:55","slug":"tutorials-dacme","status":"publish","type":"page","link":"https:\/\/webs.uab.cat\/acme\/tutorials-dacme\/","title":{"rendered":"Tutorials d&#8217;ACME en v\u00eddeo"},"content":{"rendered":"<h3>Abans de comen\u00e7ar:<\/h3>\n<p><a href=\"https:\/\/blogs.uab.cat\/acme\/2021\/07\/22\/per-que-utilitzar-acme\/\">Per qu\u00e8 utilitzar ACME?<\/a><br \/>\n<a href=\"https:\/\/blogs.uab.cat\/acme\/2020\/06\/10\/acme-al-moodle-de-la-uab\/\">ACME al Moodle de la UAB<\/a><br \/>\n<a href=\"https:\/\/blogs.uab.cat\/acme\/2021\/07\/21\/els-menus-dacme\/\">Els men\u00fas d&#8217;ACME<\/a><br \/>\n<a href=\"https:\/\/blogs.uab.cat\/acme\/2021\/07\/26\/ajudes-dins-dacme\/\">El men\u00fa d&#8217;ajuda ACME<\/a><\/p>\n<h3>Gesti\u00f3 d&#8217;ACME quan les activitats ja estan creades<\/h3>\n<p><a href=\"https:\/\/blogs.uab.cat\/acme\/2021\/07\/23\/exploracio-del-desenvolupament-duna-activiat\/\">Explorar les respostes dels estudiants i les estad\u00edstiques de l&#8217;activitat<\/a><br \/>\n<a href=\"https:\/\/blogs.uab.cat\/acme\/2021\/07\/22\/modificar-una-activitat-un-cop-ja-sha-sortejat\/\">Modificar una activitat un cop ja s&#8217;ha sortejat<\/a><br \/>\n<a href=\"https:\/\/blogs.uab.cat\/acme\/2021\/07\/26\/avaluacio-de-lassignatura\/\">Avaluaci\u00f3 amb ACME<\/a><br \/>\n<a href=\"https:\/\/blogs.uab.cat\/acme\/?p=205&amp;preview=true\">Exportar les activitats per al proper curs (desar el Motlle).<\/a><br \/>\n<a href=\"https:\/\/blogs.uab.cat\/acme\/2020\/06\/10\/com-senvia-lusuari-i-la-paraula-clau-dacme-als-usuaris\/\">Com s&#8217;envia l&#8217;usuari i la paraula clau d&#8217;ACME als usuaris perqu\u00e8 hi puguin entrar directament?<\/a><\/p>\n<h3>Crear activitats ACME<\/h3>\n<p><a href=\"https:\/\/blogs.uab.cat\/acme\/2021\/07\/21\/crear-una-activitat\/\">Crear una activitat ACME<\/a><br \/>\n<a href=\"https:\/\/blogs.uab.cat\/acme\/2021\/07\/22\/cerca-dexercicis-tipus-dexercicis-i-consulta-de-la-seva-fitxa-de-propietats\/\">M\u00e9s sobre la cerca i la informaci\u00f3 dels exercicis.<\/a><br \/>\n<a href=\"https:\/\/blogs.uab.cat\/acme\/2013\/04\/18\/com-puc-buscar-un-exercici-per-la-seu-numero-didentificacio\/\">Com puc buscar un exercici pel seu n\u00famero d&#8217;identificaci\u00f3?<\/a><br \/>\n<a href=\"https:\/\/blogs.uab.cat\/acme\/2021\/07\/20\/importar-les-activitats-dun-curs-anterior-pujar-un-motlle\/\">Importar les activitats del curs anterior (importar motlle)<\/a><\/p>\n<p><strong>Incid\u00e8ncies amb les activitats:<\/strong><br \/>\n<a href=\"https:\/\/blogs.uab.cat\/acme\/2013\/04\/18\/he-creat-una-nova-activitat-des-dacme-pero-no-sem-veu-a-moodle\/\">He creat una nova activitat des d&#8217;ACME per\u00f2 no se&#8217;m veu a Moodle.<\/a><\/p>\n<p><strong>L&#8217;editor d&#8217;exercicis XML<\/strong><br \/>\n<a href=\"https:\/\/blogs.uab.cat\/acme\/2021\/07\/26\/testejar-un-exercici\/\">Testejar un exercici<\/a><\/p>\n","protected":false},"excerpt":{"rendered":"<p>Abans de comen\u00e7ar: Per qu\u00e8 utilitzar ACME? ACME al Moodle de la UAB Els men\u00fas d&#8217;ACME El men\u00fa d&#8217;ajuda ACME Gesti\u00f3 d&#8217;ACME quan les activitats ja estan creades Explorar les respostes dels estudiants i les estad\u00edstiques de l&#8217;activitat Modificar una activitat un cop ja s&#8217;ha sortejat Avaluaci\u00f3 amb ACME Exportar les activitats per al proper [&hellip;]<\/p>\n","protected":false},"author":46,"featured_media":0,"parent":0,"menu_order":4,"comment_status":"closed","ping_status":"closed","template":"","meta":{"footnotes":""},"class_list":["post-193","page","type-page","status-publish","hentry"],"_links":{"self":[{"href":"https:\/\/webs.uab.cat\/acme\/wp-json\/wp\/v2\/pages\/193","targetHints":{"allow":["GET"]}}],"collection":[{"href":"https:\/\/webs.uab.cat\/acme\/wp-json\/wp\/v2\/pages"}],"about":[{"href":"https:\/\/webs.uab.cat\/acme\/wp-json\/wp\/v2\/types\/page"}],"author":[{"embeddable":true,"href":"https:\/\/webs.uab.cat\/acme\/wp-json\/wp\/v2\/users\/46"}],"replies":[{"embeddable":true,"href":"https:\/\/webs.uab.cat\/acme\/wp-json\/wp\/v2\/comments?post=193"}],"version-history":[{"count":0,"href":"https:\/\/webs.uab.cat\/acme\/wp-json\/wp\/v2\/pages\/193\/revisions"}],"wp:attachment":[{"href":"https:\/\/webs.uab.cat\/acme\/wp-json\/wp\/v2\/media?parent=193"}],"curies":[{"name":"wp","href":"https:\/\/api.w.org\/{rel}","templated":true}]}}