{"id":23,"date":"2013-04-12T09:21:24","date_gmt":"2013-04-12T09:21:24","guid":{"rendered":"http:\/\/blogs.uab.cat\/acme\/?page_id=23"},"modified":"2013-04-12T09:21:24","modified_gmt":"2013-04-12T09:21:24","slug":"benvingut-i-benvinguda","status":"publish","type":"page","link":"https:\/\/webs.uab.cat\/acme\/","title":{"rendered":"Benvingut i benvinguda!"},"content":{"rendered":"<p><strong>Et trobes al bloc de la plataforma <em>ACME a<\/em> la Universitat Aut\u00f2noma de Barcelona.<\/strong><\/p>\n<p>En aquest bloc, hi trobar\u00e0s respostes als teus dubtes sobre la plataforma, podr\u00e0s compartir les teves experi\u00e8ncies per ajudar als nou-vinguts i podr\u00e0s accedir a tota l&#8217;ajuda d&#8217;aquest projecte col\u00b7laboratiu entre la Universitat de Girona i la Universitat Aut\u00f2noma de Barcelona.<\/p>\n<p>Si aquest \u00e9s el primer cop que en sents parlar, t&#8217;aconsellem fer un cop d&#8217;ull a la p\u00e0gina &#8216;<a title=\"Qu\u00e8 \u00e9s l'ACME?\" href=\"http:\/\/blogs.uab.cat\/acme\/que-es-lacme\/\">Qu\u00e8 \u00e9s l&#8217;<em>ACME<\/em>?<\/a>&#8216;, on es d\u00f3na una breu introducci\u00f3 de la plataforma, la seva finalitat i per a qu\u00e8 hom la pot fer servir.<\/p>\n<p>En cas que ja la coneguis, entre tots volem fer d&#8217;aquest bloc una base d&#8217;informaci\u00f3 com per a que qualsevol iniciat a\u00a0<em>ACME<\/em>\u00a0pugui entendre com i perqu\u00e8 funciona, i resoldre els seus dubtes. Aix\u00ed, ens seria de gran ajuda qualsevol tipus de col\u00b7laboraci\u00f3, ja sigui preguntant dubtes de forma oberta o b\u00e9 compartint la teva experi\u00e8ncia.<\/p>\n<p>Esperem que aquest bloc sigui del vostre inter\u00e8s i utilitat.<\/p>\n<p>Cordialment,<br \/>\n<em>l&#8217;Administraci\u00f3<\/em>.<\/p>\n","protected":false},"excerpt":{"rendered":"<p>Et trobes al bloc de la plataforma ACME a la Universitat Aut\u00f2noma de Barcelona. En aquest bloc, hi trobar\u00e0s respostes als teus dubtes sobre la plataforma, podr\u00e0s compartir les teves experi\u00e8ncies per ajudar als nou-vinguts i podr\u00e0s accedir a tota l&#8217;ajuda d&#8217;aquest projecte col\u00b7laboratiu entre la Universitat de Girona i la Universitat Aut\u00f2noma de Barcelona. [&hellip;]<\/p>\n","protected":false},"author":46,"featured_media":0,"parent":0,"menu_order":1,"comment_status":"open","ping_status":"open","template":"","meta":{"footnotes":""},"class_list":["post-23","page","type-page","status-publish","hentry"],"_links":{"self":[{"href":"https:\/\/webs.uab.cat\/acme\/wp-json\/wp\/v2\/pages\/23","targetHints":{"allow":["GET"]}}],"collection":[{"href":"https:\/\/webs.uab.cat\/acme\/wp-json\/wp\/v2\/pages"}],"about":[{"href":"https:\/\/webs.uab.cat\/acme\/wp-json\/wp\/v2\/types\/page"}],"author":[{"embeddable":true,"href":"https:\/\/webs.uab.cat\/acme\/wp-json\/wp\/v2\/users\/46"}],"replies":[{"embeddable":true,"href":"https:\/\/webs.uab.cat\/acme\/wp-json\/wp\/v2\/comments?post=23"}],"version-history":[{"count":0,"href":"https:\/\/webs.uab.cat\/acme\/wp-json\/wp\/v2\/pages\/23\/revisions"}],"wp:attachment":[{"href":"https:\/\/webs.uab.cat\/acme\/wp-json\/wp\/v2\/media?parent=23"}],"curies":[{"name":"wp","href":"https:\/\/api.w.org\/{rel}","templated":true}]}}