{"id":40,"date":"2017-03-14T08:59:33","date_gmt":"2017-03-14T08:59:33","guid":{"rendered":"https:\/\/webs.uab.cat\/act\/activities-news\/"},"modified":"2022-08-05T10:52:06","modified_gmt":"2022-08-05T10:52:06","slug":"activities-news","status":"publish","type":"page","link":"https:\/\/webs.uab.cat\/act\/activities-news\/","title":{"rendered":"Activities &#038; News"},"content":{"rendered":"\n<h2 class=\"wp-block-heading\">2018<\/h2>\n\n\n\n<p><u><a href=\"http:\/\/grupsderecerca.uab.cat\/transmedia\/sites\/grupsderecerca.uab.cat.transmedia\/files\/u7\/foto_2.jpg\" target=\"_blank\" rel=\"noopener\">Anna Matamala<\/a><\/u>&nbsp;presents ACT project at&nbsp;<u><strong><a href=\"http:\/\/www.cidui.org\/\">CIDUI 2018<\/a><\/strong><\/u>:&nbsp;<u><strong><a href=\"https:\/\/ddd.uab.cat\/record\/191954\">Nous espais d\u2019aprenentatge per a noves necessitats de formaci\u00f3. Els projectes europeus ACT i ADLAB PRO com a exemples d\u2019innovaci\u00f3 docent.<\/a><\/strong><\/u><\/p>\n\n\n\n<p><u><strong><span style=\"font-size: 14px;\"><span style=\"font-family: verdana,geneva,sans-serif;\"><a href=\"https:\/\/www.coursera.org\/learn\/accessibility-scenic-arts\">MOOC: Accessibility to the scenic arts<\/a><\/span><\/span><\/strong><\/u><\/p>\n\n\n\n<p><u><strong><a href=\"https:\/\/webs.uab.cat\/act\/wp-content\/uploads\/sites\/126\/2017\/03\/hackaton4_disseminationevent_26may18.pdf\"><span style=\"font-size: 14px;\"><span style=\"font-family: verdana,geneva,sans-serif;\">Hackaton Dissemination Event,&nbsp;Tr\u00e0nsit Projectes&nbsp;: Hack &amp; Art 11<\/span><\/span><\/a><\/strong><\/u><\/p>\n\n\n\n<p><u><strong><a href=\"https:\/\/webs.uab.cat\/act\/wp-content\/uploads\/sites\/126\/2017\/03\/act_e3_workshop_agenda_de-en.pdf\"><span style=\"font-family: verdana,geneva,sans-serif;\"><span style=\"font-size: 14px;\">Barrierefreier zugang zu kultur und bildung. Experte\/Expertin f\u00fcr barrierefreie Medien in der darstellenden Kunst,&nbsp;27&nbsp;M\u00e4rz 2018,&nbsp;Universit\u00e4t Wien<\/span><\/span><\/a><\/strong><\/u><\/p>\n\n\n\n<p><span style=\"font-size: 14px;\"><span style=\"font-family: verdana,geneva,sans-serif;\"><u><strong><a href=\"http:\/\/pagines.uab.cat\/act\/content\/taller-sobre-formaci\u00f3-en-accessibilitat-les-arts-esc\u00e8niques\">Taller sobre formaci\u00f3 en accessibilitat a les arts esc\u00e8niques, 15&nbsp;march 2018, UAB<\/a><\/strong><\/u>&nbsp;(inscripci\u00f3 gratu\u00efta oberta)&nbsp;(ACT Multiplier Event E2)<\/span><\/span><\/p>\n\n\n\n<p><u><strong><a href=\"https:\/\/webs.uab.cat\/act\/wp-content\/uploads\/sites\/126\/2017\/03\/info_on_workshop_e4_for_act_website_qub.pdf\"><span style=\"font-size: 14px;\"><span style=\"font-family: verdana,geneva,sans-serif;\">Including all audiences: a workshop on arts accessibility training,&nbsp;17 May 2018, Belfast<\/span><\/span><\/a><\/strong><\/u><\/p>\n\n\n\n<p><u><strong><span style=\"font-size: 14px;\"><span style=\"font-family: verdana,geneva,sans-serif;\"><a href=\"http:\/\/pagines.uab.cat\/act\/content\/accessibility-scenic-arts-way-open-expierience-all-4-may-2018-gent-belgium\">Accessibility of the Scenic Arts: a way to open up expierience for all , 4 may 2018, Gent (Belgium)<\/a><\/span><\/span><\/strong><\/u><\/p>\n\n\n\n<h2 class=\"wp-block-heading\"><strong><span style=\"font-size: 14px;\"><span style=\"font-family: verdana,geneva,sans-serif;\">2017<\/span><\/span><\/strong><\/h2>\n\n\n\n<p><u><strong><a href=\"https:\/\/webs.uab.cat\/act\/wp-content\/uploads\/sites\/126\/2017\/03\/hackaton3_disseminationevent_4nov17.pdf\"><span style=\"font-size: 14px;\"><span style=\"font-family: verdana,geneva,sans-serif;\">Hackaton Dissemination Event,&nbsp;Tr\u00e0nsit Projectes&nbsp;: Hack &amp; Art 10<\/span><\/span><\/a><\/strong><\/u><\/p>\n\n\n\n<p><u><strong><a href=\"https:\/\/webs.uab.cat\/act\/wp-content\/uploads\/sites\/126\/2017\/03\/hackaton2_disseminationevent_17june17.pdf\"><span style=\"font-size: 14px;\"><span style=\"font-family: verdana,geneva,sans-serif;\">Hackaton Dissemination Event,&nbsp;Tr\u00e0nsit Projectes&nbsp;: Hack &amp; Art&nbsp; 8<\/span><\/span><\/a><\/strong><\/u><\/p>\n\n\n\n<p><u><strong><span style=\"font-size: 14px;\"><span style=\"font-family: verdana,geneva,sans-serif;\"><a href=\"http:\/\/pagines.uab.cat\/act\/content\/act-project-organises-year-unlimited-2\">The ACT project organises this year UNLIMITED! 2<\/a><\/span><\/span><\/strong><\/u><\/p>\n\n\n\n<p><u><strong><span style=\"font-size: 14px;\"><span style=\"font-family: verdana,geneva,sans-serif;\"><a href=\"http:\/\/pagines.uab.cat\/act\/content\/ec-has-funded-ict-project-media-accessibility-focusing-sign-language\">The EC has funded an ICT project on media accessibility focusing on Sign Language<\/a><\/span><\/span><\/strong><\/u><\/p>\n\n\n\n<p><u><strong><span style=\"font-size: 14px;\"><span style=\"font-family: verdana,geneva,sans-serif;\"><a href=\"http:\/\/pagines.uab.cat\/act\/content\/10th-hack-and-art-hackaton\">Info next Hackaton: Hack &amp; Art 10<\/a><\/span><\/span><\/strong><\/u><\/p>\n\n\n\n<p><span style=\"font-size: 14px;\"><span style=\"font-family: verdana,geneva,sans-serif;\">Day of International Studies, Voci nell\u2019Ombra (SAvona, Italy)<\/span><\/span><\/p>\n\n\n\n<p><u><strong><a href=\"http:\/\/pagines.uab.cat\/act\/content\/i-media-accessibility-platform-conference-presentation-anna-matamala-act-and-adlab-pro\"><span style=\"font-size: 14px;\"><span style=\"font-family: verdana,geneva,sans-serif;\">I Media Accessibility Platform Conference. Presentation by Anna Matamala on ACT and ADLAB PRO<\/span><\/span><\/a><\/strong><\/u><\/p>\n\n\n\n<p><u><strong><a href=\"http:\/\/pagines.uab.cat\/act\/content\/intermedia-conference-presentation-pilar-orero\"><span style=\"font-size: 14px;\"><span style=\"font-family: verdana,geneva,sans-serif;\">InterMedia Conference. Presentation by Pilar Orero<\/span><\/span><\/a><\/strong><\/u><\/p>\n\n\n\n<p><u><strong><span style=\"font-size: 14px;\"><a href=\"https:\/\/webs.uab.cat\/act\/wp-content\/uploads\/sites\/126\/2017\/03\/foto-3.jpg\"><span style=\"font-family: verdana,geneva,sans-serif;\">2017 Sino-foreign Audiovisual Translation and Cooperation Workshop in Shanghai<\/span><\/a><\/span><\/strong><\/u><\/p>\n\n\n\n<p><u><strong><span style=\"font-size: 14px;\"><span style=\"font-family: verdana,geneva,sans-serif;\"><a href=\"http:\/\/pagines.uab.cat\/act\/content\/act-arsad-2017\">ACT at ARSAD<\/a><\/span><\/span><\/strong><\/u><\/p>\n\n\n\n<p><u><strong><span style=\"font-size: 14px;\"><span style=\"font-family: verdana,geneva,sans-serif;\"><a href=\"http:\/\/pagines.uab.cat\/act\/content\/info-day-brussels-28th-april-2017\">Info Day (Brussels, 28th April 2017)<\/a><\/span><\/span><\/strong><\/u><\/p>\n\n\n\n<h2 class=\"wp-block-heading\"><strong><span style=\"font-size: 14px;\"><span style=\"font-family: verdana,geneva,sans-serif;\">2016<\/span><\/span><\/strong><\/h2>\n\n\n\n<p><u><strong><span style=\"font-size: 14px;\"><span style=\"font-family: verdana,geneva,sans-serif;\"><a href=\"http:\/\/pagines.uab.cat\/act\/content\/act-eu-dg-translation-workshop\">ACT at EU DG Translation Workshop<\/a><\/span><\/span><\/strong><\/u><\/p>\n\n\n\n<p><u><strong><span style=\"font-size: 14px;\"><span style=\"font-family: verdana,geneva,sans-serif;\"><a href=\"http:\/\/pagines.uab.cat\/act\/content\/new-project-understanding-user-responses-live-closed-captioning-canada\">New Project on Understanding User Responses to Live Closed Captioning in Canada<\/a><\/span><\/span><\/strong><\/u><\/p>\n\n\n\n<p><u><strong><span style=\"font-size: 14px;\"><span style=\"font-family: verdana,geneva,sans-serif;\"><a href=\"http:\/\/pagines.uab.cat\/act\/content\/act-presented-granada-spain-inclusive-science-conference\">ACT presented in Granada (Spain&nbsp;at the Inclusive Science Conference)<\/a><\/span><\/span><\/strong><\/u><\/p>\n\n\n\n<p><u><strong><span style=\"font-size: 14px;\"><span style=\"font-family: verdana,geneva,sans-serif;\"><a href=\"http:\/\/pagines.uab.cat\/act\/content\/flemsih-week-universal-design-7-\u2013-14th-october-2016\">Flemsih Week of universal Design, 7 \u2013 14th october 2016<\/a><\/span><\/span><\/strong><\/u><\/p>\n\n\n\n<p><u><strong><span style=\"font-size: 14px;\"><span style=\"font-family: verdana,geneva,sans-serif;\"><a href=\"http:\/\/pagines.uab.cat\/act\/content\/itu-online-course-public-procurement-accessible-ict-products-and-services\">ITU Online course on Public Procurement of accessible ICT products and services<\/a><\/span><\/span><\/strong><\/u><\/p>\n\n\n\n<p><u><strong><span style=\"font-size: 14px;\"><span style=\"font-family: verdana,geneva,sans-serif;\"><a href=\"http:\/\/pagines.uab.cat\/act\/content\/act-berlin-conference-languages-and-media-2016\">ACT at Berlin Conference Languages and the Media 2016<\/a><\/span><\/span><\/strong><\/u><\/p>\n\n\n\n<p><u><strong><span style=\"font-size: 14px;\"><span style=\"font-family: verdana,geneva,sans-serif;\"><a href=\"http:\/\/pagines.uab.cat\/act\/content\/edf-intervention-eu-parliament-avmds-regarding-accessibility\">EDF intervention at EU Parliament on the AVMDS regarding accessibility<\/a><\/span><\/span><\/strong><\/u><\/p>\n\n\n\n<p><u><strong><span style=\"font-size: 14px;\"><span style=\"font-family: verdana,geneva,sans-serif;\"><a href=\"http:\/\/pagines.uab.cat\/act\/content\/act-spain-sign-language-meeting\">ACT Spain in Sign Language Meeting<\/a><\/span><\/span><\/strong><\/u><\/p>\n\n\n\n<p><u><strong><span style=\"font-size: 14px;\"><span style=\"font-family: verdana,geneva,sans-serif;\"><a href=\"http:\/\/pagines.uab.cat\/act\/content\/curs-d\u2019accessibilitat-als-espais-esc\u00e8nics-i-musicals\">Curs d\u2019accessibilitat als espais esc\u00e8nics i musicals<\/a><\/span><\/span><\/strong><\/u><\/p>\n\n\n\n<p><u><strong><span style=\"font-size: 14px;\"><span style=\"font-family: verdana,geneva,sans-serif;\"><a href=\"http:\/\/pagines.uab.cat\/act\/content\/adlab-la-uab\">ADLAB a la UAB<\/a><\/span><\/span><\/strong><\/u><\/p>\n\n\n\n<p><u><strong><span style=\"font-size: 14px;\"><span style=\"font-family: verdana,geneva,sans-serif;\"><a href=\"http:\/\/pagines.uab.cat\/act\/content\/act-est-conference\">ACT at EST conference<\/a><\/span><\/span><\/strong><\/u><\/p>\n\n\n\n<p><u><strong><span style=\"font-size: 14px;\"><span style=\"font-family: verdana,geneva,sans-serif;\"><a href=\"http:\/\/pagines.uab.cat\/act\/content\/celebrate-global-accessibility-awareness-day-2016\">Celebrate global accessibility awareness day 2016!<\/a><\/span><\/span><\/strong><\/u><\/p>\n\n\n\n<p><u><strong><span style=\"font-size: 14px;\"><span style=\"font-family: verdana,geneva,sans-serif;\"><a href=\"http:\/\/pagines.uab.cat\/act\/content\/right2participation-accessible-online-meetings\">Right2Participation &#8211; Accessible online meetings<\/a><\/span><\/span><\/strong><\/u><\/p>\n\n\n\n<p><u><strong><span style=\"font-size: 14px;\"><span style=\"font-family: verdana,geneva,sans-serif;\"><a href=\"http:\/\/pagines.uab.cat\/act\/content\/act-project-unlimited-conference\">The ACT project at he Unlimited conference<\/a><\/span><\/span><\/strong><\/u><\/p>\n\n\n\n<p><u><strong><span style=\"font-size: 14px;\"><span style=\"font-family: verdana,geneva,sans-serif;\"><a href=\"http:\/\/pagines.uab.cat\/act\/content\/scholarship-senses-lab\">Scholarship Senses Lab<\/a><\/span><\/span><\/strong><\/u><\/p>\n\n\n\n<p><strong><span style=\"font-size: 14px;\"><span style=\"font-family: verdana,geneva,sans-serif;\"><a href=\"http:\/\/pagines.uab.cat\/act\/content\/act-hackathon-7\"><u>Hackaton Dissemination Event, Tr\u00e0nsit Projectes : Hack &amp; Art 7&#8242;<\/u><\/a><\/span><\/span><\/strong><\/p>\n\n\n\n<h2 class=\"wp-block-heading\"><strong><span style=\"font-size: 14px;\"><span style=\"font-family: verdana,geneva,sans-serif;\">2015<\/span><\/span><\/strong><\/h2>\n\n\n\n<p><u><strong><span style=\"font-size: 14px;\"><span style=\"font-family: verdana,geneva,sans-serif;\"><a href=\"http:\/\/pagines.uab.cat\/act\/content\/uab-leads-european-project-train-experts-accessibility-scenic-arts\">UAB leads a European project to train experts in accessibility in the scenic arts<\/a><\/span><\/span><\/strong><\/u><\/p>\n\n\n\n<p><u><strong><span style=\"font-size: 14px;\"><span style=\"font-family: verdana,geneva,sans-serif;\"><a href=\"http:\/\/pagines.uab.cat\/act\/content\/first-act-hack-and-art\">First ACT Hack and Art<\/a><\/span><\/span><\/strong><\/u><\/p>\n\n\n\n<p><strong><u><span style=\"font-size: 14px;\"><span style=\"font-family: verdana,geneva,sans-serif;\"><a href=\"http:\/\/pagines.uab.cat\/act\/content\/presentation-act-culture-all\">Presentation ACT: Culture for All<\/a><\/span><\/span><\/u><\/strong><\/p>\n\n\n\n<p><strong><u><span style=\"font-size: 14px;\"><span style=\"font-family: verdana,geneva,sans-serif;\"><a href=\"http:\/\/pagines.uab.cat\/act\/content\/erste-blinde-schriftdolmetscher-verabschiedet\">Erste blinde Schriftdolmetscher verabschiedet<\/a><\/span><\/span><\/u><\/strong><\/p>\n\n\n\n<p><u><strong><a href=\"http:\/\/pagines.uab.cat\/act\/content\/hackathon-1\"><span style=\"font-size: 14px;\"><span style=\"font-family: verdana,geneva,sans-serif;\">Hackaton Dissemination Event,&nbsp;Tr\u00e0nsit Projectes&nbsp;: Hack &amp; Art 1<\/span><\/span><\/a><\/strong><\/u><\/p>\n","protected":false},"excerpt":{"rendered":"<p>2018 Anna Matamala&nbsp;presents ACT project at&nbsp;CIDUI 2018:&nbsp;Nous espais d\u2019aprenentatge per a noves necessitats de formaci\u00f3. Els projectes europeus ACT i ADLAB PRO com a exemples d\u2019innovaci\u00f3 docent. MOOC: Accessibility to the scenic arts Hackaton Dissemination Event,&nbsp;Tr\u00e0nsit Projectes&nbsp;: Hack &amp; Art 11 Barrierefreier zugang zu kultur und bildung. Experte\/Expertin f\u00fcr barrierefreie Medien in der darstellenden Kunst,&nbsp;27&nbsp;M\u00e4rz [&hellip;]<\/p>\n","protected":false},"author":20,"featured_media":0,"parent":0,"menu_order":0,"comment_status":"closed","ping_status":"closed","template":"","meta":{"footnotes":""},"class_list":["post-40","page","type-page","status-publish","hentry"],"_links":{"self":[{"href":"https:\/\/webs.uab.cat\/act\/wp-json\/wp\/v2\/pages\/40","targetHints":{"allow":["GET"]}}],"collection":[{"href":"https:\/\/webs.uab.cat\/act\/wp-json\/wp\/v2\/pages"}],"about":[{"href":"https:\/\/webs.uab.cat\/act\/wp-json\/wp\/v2\/types\/page"}],"author":[{"embeddable":true,"href":"https:\/\/webs.uab.cat\/act\/wp-json\/wp\/v2\/users\/20"}],"replies":[{"embeddable":true,"href":"https:\/\/webs.uab.cat\/act\/wp-json\/wp\/v2\/comments?post=40"}],"version-history":[{"count":1,"href":"https:\/\/webs.uab.cat\/act\/wp-json\/wp\/v2\/pages\/40\/revisions"}],"predecessor-version":[{"id":266,"href":"https:\/\/webs.uab.cat\/act\/wp-json\/wp\/v2\/pages\/40\/revisions\/266"}],"wp:attachment":[{"href":"https:\/\/webs.uab.cat\/act\/wp-json\/wp\/v2\/media?parent=40"}],"curies":[{"name":"wp","href":"https:\/\/api.w.org\/{rel}","templated":true}]}}