{"id":68,"date":"2017-03-21T13:41:41","date_gmt":"2017-03-21T13:41:41","guid":{"rendered":"https:\/\/webs.uab.cat\/act\/act-hackathon-7\/"},"modified":"2017-03-21T13:41:41","modified_gmt":"2017-03-21T13:41:41","slug":"act-hackathon-7","status":"publish","type":"page","link":"https:\/\/webs.uab.cat\/act\/act-hackathon-7\/","title":{"rendered":"ACT Hackathon 7"},"content":{"rendered":"<p>L\u2019Estruch acull el proper dissabte 4 de Juny una nova edici\u00f3 del ja consagrat Hack And Art Day, una jornada organitzada per MediaEstruch, l\u2019\u00e0rea d\u2019arts digitals de l\u2019Estruch, que posa en relaci\u00f3 l\u2019art i la tecnologia m\u00e9s puntera del moment per apropar al p\u00fablic sabadellenc tots aquells prototips, gadgets i invents tecnol\u00f2gics que defineixen les corrents actuals de l\u2019art digital.<\/p>\n<p>4 de Juny de 2016 &#8211; F\u00e0brica de Creaci\u00f3 l&#8217;Estruch de Sabadell<\/p>\n<p><strong>18h&nbsp;<\/strong><br \/>\nPresentaci\u00f3 Hack And Art Day<br \/>\nPresentaci\u00f3 Festival Simbi\u00f2tic: Arts Esc\u00e8niques i Accessibilitat<br \/>\nPresentaci\u00f3 Miguel Ayesa: Artista que utilitza l\u2019art per les discapacitats<br \/>\nESDI i MATICS presenten un prototip per a les arts esc\u00e8niques accessibles<\/p>\n<p><strong>19h 1er torn i 19.30h 2n torn<\/strong><\/p>\n<p>Tastet dels Sentits: Anna Recasens ens prepara receptes per enganyar el gust.<\/p>\n<p><strong>18 a 20h: Sessi\u00f3 Cont\u00ednua<\/strong><\/p>\n<p>Diana Medina: Instal\u00b7laci\u00f3 Immersiva<br \/>\nJulian Scordato: Mostra d\u2019 Audiovisuals<br \/>\nFrancesco Marino: Gadgets Interactius<br \/>\nCymaspace: Sel\u00b7lecci\u00f3 de v\u00eddeos punters en art digital<br \/>\nLinaLab: Artista Polifac\u00e8tica<\/p>\n<p>&nbsp;<\/p>\n<p><img loading=\"lazy\" decoding=\"async\" class=\" size-full wp-image-67\" alt=\"Poster Hackathon\" height=\"354\" src=\"https:\/\/webs.uab.cat\/act\/wp-content\/uploads\/sites\/126\/2017\/03\/hack-art_7_rgb.jpg\" width=\"250\" srcset=\"https:\/\/webs.uab.cat\/act\/wp-content\/uploads\/sites\/126\/2017\/03\/hack-art_7_rgb.jpg 424w, https:\/\/webs.uab.cat\/act\/wp-content\/uploads\/sites\/126\/2017\/03\/hack-art_7_rgb-212x300.jpg 212w\" sizes=\"auto, (max-width: 250px) 100vw, 250px\" \/><\/p>\n","protected":false},"excerpt":{"rendered":"<p>L\u2019Estruch acull el proper dissabte 4 de Juny una nova edici\u00f3 del ja consagrat Hack And Art Day, una jornada organitzada per MediaEstruch, l\u2019\u00e0rea d\u2019arts digitals de l\u2019Estruch, que posa en relaci\u00f3 l\u2019art i la tecnologia m\u00e9s puntera del moment per apropar al p\u00fablic sabadellenc tots aquells prototips, gadgets i invents tecnol\u00f2gics que defineixen les [&hellip;]<\/p>\n","protected":false},"author":20,"featured_media":67,"parent":0,"menu_order":0,"comment_status":"closed","ping_status":"closed","template":"","meta":{"footnotes":""},"class_list":["post-68","page","type-page","status-publish","has-post-thumbnail","hentry"],"_links":{"self":[{"href":"https:\/\/webs.uab.cat\/act\/wp-json\/wp\/v2\/pages\/68","targetHints":{"allow":["GET"]}}],"collection":[{"href":"https:\/\/webs.uab.cat\/act\/wp-json\/wp\/v2\/pages"}],"about":[{"href":"https:\/\/webs.uab.cat\/act\/wp-json\/wp\/v2\/types\/page"}],"author":[{"embeddable":true,"href":"https:\/\/webs.uab.cat\/act\/wp-json\/wp\/v2\/users\/20"}],"replies":[{"embeddable":true,"href":"https:\/\/webs.uab.cat\/act\/wp-json\/wp\/v2\/comments?post=68"}],"version-history":[{"count":0,"href":"https:\/\/webs.uab.cat\/act\/wp-json\/wp\/v2\/pages\/68\/revisions"}],"wp:featuredmedia":[{"embeddable":true,"href":"https:\/\/webs.uab.cat\/act\/wp-json\/wp\/v2\/media\/67"}],"wp:attachment":[{"href":"https:\/\/webs.uab.cat\/act\/wp-json\/wp\/v2\/media?parent=68"}],"curies":[{"name":"wp","href":"https:\/\/api.w.org\/{rel}","templated":true}]}}