{"id":51,"date":"2012-04-13T15:36:25","date_gmt":"2012-04-13T15:36:25","guid":{"rendered":"https:\/\/webs.uab.cat\/adt\/normativa\/"},"modified":"2022-09-07T13:50:37","modified_gmt":"2022-09-07T13:50:37","slug":"normativa","status":"publish","type":"page","link":"https:\/\/webs.uab.cat\/adt\/normativa\/","title":{"rendered":"Normativa"},"content":{"rendered":"\n<ol class=\"wp-block-list\"><li><a href=\"https:\/\/webs.uab.cat\/adt\/wp-content\/uploads\/sites\/191\/2017\/03\/REGLAMENT-DE-LA-JUNTA-DE-PERSONAL-FUNCIONARI-D.pdf\" data-type=\"attachment\" data-id=\"52\">Reglament de la Junta de Personal Funcionari<\/a> (2002)<\/li><li><a href=\"https:\/\/webs.uab.cat\/adt\/wp-content\/uploads\/sites\/191\/2017\/03\/reducciojornadaguardalegalfills.2003.pdf\" data-type=\"attachment\" data-id=\"53\">Reduccions de Jornada per cura de fills<\/a>\u00a0(2003)<\/li><li><a href=\"https:\/\/webs.uab.cat\/adt\/wp-content\/uploads\/sites\/191\/2017\/03\/ACORD_GOV28_2012_Plaocupacioracionalitzacio.pdf\" data-type=\"attachment\" data-id=\"54\">ACORD GOV\/28\/2012, de 27 de mar\u00e7, pel qual s&#8217;aprova el Pla d&#8217;ocupaci\u00f3 per a la racionalitzaci\u00f3 de l&#8217;organitzaci\u00f3 i l&#8217;optimitzaci\u00f3 del personal al servei de l&#8217;Administraci\u00f3 de la Generalitat de Catalunya 2012-2014.<\/a><\/li><li><a href=\"https:\/\/webs.uab.cat\/adt\/wp-content\/uploads\/sites\/191\/2017\/03\/Llei_acompanyament.pdf\" data-type=\"attachment\" data-id=\"55\">Llei d&#8217;acompanyament dels pressupostos: Llei 5\/2012, del 20 de mar\u00e7, de mesures fiscals, financeres i administratives i de creaci\u00f3 de l&#8217;impost sobre les estades en establiments tur\u00edstic<\/a><\/li><li><a href=\"https:\/\/webs.uab.cat\/adt\/wp-content\/uploads\/sites\/191\/2017\/03\/AcordUnificacio-2008.pdf\" data-type=\"attachment\" data-id=\"56\">Normativa de Permisos i Llic\u00e8ncies<\/a>\u00a0(2008)<\/li><li><a href=\"https:\/\/webs.uab.cat\/adt\/wp-content\/uploads\/sites\/191\/2017\/03\/reduccionsjornada.pdf\" data-type=\"attachment\" data-id=\"57\">Reduccions de jornada per inter\u00e9s particular<\/a>\u00a0(2012)<\/li><li><a href=\"https:\/\/webs.uab.cat\/adt\/wp-content\/uploads\/sites\/191\/2017\/03\/Instruccio_interins.pdf\" data-type=\"attachment\" data-id=\"58\">Instrucci\u00f3 03\/2012 sobre el\u00a0funcionament de la llista de substitucions del personal funcionari inter\u00ed d&#8217;administraci\u00f3 i serveis\u00a0<\/a>\u00a0(2012)\u00a0<\/li><li><a href=\"https:\/\/webs.uab.cat\/adt\/wp-content\/uploads\/sites\/191\/2017\/03\/Acord-IT-PAS-L.PDF\" data-type=\"attachment\" data-id=\"59\">Acord IT PAS-L<\/a>\u00a0(2012)<\/li><li><a href=\"https:\/\/webs.uab.cat\/adt\/wp-content\/uploads\/sites\/191\/2017\/03\/Acord-IT_PDI-L.pdf\" data-type=\"attachment\" data-id=\"60\">Acord IT_PDI<\/a>\u00a0(2012)<\/li><li><a href=\"https:\/\/webs.uab.cat\/adt\/wp-content\/uploads\/sites\/191\/2017\/03\/Decret56_2012_JornadaHoraris_Gencat_0.pdf\" data-type=\"attachment\" data-id=\"62\">Avan\u00e7ada decret Generalitat Jornada i Horaris<\/a> (2012)<\/li><li><a href=\"https:\/\/webs.uab.cat\/adt\/wp-content\/uploads\/sites\/191\/2017\/03\/Decret56_2012_JornadaHoraris_Gencat_0.pdf\" data-type=\"attachment\" data-id=\"62\">Decret 56\/2012 sobre Jornada i horaris de la Generalitat<\/a> (31\/05\/2012)<\/li><li><a href=\"https:\/\/webs.uab.cat\/adt\/wp-content\/uploads\/sites\/191\/2017\/03\/Acord_GOV46_2012_mesuresreducciodespesauniversitats.pdf\" data-type=\"attachment\" data-id=\"63\">Acord GOV\/46\/2012 de mesures de reduccio de la despesa d&#8217;universitats<\/a> (31\/05\/2012)<\/li><li><a href=\"https:\/\/webs.uab.cat\/adt\/wp-content\/uploads\/sites\/191\/2017\/03\/Acord_GOV44_2012_mesuresreducciodespesapersonal.pdf\" data-type=\"attachment\" data-id=\"64\">Acord GOV\/44\/2012 de mesures de reduccio de la despesa de personal <\/a>(31\/05\/2012)<\/li><li><a href=\"https:\/\/webs.uab.cat\/adt\/wp-content\/uploads\/sites\/191\/2009\/05\/2012_14072012_BOE_RDL_20_2012_Mesures_estabilitat.pdf\" data-type=\"attachment\" data-id=\"36\">Reial Decret-llei 20\/2012 de mesures per a garantir l&#8217;estabilitat pressupost\u00e0ria i<\/a> &#8230;\u00a0 (14\/07\/2012)<\/li><li><a href=\"https:\/\/webs.uab.cat\/adt\/wp-content\/uploads\/sites\/191\/2009\/05\/2012_19072012_BOE_RDL_20_2012_Correccions_Mesures_estabilitat.pdf\" data-type=\"attachment\" data-id=\"37\">Correcci\u00f3 d&#8217;errades del Real Decreto-ley 20\/2012\u00a0<\/a> (19\/07\/2012)<\/li><li><a href=\"https:\/\/webs.uab.cat\/adt\/wp-content\/uploads\/sites\/191\/2017\/03\/Acord-dies-absencia.pdf\" data-type=\"attachment\" data-id=\"65\">Acord dies abs\u00e8ncia<\/a> (28\/10\/2013).<\/li><li><a href=\"https:\/\/webs.uab.cat\/adt\/wp-content\/uploads\/sites\/191\/2009\/05\/Decret_48_2014.pdf\" data-type=\"attachment\" data-id=\"34\">Decret 48\/2014, de 8 d&#8217;abril, pel qual es modifica el Decret 56\/2012, de 29 de maig, sobre jornada i horaris de treball del personal funcionari al servei de l&#8217;Administraci\u00f3 de la Generalitat<\/a> (10\/04\/2014)<\/li><li><a href=\"https:\/\/webs.uab.cat\/adt\/wp-content\/uploads\/sites\/191\/2012\/04\/manual_gh_firmat0.pdf\" data-type=\"attachment\" data-id=\"50\">Manual de Gesti\u00f3 Hor\u00e0ria vigent (Abril 2015)<\/a><\/li><li><a href=\"https:\/\/webs.uab.cat\/adt\/wp-content\/uploads\/sites\/191\/2009\/05\/2018-10-29acordcoberturatemporalpasf_0.pdf\" data-type=\"attachment\" data-id=\"29\" target=\"_blank\" rel=\"noreferrer noopener\">Acord Cobertura temporal de places amb reserva o pendents de promoci\u00f3 interna<\/a> (29\/10\/2018<a href=\"http:\/\/pagines.uab.cat\/adt\/sites\/pagines.uab.cat.adt\/files\/2018-10-29acordcoberturatemporalpasf.pdf\">)<\/a><\/li><\/ol>\n\n\n\n<p>&nbsp;<\/p>\n","protected":false},"excerpt":{"rendered":"<p>Reglament de la Junta de Personal Funcionari (2002) Reduccions de Jornada per cura de fills\u00a0(2003) ACORD GOV\/28\/2012, de 27 de mar\u00e7, pel qual s&#8217;aprova el Pla d&#8217;ocupaci\u00f3 per a la racionalitzaci\u00f3 de l&#8217;organitzaci\u00f3 i l&#8217;optimitzaci\u00f3 del personal al servei de l&#8217;Administraci\u00f3 de la Generalitat de Catalunya 2012-2014. Llei d&#8217;acompanyament dels pressupostos: Llei 5\/2012, del 20 [&hellip;]<\/p>\n","protected":false},"author":20,"featured_media":0,"parent":0,"menu_order":0,"comment_status":"closed","ping_status":"closed","template":"","meta":{"footnotes":""},"class_list":["post-51","page","type-page","status-publish","hentry"],"_links":{"self":[{"href":"https:\/\/webs.uab.cat\/adt\/wp-json\/wp\/v2\/pages\/51","targetHints":{"allow":["GET"]}}],"collection":[{"href":"https:\/\/webs.uab.cat\/adt\/wp-json\/wp\/v2\/pages"}],"about":[{"href":"https:\/\/webs.uab.cat\/adt\/wp-json\/wp\/v2\/types\/page"}],"author":[{"embeddable":true,"href":"https:\/\/webs.uab.cat\/adt\/wp-json\/wp\/v2\/users\/20"}],"replies":[{"embeddable":true,"href":"https:\/\/webs.uab.cat\/adt\/wp-json\/wp\/v2\/comments?post=51"}],"version-history":[{"count":1,"href":"https:\/\/webs.uab.cat\/adt\/wp-json\/wp\/v2\/pages\/51\/revisions"}],"predecessor-version":[{"id":116,"href":"https:\/\/webs.uab.cat\/adt\/wp-json\/wp\/v2\/pages\/51\/revisions\/116"}],"wp:attachment":[{"href":"https:\/\/webs.uab.cat\/adt\/wp-json\/wp\/v2\/media?parent=51"}],"curies":[{"name":"wp","href":"https:\/\/api.w.org\/{rel}","templated":true}]}}