{"id":1080,"date":"2023-10-16T12:04:23","date_gmt":"2023-10-16T10:04:23","guid":{"rendered":"https:\/\/webs.uab.cat\/advancedstochasticmodelling\/knowledge-transfer-consultes-formacio\/"},"modified":"2024-04-26T12:47:37","modified_gmt":"2024-04-26T10:47:37","slug":"knowledge-transfer-consultes-formacio","status":"publish","type":"page","link":"https:\/\/webs.uab.cat\/advancedstochasticmodelling\/ca\/knowledge-transfer-consultes-formacio\/","title":{"rendered":"Knowledge Transfer: Consultes &amp; Formaci\u00f3"},"content":{"rendered":"\n<div class=\"wp-block-query is-layout-flow wp-block-query-is-layout-flow\">\n\n\n\n<div class=\"wp-block-query-no-results\">\n\n<p><\/p>\n\n<\/div><\/div>\n\n\n\n<p>El grup de Recerca <strong>Advanced Stochastic Modelling<\/strong> pret\u00e9n canalitzar la seva experi\u00e8ncia en l&#8217;\u00e0mbit de <strong>Data Analytics<\/strong> i <strong>Machine Learning<\/strong>, oferint solucions als reptes estad\u00edstics que pugui tenir qualsevol empresa amb les dades generades de manera intensiva.<\/p>\n\n\n\n<p>La consultoria en aquesta \u00e0rea requereix la combinaci\u00f3 de diferents disciplines i capacitats t\u00e8cniques incloent modelitzaci\u00f3 matem\u00e0tica, an\u00e0lisi de dades i elements computacionals. En aquest sentit, la Unitat KTT del grup Advanced Stochastic Modelling mant\u00e9 sinergies amb altres departaments, instituts i centres de la Universitat i de l&#8217;Esfera UAB amb un concepte ampli de l&#8217;\u00fas de Data Science i Machine Learning com a enlla\u00e7 d&#8217;uni\u00f3 amb l&#8217;objectiu d&#8217;aportar m\u00e9s <strong>solucions globals i transversals<\/strong>, i assumir projectes complexos que combinin aspectes formals i aplicats.<\/p>\n\n\n\n<p>En la seg\u00fcent llista hi ha alguns Centres, Instituts i Departaments de la Universitat que realitzen investigacions i altres activitats al voltant d&#8217;aquestes \u00e0rees i que col\u00b7laboren amb Advanced Stochastic Modelling Group:<\/p>\n\n\n\n<ul class=\"wp-block-list\">\n<li><strong>Departament de Matem\u00e0tiques de la UAB<\/strong><\/li>\n\n\n\n<li><strong>Centre de Recerca Matem\u00e0tica<\/strong><\/li>\n\n\n\n<li><strong>Centre de Visi\u00f3 per Computador<\/strong><\/li>\n\n\n\n<li><strong>Port d&#8217;Informaci\u00f3 Cient\u00edfica de l&#8217;IFAE<\/strong><\/li>\n\n\n\n<li><strong>Center de Recerca en Ecologia i Aplicacions Forestals<\/strong><\/li>\n\n\n\n<li><strong>Servei d&#8217;Estad\u00edstica Aplicada<\/strong><\/li>\n\n\n\n<li><strong>Departament d&#8217;Arquitectura de Computadors i Sistemes Operatius<\/strong><\/li>\n\n\n\n<li><strong>Departament d&#8217;Enginyeria de la Informaci\u00f3 i de les Comunicacions<\/strong><\/li>\n<\/ul>\n\n\n\n<p>L&#8217;objectiu de la unitat KTT del grup Advanced Stochastical Modelling KT \u00e9s el d&#8217;oferir serveis exclusivament a empreses en els camps de computaci\u00f3 i an\u00e0lisi de dades: <strong>Deep Learning, NLP, Bayesian Analysis, Advanced Biostatistics, Big Data Analytics Big Data Storage, Extreme Value Theory<\/strong> i <strong>Risk Management<\/strong> en les seg\u00fcents activitats:<\/p>\n\n\n\n<ul class=\"wp-block-list\">\n<li><strong>Transfer\u00e8ncia de coneixement i tecnologia (knowledge and technology Transfer KTT)<\/strong>: Promoure l&#8217;acc\u00e9s a tecnologia, equipaments i metodologia d&#8217;avantguarda desenvolupats pel nostre grup de recerca.<\/li>\n\n\n\n<li><strong>Desenvolupament del coneixement i innovaci\u00f3<\/strong>: Aportar nou coneixement en la creaci\u00f3 i implementaci\u00f3 d&#8217;innovacions de les activitats empresarials.<\/li>\n\n\n\n<li><strong>Formaci\u00f3 t\u00e8cnica<\/strong>: Formaci\u00f3 especialitzada sota demanda en eines i metodologia anal\u00edtica. El disseny de cada curs pot ser personalitzat tenint en compte les necessitats del client (per exemple, basat en les metodologies i t\u00e8cniques estad\u00edstiques m\u00e9s comuns en la seva \u00e0rea).<br><a href=\"https:\/\/webs.uab.cat\/advancedstochasticmodelling\/ca\/category\/formaciorealizada\/\" data-type=\"link\" data-id=\"https:\/\/webs.uab.cat\/advancedstochasticmodelling\/ca\/category\/formaciorealizada\/\" target=\"_blank\" rel=\"noreferrer noopener\">Enlla\u00e7 a la formaci\u00f3 oberta realitzad<\/a><a href=\"https:\/\/webs.uab.cat\/advancedstochasticmodelling\/ca\/category\/formaciorealizada\/\" data-type=\"link\" data-id=\"https:\/\/webs.uab.cat\/advancedstochasticmodelling\/ca\/category\/formaciorealizada\/\">a<\/a><\/li>\n\n\n\n<li><strong>Recerca col\u00b7laborativa<\/strong>: Cooperaci\u00f3 entre organitzacions empresarials i institucions acad\u00e8miques en projectes estrat\u00e8gics R&amp;D, accedint al finan\u00e7ament del sector p\u00fablic.<\/li>\n<\/ul>\n\n\n\n<p><strong>Equipament cient\u00edfic i t\u00e8cnic<\/strong><br>Software Estad\u00edstic: R, Python, Stata i SAS<br>Software de manipulaci\u00f3 matem\u00e0tica: Maple, Matlab, Sage, Wxmaxima<br>Servidors propis<\/p>\n\n\n\n<p class=\"has-background has-large-font-size\" style=\"background:linear-gradient(135deg,rgb(0,128,55) 0%,rgb(0,128,55) 100%)\"><strong>Contacte<\/strong><\/p>\n\n\n\n<p>Per a m\u00e9s informaci\u00f3 sobre els serveis de consultoria i formaci\u00f3 de la unitat KT contacteu amb nosaltres via e-mail <a href=\"mailto:gr.asm_ktt@uab.cat\">gr.asm_ktt@uab.cat<\/a>, o a trav\u00e9s del seg\u00fcent formulari: <a href=\"https:\/\/eformularis.uab.cat\/web\/asm_ktt\/consulta\" data-type=\"link\" data-id=\"https:\/\/eformularis.uab.cat\/web\/asm_ktt\/consulta\" target=\"_blank\" rel=\"noreferrer noopener\">enlla\u00e7 al formulari de consultes<\/a> <\/p>\n\n\n\n<p><strong>Ester Boixadera<\/strong> <br><strong>Oliver Valero<\/strong> <\/p>\n\n\n\n<p><\/p>\n","protected":false},"excerpt":{"rendered":"<p>El grup de Recerca Advanced Stochastic Modelling pret\u00e9n canalitzar la seva experi\u00e8ncia en l&#8217;\u00e0mbit de Data Analytics i Machine Learning, oferint solucions als reptes estad\u00edstics que pugui tenir qualsevol empresa amb les dades generades de manera intensiva. La consultoria en aquesta \u00e0rea requereix la combinaci\u00f3 de diferents disciplines i capacitats t\u00e8cniques incloent modelitzaci\u00f3 matem\u00e0tica, an\u00e0lisi [&hellip;]<\/p>\n","protected":false},"author":85,"featured_media":0,"parent":0,"menu_order":0,"comment_status":"closed","ping_status":"closed","template":"","meta":{"footnotes":""},"class_list":["post-1080","page","type-page","status-publish","hentry"],"_links":{"self":[{"href":"https:\/\/webs.uab.cat\/advancedstochasticmodelling\/ca\/wp-json\/wp\/v2\/pages\/1080","targetHints":{"allow":["GET"]}}],"collection":[{"href":"https:\/\/webs.uab.cat\/advancedstochasticmodelling\/ca\/wp-json\/wp\/v2\/pages"}],"about":[{"href":"https:\/\/webs.uab.cat\/advancedstochasticmodelling\/ca\/wp-json\/wp\/v2\/types\/page"}],"author":[{"embeddable":true,"href":"https:\/\/webs.uab.cat\/advancedstochasticmodelling\/ca\/wp-json\/wp\/v2\/users\/85"}],"replies":[{"embeddable":true,"href":"https:\/\/webs.uab.cat\/advancedstochasticmodelling\/ca\/wp-json\/wp\/v2\/comments?post=1080"}],"version-history":[{"count":14,"href":"https:\/\/webs.uab.cat\/advancedstochasticmodelling\/ca\/wp-json\/wp\/v2\/pages\/1080\/revisions"}],"predecessor-version":[{"id":1260,"href":"https:\/\/webs.uab.cat\/advancedstochasticmodelling\/ca\/wp-json\/wp\/v2\/pages\/1080\/revisions\/1260"}],"wp:attachment":[{"href":"https:\/\/webs.uab.cat\/advancedstochasticmodelling\/ca\/wp-json\/wp\/v2\/media?parent=1080"}],"curies":[{"name":"wp","href":"https:\/\/api.w.org\/{rel}","templated":true}]}}