{"id":1153,"date":"2023-10-16T12:04:23","date_gmt":"2023-10-16T10:04:23","guid":{"rendered":"https:\/\/webs.uab.cat\/advancedstochasticmodelling\/knowledge-transfer-consultas-formacion\/"},"modified":"2024-04-26T16:06:50","modified_gmt":"2024-04-26T14:06:50","slug":"knowledge-transfer-consultas-formacion","status":"publish","type":"page","link":"https:\/\/webs.uab.cat\/advancedstochasticmodelling\/es\/knowledge-transfer-consultas-formacion\/","title":{"rendered":"Knowledge Transfer: Consultas &amp; Formaci\u00f3n"},"content":{"rendered":"\n<div class=\"wp-block-query is-layout-flow wp-block-query-is-layout-flow\">\n\n\n\n<div class=\"wp-block-query-no-results\">\n\n<p><\/p>\n\n<\/div><\/div>\n\n\n\n<p>El grupo de Investigaci\u00f3n <strong>Advanced Stochastic Modelling<\/strong> pretende canalizar su experiencia en el \u00e1mbito de <strong>Data Analytics<\/strong> y <strong>Machine Learning<\/strong>, ofreciendo soluciones a los retos estad\u00edsticos que puede tener cualquier empresa con datos generados de forma intensiva.<\/p>\n\n\n\n<p>La consultor\u00eda en esta \u00e1rea requiere la combinaci\u00f3n de diferentes disciplinas y capacidades t\u00e9cnicas incluyendo modelizaci\u00f3n matem\u00e1tica, an\u00e1lisis de datos y elementos computacionales. En este sentido, la Unidad KTT del grupo Advanced Stochastic Modelling mantiene sinergias con otros departamentos, institutos y centros de la Universidad y de la Esfera UAB con un amplio concepto del uso de Data Science y Machine Learning como enlace de uni\u00f3n con el objetivo de aportar m\u00e1s <strong>soluciones globales y transversales<\/strong>, y asumir proyectos complejos que combinen aspectos formales y aplicados.<\/p>\n\n\n\n<p>En la siguiente lista hay algunos Centros, Institutos y Departamentos de la Universidad que realizan investigaciones y otras actividades alrededor de estas \u00e1reas y que colaboran con Advanced Stochastic Modelling Group:<\/p>\n\n\n\n<ul class=\"wp-block-list\">\n<li><strong>Departament de Matem\u00e0tiques de la UAB<\/strong><\/li>\n\n\n\n<li><strong>Centre de Recerca Matem\u00e0tica<\/strong><\/li>\n\n\n\n<li><strong>Centre de Visi\u00f3 per Computador<\/strong><\/li>\n\n\n\n<li><strong>Port d&#8217;Informaci\u00f3 Cient\u00edfica de l&#8217;IFAE<\/strong><\/li>\n\n\n\n<li><strong>Center de Recerca en Ecologia i Aplicacions Forestals<\/strong><\/li>\n\n\n\n<li><strong>Servei d&#8217;Estad\u00edstica Aplicada<\/strong><\/li>\n\n\n\n<li><strong>Departament d&#8217;Arquitectura de Computadors i Sistemes Operatius<\/strong><\/li>\n\n\n\n<li><strong>Departament d&#8217;Enginyeria de la Informaci\u00f3 i de les Comunicacions<\/strong><\/li>\n<\/ul>\n\n\n\n<p>El objetivo de la unidad KTT del grupo Advanced Stochastical Modelling KT es el de ofrecer servicios exclusivamente a empresas en los campos de computaci\u00f3n y an\u00e1lisis de datos: <strong>Deep Learning, NLP, Bayesian Analysis, Advanced Biostatistics, Big Data Analytics Big Data Storage, Extreme Value Theory<\/strong> y <strong>Risk Management<\/strong> en las siguientes actividades:<br><\/p>\n\n\n\n<ul class=\"wp-block-list\">\n<li><strong>Transferencia de conocimiento y tecnolog\u00eda (knowledge and technology Transfer KTT)<\/strong>: Promover el acceso a la tecnolog\u00eda, equipamientos y metodolog\u00eda de vanguardia desarrollados por nuestro grupo de investigaci\u00f3n.<\/li>\n\n\n\n<li><strong>Desarrollo del conocimiento e innovaci\u00f3n<\/strong>: Aportar nuevo conocimiento en la creaci\u00f3n e implementaci\u00f3n de innovaciones de las actividades empresariales.<\/li>\n\n\n\n<li><strong>Formaci\u00f3n t\u00e9cnica<\/strong>: Formaci\u00f3n especializada bajo demanda en herramientas y metodolog\u00eda anal\u00edtica. El dise\u00f1o de cada curso puede ser personalizado teniendo en cuenta las necesidades del cliente (por ejemplo, basado en las metodolog\u00edas y t\u00e9cnicas estad\u00edsticas m\u00e1s comunes en su \u00e1rea).<br><a href=\"https:\/\/webs.uab.cat\/advancedstochasticmodelling\/es\/category\/formacionrealizada\/\" data-type=\"link\" data-id=\"https:\/\/webs.uab.cat\/advancedstochasticmodelling\/es\/category\/formacionrealizada\/\" target=\"_blank\" rel=\"noreferrer noopener\">Enlace a la formaci\u00f3n abierta realizada<\/a><\/li>\n\n\n\n<li><strong>Investigaci\u00f3n colaborativa<\/strong>: Cooperaci\u00f3n entre organizaciones empresariales e instituciones acad\u00e9micas en proyectos estrat\u00e9gicos R&amp;D, accediendo a la financiaci\u00f3n del sector p\u00fablico.<\/li>\n<\/ul>\n\n\n\n<p><strong>Equipamiento cient\u00edfico y t\u00e9cnico<\/strong><br>Software Estad\u00edstico: R, Python, Stata y SAS<br>Software de manipulaci\u00f3n matem\u00e1tica: Maple, Matlab, Sage, Wxmaxima<br>Servidores propios<\/p>\n\n\n\n<p class=\"has-background has-large-font-size\" style=\"background:linear-gradient(135deg,rgb(0,128,55) 0%,rgb(0,128,55) 100%)\"><strong>Contacto<\/strong><\/p>\n\n\n\n<p>Para m\u00e1s informaci\u00f3n sobre los servicios KTT contactad con nosotros v\u00eda e-mail <a href=\"mailto:gr.asm_ktt@uab.cat\">gr.asm_ktt@uab.cat<\/a> o a trav\u00e9s del siguiente formulario: <a href=\"https:\/\/eformularis.uab.cat\/es\/web\/asm_ktt\/consulta\" data-type=\"link\" data-id=\"https:\/\/eformularis.uab.cat\/es\/web\/asm_ktt\/consulta\" target=\"_blank\" rel=\"noreferrer noopener\">Enlace al formulario de consulta<\/a><\/p>\n\n\n\n<p><strong>Ester Boixadera<\/strong> <br><strong>Oliver Valero<\/strong> <\/p>\n\n\n\n<p><\/p>\n","protected":false},"excerpt":{"rendered":"<p>El grupo de Investigaci\u00f3n Advanced Stochastic Modelling pretende canalizar su experiencia en el \u00e1mbito de Data Analytics y Machine Learning, ofreciendo soluciones a los retos estad\u00edsticos que puede tener cualquier empresa con datos generados de forma intensiva. La consultor\u00eda en esta \u00e1rea requiere la combinaci\u00f3n de diferentes disciplinas y capacidades t\u00e9cnicas incluyendo modelizaci\u00f3n matem\u00e1tica, an\u00e1lisis [&hellip;]<\/p>\n","protected":false},"author":85,"featured_media":0,"parent":0,"menu_order":0,"comment_status":"closed","ping_status":"closed","template":"","meta":{"footnotes":""},"class_list":["post-1153","page","type-page","status-publish","hentry"],"_links":{"self":[{"href":"https:\/\/webs.uab.cat\/advancedstochasticmodelling\/es\/wp-json\/wp\/v2\/pages\/1153","targetHints":{"allow":["GET"]}}],"collection":[{"href":"https:\/\/webs.uab.cat\/advancedstochasticmodelling\/es\/wp-json\/wp\/v2\/pages"}],"about":[{"href":"https:\/\/webs.uab.cat\/advancedstochasticmodelling\/es\/wp-json\/wp\/v2\/types\/page"}],"author":[{"embeddable":true,"href":"https:\/\/webs.uab.cat\/advancedstochasticmodelling\/es\/wp-json\/wp\/v2\/users\/85"}],"replies":[{"embeddable":true,"href":"https:\/\/webs.uab.cat\/advancedstochasticmodelling\/es\/wp-json\/wp\/v2\/comments?post=1153"}],"version-history":[{"count":9,"href":"https:\/\/webs.uab.cat\/advancedstochasticmodelling\/es\/wp-json\/wp\/v2\/pages\/1153\/revisions"}],"predecessor-version":[{"id":1264,"href":"https:\/\/webs.uab.cat\/advancedstochasticmodelling\/es\/wp-json\/wp\/v2\/pages\/1153\/revisions\/1264"}],"wp:attachment":[{"href":"https:\/\/webs.uab.cat\/advancedstochasticmodelling\/es\/wp-json\/wp\/v2\/media?parent=1153"}],"curies":[{"name":"wp","href":"https:\/\/api.w.org\/{rel}","templated":true}]}}