{"id":196,"date":"2016-04-26T14:53:43","date_gmt":"2016-04-26T12:53:43","guid":{"rendered":"https:\/\/webs.uab.cat\/advancedstochasticmodelling\/publications\/"},"modified":"2025-01-21T17:22:21","modified_gmt":"2025-01-21T15:22:21","slug":"publications","status":"publish","type":"page","link":"https:\/\/webs.uab.cat\/advancedstochasticmodelling\/publications\/","title":{"rendered":"Publications"},"content":{"rendered":"<li>Giulia Binotto and Rosario Delgado (2025) <br \/> <span class=\"titol\"><a href=\"https:\/\/webs.uab.cat\/advancedstochasticmodelling\/biblio\/adapting-performance-metrics-for-ordinal-classification-to-interval-scale-length-matters\/\">Adapting performance metrics for ordinal classification to interval scale: length matters<\/a><\/span><br \/>\r\n <span class=\"revista\">Machine Learning<\/span>, 114  41 <br \/>\r\n\t\r\n\t<a href=\"https:\/\/doi.org\/10.1007\/s10994-024-06654-4\" target=\"_blank\">https:\/\/doi.org\/10.1007\/s10994-024-06654-4<\/a>\r\n<\/li>\r\n<li>Esther Garc\u00eda Pag\u00e8s, Spyridon Kontaxis, Sara Siddi, Mar Posadas-de Miguel, Concepci\u00f3n de la C\u00e1mara, Maria Luisa Bernal, Thais Castro Ribeiro, Pablo Laguna, Lloren\u00e7 Badiella, Raquel Bail\u00f3n, Josep Maria Haro, and Jordi Aguil\u00f3 (2025) <br \/> <span class=\"titol\"><a href=\"https:\/\/webs.uab.cat\/advancedstochasticmodelling\/biblio\/contribution-of-physiological-dynamics-in-predicting-major-depressive-disorder-severity\/\">Contribution of physiological dynamics in predicting major depressive disorder severity<\/a><\/span><br \/>\r\n <span class=\"revista\">Psychophysiology<\/span>, 62 2 e14729 <br \/>\r\n\t\r\n\t<a href=\"https:\/\/doi.org\/10.1111\/psyp.14729\" target=\"_blank\">https:\/\/doi.org\/10.1111\/psyp.14729<\/a>\r\n<\/li>\r\n<li>Rosario Delgado (2025) <br \/> <span class=\"titol\"><a href=\"https:\/\/webs.uab.cat\/advancedstochasticmodelling\/biblio\/controlling-false-positives-in-multiple-instance-learning-the-c-rule-approach\/\">Controlling false positives in multiple instance learning: The \u201cc-rule\u201d approach<\/a><\/span><br \/>\r\n <span class=\"revista\">International Journal of Approximate Reasoning<\/span>, 179  109367 <br \/>\r\n\t\r\n\t<a href=\"https:\/\/doi.org\/10.1016\/j.ijar.2025.109367\" target=\"_blank\">https:\/\/doi.org\/10.1016\/j.ijar.2025.109367<\/a>\r\n<\/li>\r\n<li>Amanda Fern\u00e1ndez-Fontelo, Mar\u00eda Teresa Lasierra-Morales, Marta Carmona, Marina Sibila, and Laura Garza-Moreno (2025) <br \/> <span class=\"titol\"><a href=\"https:\/\/webs.uab.cat\/advancedstochasticmodelling\/biblio\/time-series-modelling-of-swine-lung-lesion-prevalence-to-predict-the-temporal-dynamics-of-mycoplasma-hyopneumoniae-and-actinobacillus-pleuropneumoniae-infections-in-spain\/\">Time series modelling of swine lung lesion prevalence to predict the temporal dynamics of Mycoplasma hyopneumoniae and Actinobacillus pleuropneumoniae infections in Spain<\/a><\/span><br \/>\r\n <span class=\"revista\">Preventive Veterinary Medicine<\/span>, 239   <br \/>\r\n\t\r\n\t<a href=\"https:\/\/doi.org\/10.1016\/j.prevetmed.2025.106525\" target=\"_blank\">https:\/\/doi.org\/10.1016\/j.prevetmed.2025.106525<\/a>\r\n<\/li>\r\n<li>Tomasz J.\u00a0Kozubowsk, Dorota M\u0142ynarczyk, and Anna K.\u00a0Panorska (2025) <br \/> <span class=\"titol\"><a href=\"https:\/\/webs.uab.cat\/advancedstochasticmodelling\/biblio\/waiting-time-representation-of-discrete-distributionsestadistica-problemes-i-mes-problemes\/\">Waiting time representation of discrete distributionsEstad\u00edstica: problemes i m\u00e9s problemes<\/a><\/span><br \/>\r\n <span class=\"revista\">Statistics &#038; Probability Letters<\/span>, 216  110275 <br \/>\r\n\t\r\n\t<a href=\"https:\/\/doi.org\/10.1016\/j.spl.2024.110275\" target=\"_blank\">https:\/\/doi.org\/10.1016\/j.spl.2024.110275<\/a>\r\n<\/li>\r\n<li>E. Sanchez-Tarifa, C. Alonso, I. Perez, L. A. Garc\u00eda, Amanda Fern\u00e1ndez\u2010Fontelo, O. G\u00f3mez-Duran, B. Garc\u00eda-Morante, Francisco A. Garc\u00eda-V\u00e1zquez, and I. Hern\u00e1ndez-Caravaca (2024) <br \/> <span class=\"titol\"><a href=\"https:\/\/webs.uab.cat\/advancedstochasticmodelling\/biblio\/a-field-comparison-study-of-two-vaccine-protocols-against-erysipelothrix-rhusiopathiae-in-two-types-of-swine-breeds-in-spain\/\">A field comparison study of two vaccine protocols against\u00a0Erysipelothrix rhusiopathiae\u00a0in two types of swine breeds in Spain<\/a><\/span><br \/>\r\n <span class=\"revista\">BMC Veterinary Research<\/span>,  20 Article number: 461 <br \/>\r\n\t\r\n\t<a href=\"https:\/\/doi.org\/10.1186\/s12917-024-04065-0\" target=\"_blank\">https:\/\/doi.org\/10.1186\/s12917-024-04065-0<\/a>\r\n<\/li>\r\n<li>Lena Giralt, Marc Figueras-Roca, Beatriz De Luis Eguileor, Barbara Romero, Javier Zarranz-Ventura, Socorro Alforja, Francisca Santiago, Jennifer Bola\u00f1os, Francisco Lozano, Marina Dotti-Boada, Anna Sala-Puigdollers, Paula Dura, Jordi Izquierdo-Serra, Oliver Valero, Alfredo Ad\u00e1n, Alex Fonollosa, and Blanca Molins (2024) <br \/> <span class=\"titol\"><a href=\"https:\/\/webs.uab.cat\/advancedstochasticmodelling\/biblio\/c-reactive-protein-complement-factor-h-axis-as-a-biomarker-of-activity-in-early-and-intermediate-age-related-macular-degeneration\/\">C-reactive protein-complement factor H axis as a biomarker of activity in early and intermediate age-related macular degeneration<\/a><\/span><br \/>\r\n <span class=\"revista\">Frontiers in Immunology<\/span>, 15  1330913 <br \/>\r\n\t\r\n\t<a href=\"http:\/\/doi.org\/10.3389\/fimmu.2024.1330913\" target=\"_blank\">http:\/\/doi.org\/10.3389\/fimmu.2024.1330913<\/a>\r\n<\/li>\r\n<li>Dorota M\u0142ynarczyk, Pedro Puig, Joan Francesc Barquinero, Carmen Armero, and Virgilio G\u00f3mez-Rubio (2024) <br \/> <span class=\"titol\"><a href=\"https:\/\/webs.uab.cat\/advancedstochasticmodelling\/biblio\/comparative-analysis-of-the-yields-of-dicentrics-and-chromosomal-translocations\/\">Comparative analysis of the yields of dicentrics and chromosomal translocations<\/a><\/span><br \/>\r\n <span class=\"revista\">International Journal of Radiation Biology<\/span>, 100 8  1193\u20131201<br \/>\r\n\t\r\n\t<a href=\"https:\/\/doi.org\/10.1080\/09553002.2024.2369077\" target=\"_blank\">https:\/\/doi.org\/10.1080\/09553002.2024.2369077<\/a>\r\n<\/li>\r\n<li>Franziska M. Leipold, Pascal J Kieslich, Felix Henninger, Amanda Fern\u00e1ndez-Fontelo, Sonja Greven, and Frauke Kreuter (2024) <br \/> <span class=\"titol\"><a href=\"https:\/\/webs.uab.cat\/advancedstochasticmodelling\/biblio\/detecting-respondent-burden-in-online-surveys-how-different-sources-of-question-difficulty-influence-cursor-movements\/\">Detecting Respondent Burden in Online Surveys: How Different Sources of Question Difficulty Influence Cursor Movements<\/a><\/span><br \/>\r\n <span class=\"revista\">Social Science Computer Review<\/span>, 43 1  <br \/>\r\n\t\r\n\t<a href=\"https:\/\/doi.org\/10.1177\/08944393241247425\" target=\"_blank\">https:\/\/doi.org\/10.1177\/08944393241247425<\/a>\r\n<\/li>\r\n<li>Josep Pe\u00f1uelas, Marcos Fern\u00e1ndez-Mart\u00ednez, Sandra Cobo, Lloren\u00e7 Badiella, and Jordi Sardans (2024) <br \/> <span class=\"titol\"><a href=\"https:\/\/webs.uab.cat\/advancedstochasticmodelling\/biblio\/does-urban-particulate-matter-hinder-covid-19-transmission-rate\/\">Does urban particulate matter hinder COVID-19 transmission rate?<\/a><\/span><br \/>\r\n <span class=\"revista\">Air Quality, Atmosphere &#038; Health<\/span>, 17   2307\u20132319<br \/>\r\n\t\r\n\t<a href=\"https:\/\/doi.org\/10.1007\/s11869-024-01574-7\" target=\"_blank\">https:\/\/doi.org\/10.1007\/s11869-024-01574-7<\/a>\r\n<\/li>\r\n<li>David M\u00e1rquez-Carreras (2024) <br \/> <span class=\"titol\"><a href=\"https:\/\/webs.uab.cat\/advancedstochasticmodelling\/biblio\/el-movimiento-browniano\/\">EL MOVIMIENTO BROWNIANO<\/a><\/span><br \/>\r\n <span class=\"revista\">MIXBA\u2019AL, Revista Metropolitana de Matem\u00e1ticas<\/span>, 15 1  <br \/>\r\n\t\r\n\t<a href=\"http:\/\/www.doi.org\/10.24275\/uami\/dcbi\/mix\/v15n1\/damaco\" target=\"_blank\">http:\/\/www.doi.org\/10.24275\/uami\/dcbi\/mix\/v15n1\/damaco<\/a>\r\n<\/li>\r\n<li>David Mori\u00f1a, Isabel Mill\u00e1n, Amanda Fern\u00e1ndez-Fontelo, Pedro Puig, Pere Tor\u00e1n, Meritxell G\u00f3mez-Maldonado, and Gemma Falguera (2024) <br \/> <span class=\"titol\"><a href=\"https:\/\/webs.uab.cat\/advancedstochasticmodelling\/biblio\/exploring-what-lies-beneath-the-tip-of-the-gender-based-violence-iceberg\/\">Exploring what lies beneath the tip of the gender-based violence iceberg<\/a><\/span><br \/>\r\n <span class=\"revista\">medRxiv<\/span>,   2024.02.26.24303373 <br \/>\r\n\t\r\n\t<a href=\"https:\/\/doi.org\/10.1101\/2024.02.26.24303373\" target=\"_blank\">https:\/\/doi.org\/10.1101\/2024.02.26.24303373<\/a>\r\n<\/li>\r\n<li>David Agis, Jordi Tur, David Mori\u00f1a, Pedro Puig, and Amanda Fern\u00e1ndez-Fontelo (2024) <br \/> <span class=\"titol\"><a href=\"https:\/\/webs.uab.cat\/advancedstochasticmodelling\/biblio\/good-an-r-package-for-modelling-count-data\/\">good: An\u00a0R\u00a0package for modelling count data<\/a><\/span><br \/>\r\n <span class=\"revista\">Methods in Ecology and Evolution<\/span>, 15 12  2192-2197<br \/>\r\n\t\r\n\t<a href=\"https:\/\/doi.org\/10.1111\/2041-210X.14387\" target=\"_blank\">https:\/\/doi.org\/10.1111\/2041-210X.14387<\/a>\r\n<\/li>\r\n<li>Rosario Delgado and Giulia Binotto (2024) <br \/> <span class=\"titol\"><a href=\"https:\/\/webs.uab.cat\/advancedstochasticmodelling\/biblio\/intervalscaleclassification\/\">IntervalScaleClassification<\/a><\/span><br \/>\r\n\r\n\t\r\n\t\r\n<a href=\"https:\/\/github.com\/giuliabinotto\/IntervalScaleClassification\" target=\"_blank\">https:\/\/github.com\/giuliabinotto\/IntervalScaleClassification<\/a><\/li>\r\n<li>Rosario Delgado and Giulia Binotto (2024) <br \/> <span class=\"titol\"><a href=\"https:\/\/webs.uab.cat\/advancedstochasticmodelling\/biblio\/intervalscaleclassification_experimentation-performance-metrics-for-ordinal-and-interval-scale-classification\/\">IntervalScaleClassification_Experimentation: Performance metrics for ordinal and interval scale classification<\/a><\/span><br \/>\r\n\r\n\t\r\n\t\r\n<a href=\"https:\/\/github.com\/RosDelgado\/IntervalScaleClassification_Experimentation\" target=\"_blank\">https:\/\/github.com\/RosDelgado\/IntervalScaleClassification_Experimentation<\/a><\/li>\r\n\n<p class=\"pods-pagination\">\n\n<span class=\"pods-pagination-advanced \">\n\t\n\t<span\n\t\tclass=\"pods-pagination-number pods-pagination-current \">1<\/span>\n\n\t\t\t\t<a href=\"\/advancedstochasticmodelling\/wp-json\/wp\/v2\/pages\/196?pg=2\"\n\t\t\t   class=\"pods-pagination-number pods-pagination-2 \">2<\/a>\n\t\t\t\t\t\t<a href=\"\/advancedstochasticmodelling\/wp-json\/wp\/v2\/pages\/196?pg=3\"\n\t\t\t   class=\"pods-pagination-number pods-pagination-3 \">3<\/a>\n\t\t\t\t\t<a href=\"\/advancedstochasticmodelling\/wp-json\/wp\/v2\/pages\/196?pg=11\"\n\t\t   class=\"pods-pagination-number pods-pagination-11 \">11<\/a>\n\t\t\t\t<a href=\"\/advancedstochasticmodelling\/wp-json\/wp\/v2\/pages\/196?pg=17\"\n\t\t   class=\"pods-pagination-number pods-pagination-last pods-pagination-17 \">17<\/a>\n\t\t\t\t\t<a href=\"\/advancedstochasticmodelling\/wp-json\/wp\/v2\/pages\/196?pg=2\"\n\t\t\t   class=\"pods-pagination-label pods-pagination-next \">Next &rsaquo;<\/a>\n\t\t\t\t\t\t\t<a href=\"\/advancedstochasticmodelling\/wp-json\/wp\/v2\/pages\/196?pg=17\"\n\t\t\t   class=\"pods-pagination-label pods-pagination-last \">Last &raquo;<\/a>\n\t\t\t\t\n<\/span>\n\n<\/p>\n","protected":false},"excerpt":{"rendered":"","protected":false},"author":20,"featured_media":0,"parent":0,"menu_order":0,"comment_status":"closed","ping_status":"closed","template":"","meta":{"footnotes":""},"class_list":["post-196","page","type-page","status-publish","hentry"],"_links":{"self":[{"href":"https:\/\/webs.uab.cat\/advancedstochasticmodelling\/wp-json\/wp\/v2\/pages\/196","targetHints":{"allow":["GET"]}}],"collection":[{"href":"https:\/\/webs.uab.cat\/advancedstochasticmodelling\/wp-json\/wp\/v2\/pages"}],"about":[{"href":"https:\/\/webs.uab.cat\/advancedstochasticmodelling\/wp-json\/wp\/v2\/types\/page"}],"author":[{"embeddable":true,"href":"https:\/\/webs.uab.cat\/advancedstochasticmodelling\/wp-json\/wp\/v2\/users\/20"}],"replies":[{"embeddable":true,"href":"https:\/\/webs.uab.cat\/advancedstochasticmodelling\/wp-json\/wp\/v2\/comments?post=196"}],"version-history":[{"count":5,"href":"https:\/\/webs.uab.cat\/advancedstochasticmodelling\/wp-json\/wp\/v2\/pages\/196\/revisions"}],"predecessor-version":[{"id":1378,"href":"https:\/\/webs.uab.cat\/advancedstochasticmodelling\/wp-json\/wp\/v2\/pages\/196\/revisions\/1378"}],"wp:attachment":[{"href":"https:\/\/webs.uab.cat\/advancedstochasticmodelling\/wp-json\/wp\/v2\/media?parent=196"}],"curies":[{"name":"wp","href":"https:\/\/api.w.org\/{rel}","templated":true}]}}