{"id":1058,"date":"2025-07-01T10:14:03","date_gmt":"2025-07-01T08:14:03","guid":{"rendered":"https:\/\/webs.uab.cat\/afronta\/?page_id=1058"},"modified":"2026-01-28T13:47:58","modified_gmt":"2026-01-28T11:47:58","slug":"publicaciones","status":"publish","type":"page","link":"https:\/\/webs.uab.cat\/afronta\/recursos\/publicaciones\/","title":{"rendered":"Publicaciones"},"content":{"rendered":"\n<ul class=\"wp-block-list\">\n<li>Navarro, M. (2025). \u00ab<a href=\"https:\/\/www.elperiodico.com\/es\/opinion\/20260126\/infancia-vivienda-crisis-queremos-ver-articulo-miryam-navarro-ruperez-126100366\">Infancia y vivienda: la crisis que no queremos ver<\/a>\u00ab. <em>El Peri\u00f3dico<\/em>. 26 de enero de 2026. <\/li>\n<\/ul>\n\n\n\n<p><\/p>\n\n\n\n<ul class=\"wp-block-list\">\n<li>Grau Rebollo, J. (2025). \u201cLa Representaci\u00f3n de Colectivos Socioculturalmente Vulnerables en la Era de la Inteligencia Artificial: Desaf\u00edos y Oportunidades desde la Antropolog\u00eda Social y Cultural\u201d, en Le\u00f3n Castro, E. y Maldonado, E. (Eds).&nbsp;<em>Epistemolog\u00edas cr\u00edticas y ciudadan\u00eda comunicacional: Pensamiento y praxis para la transformaci\u00f3n<\/em>. Quito: Ediciones CIESPAL. (pp: 255-285).&nbsp;<a href=\"https:\/\/ediciones.ciespal.org\/index.php\/ediciones\/catalog\/view\/75\/72\/551-1.\" target=\"_blank\" rel=\"noreferrer noopener\">https:\/\/ediciones.ciespal.org\/index.php\/ediciones\/catalog\/view\/75\/72\/551-1.<\/a><\/li>\n<\/ul>\n\n\n\n<ul class=\"wp-block-list\">\n<li>Guzm\u00e1n Vilaboy, C., Piella Vila, A. y Grau Rebollo, J.(2025).<a href=\"https:\/\/revistes.uab.cat\/periferia\/article\/view\/v30-n1-guzman-piella-grau\/1031-pdf-es\">Maternidad y trabajo sexual. Crianzas vulnerables, recursos y estrategias<\/a>. <em>Perif\u00e8ria, revista de recerca i formaci\u00f3 en antropologia<\/em>, 30(1), 125-148,https:\/\/doi.org\/10.5565\/rev\/periferia.1031 <\/li>\n<\/ul>\n\n\n\n<ul class=\"wp-block-list\">\n<li>Grau Rebollo, J.; Garc\u00eda Tugas, L.; Garc\u00eda Garc\u00eda, B. (2023) \u00abInduced vulnerability : the consequences of racialization for African women in an emergency shelter in Catalonia (Spain)\u00bb. <em>Ethnic and Racial Studies<\/em>, Vol. 47, N\u00fam. 7, 47:7, 1510-1527, DOI:10.1080\/01419870.2023.2289135<\/li>\n<\/ul>\n\n\n\n<p><\/p>\n","protected":false},"excerpt":{"rendered":"","protected":false},"author":99,"featured_media":0,"parent":71,"menu_order":0,"comment_status":"closed","ping_status":"closed","template":"","meta":{"footnotes":""},"class_list":["post-1058","page","type-page","status-publish","hentry"],"_links":{"self":[{"href":"https:\/\/webs.uab.cat\/afronta\/wp-json\/wp\/v2\/pages\/1058","targetHints":{"allow":["GET"]}}],"collection":[{"href":"https:\/\/webs.uab.cat\/afronta\/wp-json\/wp\/v2\/pages"}],"about":[{"href":"https:\/\/webs.uab.cat\/afronta\/wp-json\/wp\/v2\/types\/page"}],"author":[{"embeddable":true,"href":"https:\/\/webs.uab.cat\/afronta\/wp-json\/wp\/v2\/users\/99"}],"replies":[{"embeddable":true,"href":"https:\/\/webs.uab.cat\/afronta\/wp-json\/wp\/v2\/comments?post=1058"}],"version-history":[{"count":5,"href":"https:\/\/webs.uab.cat\/afronta\/wp-json\/wp\/v2\/pages\/1058\/revisions"}],"predecessor-version":[{"id":1218,"href":"https:\/\/webs.uab.cat\/afronta\/wp-json\/wp\/v2\/pages\/1058\/revisions\/1218"}],"up":[{"embeddable":true,"href":"https:\/\/webs.uab.cat\/afronta\/wp-json\/wp\/v2\/pages\/71"}],"wp:attachment":[{"href":"https:\/\/webs.uab.cat\/afronta\/wp-json\/wp\/v2\/media?parent=1058"}],"curies":[{"name":"wp","href":"https:\/\/api.w.org\/{rel}","templated":true}]}}