{"id":1094,"date":"2025-11-05T16:34:56","date_gmt":"2025-11-05T14:34:56","guid":{"rendered":"https:\/\/webs.uab.cat\/afronta\/?page_id=1094"},"modified":"2025-11-06T13:03:46","modified_gmt":"2025-11-06T11:03:46","slug":"activitat-ludica-formativa","status":"publish","type":"page","link":"https:\/\/webs.uab.cat\/afronta\/recursos\/materiales-formativos\/activitat-ludica-formativa\/","title":{"rendered":"Activitat l\u00fadica formativa (Catal\u00e0)"},"content":{"rendered":"\n<p><strong>\u00ae<\/strong><strong>Constru\u00efm Comunitat<\/strong>&nbsp;\u00e9s una proposta formativa que convida a reflexionar, de manera col\u00b7laborativa, sobre la vulnerabilitat social, els recursos d\u2019afrontament i la import\u00e0ncia del suport mutu.<\/p>\n\n\n\n<p>Mitjan\u00e7ant la cooperaci\u00f3 i la reflexi\u00f3 compartida, les persones participants s\u2019endinsen en diverses situacions de vulnerabilitat sociocultural, posant en pr\u00e0ctica el pensament cr\u00edtic, la capacitat d\u2019an\u00e0lisi i el treball en equip per trobar solucions creatives, viables i sostenibles.<\/p>\n\n\n\n<p>Flexible i adaptable, \u00ae<strong>Constru\u00efm Comunitat<\/strong>&nbsp;pot viure\u2019s com una din\u00e0mica gamificada \u2014amb un toc de joc i repte\u2014 o com una experi\u00e8ncia plenament cooperativa, on all\u00f2 m\u00e9s valu\u00f3s \u00e9s el proc\u00e9s compartit i l\u2019aprenentatge conjunt.<\/p>\n\n\n\n<hr class=\"wp-block-separator has-alpha-channel-opacity\" \/>\n\n\n\n<div class=\"wp-block-media-text alignwide is-stacked-on-mobile is-vertically-aligned-center\" style=\"grid-template-columns:18% auto\"><figure class=\"wp-block-media-text__media\"><img loading=\"lazy\" decoding=\"async\" width=\"1024\" height=\"751\" src=\"https:\/\/webs.uab.cat\/afronta\/wp-content\/uploads\/sites\/472\/2025\/11\/Captura-de-pantalla-2025-11-05-a-las-15.17.42-1024x751.png\" alt=\"\" class=\"wp-image-1097 size-full\" srcset=\"https:\/\/webs.uab.cat\/afronta\/wp-content\/uploads\/sites\/472\/2025\/11\/Captura-de-pantalla-2025-11-05-a-las-15.17.42-1024x751.png 1024w, https:\/\/webs.uab.cat\/afronta\/wp-content\/uploads\/sites\/472\/2025\/11\/Captura-de-pantalla-2025-11-05-a-las-15.17.42-300x220.png 300w, https:\/\/webs.uab.cat\/afronta\/wp-content\/uploads\/sites\/472\/2025\/11\/Captura-de-pantalla-2025-11-05-a-las-15.17.42-768x563.png 768w, https:\/\/webs.uab.cat\/afronta\/wp-content\/uploads\/sites\/472\/2025\/11\/Captura-de-pantalla-2025-11-05-a-las-15.17.42-1536x1126.png 1536w, https:\/\/webs.uab.cat\/afronta\/wp-content\/uploads\/sites\/472\/2025\/11\/Captura-de-pantalla-2025-11-05-a-las-15.17.42-1200x880.png 1200w, https:\/\/webs.uab.cat\/afronta\/wp-content\/uploads\/sites\/472\/2025\/11\/Captura-de-pantalla-2025-11-05-a-las-15.17.42.png 1574w\" sizes=\"auto, (max-width: 1024px) 100vw, 1024px\" \/><\/figure><div class=\"wp-block-media-text__content\">\n<h2 class=\"wp-block-heading has-text-color\" style=\"color:#000000;font-size:32px\"><strong>Estructura i regles de<\/strong> l&#8217;activitat<\/h2>\n\n\n\n<p class=\"has-text-color\" style=\"color:#000000;font-size:17px\">Descobreix com funciona&nbsp;<em>Constru\u00efm Comunitat<\/em>: una din\u00e0mica participativa on la cooperaci\u00f3 i la reflexi\u00f3 s\u00f3n la clau per afrontar reptes socials reals.<\/p>\n\n\n\n<div class=\"wp-block-file\"><a id=\"wp-block-file--media-76ba44bc-d067-433a-9c96-88f8c64239ea\" href=\"https:\/\/webs.uab.cat\/afronta\/wp-content\/uploads\/sites\/472\/2025\/11\/Estructura-activitat-CAT.pdf\">Estructura-activitat-CAT<\/a><a href=\"https:\/\/webs.uab.cat\/afronta\/wp-content\/uploads\/sites\/472\/2025\/11\/Estructura-activitat-CAT.pdf\" class=\"wp-block-file__button wp-element-button\" download aria-describedby=\"wp-block-file--media-76ba44bc-d067-433a-9c96-88f8c64239ea\">Desc\u00c0rrega<\/a><\/div>\n<\/div><\/div>\n\n\n\n<div class=\"wp-block-media-text alignwide is-stacked-on-mobile is-vertically-aligned-center\" style=\"grid-template-columns:18% auto\"><figure class=\"wp-block-media-text__media\"><img loading=\"lazy\" decoding=\"async\" width=\"723\" height=\"1024\" src=\"https:\/\/webs.uab.cat\/afronta\/wp-content\/uploads\/sites\/472\/2025\/11\/Infografia-fases-2-723x1024.png\" alt=\"\" class=\"wp-image-1129 size-full\" srcset=\"https:\/\/webs.uab.cat\/afronta\/wp-content\/uploads\/sites\/472\/2025\/11\/Infografia-fases-2-723x1024.png 723w, https:\/\/webs.uab.cat\/afronta\/wp-content\/uploads\/sites\/472\/2025\/11\/Infografia-fases-2-212x300.png 212w, https:\/\/webs.uab.cat\/afronta\/wp-content\/uploads\/sites\/472\/2025\/11\/Infografia-fases-2-768x1087.png 768w, https:\/\/webs.uab.cat\/afronta\/wp-content\/uploads\/sites\/472\/2025\/11\/Infografia-fases-2.png 960w\" sizes=\"auto, (max-width: 723px) 100vw, 723px\" \/><\/figure><div class=\"wp-block-media-text__content\">\n<h2 class=\"wp-block-heading has-text-color\" style=\"color:#000000;font-size:32px\">Fases de desenvolupament de l&#8217;activitat<\/h2>\n\n\n\n<p class=\"has-text-color\" style=\"color:#000000;font-size:17px\"><em>Constru\u00efm Comunitat<\/em>&nbsp;es desenvolupa en cinc fases din\u00e0miques que guien als participants a trav\u00e9s de la reflexi\u00f3, la col\u00b7laboraci\u00f3 i l&#8217;acci\u00f3. Des de la comprensi\u00f3 de la vulnerabilitat fins a la cerca de solucions compartides, cada fase ens convida a aprendre, adaptar-nos i cr\u00e9ixer com a grup.<\/p>\n\n\n\n<div class=\"wp-block-file\"><a id=\"wp-block-file--media-7aaea384-efc1-43ea-91a5-67547ab96f9f\" href=\"https:\/\/webs.uab.cat\/afronta\/wp-content\/uploads\/sites\/472\/2025\/11\/Infografia-fases-3.png\">Infografia-fases<\/a><a href=\"https:\/\/webs.uab.cat\/afronta\/wp-content\/uploads\/sites\/472\/2025\/11\/Infografia-fases-3.png\" class=\"wp-block-file__button wp-element-button\" download aria-describedby=\"wp-block-file--media-7aaea384-efc1-43ea-91a5-67547ab96f9f\">Desc\u00c0rrega<\/a><\/div>\n<\/div><\/div>\n\n\n\n<div class=\"wp-block-cover alignfull is-light\" style=\"min-height:373px;aspect-ratio:unset;\"><span aria-hidden=\"true\" class=\"wp-block-cover__background has-background-dim-100 has-background-dim\" style=\"background-color:#ffffff\"><\/span><div class=\"wp-block-cover__inner-container is-layout-flow wp-block-cover-is-layout-flow\">\n<div class=\"wp-block-media-text alignwide is-stacked-on-mobile is-vertically-aligned-center\" style=\"grid-template-columns:18% auto\"><figure class=\"wp-block-media-text__media\"><img loading=\"lazy\" decoding=\"async\" width=\"960\" height=\"540\" src=\"https:\/\/webs.uab.cat\/afronta\/wp-content\/uploads\/sites\/472\/2025\/11\/Miniatura-web-personatges.png\" alt=\"\" class=\"wp-image-1098 size-full\" srcset=\"https:\/\/webs.uab.cat\/afronta\/wp-content\/uploads\/sites\/472\/2025\/11\/Miniatura-web-personatges.png 960w, https:\/\/webs.uab.cat\/afronta\/wp-content\/uploads\/sites\/472\/2025\/11\/Miniatura-web-personatges-300x169.png 300w, https:\/\/webs.uab.cat\/afronta\/wp-content\/uploads\/sites\/472\/2025\/11\/Miniatura-web-personatges-768x432.png 768w\" sizes=\"auto, (max-width: 960px) 100vw, 960px\" \/><\/figure><div class=\"wp-block-media-text__content\">\n<h2 class=\"wp-block-heading has-text-color\" style=\"color:#000000;font-size:32px\">Personatges<\/h2>\n\n\n\n<p class=\"has-text-color\" style=\"color:#000000;font-size:17px\">Cada personatge \u00e9s una hist\u00f2ria per descobrir. Els\/les participants han d\u2019imaginar la seva vida, comprendre per qu\u00e8 \u00e9s vulnerable i explorar com les seves experi\u00e8ncies poden enriquir la reflexi\u00f3 del grup<\/p>\n\n\n\n<div class=\"wp-block-file\"><a id=\"wp-block-file--media-192a3271-542b-4a6a-bf21-3ee942c3932b\" href=\"https:\/\/webs.uab.cat\/afronta\/wp-content\/uploads\/sites\/472\/2025\/11\/Bloc-cartes-personatges.pdf\">Bloc-cartes-personatges<\/a><a href=\"https:\/\/webs.uab.cat\/afronta\/wp-content\/uploads\/sites\/472\/2025\/11\/Bloc-cartes-personatges.pdf\" class=\"wp-block-file__button wp-element-button\" download aria-describedby=\"wp-block-file--media-192a3271-542b-4a6a-bf21-3ee942c3932b\">Desc\u00c0rrega<\/a><\/div>\n<\/div><\/div>\n\n\n\n<div class=\"wp-block-media-text alignwide is-stacked-on-mobile is-vertically-aligned-center\" style=\"grid-template-columns:18% auto\"><figure class=\"wp-block-media-text__media\"><img loading=\"lazy\" decoding=\"async\" width=\"960\" height=\"540\" src=\"https:\/\/webs.uab.cat\/afronta\/wp-content\/uploads\/sites\/472\/2025\/11\/Miniatura-web-vulnerabilitat.png\" alt=\"\" class=\"wp-image-1101 size-full\" srcset=\"https:\/\/webs.uab.cat\/afronta\/wp-content\/uploads\/sites\/472\/2025\/11\/Miniatura-web-vulnerabilitat.png 960w, https:\/\/webs.uab.cat\/afronta\/wp-content\/uploads\/sites\/472\/2025\/11\/Miniatura-web-vulnerabilitat-300x169.png 300w, https:\/\/webs.uab.cat\/afronta\/wp-content\/uploads\/sites\/472\/2025\/11\/Miniatura-web-vulnerabilitat-768x432.png 768w\" sizes=\"auto, (max-width: 960px) 100vw, 960px\" \/><\/figure><div class=\"wp-block-media-text__content\">\n<h2 class=\"wp-block-heading has-text-color\" style=\"color:#000000;font-size:32px\">Vulnerabilitats<\/h2>\n\n\n\n<p class=\"has-text-color\" style=\"color:#000000;font-size:17px\">Les situacions de vulnerabilitat s\u00f3n punts de partida per a la reflexi\u00f3. Conviden a posar-se a la pell dels altres, imaginar les dificultats que afronten i descobrir noves perspectives sobre la realitat social.<\/p>\n\n\n\n<div class=\"wp-block-file\"><a id=\"wp-block-file--media-161caf7d-81d3-4591-97b7-12e868c42c70\" href=\"https:\/\/webs.uab.cat\/afronta\/wp-content\/uploads\/sites\/472\/2025\/11\/Bloc-cartes-vulnerabilitat.pdf\">Bloc-cartes-vulnerabilitat<\/a><a href=\"https:\/\/webs.uab.cat\/afronta\/wp-content\/uploads\/sites\/472\/2025\/11\/Bloc-cartes-vulnerabilitat.pdf\" class=\"wp-block-file__button wp-element-button\" download aria-describedby=\"wp-block-file--media-161caf7d-81d3-4591-97b7-12e868c42c70\">Desc\u00c0rrega<\/a><\/div>\n<\/div><\/div>\n\n\n\n<div class=\"wp-block-media-text alignwide is-stacked-on-mobile is-vertically-aligned-center\" style=\"grid-template-columns:18% auto\"><figure class=\"wp-block-media-text__media\"><img loading=\"lazy\" decoding=\"async\" width=\"960\" height=\"540\" src=\"https:\/\/webs.uab.cat\/afronta\/wp-content\/uploads\/sites\/472\/2025\/11\/Miniatures-web-recursos-afrontament.png\" alt=\"\" class=\"wp-image-1104 size-full\" srcset=\"https:\/\/webs.uab.cat\/afronta\/wp-content\/uploads\/sites\/472\/2025\/11\/Miniatures-web-recursos-afrontament.png 960w, https:\/\/webs.uab.cat\/afronta\/wp-content\/uploads\/sites\/472\/2025\/11\/Miniatures-web-recursos-afrontament-300x169.png 300w, https:\/\/webs.uab.cat\/afronta\/wp-content\/uploads\/sites\/472\/2025\/11\/Miniatures-web-recursos-afrontament-768x432.png 768w\" sizes=\"auto, (max-width: 960px) 100vw, 960px\" \/><\/figure><div class=\"wp-block-media-text__content\">\n<h2 class=\"wp-block-heading has-text-color\" style=\"color:#000000;font-size:32px\">Recursos d&#8217;Afrontament<\/h2>\n\n\n\n<p class=\"has-text-color\" style=\"color:#000000;font-size:17px\">Cada repte ofereix oportunitats per trobar fortaleses, per\u00f2 per fer-ho cal identificar recursos individuals i col\u00b7lectius, pensar estrat\u00e8gies i posar a prova la creativitat per superar dificultats.<\/p>\n\n\n\n<div class=\"wp-block-file\"><a id=\"wp-block-file--media-9c030291-fa5f-425b-ae32-ea5c965e8d72\" href=\"https:\/\/webs.uab.cat\/afronta\/wp-content\/uploads\/sites\/472\/2025\/11\/Bloc-cartes-recursos-afrontament.pdf\">Bloc-cartes-recursos-afrontament<\/a><a href=\"https:\/\/webs.uab.cat\/afronta\/wp-content\/uploads\/sites\/472\/2025\/11\/Bloc-cartes-recursos-afrontament.pdf\" class=\"wp-block-file__button wp-element-button\" download aria-describedby=\"wp-block-file--media-9c030291-fa5f-425b-ae32-ea5c965e8d72\">Desc\u00c0rrega<\/a><\/div>\n<\/div><\/div>\n\n\n\n<div class=\"wp-block-media-text alignwide is-stacked-on-mobile is-vertically-aligned-center\" style=\"grid-template-columns:18% auto\"><figure class=\"wp-block-media-text__media\"><img loading=\"lazy\" decoding=\"async\" width=\"960\" height=\"540\" src=\"https:\/\/webs.uab.cat\/afronta\/wp-content\/uploads\/sites\/472\/2025\/11\/Miniatura-web-dificultats.png\" alt=\"\" class=\"wp-image-1107 size-full\" srcset=\"https:\/\/webs.uab.cat\/afronta\/wp-content\/uploads\/sites\/472\/2025\/11\/Miniatura-web-dificultats.png 960w, https:\/\/webs.uab.cat\/afronta\/wp-content\/uploads\/sites\/472\/2025\/11\/Miniatura-web-dificultats-300x169.png 300w, https:\/\/webs.uab.cat\/afronta\/wp-content\/uploads\/sites\/472\/2025\/11\/Miniatura-web-dificultats-768x432.png 768w\" sizes=\"auto, (max-width: 960px) 100vw, 960px\" \/><\/figure><div class=\"wp-block-media-text__content\">\n<h2 class=\"wp-block-heading has-text-color\" style=\"color:#000000;font-size:32px\">Dificultats especials<\/h2>\n\n\n\n<p class=\"has-text-color\" style=\"color:#000000;font-size:17px\">Els imprevistos fan evolucionar la din\u00e0mica i posen a prova la cooperaci\u00f3. Caldr\u00e0 respondre, adaptar-se i reinventar solucions per afrontar plegats situacions inesperades.<\/p>\n\n\n\n<div class=\"wp-block-file\"><a id=\"wp-block-file--media-f6911dba-0d81-4efb-95c7-259185747527\" href=\"https:\/\/webs.uab.cat\/afronta\/wp-content\/uploads\/sites\/472\/2025\/11\/Bloc-cartes-dificultat-especial.pdf\">Bloc-cartes-dificultat-especial<\/a><a href=\"https:\/\/webs.uab.cat\/afronta\/wp-content\/uploads\/sites\/472\/2025\/11\/Bloc-cartes-dificultat-especial.pdf\" class=\"wp-block-file__button wp-element-button\" download aria-describedby=\"wp-block-file--media-f6911dba-0d81-4efb-95c7-259185747527\">Desc\u00c0rrega<\/a><\/div>\n<\/div><\/div>\n\n\n\n<div class=\"wp-block-media-text alignwide is-stacked-on-mobile is-vertically-aligned-center\" style=\"grid-template-columns:18% auto\"><figure class=\"wp-block-media-text__media\"><img loading=\"lazy\" decoding=\"async\" width=\"384\" height=\"134\" src=\"https:\/\/webs.uab.cat\/afronta\/wp-content\/uploads\/sites\/472\/2025\/11\/CC-BY-NC-ND.png\" alt=\"\" class=\"wp-image-1109 size-full\" srcset=\"https:\/\/webs.uab.cat\/afronta\/wp-content\/uploads\/sites\/472\/2025\/11\/CC-BY-NC-ND.png 384w, https:\/\/webs.uab.cat\/afronta\/wp-content\/uploads\/sites\/472\/2025\/11\/CC-BY-NC-ND-300x105.png 300w\" sizes=\"auto, (max-width: 384px) 100vw, 384px\" \/><\/figure><div class=\"wp-block-media-text__content\">\n<h2 class=\"wp-block-heading has-text-color\" style=\"color:#000000;font-size:32px\">Drets d&#8217;\u00fas i autoria<\/h2>\n\n\n\n<p class=\"has-text-color\" style=\"color:#000000;font-size:17px\">Aquesta activitat ha estat creada amb finalitats educatives i sense \u00e0nim de lucre i es distribueix sota la llic\u00e8ncia Creative Commons Reconeixement \u2013 No Comercial \u2013 Sense Obres Derivades (CC BY-NC-ND 4.0). Alguns continguts visuals o textuals han estat generats parcialment amb assist\u00e8ncia d\u2019intel\u00b7lig\u00e8ncia artificial.<\/p>\n<\/div><\/div>\n<\/div><\/div>\n\n\n\n<p class=\"has-small-font-size\">\u00a9 Jorge Grau Rebollo, Projecte AFRONTA (PID2022-139502OB-I00), amb suport d\u2019eines d\u2019IA, 2025.<\/p>\n\n\n\n<p><\/p>\n","protected":false},"excerpt":{"rendered":"<p>\u00aeConstru\u00efm Comunitat&nbsp;\u00e9s una proposta formativa que convida a reflexionar, de manera col\u00b7laborativa, sobre la vulnerabilitat social, els recursos d\u2019afrontament i la import\u00e0ncia del suport mutu. Mitjan\u00e7ant la cooperaci\u00f3 i la reflexi\u00f3 compartida, les persones participants s\u2019endinsen en diverses situacions de vulnerabilitat sociocultural, posant en pr\u00e0ctica el pensament cr\u00edtic, la capacitat d\u2019an\u00e0lisi i el treball en [&hellip;]<\/p>\n","protected":false},"author":99,"featured_media":0,"parent":73,"menu_order":0,"comment_status":"closed","ping_status":"closed","template":"","meta":{"footnotes":""},"class_list":["post-1094","page","type-page","status-publish","hentry"],"_links":{"self":[{"href":"https:\/\/webs.uab.cat\/afronta\/wp-json\/wp\/v2\/pages\/1094","targetHints":{"allow":["GET"]}}],"collection":[{"href":"https:\/\/webs.uab.cat\/afronta\/wp-json\/wp\/v2\/pages"}],"about":[{"href":"https:\/\/webs.uab.cat\/afronta\/wp-json\/wp\/v2\/types\/page"}],"author":[{"embeddable":true,"href":"https:\/\/webs.uab.cat\/afronta\/wp-json\/wp\/v2\/users\/99"}],"replies":[{"embeddable":true,"href":"https:\/\/webs.uab.cat\/afronta\/wp-json\/wp\/v2\/comments?post=1094"}],"version-history":[{"count":13,"href":"https:\/\/webs.uab.cat\/afronta\/wp-json\/wp\/v2\/pages\/1094\/revisions"}],"predecessor-version":[{"id":1131,"href":"https:\/\/webs.uab.cat\/afronta\/wp-json\/wp\/v2\/pages\/1094\/revisions\/1131"}],"up":[{"embeddable":true,"href":"https:\/\/webs.uab.cat\/afronta\/wp-json\/wp\/v2\/pages\/73"}],"wp:attachment":[{"href":"https:\/\/webs.uab.cat\/afronta\/wp-json\/wp\/v2\/media?parent=1094"}],"curies":[{"name":"wp","href":"https:\/\/api.w.org\/{rel}","templated":true}]}}