{"id":296,"date":"2024-06-06T19:35:02","date_gmt":"2024-06-06T17:35:02","guid":{"rendered":"https:\/\/webs.uab.cat\/afronta\/?page_id=296"},"modified":"2024-06-18T17:57:19","modified_gmt":"2024-06-18T15:57:19","slug":"videotutoriales","status":"publish","type":"page","link":"https:\/\/webs.uab.cat\/afronta\/recursos\/produccion-audiovisual-del-proyecto\/videotutoriales\/","title":{"rendered":"V\u00eddeotutoriales"},"content":{"rendered":"\n<div class=\"wp-block-media-text alignwide is-stacked-on-mobile is-vertically-aligned-center\" style=\"grid-template-columns:27% auto\"><figure class=\"wp-block-media-text__media\"><a href=\"https:\/\/youtu.be\/-u2UgzvldIA\"><img loading=\"lazy\" decoding=\"async\" width=\"1024\" height=\"659\" src=\"https:\/\/webs.uab.cat\/afronta\/wp-content\/uploads\/sites\/472\/2024\/05\/Thumbnail-ehraf-1024x659.jpg\" alt=\"\" class=\"wp-image-209 size-full\" srcset=\"https:\/\/webs.uab.cat\/afronta\/wp-content\/uploads\/sites\/472\/2024\/05\/Thumbnail-ehraf-1024x659.jpg 1024w, https:\/\/webs.uab.cat\/afronta\/wp-content\/uploads\/sites\/472\/2024\/05\/Thumbnail-ehraf-300x193.jpg 300w, https:\/\/webs.uab.cat\/afronta\/wp-content\/uploads\/sites\/472\/2024\/05\/Thumbnail-ehraf-768x494.jpg 768w, https:\/\/webs.uab.cat\/afronta\/wp-content\/uploads\/sites\/472\/2024\/05\/Thumbnail-ehraf-1536x989.jpg 1536w, https:\/\/webs.uab.cat\/afronta\/wp-content\/uploads\/sites\/472\/2024\/05\/Thumbnail-ehraf-2048x1319.jpg 2048w, https:\/\/webs.uab.cat\/afronta\/wp-content\/uploads\/sites\/472\/2024\/05\/Thumbnail-ehraf-1200x773.jpg 1200w, https:\/\/webs.uab.cat\/afronta\/wp-content\/uploads\/sites\/472\/2024\/05\/Thumbnail-ehraf-1980x1275.jpg 1980w\" sizes=\"auto, (max-width: 1024px) 100vw, 1024px\" \/><\/a><\/figure><div class=\"wp-block-media-text__content\">\n<h2 class=\"wp-block-heading has-text-color\" style=\"color:#000000;font-size:32px\"><strong>Com accedir i navegar dins dels eHRAF? (catal\u00e0)<\/strong><\/h2>\n\n\n\n<p class=\"has-text-color\" style=\"color:#000000;font-size:17px\">En esta <a href=\"https:\/\/youtu.be\/-u2UgzvldIA\"><strong>videoc\u00e1psula<\/strong><\/a> formativa se explica c\u00f3mo acceder a los ehraf y de qu\u00e9 forma podemos aprovechar su base de datos, tanto en los recursos que tiene en abierto como mediante la suscripci\u00f3n institucional.<\/p>\n\n\n\n<div class=\"wp-block-buttons is-layout-flex wp-block-buttons-is-layout-flex\">\n<div class=\"wp-block-button has-custom-width wp-block-button__width-25 is-style-fill\"><a class=\"wp-block-button__link wp-element-button\" href=\"https:\/\/hraf.yale.edu\">aprende m\u00e1s<\/a><\/div>\n<\/div>\n<\/div><\/div>\n","protected":false},"excerpt":{"rendered":"","protected":false},"author":99,"featured_media":0,"parent":290,"menu_order":1,"comment_status":"closed","ping_status":"closed","template":"","meta":{"footnotes":""},"class_list":["post-296","page","type-page","status-publish","hentry"],"_links":{"self":[{"href":"https:\/\/webs.uab.cat\/afronta\/wp-json\/wp\/v2\/pages\/296","targetHints":{"allow":["GET"]}}],"collection":[{"href":"https:\/\/webs.uab.cat\/afronta\/wp-json\/wp\/v2\/pages"}],"about":[{"href":"https:\/\/webs.uab.cat\/afronta\/wp-json\/wp\/v2\/types\/page"}],"author":[{"embeddable":true,"href":"https:\/\/webs.uab.cat\/afronta\/wp-json\/wp\/v2\/users\/99"}],"replies":[{"embeddable":true,"href":"https:\/\/webs.uab.cat\/afronta\/wp-json\/wp\/v2\/comments?post=296"}],"version-history":[{"count":3,"href":"https:\/\/webs.uab.cat\/afronta\/wp-json\/wp\/v2\/pages\/296\/revisions"}],"predecessor-version":[{"id":554,"href":"https:\/\/webs.uab.cat\/afronta\/wp-json\/wp\/v2\/pages\/296\/revisions\/554"}],"up":[{"embeddable":true,"href":"https:\/\/webs.uab.cat\/afronta\/wp-json\/wp\/v2\/pages\/290"}],"wp:attachment":[{"href":"https:\/\/webs.uab.cat\/afronta\/wp-json\/wp\/v2\/media?parent=296"}],"curies":[{"name":"wp","href":"https:\/\/api.w.org\/{rel}","templated":true}]}}