{"id":4,"date":"2023-07-27T14:39:16","date_gmt":"2023-07-27T12:39:16","guid":{"rendered":"https:\/\/webs.uab.cat\/afronta\/?page_id=4"},"modified":"2023-07-27T16:32:16","modified_gmt":"2023-07-27T14:32:16","slug":"el-proyecto-afronta","status":"publish","type":"page","link":"https:\/\/webs.uab.cat\/afronta\/","title":{"rendered":"El Proyecto AFRONTA"},"content":{"rendered":"\n<p>El proyecto <em>Infancias vulnerables en contextos actuales de multi-crisis: mecanismos institucionales, recursos familiares y estrategias comunitarias de afrontamiento (AFRONTA, PID2022-139502OB-I00)<\/em> es una investigaci\u00f3n financiada por la Agencia Estatal de Investigaci\u00f3n (MInisterio de Ciencia e Innovaci\u00f3n), dentro del programa de Proyectos de generaci\u00f3n de Conocimiento 2022, cofinanciado por la Uni\u00f3n Europea.<\/p>\n\n\n\n<p>El proyecto solicitado se alinea con los objetivos 1 (metas 1.3. y 1.5.) y 10 (metas 10.2 y 10.3) de los&nbsp;<em>Objetivos para el desarrollo sostenible<\/em>&nbsp;(Agenda para el Desarrollo Sostenible, UE 2030) y pretende avanzar hacia la b\u00fasqueda de soluciones a los desaf\u00edos de la sociedad presentados por las consecuencias que tienen sobre familias vulnerables y en particular sobre la crianza de sus hijos e hijas: (a) la concurrencia de diversas crisis (econ\u00f3mica, energ\u00e9tica, medioambiental, sanitaria y de fiabilidad de la informaci\u00f3n), (b) la posible cronificaci\u00f3n de condiciones estructurales de desigualdad, as\u00ed como el afloramiento de circunstancias sobrevenidas que agravan su vulnerabilidad, (c) la existencia de brechas y barreras de diversa naturaleza (sociotecnol\u00f3gicas y de recursos, g\u00e9nero o digital, adem\u00e1s de las que imponen una inadecuada comprensi\u00f3n -y consiguiente gesti\u00f3n- de la diversidad cultural y los obst\u00e1culos que resultan de una insuficiente competencia tecnol\u00f3gica e informacional en las relaciones con entidades y administraciones potencialmente proveedoras de bienestar).<\/p>\n\n\n\n<p>Nuestra investigaci\u00f3n asume el car\u00e1cter concurrente de las crisis mencionadas  y propone un abordaje conjunto de las mismas desde una investigaci\u00f3n interdisciplinar (Antropolog\u00eda, Medicina, Psicolog\u00eda, Pedagog\u00eda, Trabajo Social, Educaci\u00f3n Social y Comunicolog\u00eda) e intersectorial (academia, instituciones, entidades, agentes y sujetos implicados) que incidir\u00e1 en los siguientes \u00e1mbitos de interpenetraci\u00f3n disciplinar: (1) salud, (2) apoyo formal e informal, (3) protecci\u00f3n institucional sobre mujeres madres v\u00edctimas de violencia de g\u00e9nero y sobre sus hijos e hijas , y (4) comunicaci\u00f3n, transmisi\u00f3n cultural y formaci\u00f3n de profesionales<\/p>\n\n\n\n<figure class=\"wp-block-image size-large\"><img loading=\"lazy\" decoding=\"async\" width=\"1024\" height=\"322\" src=\"https:\/\/webs.uab.cat\/afronta\/wp-content\/uploads\/sites\/472\/2023\/07\/Logos-Afronta-Grafo-UAB-1024x322.png\" alt=\"\" class=\"wp-image-36\" srcset=\"https:\/\/webs.uab.cat\/afronta\/wp-content\/uploads\/sites\/472\/2023\/07\/Logos-Afronta-Grafo-UAB-1024x322.png 1024w, https:\/\/webs.uab.cat\/afronta\/wp-content\/uploads\/sites\/472\/2023\/07\/Logos-Afronta-Grafo-UAB-300x94.png 300w, https:\/\/webs.uab.cat\/afronta\/wp-content\/uploads\/sites\/472\/2023\/07\/Logos-Afronta-Grafo-UAB-768x241.png 768w, https:\/\/webs.uab.cat\/afronta\/wp-content\/uploads\/sites\/472\/2023\/07\/Logos-Afronta-Grafo-UAB-1536x483.png 1536w, https:\/\/webs.uab.cat\/afronta\/wp-content\/uploads\/sites\/472\/2023\/07\/Logos-Afronta-Grafo-UAB-2048x644.png 2048w, https:\/\/webs.uab.cat\/afronta\/wp-content\/uploads\/sites\/472\/2023\/07\/Logos-Afronta-Grafo-UAB-1200x377.png 1200w, https:\/\/webs.uab.cat\/afronta\/wp-content\/uploads\/sites\/472\/2023\/07\/Logos-Afronta-Grafo-UAB-1980x622.png 1980w\" sizes=\"auto, (max-width: 1024px) 100vw, 1024px\" \/><\/figure>\n","protected":false},"excerpt":{"rendered":"<p>El proyecto Infancias vulnerables en contextos actuales de multi-crisis: mecanismos institucionales, recursos familiares y estrategias comunitarias de afrontamiento (AFRONTA, PID2022-139502OB-I00) es una investigaci\u00f3n financiada por la Agencia Estatal de Investigaci\u00f3n (MInisterio de Ciencia e Innovaci\u00f3n), dentro del programa de Proyectos de generaci\u00f3n de Conocimiento 2022, cofinanciado por la Uni\u00f3n Europea. El proyecto solicitado se alinea [&hellip;]<\/p>\n","protected":false},"author":99,"featured_media":0,"parent":0,"menu_order":0,"comment_status":"closed","ping_status":"closed","template":"","meta":{"footnotes":""},"class_list":["post-4","page","type-page","status-publish","hentry"],"_links":{"self":[{"href":"https:\/\/webs.uab.cat\/afronta\/wp-json\/wp\/v2\/pages\/4","targetHints":{"allow":["GET"]}}],"collection":[{"href":"https:\/\/webs.uab.cat\/afronta\/wp-json\/wp\/v2\/pages"}],"about":[{"href":"https:\/\/webs.uab.cat\/afronta\/wp-json\/wp\/v2\/types\/page"}],"author":[{"embeddable":true,"href":"https:\/\/webs.uab.cat\/afronta\/wp-json\/wp\/v2\/users\/99"}],"replies":[{"embeddable":true,"href":"https:\/\/webs.uab.cat\/afronta\/wp-json\/wp\/v2\/comments?post=4"}],"version-history":[{"count":5,"href":"https:\/\/webs.uab.cat\/afronta\/wp-json\/wp\/v2\/pages\/4\/revisions"}],"predecessor-version":[{"id":42,"href":"https:\/\/webs.uab.cat\/afronta\/wp-json\/wp\/v2\/pages\/4\/revisions\/42"}],"wp:attachment":[{"href":"https:\/\/webs.uab.cat\/afronta\/wp-json\/wp\/v2\/media?parent=4"}],"curies":[{"name":"wp","href":"https:\/\/api.w.org\/{rel}","templated":true}]}}