{"id":774,"date":"2024-10-23T13:27:13","date_gmt":"2024-10-23T11:27:13","guid":{"rendered":"https:\/\/webs.uab.cat\/afronta\/?page_id=774"},"modified":"2025-03-30T16:05:11","modified_gmt":"2025-03-30T14:05:11","slug":"infografias","status":"publish","type":"page","link":"https:\/\/webs.uab.cat\/afronta\/recursos\/materiales-formativos\/infografias\/","title":{"rendered":"Infograf\u00edas AFRONTA"},"content":{"rendered":"\n<hr class=\"wp-block-separator has-alpha-channel-opacity\" \/>\n\n\n\n<h2 class=\"wp-block-heading\">Vulnerabilidad Sociocultural (versi\u00f3n 1)<\/h2>\n\n\n\n<div class=\"wp-block-media-text\" style=\"grid-template-columns:15% auto\"><figure class=\"wp-block-media-text__media\"><img loading=\"lazy\" decoding=\"async\" width=\"800\" height=\"2000\" src=\"https:\/\/webs.uab.cat\/afronta\/wp-content\/uploads\/sites\/472\/2024\/10\/Infografia-vulnerabilidad-1.png\" alt=\"\" class=\"wp-image-777 size-full\" srcset=\"https:\/\/webs.uab.cat\/afronta\/wp-content\/uploads\/sites\/472\/2024\/10\/Infografia-vulnerabilidad-1.png 800w, https:\/\/webs.uab.cat\/afronta\/wp-content\/uploads\/sites\/472\/2024\/10\/Infografia-vulnerabilidad-1-120x300.png 120w, https:\/\/webs.uab.cat\/afronta\/wp-content\/uploads\/sites\/472\/2024\/10\/Infografia-vulnerabilidad-1-410x1024.png 410w, https:\/\/webs.uab.cat\/afronta\/wp-content\/uploads\/sites\/472\/2024\/10\/Infografia-vulnerabilidad-1-768x1920.png 768w, https:\/\/webs.uab.cat\/afronta\/wp-content\/uploads\/sites\/472\/2024\/10\/Infografia-vulnerabilidad-1-614x1536.png 614w\" sizes=\"auto, (max-width: 800px) 100vw, 800px\" \/><\/figure><div class=\"wp-block-media-text__content\">\n<p>Factores a tener en cuenta en el abordaje de la vulnerabilidad sociocultural<\/p>\n\n\n\n<div class=\"wp-block-file\"><a id=\"wp-block-file--media-edc260c3-96c9-4743-bb57-5f6082d2c337\" href=\"https:\/\/webs.uab.cat\/afronta\/wp-content\/uploads\/sites\/472\/2024\/10\/Infografia-vulnerabilidad-1-2.png\">Infograf\u00eda (versi\u00f3n 1)<\/a><a href=\"https:\/\/webs.uab.cat\/afronta\/wp-content\/uploads\/sites\/472\/2024\/10\/Infografia-vulnerabilidad-1-2.png\" class=\"wp-block-file__button wp-element-button\" download aria-describedby=\"wp-block-file--media-edc260c3-96c9-4743-bb57-5f6082d2c337\">Descarga<\/a><\/div>\n<\/div><\/div>\n\n\n\n<h2 class=\"wp-block-heading\">Vulnerabilidad Sociocultural (versi\u00f3n 2)<\/h2>\n\n\n\n<div class=\"wp-block-media-text is-stacked-on-mobile\" style=\"grid-template-columns:15% auto\"><figure class=\"wp-block-media-text__media\"><img loading=\"lazy\" decoding=\"async\" width=\"410\" height=\"1024\" src=\"https:\/\/webs.uab.cat\/afronta\/wp-content\/uploads\/sites\/472\/2024\/10\/Infografia-vulnerabilidad-2-410x1024.png\" alt=\"\" class=\"wp-image-782 size-full\" srcset=\"https:\/\/webs.uab.cat\/afronta\/wp-content\/uploads\/sites\/472\/2024\/10\/Infografia-vulnerabilidad-2-410x1024.png 410w, https:\/\/webs.uab.cat\/afronta\/wp-content\/uploads\/sites\/472\/2024\/10\/Infografia-vulnerabilidad-2-120x300.png 120w, https:\/\/webs.uab.cat\/afronta\/wp-content\/uploads\/sites\/472\/2024\/10\/Infografia-vulnerabilidad-2-768x1920.png 768w, https:\/\/webs.uab.cat\/afronta\/wp-content\/uploads\/sites\/472\/2024\/10\/Infografia-vulnerabilidad-2.png 800w\" sizes=\"auto, (max-width: 410px) 100vw, 410px\" \/><\/figure><div class=\"wp-block-media-text__content\">\n<p>Factores a tener en cuenta en el abordaje de la vulnerabilidad sociocultural<\/p>\n\n\n\n<div class=\"wp-block-file\"><a id=\"wp-block-file--media-77a5614f-95cd-445c-83b7-b009e941b3e1\" href=\"https:\/\/webs.uab.cat\/afronta\/wp-content\/uploads\/sites\/472\/2024\/10\/Infografia-vulnerabilidad-2-1.png\">Infograf\u00eda (versi\u00f3n 2)<\/a><a href=\"https:\/\/webs.uab.cat\/afronta\/wp-content\/uploads\/sites\/472\/2024\/10\/Infografia-vulnerabilidad-2-1.png\" class=\"wp-block-file__button wp-element-button\" download aria-describedby=\"wp-block-file--media-77a5614f-95cd-445c-83b7-b009e941b3e1\">Descarga<\/a><\/div>\n<\/div><\/div>\n\n\n\n<h2 class=\"wp-block-heading\">Tipos de vulnerabilidad relacionados con la crianza<\/h2>\n\n\n\n<div class=\"wp-block-media-text is-stacked-on-mobile\" style=\"grid-template-columns:15% auto\"><figure class=\"wp-block-media-text__media\"><img loading=\"lazy\" decoding=\"async\" width=\"776\" height=\"794\" src=\"https:\/\/webs.uab.cat\/afronta\/wp-content\/uploads\/sites\/472\/2025\/03\/Tipos-vulnerabilidad.png\" alt=\"\" class=\"wp-image-998 size-full\" srcset=\"https:\/\/webs.uab.cat\/afronta\/wp-content\/uploads\/sites\/472\/2025\/03\/Tipos-vulnerabilidad.png 776w, https:\/\/webs.uab.cat\/afronta\/wp-content\/uploads\/sites\/472\/2025\/03\/Tipos-vulnerabilidad-293x300.png 293w, https:\/\/webs.uab.cat\/afronta\/wp-content\/uploads\/sites\/472\/2025\/03\/Tipos-vulnerabilidad-768x786.png 768w\" sizes=\"auto, (max-width: 776px) 100vw, 776px\" \/><\/figure><div class=\"wp-block-media-text__content\">\n<p>4 tipos b\u00e1sicos de vulnerabilidad en entornos de crianza.<\/p>\n\n\n\n<div class=\"wp-block-file\"><a id=\"wp-block-file--media-8a4aee0c-4360-4ef9-8f28-763d2c3fa02d\" href=\"https:\/\/webs.uab.cat\/afronta\/wp-content\/uploads\/sites\/472\/2025\/03\/Cartel-tipos-vulnerabilidad.pdf\">Cartel-tipos-vulnerabilidad<\/a><a href=\"https:\/\/webs.uab.cat\/afronta\/wp-content\/uploads\/sites\/472\/2025\/03\/Cartel-tipos-vulnerabilidad.pdf\" class=\"wp-block-file__button wp-element-button\" download aria-describedby=\"wp-block-file--media-8a4aee0c-4360-4ef9-8f28-763d2c3fa02d\">Descarga<\/a><\/div>\n<\/div><\/div>\n\n\n\n<h2 class=\"wp-block-heading\">Tipus de vulnerabilitat relacionats amb la crian\u00e7a (Catal\u00e0)<\/h2>\n\n\n\n<div class=\"wp-block-media-text is-stacked-on-mobile\" style=\"grid-template-columns:15% auto\"><figure class=\"wp-block-media-text__media\"><img loading=\"lazy\" decoding=\"async\" width=\"778\" height=\"794\" src=\"https:\/\/webs.uab.cat\/afronta\/wp-content\/uploads\/sites\/472\/2025\/03\/Tipus-vulnerabilitat.png\" alt=\"\" class=\"wp-image-1010 size-full\" srcset=\"https:\/\/webs.uab.cat\/afronta\/wp-content\/uploads\/sites\/472\/2025\/03\/Tipus-vulnerabilitat.png 778w, https:\/\/webs.uab.cat\/afronta\/wp-content\/uploads\/sites\/472\/2025\/03\/Tipus-vulnerabilitat-294x300.png 294w, https:\/\/webs.uab.cat\/afronta\/wp-content\/uploads\/sites\/472\/2025\/03\/Tipus-vulnerabilitat-768x784.png 768w\" sizes=\"auto, (max-width: 778px) 100vw, 778px\" \/><\/figure><div class=\"wp-block-media-text__content\">\n<p>4 tipus b\u00e0sics de vulnerabilitat en entorns de crian\u00e7a.<\/p>\n\n\n\n<div class=\"wp-block-file\"><a id=\"wp-block-file--media-422bf66d-8566-4b14-b6fd-855ec0a4367a\" href=\"https:\/\/webs.uab.cat\/afronta\/wp-content\/uploads\/sites\/472\/2025\/03\/Cartell-tipus-vulnerabilitat.pdf\">Cartell-tipus-vulnerabilitat<\/a><a href=\"https:\/\/webs.uab.cat\/afronta\/wp-content\/uploads\/sites\/472\/2025\/03\/Cartell-tipus-vulnerabilitat.pdf\" class=\"wp-block-file__button wp-element-button\" download aria-describedby=\"wp-block-file--media-422bf66d-8566-4b14-b6fd-855ec0a4367a\">Descarga<\/a><\/div>\n<\/div><\/div>\n\n\n\n<h2 class=\"wp-block-heading\">Factores a tener en cuenta en la definici\u00f3n de la condici\u00f3n vulnerable<\/h2>\n\n\n\n<div class=\"wp-block-media-text is-stacked-on-mobile\" style=\"grid-template-columns:15% auto\"><figure class=\"wp-block-media-text__media\"><img loading=\"lazy\" decoding=\"async\" width=\"887\" height=\"1024\" src=\"https:\/\/webs.uab.cat\/afronta\/wp-content\/uploads\/sites\/472\/2025\/03\/Dificultades-definicion-vulnerabilidad-887x1024.png\" alt=\"\" class=\"wp-image-1002 size-full\" srcset=\"https:\/\/webs.uab.cat\/afronta\/wp-content\/uploads\/sites\/472\/2025\/03\/Dificultades-definicion-vulnerabilidad-887x1024.png 887w, https:\/\/webs.uab.cat\/afronta\/wp-content\/uploads\/sites\/472\/2025\/03\/Dificultades-definicion-vulnerabilidad-260x300.png 260w, https:\/\/webs.uab.cat\/afronta\/wp-content\/uploads\/sites\/472\/2025\/03\/Dificultades-definicion-vulnerabilidad-768x886.png 768w, https:\/\/webs.uab.cat\/afronta\/wp-content\/uploads\/sites\/472\/2025\/03\/Dificultades-definicion-vulnerabilidad-1331x1536.png 1331w, https:\/\/webs.uab.cat\/afronta\/wp-content\/uploads\/sites\/472\/2025\/03\/Dificultades-definicion-vulnerabilidad-1774x2048.png 1774w, https:\/\/webs.uab.cat\/afronta\/wp-content\/uploads\/sites\/472\/2025\/03\/Dificultades-definicion-vulnerabilidad-1200x1385.png 1200w, https:\/\/webs.uab.cat\/afronta\/wp-content\/uploads\/sites\/472\/2025\/03\/Dificultades-definicion-vulnerabilidad.png 1854w\" sizes=\"auto, (max-width: 887px) 100vw, 887px\" \/><\/figure><div class=\"wp-block-media-text__content\">\n<p>Algunos de los factores m\u00e1s importantes a tener en cuenta en la definicion de la condici\u00f3n vulnerable<\/p>\n\n\n\n<div class=\"wp-block-file\"><a id=\"wp-block-file--media-76894288-6760-4813-b077-be82a65dbb84\" href=\"https:\/\/webs.uab.cat\/afronta\/wp-content\/uploads\/sites\/472\/2025\/03\/Cartel-factores-vulnerabilidad.pdf\">Cartel-factores-vulnerabilidad<\/a><a href=\"https:\/\/webs.uab.cat\/afronta\/wp-content\/uploads\/sites\/472\/2025\/03\/Cartel-factores-vulnerabilidad.pdf\" class=\"wp-block-file__button wp-element-button\" download aria-describedby=\"wp-block-file--media-76894288-6760-4813-b077-be82a65dbb84\">Descarga<\/a><\/div>\n<\/div><\/div>\n\n\n\n<h2 class=\"wp-block-heading\">Factors a considerar en la definici\u00f3 de la condici\u00f3 vulnerable (Catal\u00e0)<\/h2>\n\n\n\n<div class=\"wp-block-media-text is-stacked-on-mobile\" style=\"grid-template-columns:15% auto\"><figure class=\"wp-block-media-text__media\"><img loading=\"lazy\" decoding=\"async\" width=\"887\" height=\"1024\" src=\"https:\/\/webs.uab.cat\/afronta\/wp-content\/uploads\/sites\/472\/2025\/03\/Factors-definicio-vulnerabilitat-887x1024.png\" alt=\"\" class=\"wp-image-1006 size-full\" srcset=\"https:\/\/webs.uab.cat\/afronta\/wp-content\/uploads\/sites\/472\/2025\/03\/Factors-definicio-vulnerabilitat-887x1024.png 887w, https:\/\/webs.uab.cat\/afronta\/wp-content\/uploads\/sites\/472\/2025\/03\/Factors-definicio-vulnerabilitat-260x300.png 260w, https:\/\/webs.uab.cat\/afronta\/wp-content\/uploads\/sites\/472\/2025\/03\/Factors-definicio-vulnerabilitat-768x886.png 768w, https:\/\/webs.uab.cat\/afronta\/wp-content\/uploads\/sites\/472\/2025\/03\/Factors-definicio-vulnerabilitat.png 927w\" sizes=\"auto, (max-width: 887px) 100vw, 887px\" \/><\/figure><div class=\"wp-block-media-text__content\">\n<p>Algunos de los factores m\u00e1s importantes a tener en cuenta en la definicion de la condici\u00f3n vulnerable<\/p>\n\n\n\n<div class=\"wp-block-file\"><a id=\"wp-block-file--media-6dda61b7-4e74-4728-8a20-d9c81c07622b\" href=\"https:\/\/webs.uab.cat\/afronta\/wp-content\/uploads\/sites\/472\/2025\/03\/Cartell-factors-vulnerabilitat.pdf\">Cartell-factors-vulnerabilitat<\/a><a href=\"https:\/\/webs.uab.cat\/afronta\/wp-content\/uploads\/sites\/472\/2025\/03\/Cartell-factors-vulnerabilitat.pdf\" class=\"wp-block-file__button wp-element-button\" download aria-describedby=\"wp-block-file--media-6dda61b7-4e74-4728-8a20-d9c81c07622b\">Descarga<\/a><\/div>\n<\/div><\/div>\n\n\n\n<h2 class=\"wp-block-heading\">Noticias falsas: dimensiones del problema<\/h2>\n\n\n\n<div class=\"wp-block-media-text is-stacked-on-mobile\" style=\"grid-template-columns:16% auto\"><figure class=\"wp-block-media-text__media\"><img loading=\"lazy\" decoding=\"async\" width=\"1024\" height=\"576\" src=\"https:\/\/webs.uab.cat\/afronta\/wp-content\/uploads\/sites\/472\/2024\/10\/Infografia-Fake-News-2-1024x576.png\" alt=\"\" class=\"wp-image-785 size-full\" srcset=\"https:\/\/webs.uab.cat\/afronta\/wp-content\/uploads\/sites\/472\/2024\/10\/Infografia-Fake-News-2-1024x576.png 1024w, https:\/\/webs.uab.cat\/afronta\/wp-content\/uploads\/sites\/472\/2024\/10\/Infografia-Fake-News-2-300x169.png 300w, https:\/\/webs.uab.cat\/afronta\/wp-content\/uploads\/sites\/472\/2024\/10\/Infografia-Fake-News-2-768x432.png 768w, https:\/\/webs.uab.cat\/afronta\/wp-content\/uploads\/sites\/472\/2024\/10\/Infografia-Fake-News-2-1200x675.png 1200w, https:\/\/webs.uab.cat\/afronta\/wp-content\/uploads\/sites\/472\/2024\/10\/Infografia-Fake-News-2.png 1280w\" sizes=\"auto, (max-width: 1024px) 100vw, 1024px\" \/><\/figure><div class=\"wp-block-media-text__content\">\n<p>Dimensiones a tener en cuenta en el abordaje de la prevenci\u00f3n de noticias falsas<\/p>\n\n\n\n<div class=\"wp-block-file\"><a id=\"wp-block-file--media-cd10223b-ce9a-479d-ac94-42e6fb106631\" href=\"https:\/\/webs.uab.cat\/afronta\/wp-content\/uploads\/sites\/472\/2024\/10\/Infografia-Fake-News-2-1.png\">Fake news: dimensiones del problema<\/a><a href=\"https:\/\/webs.uab.cat\/afronta\/wp-content\/uploads\/sites\/472\/2024\/10\/Infografia-Fake-News-2-1.png\" class=\"wp-block-file__button wp-element-button\" download aria-describedby=\"wp-block-file--media-cd10223b-ce9a-479d-ac94-42e6fb106631\">Descarga<\/a><\/div>\n<\/div><\/div>\n\n\n\n<h2 class=\"wp-block-heading\">Estrategias para combatir las noticias falsas<\/h2>\n\n\n\n<div class=\"wp-block-media-text is-stacked-on-mobile\" style=\"grid-template-columns:15% auto\"><figure class=\"wp-block-media-text__media\"><img loading=\"lazy\" decoding=\"async\" width=\"1024\" height=\"576\" src=\"https:\/\/webs.uab.cat\/afronta\/wp-content\/uploads\/sites\/472\/2024\/10\/Infografia-Fake-News-1-1024x576.png\" alt=\"\" class=\"wp-image-787 size-full\" srcset=\"https:\/\/webs.uab.cat\/afronta\/wp-content\/uploads\/sites\/472\/2024\/10\/Infografia-Fake-News-1-1024x576.png 1024w, https:\/\/webs.uab.cat\/afronta\/wp-content\/uploads\/sites\/472\/2024\/10\/Infografia-Fake-News-1-300x169.png 300w, https:\/\/webs.uab.cat\/afronta\/wp-content\/uploads\/sites\/472\/2024\/10\/Infografia-Fake-News-1-768x432.png 768w, https:\/\/webs.uab.cat\/afronta\/wp-content\/uploads\/sites\/472\/2024\/10\/Infografia-Fake-News-1-1200x675.png 1200w, https:\/\/webs.uab.cat\/afronta\/wp-content\/uploads\/sites\/472\/2024\/10\/Infografia-Fake-News-1.png 1280w\" sizes=\"auto, (max-width: 1024px) 100vw, 1024px\" \/><\/figure><div class=\"wp-block-media-text__content\">\n<p>Estrategias a seguir para evitar la difusi\u00f3n de noticias falsas<\/p>\n\n\n\n<div class=\"wp-block-file\"><a id=\"wp-block-file--media-400b6216-1da7-41c7-9a15-4af80fb6027c\" href=\"https:\/\/webs.uab.cat\/afronta\/wp-content\/uploads\/sites\/472\/2024\/10\/Infografia-Fake-News-1-1.png\">Fake News: estrategias de pevenci\u00f3n<\/a><a href=\"https:\/\/webs.uab.cat\/afronta\/wp-content\/uploads\/sites\/472\/2024\/10\/Infografia-Fake-News-1-1.png\" class=\"wp-block-file__button wp-element-button\" download aria-describedby=\"wp-block-file--media-400b6216-1da7-41c7-9a15-4af80fb6027c\">Descarga<\/a><\/div>\n<\/div><\/div>\n","protected":false},"excerpt":{"rendered":"<p>Vulnerabilidad Sociocultural (versi\u00f3n 1) Vulnerabilidad Sociocultural (versi\u00f3n 2) Tipos de vulnerabilidad relacionados con la crianza Tipus de vulnerabilitat relacionats amb la crian\u00e7a (Catal\u00e0) Factores a tener en cuenta en la definici\u00f3n de la condici\u00f3n vulnerable Factors a considerar en la definici\u00f3 de la condici\u00f3 vulnerable (Catal\u00e0) Noticias falsas: dimensiones del problema Estrategias para combatir las [&hellip;]<\/p>\n","protected":false},"author":99,"featured_media":0,"parent":73,"menu_order":0,"comment_status":"closed","ping_status":"closed","template":"","meta":{"footnotes":""},"class_list":["post-774","page","type-page","status-publish","hentry"],"_links":{"self":[{"href":"https:\/\/webs.uab.cat\/afronta\/wp-json\/wp\/v2\/pages\/774","targetHints":{"allow":["GET"]}}],"collection":[{"href":"https:\/\/webs.uab.cat\/afronta\/wp-json\/wp\/v2\/pages"}],"about":[{"href":"https:\/\/webs.uab.cat\/afronta\/wp-json\/wp\/v2\/types\/page"}],"author":[{"embeddable":true,"href":"https:\/\/webs.uab.cat\/afronta\/wp-json\/wp\/v2\/users\/99"}],"replies":[{"embeddable":true,"href":"https:\/\/webs.uab.cat\/afronta\/wp-json\/wp\/v2\/comments?post=774"}],"version-history":[{"count":13,"href":"https:\/\/webs.uab.cat\/afronta\/wp-json\/wp\/v2\/pages\/774\/revisions"}],"predecessor-version":[{"id":1028,"href":"https:\/\/webs.uab.cat\/afronta\/wp-json\/wp\/v2\/pages\/774\/revisions\/1028"}],"up":[{"embeddable":true,"href":"https:\/\/webs.uab.cat\/afronta\/wp-json\/wp\/v2\/pages\/73"}],"wp:attachment":[{"href":"https:\/\/webs.uab.cat\/afronta\/wp-json\/wp\/v2\/media?parent=774"}],"curies":[{"name":"wp","href":"https:\/\/api.w.org\/{rel}","templated":true}]}}