{"id":8,"date":"2023-07-27T15:17:48","date_gmt":"2023-07-27T13:17:48","guid":{"rendered":"https:\/\/webs.uab.cat\/afronta\/?page_id=8"},"modified":"2026-02-10T10:19:55","modified_gmt":"2026-02-10T08:19:55","slug":"equipo","status":"publish","type":"page","link":"https:\/\/webs.uab.cat\/afronta\/equipo\/","title":{"rendered":"Equipo"},"content":{"rendered":"\n<h2 class=\"wp-block-heading has-text-align-left\">Investigador Principal<\/h2>\n\n\n\n<ul class=\"wp-block-list\">\n<li><strong>Jorge Grau Rebollo<\/strong>. Departamento de Antropolog\u00eda Social y Cultural (Universitat Aut\u00f2noma de Barcelona). <a href=\"https:\/\/orcid.org\/0000-0003-2709-8696\" data-type=\"URL\" data-id=\"https:\/\/orcid.org\/0000-0003-2709-8696\">ORCID<\/a>. <a href=\"https:\/\/jordigrau2.wixsite.com\/jordigrau\">Web personal<\/a>.<\/li>\n<\/ul>\n\n\n\n<h2 class=\"wp-block-heading\">Equipo de Investigaci\u00f3n<\/h2>\n\n\n\n<ul class=\"wp-block-list\">\n<li><strong>Anna Piella Vila<\/strong>. Departamento de Antropolog\u00eda Social y Cultural (Universitat Aut\u00f2noma de Barcelona). <a href=\"https:\/\/orcid.org\/0000-0002-4517-9556\">ORCID<\/a><\/li>\n\n\n\n<li><strong>Mar\u00eda Vald\u00e9s G\u00e1zquez<\/strong>. Departamento de Antropolog\u00eda Social y Cultural (Universitat Aut\u00f2noma de Barcelona). <a href=\"https:\/\/orcid.org\/0000-0001-6526-761X\">ORCID<\/a><\/li>\n\n\n\n<li><strong>Jaume Garc\u00eda Hern\u00e1ndez<\/strong>. \u00c1rea de Salud y familias de la Fundaci\u00f3n Catalana S\u00edndrome Down (FCSD), Centro de Desarrollo Infantil y Atenci\u00f3n Temprana (CDIAT). <a href=\"https:\/\/orcid.org\/0000-0002-1498-6136\">ORCID<\/a><\/li>\n\n\n\n<li><strong>Miryam Navarro Rup\u00e9rez<\/strong>. Coordinaci\u00f3n de infancia y adolescencia del \u00e1rea de Consultor\u00eda y Estudios. Fundaci\u00f3 Pere Tarr\u00e9s. <a href=\"https:\/\/orcid.org\/0000-0001-8605-9262\">ORCID<\/a><\/li>\n<\/ul>\n\n\n\n<h2 class=\"wp-block-heading\">Equipo de Trabajo<\/h2>\n\n\n\n<ul class=\"wp-block-list\">\n<li><strong>Nicol\u00e1s Lorite Garc\u00eda<\/strong>. Departamento de Publicidad, Relaciones P\u00fablicas y Comunicaci\u00f3n Audiovisual (Universitat Aut\u00f2noma de Barcelona). <a href=\"https:\/\/orcid.org\/0000-0002-6858-5522\">ORCID<\/a><\/li>\n\n\n\n<li><strong>Lourdes Garc\u00eda Tugas<\/strong>. Universitat Oberta de Catalunya. <a href=\"https:\/\/orcid.org\/0000-0003-3405-8772\">ORCID<\/a><\/li>\n\n\n\n<li><strong>Beatriz Garc\u00eda Garc\u00eda<\/strong>. Universitat Oberta de Catalunya. <a href=\"https:\/\/orcid.org\/0000-0001-5916-1990\">ORCID<\/a><\/li>\n\n\n\n<li><strong>Luc\u00eda Sanju\u00e1n N\u00fa\u00f1ez<\/strong>. Universitat Oberta de Catalunya. <a href=\"https:\/\/orcid.org\/0000-0002-3206-7061\">ORCID<\/a><\/li>\n\n\n\n<li><strong>Amina Coucous Kahil<\/strong>. <a href=\"https:\/\/orcid.org\/0000-0002-5065-4614\">ORCID<\/a><\/li>\n\n\n\n<li><strong>Sandra Castillejos Larruy<\/strong>.  <a href=\"https:\/\/orcid.org\/0000-0001-6999-5606\">ORCID<\/a><\/li>\n\n\n\n<li><strong>Lidia Bosch L\u00f3pez<\/strong>.<\/li>\n<\/ul>\n\n\n\n<h2 class=\"wp-block-heading\">Asesor\u00eda externa<\/h2>\n\n\n\n<ul class=\"wp-block-list\">\n<li><strong>Aurora Gonz\u00e1lez Echevarr\u00eda<\/strong>. Departamento de Antropolog\u00eda Social y Cultural (Universitat Aut\u00f2noma de Barcelona). <a href=\"https:\/\/orcid.org\/0000-0001-6172-3956\">ORCID<\/a><\/li>\n\n\n\n<li><strong>Carmen de Jes\u00fas Garc\u00eda<\/strong>.Departamento de Medicina Legal, Toxicolog\u00eda y Antropolog\u00eda F\u00edsica. (Universidad de Granada).<\/li>\n\n\n\n<li><strong>Jos\u00e9 Mar\u00eda Uribe Oyarbide<\/strong>. Departamento de Sociolog\u00eda y Trabajo Social. (Universidad P\u00fablica de Navara). <a href=\"https:\/\/orcid.org\/0000-0002-6209-3148\">ORCID<\/a><\/li>\n<\/ul>\n\n\n\n<h2 class=\"wp-block-heading\">Investigadores\/as y colaboradores\/as externos\/as<\/h2>\n\n\n\n<ul class=\"wp-block-list\">\n<li><strong>Almudena Mu\u00f1oz Gallego<\/strong>. Universidad Complutense de Madrid. Investigadora Posdoctoral Margarita Salas en el MIGRACOM, Departamento de Publicidad, Relaciones P\u00fablicas y Comunicaci\u00f3n Audiovisual (Universitat Aut\u00f2noma de Barcelona). <a href=\"https:\/\/orcid.org\/0000-0001-7513-081X\">ORCID<\/a>.<\/li>\n\n\n\n<li><strong>Joan Riedweg P\u00e9rez<\/strong>. Director de cine y realizador de televisi\u00f3n. <a href=\"https:\/\/www.riedweg.cat\/joan\/wp-content\/uploads\/2020\/05\/CV-Joan-Riedweg-ES-abril-2020-corto.pdf\">CV<\/a>.<\/li>\n\n\n\n<li><strong>Joaquim Crespo Miquel<\/strong>. Director creativo en VML Barcelona. <a href=\"https:\/\/www.linkedin.com\/in\/joaquim-crespo-miquel-163592b\/\">CV<\/a>.<\/li>\n\n\n\n<li><strong>Paula Chen Guzm\u00e1n Garc\u00eda<\/strong>. Graduada en Ingenier\u00eda inform\u00e1tica (UPC).<\/li>\n\n\n\n<li><strong>Arthur Leonardo de Lima Pereira. <\/strong>Becario del programa PDSE\/CAPES (Convocatoria n.\u00ba 17\/2025) y doctorando en Antropolog\u00eda Social \u2013 PPGAS\/UFRN (Brasil).<\/li>\n<\/ul>\n\n\n\n<h2 class=\"wp-block-heading\">Personal en formaci\u00f3n<\/h2>\n\n\n\n<ul class=\"wp-block-list\">\n<li><strong>Rebeca P\u00e9rez Caride<\/strong>. Programa de Doctorado en Antropolog\u00eda Social y Cultural. Universitat Aut\u00f2noma de Barcelona. Directores: Jorge Grau Rebollo y Anna Piella Vila.<\/li>\n\n\n\n<li><strong>Constanza Magna Carrillo<\/strong>. Programa de Doctorado en Antropolog\u00eda Social y Cultural. Universitat Aut\u00f2noma de Barcelona. Directores: Jorge Grau Rebollo y Anna Piella Vila.<\/li>\n\n\n\n<li><strong>Paula Andrea Boada Tagle<\/strong>. Estudiante en pr\u00e1cticas del M\u00e1ster en Antropologia: Investigaci\u00f3n Avanzada e Intervencion Social (UAB).<\/li>\n<\/ul>\n\n\n\n<h2 class=\"wp-block-heading\">Miembros anteriores del equipo de Investigaci\u00f3n<\/h2>\n\n\n\n<ul class=\"wp-block-list\">\n<li><strong>Clara Guzm\u00e1n Vilaboy<\/strong>. Departamento de Antropolog\u00eda Social y Cultural (Universitat Aut\u00f2noma de Barcelona). <a href=\"https:\/\/orcid.org\/0000-0003-0065-6037\">ORCID<\/a><\/li>\n<\/ul>\n\n\n\n<figure class=\"wp-block-image size-full\"><img loading=\"lazy\" decoding=\"async\" width=\"500\" height=\"500\" src=\"https:\/\/webs.uab.cat\/afronta\/wp-content\/uploads\/sites\/472\/2023\/07\/Logo-AFRONTA-Fons-Blanc-ALPHA.png\" alt=\"\" class=\"wp-image-38\" srcset=\"https:\/\/webs.uab.cat\/afronta\/wp-content\/uploads\/sites\/472\/2023\/07\/Logo-AFRONTA-Fons-Blanc-ALPHA.png 500w, https:\/\/webs.uab.cat\/afronta\/wp-content\/uploads\/sites\/472\/2023\/07\/Logo-AFRONTA-Fons-Blanc-ALPHA-300x300.png 300w, https:\/\/webs.uab.cat\/afronta\/wp-content\/uploads\/sites\/472\/2023\/07\/Logo-AFRONTA-Fons-Blanc-ALPHA-150x150.png 150w\" sizes=\"auto, (max-width: 500px) 100vw, 500px\" \/><\/figure>\n","protected":false},"excerpt":{"rendered":"<p>Investigador Principal Equipo de Investigaci\u00f3n Equipo de Trabajo Asesor\u00eda externa Investigadores\/as y colaboradores\/as externos\/as Personal en formaci\u00f3n Miembros anteriores del equipo de Investigaci\u00f3n<\/p>\n","protected":false},"author":99,"featured_media":0,"parent":0,"menu_order":1,"comment_status":"closed","ping_status":"closed","template":"","meta":{"footnotes":""},"class_list":["post-8","page","type-page","status-publish","hentry"],"_links":{"self":[{"href":"https:\/\/webs.uab.cat\/afronta\/wp-json\/wp\/v2\/pages\/8","targetHints":{"allow":["GET"]}}],"collection":[{"href":"https:\/\/webs.uab.cat\/afronta\/wp-json\/wp\/v2\/pages"}],"about":[{"href":"https:\/\/webs.uab.cat\/afronta\/wp-json\/wp\/v2\/types\/page"}],"author":[{"embeddable":true,"href":"https:\/\/webs.uab.cat\/afronta\/wp-json\/wp\/v2\/users\/99"}],"replies":[{"embeddable":true,"href":"https:\/\/webs.uab.cat\/afronta\/wp-json\/wp\/v2\/comments?post=8"}],"version-history":[{"count":22,"href":"https:\/\/webs.uab.cat\/afronta\/wp-json\/wp\/v2\/pages\/8\/revisions"}],"predecessor-version":[{"id":1222,"href":"https:\/\/webs.uab.cat\/afronta\/wp-json\/wp\/v2\/pages\/8\/revisions\/1222"}],"wp:attachment":[{"href":"https:\/\/webs.uab.cat\/afronta\/wp-json\/wp\/v2\/media?parent=8"}],"curies":[{"name":"wp","href":"https:\/\/api.w.org\/{rel}","templated":true}]}}