{"id":890,"date":"2024-12-13T20:16:06","date_gmt":"2024-12-13T18:16:06","guid":{"rendered":"https:\/\/webs.uab.cat\/afronta\/?page_id=890"},"modified":"2024-12-13T20:16:59","modified_gmt":"2024-12-13T18:16:59","slug":"vulnerabilidad-energetica","status":"publish","type":"page","link":"https:\/\/webs.uab.cat\/afronta\/recursos\/vulnerabilidad-energetica\/","title":{"rendered":"Vulnerabilidad energ\u00e9tica"},"content":{"rendered":"\n<div class=\"wp-block-cover alignfull is-light\" style=\"min-height:568px;aspect-ratio:unset;\"><span aria-hidden=\"true\" class=\"wp-block-cover__background has-background-dim-100 has-background-dim\" style=\"background-color:#ffffff\"><\/span><div class=\"wp-block-cover__inner-container is-layout-flow wp-block-cover-is-layout-flow\">\n<div class=\"wp-block-media-text alignwide is-vertically-aligned-center\" style=\"grid-template-columns:28% auto\"><figure class=\"wp-block-media-text__media\"><img loading=\"lazy\" decoding=\"async\" width=\"2828\" height=\"1890\" src=\"https:\/\/webs.uab.cat\/afronta\/wp-content\/uploads\/sites\/472\/2024\/12\/Captura-de-pantalla-2024-12-13-a-las-19.09.06.png\" alt=\"\" class=\"wp-image-891 size-full\" srcset=\"https:\/\/webs.uab.cat\/afronta\/wp-content\/uploads\/sites\/472\/2024\/12\/Captura-de-pantalla-2024-12-13-a-las-19.09.06.png 2828w, https:\/\/webs.uab.cat\/afronta\/wp-content\/uploads\/sites\/472\/2024\/12\/Captura-de-pantalla-2024-12-13-a-las-19.09.06-300x200.png 300w, https:\/\/webs.uab.cat\/afronta\/wp-content\/uploads\/sites\/472\/2024\/12\/Captura-de-pantalla-2024-12-13-a-las-19.09.06-1024x684.png 1024w, https:\/\/webs.uab.cat\/afronta\/wp-content\/uploads\/sites\/472\/2024\/12\/Captura-de-pantalla-2024-12-13-a-las-19.09.06-768x513.png 768w, https:\/\/webs.uab.cat\/afronta\/wp-content\/uploads\/sites\/472\/2024\/12\/Captura-de-pantalla-2024-12-13-a-las-19.09.06-1536x1027.png 1536w, https:\/\/webs.uab.cat\/afronta\/wp-content\/uploads\/sites\/472\/2024\/12\/Captura-de-pantalla-2024-12-13-a-las-19.09.06-2048x1369.png 2048w, https:\/\/webs.uab.cat\/afronta\/wp-content\/uploads\/sites\/472\/2024\/12\/Captura-de-pantalla-2024-12-13-a-las-19.09.06-1200x802.png 1200w, https:\/\/webs.uab.cat\/afronta\/wp-content\/uploads\/sites\/472\/2024\/12\/Captura-de-pantalla-2024-12-13-a-las-19.09.06-1980x1323.png 1980w\" sizes=\"auto, (max-width: 2828px) 100vw, 2828px\" \/><\/figure><div class=\"wp-block-media-text__content\">\n<h2 class=\"wp-block-heading has-text-color\" style=\"color:#000000;font-size:32px\"><strong>Estrategia Nacional contra la Pobreza Energ\u00e9tica 2019-2024<\/strong><\/h2>\n\n\n\n<p class=\"has-text-color\" style=\"color:#000000;font-size:17px\">\u00abLa Estrategia ha sido elaborada por el Ministerio para la Transici\u00f3n Ecol\u00f3gica, cumpliendo con lo establecido en el Real Decreto 15\/2018 de 5 de octubre de medidas urgentes para la transici\u00f3n energ\u00e9tica y la protecci\u00f3n de los consumidores. Ha sido sometida a consulta p\u00fablica y el documento final, que incorpora las aportaciones de la sociedad civil, fue aprobado por el Consejo de Ministros del 5 de abril de 2019.&nbsp;<\/p>\n\n\n\n<p class=\"has-text-color\" style=\"color:#000000;font-size:17px\">La Estrategia establece, por primera vez, una definici\u00f3n de la situaci\u00f3n de pobreza energ\u00e9tica y del consumidor vulnerable, realiza un diagn\u00f3stico de la situaci\u00f3n en Espa\u00f1a, determina ejes de actuaci\u00f3n y fija objetivos de reducci\u00f3n de este problema social que afecta a m\u00e1s de 3,5 millones de personas en nuestro pa\u00eds\u00bb. (<a href=\"https:\/\/www.miteco.gob.es\/es\/ministerio\/planes-estrategias\/estrategia-pobreza-energetica.html\">Cita<\/a>)<\/p>\n\n\n\n<div class=\"wp-block-buttons is-layout-flex wp-block-buttons-is-layout-flex\">\n<div class=\"wp-block-button is-style-fill\"><a class=\"wp-block-button__link wp-element-button\" href=\"https:\/\/www.miteco.gob.es\/content\/dam\/miteco\/es\/ministerio\/planes-estrategias\/estrategia-pobreza-energetica\/estrategianacionalcontralapobrezaenergetica_tcm30-502982.pdf\">DOCumento (PDF)<\/a><\/div>\n<\/div>\n<\/div><\/div>\n\n\n\n<div class=\"wp-block-media-text alignwide is-vertically-aligned-center\" style=\"grid-template-columns:28% auto\"><figure class=\"wp-block-media-text__media\"><img loading=\"lazy\" decoding=\"async\" width=\"1024\" height=\"750\" src=\"https:\/\/webs.uab.cat\/afronta\/wp-content\/uploads\/sites\/472\/2024\/12\/Captura-de-pantalla-2024-12-13-a-las-19.13.40-1024x750.png\" alt=\"\" class=\"wp-image-892 size-full\" srcset=\"https:\/\/webs.uab.cat\/afronta\/wp-content\/uploads\/sites\/472\/2024\/12\/Captura-de-pantalla-2024-12-13-a-las-19.13.40-1024x750.png 1024w, https:\/\/webs.uab.cat\/afronta\/wp-content\/uploads\/sites\/472\/2024\/12\/Captura-de-pantalla-2024-12-13-a-las-19.13.40-300x220.png 300w, https:\/\/webs.uab.cat\/afronta\/wp-content\/uploads\/sites\/472\/2024\/12\/Captura-de-pantalla-2024-12-13-a-las-19.13.40-768x562.png 768w, https:\/\/webs.uab.cat\/afronta\/wp-content\/uploads\/sites\/472\/2024\/12\/Captura-de-pantalla-2024-12-13-a-las-19.13.40-1536x1124.png 1536w, https:\/\/webs.uab.cat\/afronta\/wp-content\/uploads\/sites\/472\/2024\/12\/Captura-de-pantalla-2024-12-13-a-las-19.13.40-1200x878.png 1200w, https:\/\/webs.uab.cat\/afronta\/wp-content\/uploads\/sites\/472\/2024\/12\/Captura-de-pantalla-2024-12-13-a-las-19.13.40.png 1694w\" sizes=\"auto, (max-width: 1024px) 100vw, 1024px\" \/><\/figure><div class=\"wp-block-media-text__content\">\n<h2 class=\"wp-block-heading has-text-color\" style=\"color:#000000;font-size:32px\"><strong>Actualizaci\u00f3n de los indicadores<\/strong> de la Estrategia Nacional contra la Pobreza Energ\u00e9tica (2022)<\/h2>\n\n\n\n<p class=\"has-text-color\" style=\"color:#000000;font-size:17px\">\u00abLa Estrategia se compromete de forma expl\u00edcita a actualizar, cada a\u00f1o, los datos que plasman la realidad de la pobreza energ\u00e9tica en nuestro pa\u00eds. Para ello utiliza los indicadores que obtiene de la Encuesta de Presupuestos Familiares y la Encuesta de Condiciones de Vida del Instituto Nacional de Estad\u00edstica (INE)\u00bb. (<a href=\"https:\/\/www.miteco.gob.es\/es\/ministerio\/planes-estrategias\/estrategia-pobreza-energetica.html\">Cita<\/a>)<\/p>\n\n\n\n<div class=\"wp-block-buttons is-layout-flex wp-block-buttons-is-layout-flex\">\n<div class=\"wp-block-button is-style-fill\"><a class=\"wp-block-button__link wp-element-button\" href=\"https:\/\/www.miteco.gob.es\/content\/dam\/miteco\/es\/ministerio\/planes-estrategias\/estrategia-pobreza-energetica\/actualizaciondelosindicadoresdelaestrategianacionalcontralapobrezaenergetica-2022_tcm30-549718.pdf\">indicadores  (PDF)<\/a><\/div>\n<\/div>\n<\/div><\/div>\n<\/div><\/div>\n\n\n\n<p><\/p>\n","protected":false},"excerpt":{"rendered":"","protected":false},"author":99,"featured_media":0,"parent":71,"menu_order":7,"comment_status":"closed","ping_status":"closed","template":"","meta":{"footnotes":""},"class_list":["post-890","page","type-page","status-publish","hentry"],"_links":{"self":[{"href":"https:\/\/webs.uab.cat\/afronta\/wp-json\/wp\/v2\/pages\/890","targetHints":{"allow":["GET"]}}],"collection":[{"href":"https:\/\/webs.uab.cat\/afronta\/wp-json\/wp\/v2\/pages"}],"about":[{"href":"https:\/\/webs.uab.cat\/afronta\/wp-json\/wp\/v2\/types\/page"}],"author":[{"embeddable":true,"href":"https:\/\/webs.uab.cat\/afronta\/wp-json\/wp\/v2\/users\/99"}],"replies":[{"embeddable":true,"href":"https:\/\/webs.uab.cat\/afronta\/wp-json\/wp\/v2\/comments?post=890"}],"version-history":[{"count":1,"href":"https:\/\/webs.uab.cat\/afronta\/wp-json\/wp\/v2\/pages\/890\/revisions"}],"predecessor-version":[{"id":893,"href":"https:\/\/webs.uab.cat\/afronta\/wp-json\/wp\/v2\/pages\/890\/revisions\/893"}],"up":[{"embeddable":true,"href":"https:\/\/webs.uab.cat\/afronta\/wp-json\/wp\/v2\/pages\/71"}],"wp:attachment":[{"href":"https:\/\/webs.uab.cat\/afronta\/wp-json\/wp\/v2\/media?parent=890"}],"curies":[{"name":"wp","href":"https:\/\/api.w.org\/{rel}","templated":true}]}}