{"id":1611,"date":"2025-03-05T12:33:20","date_gmt":"2025-03-05T10:33:20","guid":{"rendered":"https:\/\/webs.uab.cat\/agencias\/?page_id=1611"},"modified":"2025-03-05T13:14:23","modified_gmt":"2025-03-05T11:14:23","slug":"territorios-y-espacios","status":"publish","type":"page","link":"https:\/\/webs.uab.cat\/agencias\/territorios-y-espacios\/","title":{"rendered":"Territorios y espacios"},"content":{"rendered":"\n<div class=\"wp-block-columns alignfull are-vertically-aligned-center is-layout-flex wp-container-core-columns-is-layout-9d6595d7 wp-block-columns-is-layout-flex\">\n<div class=\"wp-block-column is-vertically-aligned-center is-layout-flow wp-block-column-is-layout-flow\">\n<div class=\"wp-block-cover alignfull is-light\"><span aria-hidden=\"true\" class=\"wp-block-cover__background has-background-dim-10 has-background-dim\"><\/span><img loading=\"lazy\" decoding=\"async\" width=\"1024\" height=\"576\" class=\"wp-block-cover__image-background wp-image-582\" alt=\"\" src=\"https:\/\/webs.uab.cat\/agencias\/wp-content\/uploads\/sites\/478\/2023\/11\/Lleida2-1024x576.png\" data-object-fit=\"cover\" srcset=\"https:\/\/webs.uab.cat\/agencias\/wp-content\/uploads\/sites\/478\/2023\/11\/Lleida2-1024x576.png 1024w, https:\/\/webs.uab.cat\/agencias\/wp-content\/uploads\/sites\/478\/2023\/11\/Lleida2-300x169.png 300w, https:\/\/webs.uab.cat\/agencias\/wp-content\/uploads\/sites\/478\/2023\/11\/Lleida2-768x432.png 768w, https:\/\/webs.uab.cat\/agencias\/wp-content\/uploads\/sites\/478\/2023\/11\/Lleida2-1200x675.png 1200w, https:\/\/webs.uab.cat\/agencias\/wp-content\/uploads\/sites\/478\/2023\/11\/Lleida2.png 1280w\" sizes=\"auto, (max-width: 1024px) 100vw, 1024px\" \/><div class=\"wp-block-cover__inner-container is-layout-flow wp-block-cover-is-layout-flow\">\n<pre class=\"wp-block-verse has-blanc-coco-color has-text-color has-large-font-size\"><strong>Lleida<\/strong><\/pre>\n<\/div><\/div>\n<\/div>\n\n\n\n<div class=\"wp-block-column is-vertically-aligned-center is-layout-flow wp-block-column-is-layout-flow\">\n<figure class=\"wp-block-table alignfull\"><table><thead><tr><th>DISTRITOS<\/th><th>ESPACIOS<\/th><th>PLANES<\/th><\/tr><\/thead><tbody><tr><td><strong>El Sec\u00e0 de Sant Pere. <\/strong>Barrio originariamente de clase trabajadora que, con el tiempo, ha visto augmentar las vulnerabilidades que afectan a muchas familias. En el centro, la plaza se erige como n\u00facleo comunitario, como espacio de encuentro y de juego. Sin embargo, en los m\u00e1rgenes tambi\u00e9n se perciben fisuras, como si la diversidad no se abrazara del todo. Diferentes or\u00edgenes -migraciones nacionales, del Centro y Norte de \u00c1frica y de Paquist\u00e1n- coexisten, al mismo tiempo que las distancias culturales son invisibles, pero est\u00e1n presentes. Tambi\u00e9n hay iniciativas por tejer puentes, ya que en ocasiones se organizan actividades y propuestas donde lo plural y lo com\u00fan dialogan.&nbsp;<br><br><br><strong>El Clot de les Granotes. <\/strong>Este barrio es interesante a nivel de frontera. Bal\u00e0fia es una construcci\u00f3n nueva con edificios construidos en los \u00faltimos 20 a\u00f1os, en cambio el Clot es mucho m\u00e1s humilde. Hay ni\u00f1es de or\u00edgenes diversos.&nbsp;<\/td><td>Parques y actividades extraescolares de ocio y tiempo libre.<br><br><br><br><br><br><br><br><br>Parques y proyectos socioeducativos pendientes de consultar. <\/td><td><a href=\"https:\/\/webs.uab.cat\/agencias\/wp-content\/uploads\/sites\/478\/2023\/11\/A4-PLA-LOCAL-INFANCIA-2024-VDef-LLEIDA-2.pdf\" target=\"_blank\" rel=\"noreferrer noopener\">Pla local per a la inf\u00e0ncia (2020-2024)<\/a><\/td><\/tr><\/tbody><\/table><\/figure>\n<\/div>\n<\/div>\n\n\n\n<div class=\"wp-block-columns alignfull are-vertically-aligned-center is-layout-flex wp-container-core-columns-is-layout-9d6595d7 wp-block-columns-is-layout-flex\">\n<div class=\"wp-block-column is-vertically-aligned-center is-layout-flow wp-block-column-is-layout-flow\">\n<div class=\"wp-block-cover is-light\"><span aria-hidden=\"true\" class=\"wp-block-cover__background has-background-dim-10 has-background-dim\"><\/span><img loading=\"lazy\" decoding=\"async\" width=\"1280\" height=\"720\" class=\"wp-block-cover__image-background wp-image-689\" alt=\"\" src=\"https:\/\/webs.uab.cat\/agencias\/wp-content\/uploads\/sites\/478\/2023\/12\/Barcelona-mapa.png\" data-object-fit=\"cover\" srcset=\"https:\/\/webs.uab.cat\/agencias\/wp-content\/uploads\/sites\/478\/2023\/12\/Barcelona-mapa.png 1280w, https:\/\/webs.uab.cat\/agencias\/wp-content\/uploads\/sites\/478\/2023\/12\/Barcelona-mapa-300x169.png 300w, https:\/\/webs.uab.cat\/agencias\/wp-content\/uploads\/sites\/478\/2023\/12\/Barcelona-mapa-1024x576.png 1024w, https:\/\/webs.uab.cat\/agencias\/wp-content\/uploads\/sites\/478\/2023\/12\/Barcelona-mapa-768x432.png 768w, https:\/\/webs.uab.cat\/agencias\/wp-content\/uploads\/sites\/478\/2023\/12\/Barcelona-mapa-1200x675.png 1200w\" sizes=\"auto, (max-width: 1280px) 100vw, 1280px\" \/><div class=\"wp-block-cover__inner-container is-layout-flow wp-block-cover-is-layout-flow\">\n<pre class=\"wp-block-verse has-blanc-coco-color has-text-color has-large-font-size\"><strong>Barcelona<\/strong><\/pre>\n<\/div><\/div>\n<\/div>\n\n\n\n<div class=\"wp-block-column is-vertically-aligned-center is-layout-flow wp-block-column-is-layout-flow\">\n<figure class=\"wp-block-table\"><table><thead><tr><th>DISTRITOS<\/th><th>ESPACIOS<\/th><th>PLANES<\/th><\/tr><\/thead><tbody><tr><td><strong>Raval. <\/strong>Barrio multicultural donde m\u00e1s de la mitad de la poblaci\u00f3n naci\u00f3 fuera de Catalu\u00f1a, con intensa vida vecinal y asociativa, acumula numerosos proyectos sociales con el objetivo de paliar las m\u00faltiples experiencias de discriminaci\u00f3n de la poblaci\u00f3n.&nbsp;<br><br><strong>Baix Guinard\u00f3.<\/strong> Distrito fronterizo entre Gracia y Guinard\u00f3.<br>An\u00e1lisis de \u00e1reas p\u00fablicas, parques y actividades extracurriculares de la ciudad que determina 7 tipolog\u00edas.&nbsp;<\/td><td>Centro abierto, y espacios comunitarios<br><br><br>Deportes en la calle, jardines y parques <\/td><td><a href=\"http:\/\/chrome-extension:\/\/efaidnbmnnnibpcajpcglclefindmkaj\/https:\/\/institutinfancia.cat\/wp-content\/uploads\/2021\/10\/20211018_pla_infancia_barcelona_2021-2030.pdf\" target=\"_blank\" rel=\"noreferrer noopener\">Pla d&#8217;inf\u00e0ncia 2021 &#8211; 230<\/a><\/td><\/tr><\/tbody><\/table><\/figure>\n<\/div>\n<\/div>\n\n\n\n<div class=\"wp-block-columns alignfull are-vertically-aligned-center has-blanc-coco-background-color has-background is-layout-flex wp-container-core-columns-is-layout-9d6595d7 wp-block-columns-is-layout-flex\">\n<div class=\"wp-block-column is-vertically-aligned-center is-layout-flow wp-block-column-is-layout-flow\">\n<div class=\"wp-block-cover is-light\"><span aria-hidden=\"true\" class=\"wp-block-cover__background has-background-dim-10 has-background-dim\"><\/span><img loading=\"lazy\" decoding=\"async\" width=\"1280\" height=\"720\" class=\"wp-block-cover__image-background wp-image-694\" alt=\"\" src=\"https:\/\/webs.uab.cat\/agencias\/wp-content\/uploads\/sites\/478\/2023\/12\/Terrassa-mapa-1.png\" data-object-fit=\"cover\" srcset=\"https:\/\/webs.uab.cat\/agencias\/wp-content\/uploads\/sites\/478\/2023\/12\/Terrassa-mapa-1.png 1280w, https:\/\/webs.uab.cat\/agencias\/wp-content\/uploads\/sites\/478\/2023\/12\/Terrassa-mapa-1-300x169.png 300w, https:\/\/webs.uab.cat\/agencias\/wp-content\/uploads\/sites\/478\/2023\/12\/Terrassa-mapa-1-1024x576.png 1024w, https:\/\/webs.uab.cat\/agencias\/wp-content\/uploads\/sites\/478\/2023\/12\/Terrassa-mapa-1-768x432.png 768w, https:\/\/webs.uab.cat\/agencias\/wp-content\/uploads\/sites\/478\/2023\/12\/Terrassa-mapa-1-1200x675.png 1200w\" sizes=\"auto, (max-width: 1280px) 100vw, 1280px\" \/><div class=\"wp-block-cover__inner-container is-layout-flow wp-block-cover-is-layout-flow\">\n<pre class=\"wp-block-verse has-blanc-coco-color has-text-color has-large-font-size\"><strong>Terrassa<\/strong><\/pre>\n<\/div><\/div>\n<\/div>\n\n\n\n<div class=\"wp-block-column is-vertically-aligned-center is-layout-flow wp-block-column-is-layout-flow\">\n<figure class=\"wp-block-table is-style-regular\"><table class=\"has-blanc-coco-background-color has-background\"><thead><tr><th>DISTRITOS<\/th><th>ESPACIOS<\/th><th>PLANES<\/th><\/tr><\/thead><tbody><tr><td><strong>Entorno del Parque de Vallparad\u00eds. <\/strong>De norte a sur, este gran parque verde de 3,5km ocupa el valle formado por antiguos torrentes. Es una zona fronteriza que atraviesa dos distritos (Centro y Sur) y diversos barrios de la ciudad, cuyos datos sociodemogr\u00e1ficos y calidad de vida difieren. Este parque funciona como espacio de ocio y salud, es refugio clim\u00e1tico y un lugar de tr\u00e1nsito con m\u00faltiples caminos y conexiones.<br><br><strong>Distrito 6. Egara, Sant Pere. <\/strong>L\u00edmites con Matadepera y la zona industrial, caminos rurales, urbanizaci\u00f3n con parques infantiles interiores y viviendas unifamiliares. Equipamientos educativos en un urbanismo deficiente.<br>Estrategias de familias de clase media para seleccionar escolarizaci\u00f3n innovadora, escuelas de alta complejidad, esplais y servicios sociales.servicios sociales.<\/td><td>Espacios y actividades al aire libre desde una visi\u00f3n de Educaci\u00f3n 360\u00ba (Educaci\u00f3n a tiempo completo): parques infantiles, piscina, auditorio, itinerario escult\u00f3rico, trenecito, jard\u00edn de las percepciones, huertas, etc. Existen distintos equipamientos culturales, entidades sociales y escuelas ubicados en las inmediaciones del parque.<br><br>Espacio La F\u00e0brica, un centro de jornada de puertas abiertas. Activismo vecinal.<\/td><td><a href=\"http:\/\/chrome-extension:\/\/efaidnbmnnnibpcajpcglclefindmkaj\/https:\/\/terrassa-decidim-production.s3.eu-west-1.amazonaws.com\/zoc2rtvk0ayjlx8uu724ea05hdle?response-content-disposition=inline%3B%20filename%3D%22PLIA_TERRASSA_2022_2032.pdf%22%3B%20filename%2A%3DUTF-8%27%27PLIA_TERRASSA_2022_2032.pdf&amp;response-content-type=application%2Fpdf&amp;X-Amz-Algorithm=AWS4-HMAC-SHA256&amp;X-Amz-Credential=AKIA5O6AZLTO6TUIYA6I%2F20231204%2Feu-west-1%2Fs3%2Faws4_request&amp;X-Amz-Date=20231204T143606Z&amp;X-Amz-Expires=300&amp;X-Amz-SignedHeaders=host&amp;X-Amz-Signature=10c110f8374a61b49092bfc2622b27e8c8e6e9fcf5492d65db899c6c5c271abf\">Pla Local d&#8217;Infancia i Adolesc\u00e8ncia de Terrassa<\/a><\/td><\/tr><\/tbody><\/table><\/figure>\n<\/div>\n<\/div>\n\n\n\n<div class=\"wp-block-columns alignfull are-vertically-aligned-center is-layout-flex wp-container-core-columns-is-layout-9d6595d7 wp-block-columns-is-layout-flex\">\n<div class=\"wp-block-column is-vertically-aligned-center is-layout-flow wp-block-column-is-layout-flow\">\n<div class=\"wp-block-cover is-light\"><span aria-hidden=\"true\" class=\"wp-block-cover__background has-background-dim-10 has-background-dim\"><\/span><img loading=\"lazy\" decoding=\"async\" width=\"1280\" height=\"720\" class=\"wp-block-cover__image-background wp-image-1073\" alt=\"\" src=\"https:\/\/webs.uab.cat\/agencias\/wp-content\/uploads\/sites\/478\/2024\/02\/Sta-Coloma.png\" data-object-fit=\"cover\" srcset=\"https:\/\/webs.uab.cat\/agencias\/wp-content\/uploads\/sites\/478\/2024\/02\/Sta-Coloma.png 1280w, https:\/\/webs.uab.cat\/agencias\/wp-content\/uploads\/sites\/478\/2024\/02\/Sta-Coloma-300x169.png 300w, https:\/\/webs.uab.cat\/agencias\/wp-content\/uploads\/sites\/478\/2024\/02\/Sta-Coloma-1024x576.png 1024w, https:\/\/webs.uab.cat\/agencias\/wp-content\/uploads\/sites\/478\/2024\/02\/Sta-Coloma-768x432.png 768w, https:\/\/webs.uab.cat\/agencias\/wp-content\/uploads\/sites\/478\/2024\/02\/Sta-Coloma-1200x675.png 1200w\" sizes=\"auto, (max-width: 1280px) 100vw, 1280px\" \/><div class=\"wp-block-cover__inner-container is-layout-flow wp-block-cover-is-layout-flow\">\n<pre class=\"wp-block-verse has-blanc-coco-color has-text-color has-large-font-size\"><strong>Santa Coloma<\/strong><\/pre>\n<\/div><\/div>\n<\/div>\n\n\n\n<div class=\"wp-block-column is-vertically-aligned-center is-layout-flow wp-block-column-is-layout-flow\">\n<figure class=\"wp-block-table\"><table><thead><tr><th class=\"has-text-align-left\" data-align=\"left\">DISTRITOS<\/th><th>ESPACIOS<\/th><th>PLANES<\/th><\/tr><\/thead><tbody><tr><td class=\"has-text-align-left\" data-align=\"left\"><strong>Santa Rosa, Safaretjos, Raval. <\/strong>Distrito 5 (entre el distrito 1 y 4).&nbsp; Datos sociodemogr\u00e1ficos y gran poblaci\u00f3n infantil; media representativa de esta ciudad con el \u00edndice socioecon\u00f3mico territorial m\u00e1s bajo (69); los recursos est\u00e1n desigualmente distribuidos&nbsp;.<br><br><strong>Proyectos liderados por activistas de los a\u00f1os 60.<\/strong>&nbsp;<\/td><td>Escuela Magnet, espacios fluviales&#8230; Red de mediadores, Biblioteca-Mercado-<br><br>La Magrana curiosa, un espacio familiar feminista que promueve el juego y el arte para la transformaci\u00f3n social.&nbsp;&nbsp;La perif\u00e9rica.&nbsp;<\/td><td><a href=\"http:\/\/chrome-extension:\/\/efaidnbmnnnibpcajpcglclefindmkaj\/https:\/\/www.gramenet.cat\/fileadmin\/Files\/Ajuntament\/Infancia\/ciutat_amiga\/MEMORIA_2017_CAI18_.pdf\" target=\"_blank\" rel=\"noreferrer noopener\">Pla d&#8217;Inf\u00e0ncia i adol\u00e8scencia <\/a><\/td><\/tr><\/tbody><\/table><\/figure>\n<\/div>\n<\/div>\n","protected":false},"excerpt":{"rendered":"<p>DISTRITOS ESPACIOS PLANES El Sec\u00e0 de Sant Pere. Barrio originariamente de clase trabajadora que, con el tiempo, ha visto augmentar las vulnerabilidades que afectan a muchas familias. En el centro, la plaza se erige como n\u00facleo comunitario, como espacio de encuentro y de juego. Sin embargo, en los m\u00e1rgenes tambi\u00e9n se perciben fisuras, como si [&hellip;]<\/p>\n","protected":false},"author":2756,"featured_media":0,"parent":0,"menu_order":0,"comment_status":"closed","ping_status":"closed","template":"","meta":{"footnotes":""},"class_list":["post-1611","page","type-page","status-publish","hentry"],"_links":{"self":[{"href":"https:\/\/webs.uab.cat\/agencias\/wp-json\/wp\/v2\/pages\/1611","targetHints":{"allow":["GET"]}}],"collection":[{"href":"https:\/\/webs.uab.cat\/agencias\/wp-json\/wp\/v2\/pages"}],"about":[{"href":"https:\/\/webs.uab.cat\/agencias\/wp-json\/wp\/v2\/types\/page"}],"author":[{"embeddable":true,"href":"https:\/\/webs.uab.cat\/agencias\/wp-json\/wp\/v2\/users\/2756"}],"replies":[{"embeddable":true,"href":"https:\/\/webs.uab.cat\/agencias\/wp-json\/wp\/v2\/comments?post=1611"}],"version-history":[{"count":2,"href":"https:\/\/webs.uab.cat\/agencias\/wp-json\/wp\/v2\/pages\/1611\/revisions"}],"predecessor-version":[{"id":1614,"href":"https:\/\/webs.uab.cat\/agencias\/wp-json\/wp\/v2\/pages\/1611\/revisions\/1614"}],"wp:attachment":[{"href":"https:\/\/webs.uab.cat\/agencias\/wp-json\/wp\/v2\/media?parent=1611"}],"curies":[{"name":"wp","href":"https:\/\/api.w.org\/{rel}","templated":true}]}}