{"id":1615,"date":"2025-03-05T13:15:42","date_gmt":"2025-03-05T11:15:42","guid":{"rendered":"https:\/\/webs.uab.cat\/agencias\/?page_id=1615"},"modified":"2025-05-07T16:21:55","modified_gmt":"2025-05-07T14:21:55","slug":"la-etnografia","status":"publish","type":"page","link":"https:\/\/webs.uab.cat\/agencias\/la-etnografia\/","title":{"rendered":"La etnograf\u00eda"},"content":{"rendered":"\n<p class=\"alignwide\">A lo largo del curso 2023-2024 estamos organizando sesiones para poner en com\u00fan las observaciones anotadas en los diarios de campo, durante las cuales vamos revisando y actualizando el guion de observaci\u00f3n participante en cada territorio. <\/p>\n\n\n\n<p class=\"alignwide\">Los retos que el dise\u00f1o metodol\u00f3gico de esta investigaci\u00f3n se plantea son:<\/p>\n\n\n\n<div class=\"wp-block-columns alignwide are-vertically-aligned-center has-gris-pubilla-background-color has-background is-layout-flex wp-container-core-columns-is-layout-9d6595d7 wp-block-columns-is-layout-flex\">\n<div class=\"wp-block-column is-vertically-aligned-center is-layout-flow wp-block-column-is-layout-flow\">\n<ul class=\"wp-block-list\">\n<li class=\"alingwide\">La singularidad de la investigaci\u00f3n etnogr\u00e1fica de la agencia infantil<\/li>\n\n\n\n<li>La comprensi\u00f3n desde un modelo de agencia poli\u00e9drica, de los afectos y dial\u00f3gica<\/li>\n\n\n\n<li>La participaci\u00f3n en la etnograf\u00eda des de un posicionamiento feminista no adultoc\u00e9ntrico<\/li>\n<\/ul>\n<\/div>\n\n\n\n<div class=\"wp-block-column is-vertically-aligned-center is-layout-flow wp-block-column-is-layout-flow\">\n<ul class=\"wp-block-list\">\n<li>El despliegue de la mirada interseccional en la observaci\u00f3n participante<\/li>\n\n\n\n<li>Las diferencias en la observaci\u00f3n de espacios socioeducativos regulados y no regulados<\/li>\n\n\n\n<li>El desarrollo de una etnograf\u00eda difractiva frente al planteamiento de la reflexividad<\/li>\n<\/ul>\n<\/div>\n<\/div>\n\n\n\n<h2 class=\"wp-block-heading alignwide\">Co-dise\u00f1amos el trabajo de campo des de una perspectiva interseccional<\/h2>\n\n\n\n<div class=\"wp-block-columns alignwide is-layout-flex wp-container-core-columns-is-layout-9d6595d7 wp-block-columns-is-layout-flex\">\n<div class=\"wp-block-column is-layout-flow wp-block-column-is-layout-flow\">\n<figure class=\"wp-block-image size-full\"><img loading=\"lazy\" decoding=\"async\" width=\"2560\" height=\"1440\" src=\"https:\/\/webs.uab.cat\/agencias\/wp-content\/uploads\/sites\/478\/2025\/05\/IMG_20230424_183809-scaled.jpg\" alt=\"\" class=\"wp-image-1664\" srcset=\"https:\/\/webs.uab.cat\/agencias\/wp-content\/uploads\/sites\/478\/2025\/05\/IMG_20230424_183809-scaled.jpg 2560w, https:\/\/webs.uab.cat\/agencias\/wp-content\/uploads\/sites\/478\/2025\/05\/IMG_20230424_183809-300x169.jpg 300w, https:\/\/webs.uab.cat\/agencias\/wp-content\/uploads\/sites\/478\/2025\/05\/IMG_20230424_183809-1024x576.jpg 1024w, https:\/\/webs.uab.cat\/agencias\/wp-content\/uploads\/sites\/478\/2025\/05\/IMG_20230424_183809-768x432.jpg 768w, https:\/\/webs.uab.cat\/agencias\/wp-content\/uploads\/sites\/478\/2025\/05\/IMG_20230424_183809-1536x864.jpg 1536w, https:\/\/webs.uab.cat\/agencias\/wp-content\/uploads\/sites\/478\/2025\/05\/IMG_20230424_183809-2048x1152.jpg 2048w, https:\/\/webs.uab.cat\/agencias\/wp-content\/uploads\/sites\/478\/2025\/05\/IMG_20230424_183809-1200x675.jpg 1200w, https:\/\/webs.uab.cat\/agencias\/wp-content\/uploads\/sites\/478\/2025\/05\/IMG_20230424_183809-1980x1114.jpg 1980w\" sizes=\"auto, (max-width: 2560px) 100vw, 2560px\" \/><\/figure>\n<\/div>\n\n\n\n<div class=\"wp-block-column is-vertically-aligned-center is-layout-flow wp-block-column-is-layout-flow\">\n<p><\/p>\n\n\n\n<pre class=\"wp-block-preformatted has-small-font-size\">\u00bfQu\u00e9 <strong>intersecciones cr\u00edticas<\/strong> tienen sentido en el territorio?<br>\u00bfQu\u00e9 espacios potenciales surgen desde la <strong>perspectiva interseccional<\/strong> (significado en t\u00e9rminos de clase y fronterizo)?<br>\u00bfCu\u00e1l ser\u00e1 la forma de <strong>acceso al campo<\/strong>?<br>\u00bfCu\u00e1l ser\u00e1 la frecuencia de la <strong>observaci\u00f3n participante<\/strong> prevista? (15 sesiones aprox.)<br>\u00bfC\u00f3mo se desarrollar\u00e1 la observaci\u00f3n participante desde una <strong>perspectiva feminista no-adultoc\u00e9ntrica<\/strong>?<\/pre>\n<\/div>\n<\/div>\n\n\n\n<h2 class=\"wp-block-heading alignwide alingwide\">Diarios etnogr\u00e1ficos multimodales: la multimodalidad como perspectiva interseccional y poli\u00e9drica<\/h2>\n\n\n\n<p class=\"alignwide\">En esta investigaci\u00f3n, proponemos la elaboraci\u00f3n de un diario de campo etnogr\u00e1fico multimodal. Es decir, el proyecto propone la escritura de relatos que empleen m\u00faltiples lenguajes y medios junto con los grupos de ni\u00f1os y ni\u00f1as participantes del estudio. Esto forma parte del proceso de investigaci\u00f3n etnogr\u00e1fica, donde la observaci\u00f3n participante se estructura por capas y la multisensorialidad facilita la comprensi\u00f3n de las agencias infantiles.<\/p>\n\n\n\n<p class=\"alignwide\">Actualmente, se est\u00e1n realizando las observaciones participantes garantizando la frecuencia en el campo y la confianza mutua con los participantes. Paralelamente, estamos llevando a cabo encuentros internos para discutir aspectos metodol\u00f3gicos del diario de campo tales como el guion, el registro, la escritura y la reflexividad. As\u00ed como tambi\u00e9n, hemos compartido fragmentos y observaciones concretas de algunos diarios multimodales. &nbsp;<\/p>\n\n\n\n<div class=\"wp-block-columns alignwide has-negre-eben-color has-gris-londres-background-color has-text-color has-background has-link-color wp-elements-84b509f9cdf087a9f8aee23924f8a820 is-layout-flex wp-container-core-columns-is-layout-9d6595d7 wp-block-columns-is-layout-flex\">\n<div class=\"wp-block-column is-layout-flow wp-block-column-is-layout-flow\">\n<p class=\"has-text-align-center has-gris-pubilla-background-color has-background has-larger-font-size\"><strong>Herramienta valiosa para entender expresiones de agencia infantil desde una perspectiva no adultoc\u00e9ntrica<\/strong><\/p>\n<\/div>\n\n\n\n<div class=\"wp-block-column is-layout-flow wp-block-column-is-layout-flow\">\n<p class=\"has-text-align-center has-blanc-coco-background-color has-background has-larger-font-size\"><strong>Integraci\u00f3n de fotograf\u00edas con relatos etnogr\u00e1ficos para apreciar la complejidad y diversidad de las infancias<\/strong><\/p>\n<\/div>\n<\/div>\n\n\n\n<div class=\"wp-block-columns alignwide are-vertically-aligned-top has-gris-pubilla-background-color has-background is-layout-flex wp-container-core-columns-is-layout-9d6595d7 wp-block-columns-is-layout-flex\">\n<div class=\"wp-block-column is-vertically-aligned-top is-layout-flow wp-block-column-is-layout-flow\">\n<h2 class=\"wp-block-heading\">1. Familiarizaci\u00f3n con los espacios<\/h2>\n\n\n\n<pre class=\"wp-block-preformatted has-small-font-size\"><strong>Materialidades<\/strong> (objetos, lugares, cuerpos) <br><strong>Mapas e itinerarios<\/strong><br>\u00bfC\u00f3mo les ni\u00f1es habitan el espacio? <br><strong>Movilidades<\/strong> y usos <br><strong>Liminalidades y fronteras<\/strong><\/pre>\n<\/div>\n\n\n\n<div class=\"wp-block-column is-vertically-aligned-top is-layout-flow wp-block-column-is-layout-flow\">\n<figure class=\"wp-block-image size-large\"><img loading=\"lazy\" decoding=\"async\" width=\"1024\" height=\"485\" src=\"https:\/\/webs.uab.cat\/agencias\/wp-content\/uploads\/sites\/478\/2025\/05\/Diari-de-camp-montse-1024x485.png\" alt=\"\" class=\"wp-image-1678\" srcset=\"https:\/\/webs.uab.cat\/agencias\/wp-content\/uploads\/sites\/478\/2025\/05\/Diari-de-camp-montse-1024x485.png 1024w, https:\/\/webs.uab.cat\/agencias\/wp-content\/uploads\/sites\/478\/2025\/05\/Diari-de-camp-montse-300x142.png 300w, https:\/\/webs.uab.cat\/agencias\/wp-content\/uploads\/sites\/478\/2025\/05\/Diari-de-camp-montse-768x364.png 768w, https:\/\/webs.uab.cat\/agencias\/wp-content\/uploads\/sites\/478\/2025\/05\/Diari-de-camp-montse-1536x728.png 1536w, https:\/\/webs.uab.cat\/agencias\/wp-content\/uploads\/sites\/478\/2025\/05\/Diari-de-camp-montse-1200x569.png 1200w, https:\/\/webs.uab.cat\/agencias\/wp-content\/uploads\/sites\/478\/2025\/05\/Diari-de-camp-montse.png 1844w\" sizes=\"auto, (max-width: 1024px) 100vw, 1024px\" \/><figcaption class=\"wp-element-caption\"><kbd>Diario multimodal Montse Rif\u00e0<\/kbd><\/figcaption><\/figure>\n<\/div>\n<\/div>\n\n\n\n<div class=\"wp-block-columns alignwide are-vertically-aligned-center has-gris-pubilla-background-color has-background is-layout-flex wp-container-core-columns-is-layout-9d6595d7 wp-block-columns-is-layout-flex\">\n<div class=\"wp-block-column is-vertically-aligned-center has-gris-londres-background-color has-background is-layout-flow wp-block-column-is-layout-flow\">\n<figure class=\"wp-block-image size-large\"><img loading=\"lazy\" decoding=\"async\" width=\"1024\" height=\"478\" src=\"https:\/\/webs.uab.cat\/agencias\/wp-content\/uploads\/sites\/478\/2025\/05\/diari-multimodal-Sara2-1024x478.png\" alt=\"\" class=\"wp-image-1687\" srcset=\"https:\/\/webs.uab.cat\/agencias\/wp-content\/uploads\/sites\/478\/2025\/05\/diari-multimodal-Sara2-1024x478.png 1024w, https:\/\/webs.uab.cat\/agencias\/wp-content\/uploads\/sites\/478\/2025\/05\/diari-multimodal-Sara2-300x140.png 300w, https:\/\/webs.uab.cat\/agencias\/wp-content\/uploads\/sites\/478\/2025\/05\/diari-multimodal-Sara2-768x358.png 768w, https:\/\/webs.uab.cat\/agencias\/wp-content\/uploads\/sites\/478\/2025\/05\/diari-multimodal-Sara2-1536x717.png 1536w, https:\/\/webs.uab.cat\/agencias\/wp-content\/uploads\/sites\/478\/2025\/05\/diari-multimodal-Sara2-1200x560.png 1200w, https:\/\/webs.uab.cat\/agencias\/wp-content\/uploads\/sites\/478\/2025\/05\/diari-multimodal-Sara2.png 1772w\" sizes=\"auto, (max-width: 1024px) 100vw, 1024px\" \/><figcaption class=\"wp-element-caption\"><em>Diario multimodal Sara L\u00f3pez<\/em><\/figcaption><\/figure>\n\n\n\n<figure class=\"wp-block-image size-large\"><img loading=\"lazy\" decoding=\"async\" width=\"1024\" height=\"478\" src=\"https:\/\/webs.uab.cat\/agencias\/wp-content\/uploads\/sites\/478\/2025\/05\/Diari-Ingrid-1024x478.png\" alt=\"\" class=\"wp-image-1690\" srcset=\"https:\/\/webs.uab.cat\/agencias\/wp-content\/uploads\/sites\/478\/2025\/05\/Diari-Ingrid-1024x478.png 1024w, https:\/\/webs.uab.cat\/agencias\/wp-content\/uploads\/sites\/478\/2025\/05\/Diari-Ingrid-300x140.png 300w, https:\/\/webs.uab.cat\/agencias\/wp-content\/uploads\/sites\/478\/2025\/05\/Diari-Ingrid-768x358.png 768w, https:\/\/webs.uab.cat\/agencias\/wp-content\/uploads\/sites\/478\/2025\/05\/Diari-Ingrid-1536x717.png 1536w, https:\/\/webs.uab.cat\/agencias\/wp-content\/uploads\/sites\/478\/2025\/05\/Diari-Ingrid-1200x560.png 1200w, https:\/\/webs.uab.cat\/agencias\/wp-content\/uploads\/sites\/478\/2025\/05\/Diari-Ingrid.png 1772w\" sizes=\"auto, (max-width: 1024px) 100vw, 1024px\" \/><figcaption class=\"wp-element-caption\"><em>Diario multimodal Ingrid Agud<\/em><\/figcaption><\/figure>\n<\/div>\n\n\n\n<div class=\"wp-block-column is-vertically-aligned-center has-gris-pubilla-background-color has-background is-layout-flow wp-block-column-is-layout-flow\">\n<h2 class=\"wp-block-heading has-text-align-left\">2. Agencias infantiles, diversidad y relacionalidades<\/h2>\n\n\n\n<pre class=\"wp-block-preformatted has-small-font-size\"><strong>Transicionalidades<\/strong> entre los espacios regulados y la comunidad<br><strong>Din\u00e1micas<\/strong> de relaci\u00f3n  y <strong>rituales<\/strong> <br><strong>L\u00edneas de deseo<\/strong> \u00bfQu\u00e9 proyectos de vida observo? \u00bfC\u00f3mo se desarrollan e interaccionan entre s\u00ed estos proyectos de vida?<br>La <strong>reflexividad<\/strong> como investigadoras \u00bfDe qu\u00e9 forma mi presencia transforma el espacio?\u00a0\u00a0\u00a0\u00a0\u00a0\u00a0\u00a0\u00a0\u00a0\u00a0<br><strong>Cuerpos, identidades y sexualidades<\/strong><br><br><\/pre>\n<\/div>\n<\/div>\n\n\n\n<div class=\"wp-block-columns alignwide has-gris-pubilla-background-color has-background is-layout-flex wp-container-core-columns-is-layout-9d6595d7 wp-block-columns-is-layout-flex\">\n<div class=\"wp-block-column is-layout-flow wp-block-column-is-layout-flow\">\n<figure class=\"wp-block-image size-full\"><img loading=\"lazy\" decoding=\"async\" width=\"710\" height=\"720\" src=\"https:\/\/webs.uab.cat\/agencias\/wp-content\/uploads\/sites\/478\/2025\/05\/sillas-negro2.png\" alt=\"\" class=\"wp-image-1750\" srcset=\"https:\/\/webs.uab.cat\/agencias\/wp-content\/uploads\/sites\/478\/2025\/05\/sillas-negro2.png 710w, https:\/\/webs.uab.cat\/agencias\/wp-content\/uploads\/sites\/478\/2025\/05\/sillas-negro2-296x300.png 296w\" sizes=\"auto, (max-width: 710px) 100vw, 710px\" \/><\/figure>\n<\/div>\n\n\n\n<div class=\"wp-block-column has-gris-londres-background-color has-background is-layout-flow wp-block-column-is-layout-flow\">\n<h2 class=\"wp-block-heading\">3. Construyendo relatos con les ni\u00f1es<\/h2>\n\n\n\n<pre class=\"wp-block-preformatted has-small-font-size\">\"La silla ha sido un espacio de creaci\u00f3n en la actividad extraescolar, como se puede ver en las fotos y hay artistas que inventan sillas. Te propongo que puedas hacer sillas de origami para explicar tu punto de vista sobre la infancia, la educaci\u00f3n y la inclusi\u00f3n. Por ejemplo, puedes crear sillas a partir de conceptos o experiencias de bienestar, emociones, imaginaci\u00f3n, libertad, v\u00ednculos, violencia... Pero sobre todo, este proyecto quiere recoger tu mirada (puedes entregar las sillas o las fotograf\u00edas, en el formato que quieras)\".\n\n<em>(Nota de la investigadora a los ni\u00f1os participantes, Trabajo de campo etnogr\u00e1fico, AGEncias, 2024).<\/em>\n<\/pre>\n<\/div>\n<\/div>\n\n\n\n<div class=\"wp-block-file aligncenter has-blanc-coco-background-color has-background\"><a id=\"wp-block-file--media-e9975a54-d10f-4138-9d6a-7cc833d7523b\" href=\"https:\/\/webs.uab.cat\/agencias\/wp-content\/uploads\/sites\/478\/2024\/02\/GUIONES-OBSERVACION-INFORME.docx\" target=\"_blank\" rel=\"noreferrer noopener\"><strong>Consulta AQU\u00cd nuestro guion de observaci\u00f3n<\/strong><\/a><\/div>\n\n\n\n<p><\/p>\n","protected":false},"excerpt":{"rendered":"<p>A lo largo del curso 2023-2024 estamos organizando sesiones para poner en com\u00fan las observaciones anotadas en los diarios de campo, durante las cuales vamos revisando y actualizando el guion de observaci\u00f3n participante en cada territorio. Los retos que el dise\u00f1o metodol\u00f3gico de esta investigaci\u00f3n se plantea son: Co-dise\u00f1amos el trabajo de campo des de [&hellip;]<\/p>\n","protected":false},"author":2756,"featured_media":0,"parent":0,"menu_order":0,"comment_status":"closed","ping_status":"closed","template":"","meta":{"footnotes":""},"class_list":["post-1615","page","type-page","status-publish","hentry"],"_links":{"self":[{"href":"https:\/\/webs.uab.cat\/agencias\/wp-json\/wp\/v2\/pages\/1615","targetHints":{"allow":["GET"]}}],"collection":[{"href":"https:\/\/webs.uab.cat\/agencias\/wp-json\/wp\/v2\/pages"}],"about":[{"href":"https:\/\/webs.uab.cat\/agencias\/wp-json\/wp\/v2\/types\/page"}],"author":[{"embeddable":true,"href":"https:\/\/webs.uab.cat\/agencias\/wp-json\/wp\/v2\/users\/2756"}],"replies":[{"embeddable":true,"href":"https:\/\/webs.uab.cat\/agencias\/wp-json\/wp\/v2\/comments?post=1615"}],"version-history":[{"count":60,"href":"https:\/\/webs.uab.cat\/agencias\/wp-json\/wp\/v2\/pages\/1615\/revisions"}],"predecessor-version":[{"id":1771,"href":"https:\/\/webs.uab.cat\/agencias\/wp-json\/wp\/v2\/pages\/1615\/revisions\/1771"}],"wp:attachment":[{"href":"https:\/\/webs.uab.cat\/agencias\/wp-json\/wp\/v2\/media?parent=1615"}],"curies":[{"name":"wp","href":"https:\/\/api.w.org\/{rel}","templated":true}]}}