{"id":19,"date":"2023-09-25T18:16:10","date_gmt":"2023-09-25T16:16:10","guid":{"rendered":"https:\/\/webs.uab.cat\/agencias\/?page_id=19"},"modified":"2025-03-05T14:13:34","modified_gmt":"2025-03-05T12:13:34","slug":"agencias","status":"publish","type":"page","link":"https:\/\/webs.uab.cat\/agencias\/","title":{"rendered":"Sobre el proyecto"},"content":{"rendered":"\n<div class=\"wp-block-columns alignfull is-layout-flex wp-container-core-columns-is-layout-9d6595d7 wp-block-columns-is-layout-flex\">\n<div class=\"wp-block-column is-layout-flow wp-block-column-is-layout-flow\">\n<div class=\"wp-block-cover is-light\" style=\"min-height:434px;aspect-ratio:unset;\"><span aria-hidden=\"true\" class=\"wp-block-cover__background has-background-dim-30 has-background-dim\"><\/span><img loading=\"lazy\" decoding=\"async\" width=\"2560\" height=\"1440\" class=\"wp-block-cover__image-background wp-image-53\" alt=\"\" src=\"https:\/\/webs.uab.cat\/agencias\/wp-content\/uploads\/sites\/478\/2023\/09\/IMG_20230424_183809-scaled.jpg\" data-object-fit=\"cover\" srcset=\"https:\/\/webs.uab.cat\/agencias\/wp-content\/uploads\/sites\/478\/2023\/09\/IMG_20230424_183809-scaled.jpg 2560w, https:\/\/webs.uab.cat\/agencias\/wp-content\/uploads\/sites\/478\/2023\/09\/IMG_20230424_183809-300x169.jpg 300w, https:\/\/webs.uab.cat\/agencias\/wp-content\/uploads\/sites\/478\/2023\/09\/IMG_20230424_183809-1024x576.jpg 1024w, https:\/\/webs.uab.cat\/agencias\/wp-content\/uploads\/sites\/478\/2023\/09\/IMG_20230424_183809-768x432.jpg 768w, https:\/\/webs.uab.cat\/agencias\/wp-content\/uploads\/sites\/478\/2023\/09\/IMG_20230424_183809-1536x864.jpg 1536w, https:\/\/webs.uab.cat\/agencias\/wp-content\/uploads\/sites\/478\/2023\/09\/IMG_20230424_183809-2048x1152.jpg 2048w, https:\/\/webs.uab.cat\/agencias\/wp-content\/uploads\/sites\/478\/2023\/09\/IMG_20230424_183809-1200x675.jpg 1200w, https:\/\/webs.uab.cat\/agencias\/wp-content\/uploads\/sites\/478\/2023\/09\/IMG_20230424_183809-1980x1114.jpg 1980w\" sizes=\"auto, (max-width: 2560px) 100vw, 2560px\" \/><div class=\"wp-block-cover__inner-container is-layout-flow wp-block-cover-is-layout-flow\">\n<p class=\"has-text-align-center has-blanc-coco-color has-text-color has-larger-font-size\"><strong><kbd><a href=\"https:\/\/webs.uab.cat\/agencias\/territorios-y-espacios\/\">Territorios y espacios<\/a><\/kbd><\/strong><\/p>\n<\/div><\/div>\n<\/div>\n\n\n\n<div class=\"wp-block-column is-layout-flow wp-block-column-is-layout-flow\">\n<div class=\"wp-block-cover\" style=\"min-height:431px;aspect-ratio:unset;\"><span aria-hidden=\"true\" class=\"wp-block-cover__background has-negre-eben-background-color has-background-dim-20 has-background-dim\"><\/span><img loading=\"lazy\" decoding=\"async\" width=\"1804\" height=\"2560\" class=\"wp-block-cover__image-background wp-image-1578\" alt=\"\" src=\"https:\/\/webs.uab.cat\/agencias\/wp-content\/uploads\/sites\/478\/2025\/02\/20240417_175518-scaled.jpg\" data-object-fit=\"cover\" srcset=\"https:\/\/webs.uab.cat\/agencias\/wp-content\/uploads\/sites\/478\/2025\/02\/20240417_175518-scaled.jpg 1804w, https:\/\/webs.uab.cat\/agencias\/wp-content\/uploads\/sites\/478\/2025\/02\/20240417_175518-211x300.jpg 211w, https:\/\/webs.uab.cat\/agencias\/wp-content\/uploads\/sites\/478\/2025\/02\/20240417_175518-721x1024.jpg 721w, https:\/\/webs.uab.cat\/agencias\/wp-content\/uploads\/sites\/478\/2025\/02\/20240417_175518-768x1090.jpg 768w, https:\/\/webs.uab.cat\/agencias\/wp-content\/uploads\/sites\/478\/2025\/02\/20240417_175518-1082x1536.jpg 1082w, https:\/\/webs.uab.cat\/agencias\/wp-content\/uploads\/sites\/478\/2025\/02\/20240417_175518-1443x2048.jpg 1443w, https:\/\/webs.uab.cat\/agencias\/wp-content\/uploads\/sites\/478\/2025\/02\/20240417_175518-1200x1703.jpg 1200w, https:\/\/webs.uab.cat\/agencias\/wp-content\/uploads\/sites\/478\/2025\/02\/20240417_175518-1980x2810.jpg 1980w\" sizes=\"auto, (max-width: 1804px) 100vw, 1804px\" \/><div class=\"wp-block-cover__inner-container is-layout-flow wp-block-cover-is-layout-flow\">\n<p class=\"has-text-align-center has-blanc-coco-color has-text-color has-larger-font-size\"><strong><kbd><a href=\"https:\/\/webs.uab.cat\/agencias\/la-etnografia\/\" target=\"_blank\" rel=\"noreferrer noopener\">La etnograf\u00eda<\/a><\/kbd><\/strong><\/p>\n<\/div><\/div>\n<\/div>\n\n\n\n<div class=\"wp-block-column is-layout-flow wp-block-column-is-layout-flow\">\n<div class=\"wp-block-cover is-light\"><span aria-hidden=\"true\" class=\"wp-block-cover__background has-background-dim-10 has-background-dim\" style=\"background-color:#95887c\"><\/span><img loading=\"lazy\" decoding=\"async\" width=\"1440\" height=\"1920\" class=\"wp-block-cover__image-background wp-image-1580\" alt=\"\" src=\"https:\/\/webs.uab.cat\/agencias\/wp-content\/uploads\/sites\/478\/2025\/02\/thumbnail_IMG_9085.jpg\" style=\"object-position:35% 31%\" data-object-fit=\"cover\" data-object-position=\"35% 31%\" srcset=\"https:\/\/webs.uab.cat\/agencias\/wp-content\/uploads\/sites\/478\/2025\/02\/thumbnail_IMG_9085.jpg 1440w, https:\/\/webs.uab.cat\/agencias\/wp-content\/uploads\/sites\/478\/2025\/02\/thumbnail_IMG_9085-225x300.jpg 225w, https:\/\/webs.uab.cat\/agencias\/wp-content\/uploads\/sites\/478\/2025\/02\/thumbnail_IMG_9085-768x1024.jpg 768w, https:\/\/webs.uab.cat\/agencias\/wp-content\/uploads\/sites\/478\/2025\/02\/thumbnail_IMG_9085-1152x1536.jpg 1152w, https:\/\/webs.uab.cat\/agencias\/wp-content\/uploads\/sites\/478\/2025\/02\/thumbnail_IMG_9085-1200x1600.jpg 1200w\" sizes=\"auto, (max-width: 1440px) 100vw, 1440px\" \/><div class=\"wp-block-cover__inner-container is-layout-flow wp-block-cover-is-layout-flow\">\n<p class=\"has-text-align-center has-blanc-coco-color has-text-color has-larger-font-size\"><strong><kbd><a href=\"https:\/\/webs.uab.cat\/agencias\/narrativas\/\" target=\"_blank\" rel=\"noreferrer noopener\">Narrativas<\/a><\/kbd><\/strong><\/p>\n<\/div><\/div>\n<\/div>\n<\/div>\n\n\n\n<div class=\"wp-block-columns alignfull is-layout-flex wp-container-core-columns-is-layout-9d6595d7 wp-block-columns-is-layout-flex\">\n<div class=\"wp-block-column is-layout-flow wp-block-column-is-layout-flow\"><\/div>\n\n\n\n<div class=\"wp-block-column is-layout-flow wp-block-column-is-layout-flow\"><\/div>\n\n\n\n<div class=\"wp-block-column is-layout-flow wp-block-column-is-layout-flow\"><\/div>\n<\/div>\n\n\n\n<p><\/p>\n\n\n\n<p class=\"alignwide\">El proyecto<strong> AGEncias: <em>\u201cAgencias infantiles, vulnerabilidad y educaci\u00f3n: Creaci\u00f3n de narrativas transmedia para la inclusi\u00f3n<\/em><\/strong><em>\u00ab<\/em>  se lleva a cabo por el grupo de investigaci\u00f3n <a rel=\"noreferrer noopener\" href=\"https:\/\/webs.uab.cat\/atlas\/\" target=\"_blank\">ATLAS <em>Intersecciones Cr\u00edticas en Educaci\u00f3n<\/em><\/a> .<\/p>\n\n\n\n<p class=\"alignwide\">Este proyecto aborda la aproximaci\u00f3n a las agencias infantiles y sus vulnerabilidades en las sociedades (inclusivas), as\u00ed como la construcci\u00f3n de sus pertenencias y proyectos de vida. Tambi\u00e9n afronta, como desaf\u00edos de la sociedad, la creaci\u00f3n y comunicaci\u00f3n de narrativas inclusivas para educar frente a las desigualdades, las relaciones abusivas en la infancia y potenciar el buen trato.<\/p>\n\n\n\n<p class=\"alignwide\">La investigaci\u00f3n consiste en entrevistas y en una etnografia en espacios socio-educativos regulados y no regulados. Incorpora la investigaci\u00f3n basada en las artes para construir narrativas (storytelling) con infantes en cuatro ciudades diferentes:  Lleida, Santa Coloma, Barcelona y Terrasa. <\/p>\n\n\n\n<h2 class=\"wp-block-heading alignwide has-text-align-left\"><strong>\u00daLTIMAS NOTICIAS <\/strong><\/h2>\n\n\n<ul class=\"wp-block-latest-posts__list alignwide wp-block-latest-posts has-background has-gris-pubilla-background-color\"><li><a class=\"wp-block-latest-posts__post-title\" href=\"https:\/\/webs.uab.cat\/agencias\/ii-congreso-internacional-de-estudios-de-la-infancia\/\">II Congreso Internacional de Estudios de la Infancia<\/a><\/li>\n<li><a class=\"wp-block-latest-posts__post-title\" href=\"https:\/\/webs.uab.cat\/agencias\/congreso-aidipe-2024\/\">Congreso AIDIPE 2024<\/a><\/li>\n<li><a class=\"wp-block-latest-posts__post-title\" href=\"https:\/\/webs.uab.cat\/agencias\/formacion-storytelling-y-narrativas-transmedia-con-melissa-nolas\/\">Formaci\u00f3n Storytelling con Melissa Nolas<\/a><\/li>\n<li><a class=\"wp-block-latest-posts__post-title\" href=\"https:\/\/webs.uab.cat\/agencias\/sesion-formativa-storytelling\/\">1\u00aa sesi\u00f3n formativa de Storytelling &#8211; Narrativas transmedia<\/a><\/li>\n<li><a class=\"wp-block-latest-posts__post-title\" href=\"https:\/\/webs.uab.cat\/agencias\/perpetua-kirby-rebeca-webb\/\">Conferencia con Perpetua Kirby y Rebeca Webb<\/a><\/li>\n<\/ul>\n\n\n<p class=\"has-text-align-right alignwide\"><strong><em><a href=\"https:\/\/webs.uab.cat\/agencias\/https-webs-uab-cat-agencias-noticias\/\" target=\"_blank\" rel=\"noreferrer noopener\">M\u00e1s not\u00edcias &gt;&gt;<\/a><\/em><\/strong><\/p>\n\n\n\n<p><\/p>\n","protected":false},"excerpt":{"rendered":"<p>El proyecto AGEncias: \u201cAgencias infantiles, vulnerabilidad y educaci\u00f3n: Creaci\u00f3n de narrativas transmedia para la inclusi\u00f3n\u00ab se lleva a cabo por el grupo de investigaci\u00f3n ATLAS Intersecciones Cr\u00edticas en Educaci\u00f3n . Este proyecto aborda la aproximaci\u00f3n a las agencias infantiles y sus vulnerabilidades en las sociedades (inclusivas), as\u00ed como la construcci\u00f3n de sus pertenencias y proyectos [&hellip;]<\/p>\n","protected":false},"author":2756,"featured_media":0,"parent":0,"menu_order":0,"comment_status":"closed","ping_status":"closed","template":"","meta":{"footnotes":""},"class_list":["post-19","page","type-page","status-publish","hentry"],"_links":{"self":[{"href":"https:\/\/webs.uab.cat\/agencias\/wp-json\/wp\/v2\/pages\/19","targetHints":{"allow":["GET"]}}],"collection":[{"href":"https:\/\/webs.uab.cat\/agencias\/wp-json\/wp\/v2\/pages"}],"about":[{"href":"https:\/\/webs.uab.cat\/agencias\/wp-json\/wp\/v2\/types\/page"}],"author":[{"embeddable":true,"href":"https:\/\/webs.uab.cat\/agencias\/wp-json\/wp\/v2\/users\/2756"}],"replies":[{"embeddable":true,"href":"https:\/\/webs.uab.cat\/agencias\/wp-json\/wp\/v2\/comments?post=19"}],"version-history":[{"count":98,"href":"https:\/\/webs.uab.cat\/agencias\/wp-json\/wp\/v2\/pages\/19\/revisions"}],"predecessor-version":[{"id":1647,"href":"https:\/\/webs.uab.cat\/agencias\/wp-json\/wp\/v2\/pages\/19\/revisions\/1647"}],"wp:attachment":[{"href":"https:\/\/webs.uab.cat\/agencias\/wp-json\/wp\/v2\/media?parent=19"}],"curies":[{"name":"wp","href":"https:\/\/api.w.org\/{rel}","templated":true}]}}