{"id":413,"date":"2023-11-05T13:13:33","date_gmt":"2023-11-05T11:13:33","guid":{"rendered":"https:\/\/webs.uab.cat\/agencias\/?page_id=413"},"modified":"2024-07-18T13:09:59","modified_gmt":"2024-07-18T11:09:59","slug":"objetivos","status":"publish","type":"page","link":"https:\/\/webs.uab.cat\/agencias\/objetivos\/","title":{"rendered":"Objetivos"},"content":{"rendered":"\n<div class=\"wp-block-media-text alignwide is-stacked-on-mobile has-gris-pubilla-background-color has-background\" style=\"grid-template-columns:43% auto\"><figure class=\"wp-block-media-text__media\"><img loading=\"lazy\" decoding=\"async\" width=\"768\" height=\"1024\" src=\"https:\/\/webs.uab.cat\/agencias\/wp-content\/uploads\/sites\/478\/2024\/01\/IMG_9410-1-768x1024.jpg\" alt=\"\" class=\"wp-image-1002 size-full\" srcset=\"https:\/\/webs.uab.cat\/agencias\/wp-content\/uploads\/sites\/478\/2024\/01\/IMG_9410-1-768x1024.jpg 768w, https:\/\/webs.uab.cat\/agencias\/wp-content\/uploads\/sites\/478\/2024\/01\/IMG_9410-1-225x300.jpg 225w, https:\/\/webs.uab.cat\/agencias\/wp-content\/uploads\/sites\/478\/2024\/01\/IMG_9410-1-1152x1536.jpg 1152w, https:\/\/webs.uab.cat\/agencias\/wp-content\/uploads\/sites\/478\/2024\/01\/IMG_9410-1-1536x2048.jpg 1536w, https:\/\/webs.uab.cat\/agencias\/wp-content\/uploads\/sites\/478\/2024\/01\/IMG_9410-1-1200x1600.jpg 1200w, https:\/\/webs.uab.cat\/agencias\/wp-content\/uploads\/sites\/478\/2024\/01\/IMG_9410-1-1980x2640.jpg 1980w, https:\/\/webs.uab.cat\/agencias\/wp-content\/uploads\/sites\/478\/2024\/01\/IMG_9410-1-scaled.jpg 1920w\" sizes=\"auto, (max-width: 768px) 100vw, 768px\" \/><\/figure><div class=\"wp-block-media-text__content\">\n<p class=\"has-large-font-size\"><strong>Objetivo General<\/strong><\/p>\n\n\n\n<p class=\"has-text-align-left has-normal-font-size\">Explorar la diversidad de agencias infantiles para la creaci\u00f3n de narrativas inclusivas transmedia.<\/p>\n\n\n\n<p class=\"has-text-align-left has-normal-font-size\"><strong>Objetivos espec\u00edficos:<\/strong><\/p>\n\n\n\n<ul class=\"wp-block-list\">\n<li>Estudiar las memorias, vulnerabilidades, pertenencias y proyectos de vida en la diversidad de agencias infantiles.<\/li>\n\n\n\n<li>Interpretar los afectos, aprendizajes y v\u00ednculos de la infancia (entre iguales y con adultos) en espacios socio-educativos regulados y no regulados.<\/li>\n\n\n\n<li>Analizar la inclusi\u00f3n a trav\u00e9s de las agencias infantiles y de estrategias de empoderamiento que contestan la discriminaci\u00f3n y exclusi\u00f3n.<\/li>\n\n\n\n<li>Promover la creatividad en los relatos de la infancia, con medios m\u00faltiples, para una educaci\u00f3n inclusiva.<\/li>\n<\/ul>\n\n\n\n<div class=\"wp-block-file aligncenter\"><a id=\"wp-block-file--media-fbfabf13-e968-46f1-9824-929c727ba1e8\" href=\"https:\/\/webs.uab.cat\/agencias\/wp-content\/uploads\/sites\/478\/2023\/12\/AGEncias2-EN.pdf\" target=\"_blank\" rel=\"noreferrer noopener\"><strong>Consulta AQU\u00cd la presentaci\u00f3n del proyecto<\/strong><\/a><\/div>\n<\/div><\/div>\n\n\n<div style=\"position: relative;width: 100%;height: 0;padding-top: 56.2500%;padding-bottom: 0;margin-top: 1.6em;margin-bottom: 0.9em;overflow: hidden;border-radius: 8px\">\n<\/div>\n<p><a href=\"https:&#x2F;&#x2F;www.canva.com&#x2F;design&#x2F;DAGLS4FD27E&#x2F;JHwINl_5JPPhdeVH7SPr4w&#x2F;view?utm_content=DAGLS4FD27E&amp;utm_campaign=designshare&amp;utm_medium=embeds&amp;utm_source=link\" target=\"_blank\" rel=\"noopener\">Dise\u00f1o<\/a> de sara lopez<\/p>\n","protected":false},"excerpt":{"rendered":"","protected":false},"author":2756,"featured_media":0,"parent":0,"menu_order":0,"comment_status":"closed","ping_status":"closed","template":"","meta":{"footnotes":""},"class_list":["post-413","page","type-page","status-publish","hentry"],"_links":{"self":[{"href":"https:\/\/webs.uab.cat\/agencias\/wp-json\/wp\/v2\/pages\/413","targetHints":{"allow":["GET"]}}],"collection":[{"href":"https:\/\/webs.uab.cat\/agencias\/wp-json\/wp\/v2\/pages"}],"about":[{"href":"https:\/\/webs.uab.cat\/agencias\/wp-json\/wp\/v2\/types\/page"}],"author":[{"embeddable":true,"href":"https:\/\/webs.uab.cat\/agencias\/wp-json\/wp\/v2\/users\/2756"}],"replies":[{"embeddable":true,"href":"https:\/\/webs.uab.cat\/agencias\/wp-json\/wp\/v2\/comments?post=413"}],"version-history":[{"count":55,"href":"https:\/\/webs.uab.cat\/agencias\/wp-json\/wp\/v2\/pages\/413\/revisions"}],"predecessor-version":[{"id":1542,"href":"https:\/\/webs.uab.cat\/agencias\/wp-json\/wp\/v2\/pages\/413\/revisions\/1542"}],"wp:attachment":[{"href":"https:\/\/webs.uab.cat\/agencias\/wp-json\/wp\/v2\/media?parent=413"}],"curies":[{"name":"wp","href":"https:\/\/api.w.org\/{rel}","templated":true}]}}