{"id":499,"date":"2023-11-18T12:21:17","date_gmt":"2023-11-18T10:21:17","guid":{"rendered":"https:\/\/webs.uab.cat\/agencias\/?page_id=499"},"modified":"2023-12-16T19:29:06","modified_gmt":"2023-12-16T17:29:06","slug":"metodologia","status":"publish","type":"page","link":"https:\/\/webs.uab.cat\/agencias\/metodologia\/","title":{"rendered":"Metodolog\u00eda"},"content":{"rendered":"\n<p><\/p>\n\n\n\n<div class=\"wp-block-columns alignwide is-layout-flex wp-container-core-columns-is-layout-9d6595d7 wp-block-columns-is-layout-flex\">\n<div class=\"wp-block-column is-layout-flow wp-block-column-is-layout-flow\">\n<p>El dise\u00f1o del marco metodol\u00f3gico durante la implementaci\u00f3n del proyecto se basar\u00e1 en las siguientes perspectivas y miradas:<\/p>\n\n\n\n<h2 class=\"wp-block-heading has-large-font-size\" style=\"text-transform:none\"><strong><kbd>Investigaci\u00f3n postcualitativa feminista<\/kbd><\/strong><\/h2>\n\n\n\n<p>Considera la agencia como relacional, distribuida e inmanente, que surge de encuentros complejos entre entidades humanas y no humanas. Desaf\u00eda la separaci\u00f3n de la naturaleza y la cultura, la materia y el discurso, y es fundamentalmente transdisciplinar.<\/p>\n\n\n\n<h2 class=\"wp-block-heading has-large-font-size\"><strong><kbd>Etnograf\u00eda multisensorial y difractiva<\/kbd><\/strong><\/h2>\n\n\n\n<p>Permite poner el \u00e9nfasis en los aspectos sensoriales, emocionales, y en los elementos habituales de la vida cotidiana que a menudo no se suelen mostrar. <\/p>\n\n\n\n<h2 class=\"wp-block-heading has-large-font-size\" style=\"font-style:normal;font-weight:600\"><strong><kbd>Producci\u00f3n de narrativas transmedia <\/kbd><\/strong><\/h2>\n\n\n\n<p>Se potenciar\u00e1n espacios de creatividad con los ni\u00f1os y ni\u00f1as para que puedan devenir narradores de historias de la inclusi\u00f3n, a partir de medios art\u00edsticos y l\u00fadicos (cine, teatro, juego, cuento\u2026).<\/p>\n\n\n\n<p><\/p>\n\n\n\n<p><\/p>\n<\/div>\n\n\n\n<div class=\"wp-block-column is-layout-flow wp-block-column-is-layout-flow\">\n<figure class=\"wp-block-image alignwide size-large\"><img loading=\"lazy\" decoding=\"async\" width=\"1024\" height=\"1024\" src=\"https:\/\/webs.uab.cat\/agencias\/wp-content\/uploads\/sites\/478\/2023\/12\/W1siZiIsIjQ3NzI0NyJdLFsicCIsImNvbnZlcnQiLCItcXVhbGl0eSA5MCAtcmVzaXplIDIwMDB4MjAwMFx1MDAzZSJdXQ-1024x1024.jpg\" alt=\"\" class=\"wp-image-843\" srcset=\"https:\/\/webs.uab.cat\/agencias\/wp-content\/uploads\/sites\/478\/2023\/12\/W1siZiIsIjQ3NzI0NyJdLFsicCIsImNvbnZlcnQiLCItcXVhbGl0eSA5MCAtcmVzaXplIDIwMDB4MjAwMFx1MDAzZSJdXQ-1024x1024.jpg 1024w, https:\/\/webs.uab.cat\/agencias\/wp-content\/uploads\/sites\/478\/2023\/12\/W1siZiIsIjQ3NzI0NyJdLFsicCIsImNvbnZlcnQiLCItcXVhbGl0eSA5MCAtcmVzaXplIDIwMDB4MjAwMFx1MDAzZSJdXQ-300x300.jpg 300w, https:\/\/webs.uab.cat\/agencias\/wp-content\/uploads\/sites\/478\/2023\/12\/W1siZiIsIjQ3NzI0NyJdLFsicCIsImNvbnZlcnQiLCItcXVhbGl0eSA5MCAtcmVzaXplIDIwMDB4MjAwMFx1MDAzZSJdXQ-150x150.jpg 150w, https:\/\/webs.uab.cat\/agencias\/wp-content\/uploads\/sites\/478\/2023\/12\/W1siZiIsIjQ3NzI0NyJdLFsicCIsImNvbnZlcnQiLCItcXVhbGl0eSA5MCAtcmVzaXplIDIwMDB4MjAwMFx1MDAzZSJdXQ-768x768.jpg 768w, https:\/\/webs.uab.cat\/agencias\/wp-content\/uploads\/sites\/478\/2023\/12\/W1siZiIsIjQ3NzI0NyJdLFsicCIsImNvbnZlcnQiLCItcXVhbGl0eSA5MCAtcmVzaXplIDIwMDB4MjAwMFx1MDAzZSJdXQ-1536x1536.jpg 1536w, https:\/\/webs.uab.cat\/agencias\/wp-content\/uploads\/sites\/478\/2023\/12\/W1siZiIsIjQ3NzI0NyJdLFsicCIsImNvbnZlcnQiLCItcXVhbGl0eSA5MCAtcmVzaXplIDIwMDB4MjAwMFx1MDAzZSJdXQ-1200x1200.jpg 1200w, https:\/\/webs.uab.cat\/agencias\/wp-content\/uploads\/sites\/478\/2023\/12\/W1siZiIsIjQ3NzI0NyJdLFsicCIsImNvbnZlcnQiLCItcXVhbGl0eSA5MCAtcmVzaXplIDIwMDB4MjAwMFx1MDAzZSJdXQ-1980x1980.jpg 1980w, https:\/\/webs.uab.cat\/agencias\/wp-content\/uploads\/sites\/478\/2023\/12\/W1siZiIsIjQ3NzI0NyJdLFsicCIsImNvbnZlcnQiLCItcXVhbGl0eSA5MCAtcmVzaXplIDIwMDB4MjAwMFx1MDAzZSJdXQ.jpg 2000w\" sizes=\"auto, (max-width: 1024px) 100vw, 1024px\" \/><\/figure>\n<\/div>\n<\/div>\n\n\n\n<div class=\"wp-block-columns alignwide are-vertically-aligned-center has-gris-pubilla-background-color has-background is-layout-flex wp-container-core-columns-is-layout-9d6595d7 wp-block-columns-is-layout-flex\">\n<div class=\"wp-block-column is-vertically-aligned-center is-layout-flow wp-block-column-is-layout-flow\">\n<p><\/p>\n\n\n\n<h3 class=\"wp-block-heading has-text-align-center has-gris-pubilla-background-color has-background has-normal-font-size\">Fase I. Dise\u00f1o<\/h3>\n\n\n\n<p class=\"has-text-align-center\">Marco te\u00f3rico y metodol\u00f3gico<\/p>\n<\/div>\n\n\n\n<div class=\"wp-block-column is-vertically-aligned-center has-blanc-coco-background-color has-background is-layout-flow wp-block-column-is-layout-flow\">\n<h3 class=\"wp-block-heading has-text-align-center has-blanc-coco-background-color has-background has-normal-font-size\">Fase II y III. Trabajo de campo y An\u00e1lisis<\/h3>\n\n\n\n<p class=\"has-text-align-center\">Entrevistas, Observaci\u00f3n participante (16 espacios)<\/p>\n<\/div>\n\n\n\n<div class=\"wp-block-column is-vertically-aligned-center is-layout-flow wp-block-column-is-layout-flow\">\n<h3 class=\"wp-block-heading has-text-align-center has-gris-pubilla-background-color has-background has-normal-font-size\">Fase IV. Producci\u00f3n narrativas<\/h3>\n\n\n\n<p class=\"has-text-align-center\">24 narrativas, al menos, 8 en coedici\u00f3n con les ni\u00f1es<\/p>\n<\/div>\n\n\n\n<div class=\"wp-block-column is-vertically-aligned-center has-blanc-coco-background-color has-background is-layout-flow wp-block-column-is-layout-flow\">\n<h3 class=\"wp-block-heading has-text-align-center has-blanc-coco-background-color has-background has-normal-font-size\">Fase V. Difusi\u00f3n y transferencia<\/h3>\n\n\n\n<p class=\"has-text-align-center\">Art\u00edculos, libros, presentacions, seminarios<\/p>\n<\/div>\n<\/div>\n","protected":false},"excerpt":{"rendered":"<p>El dise\u00f1o del marco metodol\u00f3gico durante la implementaci\u00f3n del proyecto se basar\u00e1 en las siguientes perspectivas y miradas: Investigaci\u00f3n postcualitativa feminista Considera la agencia como relacional, distribuida e inmanente, que surge de encuentros complejos entre entidades humanas y no humanas. Desaf\u00eda la separaci\u00f3n de la naturaleza y la cultura, la materia y el discurso, y [&hellip;]<\/p>\n","protected":false},"author":2756,"featured_media":0,"parent":0,"menu_order":0,"comment_status":"closed","ping_status":"closed","template":"","meta":{"footnotes":""},"class_list":["post-499","page","type-page","status-publish","hentry"],"_links":{"self":[{"href":"https:\/\/webs.uab.cat\/agencias\/wp-json\/wp\/v2\/pages\/499","targetHints":{"allow":["GET"]}}],"collection":[{"href":"https:\/\/webs.uab.cat\/agencias\/wp-json\/wp\/v2\/pages"}],"about":[{"href":"https:\/\/webs.uab.cat\/agencias\/wp-json\/wp\/v2\/types\/page"}],"author":[{"embeddable":true,"href":"https:\/\/webs.uab.cat\/agencias\/wp-json\/wp\/v2\/users\/2756"}],"replies":[{"embeddable":true,"href":"https:\/\/webs.uab.cat\/agencias\/wp-json\/wp\/v2\/comments?post=499"}],"version-history":[{"count":63,"href":"https:\/\/webs.uab.cat\/agencias\/wp-json\/wp\/v2\/pages\/499\/revisions"}],"predecessor-version":[{"id":990,"href":"https:\/\/webs.uab.cat\/agencias\/wp-json\/wp\/v2\/pages\/499\/revisions\/990"}],"wp:attachment":[{"href":"https:\/\/webs.uab.cat\/agencias\/wp-json\/wp\/v2\/media?parent=499"}],"curies":[{"name":"wp","href":"https:\/\/api.w.org\/{rel}","templated":true}]}}