{"id":2666,"date":"2024-02-13T21:02:43","date_gmt":"2024-02-13T19:02:43","guid":{"rendered":"https:\/\/webs.uab.cat\/ahcisp\/?page_id=2666"},"modified":"2024-06-10T23:32:10","modified_gmt":"2024-06-10T21:32:10","slug":"alexandre-surralles-i-calonge","status":"publish","type":"page","link":"https:\/\/webs.uab.cat\/ahcisp\/en\/alexandre-surralles-i-calonge\/","title":{"rendered":"Alexandre Surrall\u00e9s"},"content":{"rendered":"\n<div class=\"wp-block-group alignwide\"><div class=\"wp-block-group__inner-container is-layout-constrained wp-block-group-is-layout-constrained\">\n<div class=\"wp-block-columns is-layout-flex wp-container-core-columns-is-layout-9d6595d7 wp-block-columns-is-layout-flex\">\n<div class=\"wp-block-column is-layout-flow wp-block-column-is-layout-flow\" style=\"flex-basis:33.33%\">\n<figure class=\"wp-block-image size-full\"><img loading=\"lazy\" decoding=\"async\" width=\"191\" height=\"255\" src=\"https:\/\/webs.uab.cat\/ahcisp\/wp-content\/uploads\/sites\/320\/2024\/02\/Alexandre_Surralles.jpeg\" alt=\"\" class=\"wp-image-2655\" \/><\/figure>\n<\/div>\n\n\n\n<div class=\"wp-block-column has-normal-font-size is-layout-flow wp-block-column-is-layout-flow\" style=\"flex-basis:66.66%\">\n<h2 class=\"wp-block-heading\">Alexandre Surrall\u00e9s i Calonge<\/h2>\n\n\n\n<ul class=\"has-normal-font-size wp-block-list\">\n<li><strong>Role<\/strong>: collaborator, external researcher<\/li>\n\n\n\n<li><strong>Email<\/strong>: <a href=\"mailto:alexandre.surralles@ehess.fr\">alexandre.surralles@ehess.fr<\/a><\/li>\n\n\n\n<li><strong>ORCID<\/strong>: <\/li>\n<\/ul>\n<\/div>\n<\/div>\n\n\n\n<h3 class=\"wp-block-heading\">Research<\/h3>\n\n\n\n<p>Chair professor at the EHESS and senior research (director of research) at the CNRS, Alexandre Surrall\u00e9s heads the <em>Affectivit\u00e9, perception, sensation: le corps agissant<\/em> research team at the Laboratoire d&#8217;anthropologie sociale of the Coll\u00e8ge de France.&nbsp; A specialist in the anthropology of Amazonia, his research focuses on the role of affectivity in defining social ties, and covers subjects as varied as the rights of indigenous peoples and lexicography in colonial America.&nbsp; He is the author of <em>Au c\u0153ur du sens ; perception, affectivit\u00e9, action chez les Candoshi<\/em> (Paris, \u00c9ditions de la Maison des sciences de l&#8217;homme and CNRS \u00e9ditions, 2003) and <em>La raison lexicographique : d\u00e9couverte des langues et origine de l&#8217;anthropologie<\/em> (Paris, Fayard, 2023).<\/p>\n<\/div><\/div>\n\n\n\n<hr class=\"wp-block-separator has-alpha-channel-opacity\" \/>\n\n\n\n<p><a href=\"https:\/\/webs.uab.cat\/ahcisp\/en\/team\/\">&lt;&lt; Back to &#8216;Team&#8217;<\/a><\/p>\n","protected":false},"excerpt":{"rendered":"<p>Alexandre Surrall\u00e9s i Calonge Research Chair professor at the EHESS and senior research (director of research) at the CNRS, Alexandre Surrall\u00e9s heads the Affectivit\u00e9, perception, sensation: le corps agissant research team at the Laboratoire d&#8217;anthropologie sociale of the Coll\u00e8ge de France.&nbsp; A specialist in the anthropology of Amazonia, his research focuses on the role of [&hellip;]<\/p>\n","protected":false},"author":1643,"featured_media":0,"parent":0,"menu_order":0,"comment_status":"closed","ping_status":"closed","template":"","meta":{"footnotes":""},"class_list":["post-2666","page","type-page","status-publish","hentry"],"_links":{"self":[{"href":"https:\/\/webs.uab.cat\/ahcisp\/en\/wp-json\/wp\/v2\/pages\/2666","targetHints":{"allow":["GET"]}}],"collection":[{"href":"https:\/\/webs.uab.cat\/ahcisp\/en\/wp-json\/wp\/v2\/pages"}],"about":[{"href":"https:\/\/webs.uab.cat\/ahcisp\/en\/wp-json\/wp\/v2\/types\/page"}],"author":[{"embeddable":true,"href":"https:\/\/webs.uab.cat\/ahcisp\/en\/wp-json\/wp\/v2\/users\/1643"}],"replies":[{"embeddable":true,"href":"https:\/\/webs.uab.cat\/ahcisp\/en\/wp-json\/wp\/v2\/comments?post=2666"}],"version-history":[{"count":3,"href":"https:\/\/webs.uab.cat\/ahcisp\/en\/wp-json\/wp\/v2\/pages\/2666\/revisions"}],"predecessor-version":[{"id":4928,"href":"https:\/\/webs.uab.cat\/ahcisp\/en\/wp-json\/wp\/v2\/pages\/2666\/revisions\/4928"}],"wp:attachment":[{"href":"https:\/\/webs.uab.cat\/ahcisp\/en\/wp-json\/wp\/v2\/media?parent=2666"}],"curies":[{"name":"wp","href":"https:\/\/api.w.org\/{rel}","templated":true}]}}