{"id":2679,"date":"2024-02-13T21:36:27","date_gmt":"2024-02-13T19:36:27","guid":{"rendered":"https:\/\/webs.uab.cat\/ahcisp\/?page_id=2679"},"modified":"2024-06-11T12:48:24","modified_gmt":"2024-06-11T10:48:24","slug":"montserrat-ventura","status":"publish","type":"page","link":"https:\/\/webs.uab.cat\/ahcisp\/en\/montserrat-ventura\/","title":{"rendered":"Montserrat Ventura"},"content":{"rendered":"\n<div class=\"wp-block-group alignwide\"><div class=\"wp-block-group__inner-container is-layout-constrained wp-block-group-is-layout-constrained\">\n<div class=\"wp-block-columns is-layout-flex wp-container-core-columns-is-layout-9d6595d7 wp-block-columns-is-layout-flex\">\n<div class=\"wp-block-column is-layout-flow wp-block-column-is-layout-flow\" style=\"flex-basis:33.33%\">\n<figure class=\"wp-block-image size-full\"><img loading=\"lazy\" decoding=\"async\" width=\"400\" height=\"399\" src=\"https:\/\/webs.uab.cat\/ahcisp\/wp-content\/uploads\/sites\/320\/2024\/02\/Montserrat_Ventura.jpg\" alt=\"\" class=\"wp-image-2674\" srcset=\"https:\/\/webs.uab.cat\/ahcisp\/wp-content\/uploads\/sites\/320\/2024\/02\/Montserrat_Ventura.jpg 400w, https:\/\/webs.uab.cat\/ahcisp\/wp-content\/uploads\/sites\/320\/2024\/02\/Montserrat_Ventura-300x300.jpg 300w, https:\/\/webs.uab.cat\/ahcisp\/wp-content\/uploads\/sites\/320\/2024\/02\/Montserrat_Ventura-150x150.jpg 150w\" sizes=\"auto, (max-width: 400px) 100vw, 400px\" \/><\/figure>\n<\/div>\n\n\n\n<div class=\"wp-block-column is-layout-flow wp-block-column-is-layout-flow\" style=\"flex-basis:66.66%\">\n<h2 class=\"wp-block-heading\">Montserrat Ventura i Oller<\/h2>\n\n\n\n<ul class=\"has-small-font-size wp-block-list\">\n<li><strong>Role<\/strong>: Group Coordinator<\/li>\n\n\n\n<li><strong>Email<\/strong>: <a href=\"mailto:montserrat.ventura@uab.cat\">montserrat.ventura@uab.cat<\/a><\/li>\n\n\n\n<li><strong>ORCID<\/strong>: <a href=\"https:\/\/orcid.org\/0000-0001-8534-4643\">0000-0001-8534-4643<\/a><a href=\"https:\/\/uab.academia.edu\/VanessaGaibarConstans\u00f3\" target=\"_blank\" rel=\"noreferrer noopener\"><\/a><\/li>\n<\/ul>\n<\/div>\n<\/div>\n\n\n\n<h3 class=\"wp-block-heading\">Research<\/h3>\n\n\n\n<p>PhD in social anthropology and ethnology (EHESS, Paris, 2000), she has conducted fieldwork with the Tsachila society in Ecuador where she has studied the fields of shamanism, the notions of the person, miscegenation, humanity, cultural borders, peace and resolution of conflicts, mobility, time and space, as well as the local forms of knowledge and the relationships between humans and their environment. She has published articles in journals and participated in books in Europe and America. The monography <em><em>Identit\u00e9, cosmologie et chamanisme des tsachila de l\u2019\u00c9quateur. \u00c0 la crois\u00e9e des chemins<\/em><\/em> (Paris\u00a0: L\u2019Harmattan, 2009), translated into Spanish <em>En el cruce de caminos. Identidad, cosmolog\u00eda y chamanismo Tsachila<\/em> (Quito\u00a0: FLACSO \/ Abya-Yala \/ IFEA, 2012). She has coordinated the AHCISP research group several times and has participated in, or directed, Catalan, national or international research projects.<\/p>\n\n\n\n<hr class=\"wp-block-separator has-alpha-channel-opacity\" \/>\n\n\n\n<p><a href=\"https:\/\/webs.uab.cat\/ahcisp\/en\/team\/\">&lt;&lt; Back to &#8216;Team&#8217;<\/a><\/p>\n<\/div><\/div>\n","protected":false},"excerpt":{"rendered":"<p>Montserrat Ventura i Oller Research PhD in social anthropology and ethnology (EHESS, Paris, 2000), she has conducted fieldwork with the Tsachila society in Ecuador where she has studied the fields of shamanism, the notions of the person, miscegenation, humanity, cultural borders, peace and resolution of conflicts, mobility, time and space, as well as the local [&hellip;]<\/p>\n","protected":false},"author":1643,"featured_media":0,"parent":0,"menu_order":0,"comment_status":"closed","ping_status":"closed","template":"","meta":{"footnotes":""},"class_list":["post-2679","page","type-page","status-publish","hentry"],"_links":{"self":[{"href":"https:\/\/webs.uab.cat\/ahcisp\/en\/wp-json\/wp\/v2\/pages\/2679","targetHints":{"allow":["GET"]}}],"collection":[{"href":"https:\/\/webs.uab.cat\/ahcisp\/en\/wp-json\/wp\/v2\/pages"}],"about":[{"href":"https:\/\/webs.uab.cat\/ahcisp\/en\/wp-json\/wp\/v2\/types\/page"}],"author":[{"embeddable":true,"href":"https:\/\/webs.uab.cat\/ahcisp\/en\/wp-json\/wp\/v2\/users\/1643"}],"replies":[{"embeddable":true,"href":"https:\/\/webs.uab.cat\/ahcisp\/en\/wp-json\/wp\/v2\/comments?post=2679"}],"version-history":[{"count":4,"href":"https:\/\/webs.uab.cat\/ahcisp\/en\/wp-json\/wp\/v2\/pages\/2679\/revisions"}],"predecessor-version":[{"id":5009,"href":"https:\/\/webs.uab.cat\/ahcisp\/en\/wp-json\/wp\/v2\/pages\/2679\/revisions\/5009"}],"wp:attachment":[{"href":"https:\/\/webs.uab.cat\/ahcisp\/en\/wp-json\/wp\/v2\/media?parent=2679"}],"curies":[{"name":"wp","href":"https:\/\/api.w.org\/{rel}","templated":true}]}}