{"id":2904,"date":"2013-10-25T12:27:05","date_gmt":"2013-10-25T10:27:05","guid":{"rendered":"https:\/\/webs.uab.cat\/ahcisp\/?page_id=2904"},"modified":"2024-07-10T19:41:31","modified_gmt":"2024-07-10T17:41:31","slug":"contact","status":"publish","type":"page","link":"https:\/\/webs.uab.cat\/ahcisp\/en\/contact\/","title":{"rendered":"Contact"},"content":{"rendered":"\n<div class=\"wp-block-group\"><div class=\"wp-block-group__inner-container is-layout-constrained wp-block-group-is-layout-constrained\">\n<div class=\"wp-block-group\"><div class=\"wp-block-group__inner-container is-layout-constrained wp-block-group-is-layout-constrained\">\n<h3 class=\"wp-block-heading alignwide\"><strong>Grup de Recerca Antropologia i Hist\u00f2ria de la Contrucci\u00f3 de les Identitats Socials i Pol\u00edtiques<\/strong><br><\/h3>\n\n\n\n<div class=\"wp-block-group alignwide has-gris-pubilla-background-color has-background is-vertical is-layout-flex wp-container-core-group-is-layout-8cf370e7 wp-block-group-is-layout-flex\">\n<p><strong>Address<\/strong>:<\/p>\n\n\n\n<p>Despatx: B9-231<\/p>\n\n\n\n<p>Departament d\u2019Antropologia Social i Cultural<\/p>\n\n\n\n<p class=\"has-text-align-left\">Universitat Aut\u00f2noma de Barcelona<\/p>\n\n\n\n<p>Edifici B \u2013 Facultat de Filosofia i Lletres<br>08193 Bellaterra (Cerdanyola del Vall\u00e8s)<\/p>\n<\/div>\n\n\n\n<hr class=\"wp-block-separator alignwide has-alpha-channel-opacity\" \/>\n\n\n\n<div class=\"wp-block-group alignwide has-gris-pubilla-background-color has-background is-vertical is-layout-flex wp-container-core-group-is-layout-8cf370e7 wp-block-group-is-layout-flex\">\n<p><strong>Email<\/strong>: <a href=\"mailto:gr.ahcisp@uab.cat\">gr.ahcisp@uab.cat<\/a> <\/p>\n\n\n\n<p><strong>Tel<\/strong>: +34 93 586 83 22<\/p>\n\n\n\n<p><strong>Webpage<\/strong>: <a href=\"https:\/\/webs.uab.cat\/ahcisp\/linies-de-recerca\/\">https:\/\/webs.uab.cat\/ahcisp\/<\/a><\/p>\n<\/div>\n\n\n\n<hr class=\"wp-block-separator alignwide has-alpha-channel-opacity\" \/>\n\n\n\n<div class=\"wp-block-group alignwide is-vertical is-layout-flex wp-container-core-group-is-layout-8cf370e7 wp-block-group-is-layout-flex\">\n<h3 class=\"wp-block-heading has-text-align-left\"><strong>Credits<\/strong><\/h3>\n\n\n\n<p><strong>Photo web header<\/strong>: Detall fa\u00e7ana Siekopai, Amaz\u00f2nia Equatoriana (autor: Ignacio Contreras)<\/p>\n\n\n\n<p><strong>Web Development<\/strong>: Jaume Noguera<\/p>\n<\/div>\n<\/div><\/div>\n<\/div><\/div>\n","protected":false},"excerpt":{"rendered":"<p>Grup de Recerca Antropologia i Hist\u00f2ria de la Contrucci\u00f3 de les Identitats Socials i Pol\u00edtiques Address: Despatx: B9-231 Departament d\u2019Antropologia Social i Cultural Universitat Aut\u00f2noma de Barcelona Edifici B \u2013 Facultat de Filosofia i Lletres08193 Bellaterra (Cerdanyola del Vall\u00e8s) Email: gr.ahcisp@uab.cat Tel: +34 93 586 83 22 Webpage: https:\/\/webs.uab.cat\/ahcisp\/ Credits Photo web header: Detall fa\u00e7ana [&hellip;]<\/p>\n","protected":false},"author":1643,"featured_media":0,"parent":0,"menu_order":7,"comment_status":"closed","ping_status":"closed","template":"","meta":{"footnotes":""},"class_list":["post-2904","page","type-page","status-publish","hentry"],"_links":{"self":[{"href":"https:\/\/webs.uab.cat\/ahcisp\/en\/wp-json\/wp\/v2\/pages\/2904","targetHints":{"allow":["GET"]}}],"collection":[{"href":"https:\/\/webs.uab.cat\/ahcisp\/en\/wp-json\/wp\/v2\/pages"}],"about":[{"href":"https:\/\/webs.uab.cat\/ahcisp\/en\/wp-json\/wp\/v2\/types\/page"}],"author":[{"embeddable":true,"href":"https:\/\/webs.uab.cat\/ahcisp\/en\/wp-json\/wp\/v2\/users\/1643"}],"replies":[{"embeddable":true,"href":"https:\/\/webs.uab.cat\/ahcisp\/en\/wp-json\/wp\/v2\/comments?post=2904"}],"version-history":[{"count":4,"href":"https:\/\/webs.uab.cat\/ahcisp\/en\/wp-json\/wp\/v2\/pages\/2904\/revisions"}],"predecessor-version":[{"id":5271,"href":"https:\/\/webs.uab.cat\/ahcisp\/en\/wp-json\/wp\/v2\/pages\/2904\/revisions\/5271"}],"wp:attachment":[{"href":"https:\/\/webs.uab.cat\/ahcisp\/en\/wp-json\/wp\/v2\/media?parent=2904"}],"curies":[{"name":"wp","href":"https:\/\/api.w.org\/{rel}","templated":true}]}}