{"id":3088,"date":"2024-03-07T13:58:16","date_gmt":"2024-03-07T11:58:16","guid":{"rendered":"https:\/\/webs.uab.cat\/ahcisp\/?page_id=3088"},"modified":"2024-06-10T23:45:39","modified_gmt":"2024-06-10T21:45:39","slug":"monica-martinez-mauri","status":"publish","type":"page","link":"https:\/\/webs.uab.cat\/ahcisp\/en\/monica-martinez-mauri\/","title":{"rendered":"M\u00f2nica Mart\u00ednez"},"content":{"rendered":"\n<div class=\"wp-block-group alignwide\"><div class=\"wp-block-group__inner-container is-layout-constrained wp-block-group-is-layout-constrained\">\n<div class=\"wp-block-columns is-layout-flex wp-container-core-columns-is-layout-9d6595d7 wp-block-columns-is-layout-flex\">\n<div class=\"wp-block-column is-layout-flow wp-block-column-is-layout-flow\" style=\"flex-basis:33.33%\">\n<figure class=\"wp-block-image size-full\"><img loading=\"lazy\" decoding=\"async\" width=\"750\" height=\"737\" src=\"https:\/\/webs.uab.cat\/ahcisp\/wp-content\/uploads\/sites\/320\/2010\/02\/dscf0274-2.jpg\" alt=\"\" class=\"wp-image-100\" srcset=\"https:\/\/webs.uab.cat\/ahcisp\/wp-content\/uploads\/sites\/320\/2010\/02\/dscf0274-2.jpg 750w, https:\/\/webs.uab.cat\/ahcisp\/wp-content\/uploads\/sites\/320\/2010\/02\/dscf0274-2-300x295.jpg 300w\" sizes=\"auto, (max-width: 750px) 100vw, 750px\" \/><\/figure>\n<\/div>\n\n\n\n<div class=\"wp-block-column is-layout-flow wp-block-column-is-layout-flow\" style=\"flex-basis:66.66%\">\n<h2 class=\"wp-block-heading\">M\u00f2nica Mart\u00ednez Mauri<\/h2>\n\n\n\n<ul class=\"has-normal-font-size wp-block-list\">\n<li><strong>Role<\/strong>: former collaborator, external researcher<\/li>\n\n\n\n<li><strong>Email<\/strong>: martinezmauri@ub.edu<\/li>\n\n\n\n<li><strong>ORCID<\/strong>:  <a href=\"https:\/\/orcid.org\/0000-0003-1857-1146\">0000-0003-1857-1146<\/a><\/li>\n\n\n\n<li><a href=\"http:\/\/ub.academia.edu\/MonicaMart%C3%ADnezMauri\"><strong>Academia.edu<\/strong><\/a><\/li>\n<\/ul>\n<\/div>\n<\/div>\n\n\n\n<h3 class=\"wp-block-heading\">Research<\/h3>\n\n\n\n<p>Researcher and professor Serra H\u00fanter at the University of Barcelona. M\u00f2nica Mart\u00ednez has a PhD in Social Anthropology from the Autonomous University of Barcelona and the Ecole des Hautes Etudes en Sciences Sociales. He has completed third-cycle studies in the field of social anthropology, development and international relations at the EHESS and the Institut Universitaire d&#8217;Etudes du D\u00e9veloppement in Geneva. He has carried out fieldwork in the region of Kuna Yala (Panama). His research and publications are dedicated to the analysis of cultural mediation in contexts marked by development cooperation, representations of the environment, local tourism management and the implementation of indigenous rights. She has been a postdoctoral researcher, in the framework of the Juan de la Cierva program, in the CINAF Group (Indigenous and Afro-American Cultures) of the University of Barcelona and, in the framework of the Beatriu de Pin\u00f3s program, at the University of Lleida.<\/p>\n\n\n\n<hr class=\"wp-block-separator has-alpha-channel-opacity\" \/>\n\n\n\n<p><a href=\"https:\/\/webs.uab.cat\/ahcisp\/en\/team\/\">&lt;&lt; Back to &#8216;Team&#8217;<\/a><\/p>\n<\/div><\/div>\n","protected":false},"excerpt":{"rendered":"<p>M\u00f2nica Mart\u00ednez Mauri Research Researcher and professor Serra H\u00fanter at the University of Barcelona. M\u00f2nica Mart\u00ednez has a PhD in Social Anthropology from the Autonomous University of Barcelona and the Ecole des Hautes Etudes en Sciences Sociales. He has completed third-cycle studies in the field of social anthropology, development and international relations at the EHESS [&hellip;]<\/p>\n","protected":false},"author":1643,"featured_media":0,"parent":0,"menu_order":0,"comment_status":"closed","ping_status":"closed","template":"","meta":{"footnotes":""},"class_list":["post-3088","page","type-page","status-publish","hentry"],"_links":{"self":[{"href":"https:\/\/webs.uab.cat\/ahcisp\/en\/wp-json\/wp\/v2\/pages\/3088","targetHints":{"allow":["GET"]}}],"collection":[{"href":"https:\/\/webs.uab.cat\/ahcisp\/en\/wp-json\/wp\/v2\/pages"}],"about":[{"href":"https:\/\/webs.uab.cat\/ahcisp\/en\/wp-json\/wp\/v2\/types\/page"}],"author":[{"embeddable":true,"href":"https:\/\/webs.uab.cat\/ahcisp\/en\/wp-json\/wp\/v2\/users\/1643"}],"replies":[{"embeddable":true,"href":"https:\/\/webs.uab.cat\/ahcisp\/en\/wp-json\/wp\/v2\/comments?post=3088"}],"version-history":[{"count":2,"href":"https:\/\/webs.uab.cat\/ahcisp\/en\/wp-json\/wp\/v2\/pages\/3088\/revisions"}],"predecessor-version":[{"id":4990,"href":"https:\/\/webs.uab.cat\/ahcisp\/en\/wp-json\/wp\/v2\/pages\/3088\/revisions\/4990"}],"wp:attachment":[{"href":"https:\/\/webs.uab.cat\/ahcisp\/en\/wp-json\/wp\/v2\/media?parent=3088"}],"curies":[{"name":"wp","href":"https:\/\/api.w.org\/{rel}","templated":true}]}}