{"id":3199,"date":"2014-03-20T17:45:16","date_gmt":"2014-03-20T15:45:16","guid":{"rendered":"https:\/\/webs.uab.cat\/ahcisp\/?page_id=3199"},"modified":"2024-06-10T23:45:37","modified_gmt":"2024-06-10T21:45:37","slug":"josep-marti","status":"publish","type":"page","link":"https:\/\/webs.uab.cat\/ahcisp\/en\/josep-marti\/","title":{"rendered":"Josep Mart\u00ed"},"content":{"rendered":"\n<div class=\"wp-block-group alignwide\"><div class=\"wp-block-group__inner-container is-layout-constrained wp-block-group-is-layout-constrained\">\n<div class=\"wp-block-columns is-layout-flex wp-container-core-columns-is-layout-9d6595d7 wp-block-columns-is-layout-flex\">\n<div class=\"wp-block-column is-layout-flow wp-block-column-is-layout-flow\" style=\"flex-basis:33.3%\">\n<figure class=\"wp-block-image size-full\"><img loading=\"lazy\" decoding=\"async\" width=\"689\" height=\"816\" src=\"https:\/\/webs.uab.cat\/ahcisp\/wp-content\/uploads\/sites\/320\/2014\/03\/Josep-Marti.jpg\" alt=\"\" class=\"wp-image-1264\" srcset=\"https:\/\/webs.uab.cat\/ahcisp\/wp-content\/uploads\/sites\/320\/2014\/03\/Josep-Marti.jpg 689w, https:\/\/webs.uab.cat\/ahcisp\/wp-content\/uploads\/sites\/320\/2014\/03\/Josep-Marti-253x300.jpg 253w\" sizes=\"auto, (max-width: 689px) 100vw, 689px\" \/><\/figure>\n<\/div>\n\n\n\n<div class=\"wp-block-column is-layout-flow wp-block-column-is-layout-flow\" style=\"flex-basis:66.66%\">\n<h2 class=\"wp-block-heading\">Josep Mart\u00ed<\/h2>\n\n\n\n<ul class=\"has-normal-font-size wp-block-list\">\n<li><strong>Role<\/strong>: former collaborator, external researcher<\/li>\n\n\n\n<li><strong>Email<\/strong>: <a href=\"mailto:jmarti@imf.csic.es\">jmarti@imf.csic.es<\/a><\/li>\n\n\n\n<li><strong>ORCID<\/strong>:  <a href=\"https:\/\/orcid.org\/0000-0002-3739-5072\">0000-0002-3739-5072<\/a><\/li>\n<\/ul>\n<\/div>\n<\/div>\n\n\n\n<h3 class=\"wp-block-heading\">Research<\/h3>\n\n\n\n<p>Josep Mart\u00ed obtained his doctorate in 1985 at the Philipps-Universit\u00e4t de Marburg after having studied cultural anthropology in Barcelona and G\u00f6ttingen. Since 1989 he has worked as a researcher at the Mil\u00e0 i Fontanals Institution of the Superior Council of Scientific Research (Barcelona) where he directs research projects in his specialty.<\/p>\n\n\n\n<p>Throughout his professional career, the main research topics have focused on the new social meanings of intangible cultural heritage, collective identities and culture, anthropology of music and anthropology of the body. As an anthropologist he has carried out field work in different European countries, in Japan and most recently in Equatorial Guinea. The results of this work have been made known through several books, numerous articles published in specialized magazines and exhibitions. As a guest lecturer, he regularly teaches courses in his specialty at several universities in the country.<\/p>\n\n\n\n<hr class=\"wp-block-separator has-alpha-channel-opacity\" \/>\n\n\n\n<p><a href=\"https:\/\/webs.uab.cat\/ahcisp\/en\/team\/\">&lt;&lt; Back to &#8216;Team&#8217;<\/a><\/p>\n<\/div><\/div>\n","protected":false},"excerpt":{"rendered":"<p>Josep Mart\u00ed Research Josep Mart\u00ed obtained his doctorate in 1985 at the Philipps-Universit\u00e4t de Marburg after having studied cultural anthropology in Barcelona and G\u00f6ttingen. Since 1989 he has worked as a researcher at the Mil\u00e0 i Fontanals Institution of the Superior Council of Scientific Research (Barcelona) where he directs research projects in his specialty. Throughout [&hellip;]<\/p>\n","protected":false},"author":1643,"featured_media":0,"parent":0,"menu_order":1,"comment_status":"closed","ping_status":"closed","template":"","meta":{"footnotes":""},"class_list":["post-3199","page","type-page","status-publish","hentry"],"_links":{"self":[{"href":"https:\/\/webs.uab.cat\/ahcisp\/en\/wp-json\/wp\/v2\/pages\/3199","targetHints":{"allow":["GET"]}}],"collection":[{"href":"https:\/\/webs.uab.cat\/ahcisp\/en\/wp-json\/wp\/v2\/pages"}],"about":[{"href":"https:\/\/webs.uab.cat\/ahcisp\/en\/wp-json\/wp\/v2\/types\/page"}],"author":[{"embeddable":true,"href":"https:\/\/webs.uab.cat\/ahcisp\/en\/wp-json\/wp\/v2\/users\/1643"}],"replies":[{"embeddable":true,"href":"https:\/\/webs.uab.cat\/ahcisp\/en\/wp-json\/wp\/v2\/comments?post=3199"}],"version-history":[{"count":2,"href":"https:\/\/webs.uab.cat\/ahcisp\/en\/wp-json\/wp\/v2\/pages\/3199\/revisions"}],"predecessor-version":[{"id":4989,"href":"https:\/\/webs.uab.cat\/ahcisp\/en\/wp-json\/wp\/v2\/pages\/3199\/revisions\/4989"}],"wp:attachment":[{"href":"https:\/\/webs.uab.cat\/ahcisp\/en\/wp-json\/wp\/v2\/media?parent=3199"}],"curies":[{"name":"wp","href":"https:\/\/api.w.org\/{rel}","templated":true}]}}