{"id":3224,"date":"2024-03-07T18:11:28","date_gmt":"2024-03-07T16:11:28","guid":{"rendered":"https:\/\/webs.uab.cat\/ahcisp\/?page_id=3224"},"modified":"2025-03-08T19:13:11","modified_gmt":"2025-03-08T17:13:11","slug":"francisco-godoy-sepulveda","status":"publish","type":"page","link":"https:\/\/webs.uab.cat\/ahcisp\/en\/francisco-godoy-sepulveda\/","title":{"rendered":"Francisco Godoy"},"content":{"rendered":"\n<div class=\"wp-block-group alignwide\"><div class=\"wp-block-group__inner-container is-layout-constrained wp-block-group-is-layout-constrained\">\n<div class=\"wp-block-columns is-layout-flex wp-container-core-columns-is-layout-9d6595d7 wp-block-columns-is-layout-flex\">\n<div class=\"wp-block-column is-layout-flow wp-block-column-is-layout-flow\" style=\"flex-basis:33.3%\">\n<figure class=\"wp-block-image size-full\"><img loading=\"lazy\" decoding=\"async\" width=\"1031\" height=\"1375\" src=\"https:\/\/webs.uab.cat\/ahcisp\/wp-content\/uploads\/sites\/320\/2024\/03\/godoy.jpeg\" alt=\"\" class=\"wp-image-3407\" srcset=\"https:\/\/webs.uab.cat\/ahcisp\/wp-content\/uploads\/sites\/320\/2024\/03\/godoy.jpeg 1031w, https:\/\/webs.uab.cat\/ahcisp\/wp-content\/uploads\/sites\/320\/2024\/03\/godoy-225x300.jpeg 225w, https:\/\/webs.uab.cat\/ahcisp\/wp-content\/uploads\/sites\/320\/2024\/03\/godoy-768x1024.jpeg 768w\" sizes=\"auto, (max-width: 1031px) 100vw, 1031px\" \/><\/figure>\n<\/div>\n\n\n\n<div class=\"wp-block-column is-layout-flow wp-block-column-is-layout-flow\" style=\"flex-basis:66.66%\">\n<h2 class=\"wp-block-heading\">Francisco Antonio Godoy Sep\u00falveda<\/h2>\n\n\n\n<ul class=\"wp-block-list has-normal-font-size\">\n<li><strong>Role<\/strong>: external collaborator<\/li>\n\n\n\n<li><strong>Email<\/strong>: <a href=\"mailto:francisco.godoy@autonoma.cat\">francisco.godoy@autonoma.cat<\/a><\/li>\n\n\n\n<li><strong>ORCID<\/strong>:  <a href=\"https:\/\/orcid.org\/0000-0002-3426-5117\">0000-0002-3426-5117<\/a><\/li>\n\n\n\n<li><a href=\"https:\/\/www.researchgate.net\/profile\/Francisco-Sepulveda-13\">ResearchGate<\/a><\/li>\n\n\n\n<li>https:\/\/piccahers.org\/francisco-godoy\/<\/li>\n<\/ul>\n<\/div>\n<\/div>\n\n\n\n<h3 class=\"wp-block-heading\">Research<\/h3>\n\n\n\n<p>My research interests are immersed within the areas of Political Ecology and Science, Technology &amp; Society studies, particularly in the way that landscapes -as biocultural assemblages- are configured and reconfigured by human and more-than-human agencies. I am currently finishing my PhD research (at Universitat Aut\u00f2noma de Barcelona) on pastoral commons in northeastern Andalusia (Spain), biocultural configuration of landscape, conservation and socio-ecological heritagization. I have done ethnographic fieldwork both in Chile and Spain. I am also part of the association Iniciativa Comunales, an entity oriented towards the support and recognition of the commons in Spain.<\/p>\n\n\n\n<h4 class=\"wp-block-heading has-text-align-center\">Publications<\/h4>\n\n\n\n<ul class=\"wp-block-list\">\n<li>Human Ecology: Godoy-Sep\u00falveda, F., Sanosa-Cols, P., Parra, S.A. <em>et al.<\/em>&nbsp;Governance, Mobility, and Pastureland Ecology. An Eco-Anthropological Study of Three Pastoral Commons in Northeastern Andalusia. <em>Hum Ecol<\/em>&nbsp;(2024). <a href=\"https:\/\/doi.org\/10.1007\/s10745-024-00495-4\">https:\/\/doi.org\/10.1007\/s10745-024-00495-4<\/a>, <a href=\"https:\/\/link.springer.com\/article\/10.1007\/s10745-024-00495-4\">https:\/\/link.springer.com\/article\/10.1007\/s10745-024-00495-4<\/a>).<\/li>\n\n\n\n<li>Osorio Rauld A. y Godoy Sep\u00falveda F. (2023). Actitudes y rupturas discursivas de las \u00e9lites econ\u00f3micas: los gremios empresariales chilenos frente a las violaciones de derechos humanos bajo la dictadura civil-militar de Pinochet. Pol\u00edtica y Sociedad, 60(2), e76625. <a href=\"https:\/\/doi.org\/10.5209\/poso.76625 https:\/\/revistas.ucm.es\/index.php\/POSO\/article\/view\/76625\">https:\/\/doi.org\/10.5209\/poso.76625 https:\/\/revistas.ucm.es\/index.php\/POSO\/article\/view\/76625<\/a><\/li>\n\n\n\n<li><a href=\"https:\/\/revistas.ucm.es\/index.php\/POSO\/article\/view\/76625\">https:\/\/revistas.ucm.es\/index.php\/POSO\/article\/view\/76625<\/a><\/li>\n<\/ul>\n<\/div><\/div>\n\n\n\n<hr class=\"wp-block-separator has-alpha-channel-opacity\" \/>\n\n\n\n<p><a href=\"https:\/\/webs.uab.cat\/ahcisp\/en\/team\/\">&lt;&lt; Back to &#8216;Team&#8217;<\/a><\/p>\n","protected":false},"excerpt":{"rendered":"<p>Francisco Antonio Godoy Sep\u00falveda Research My research interests are immersed within the areas of Political Ecology and Science, Technology &amp; Society studies, particularly in the way that landscapes -as biocultural assemblages- are configured and reconfigured by human and more-than-human agencies. I am currently finishing my PhD research (at Universitat Aut\u00f2noma de Barcelona) on pastoral commons [&hellip;]<\/p>\n","protected":false},"author":1643,"featured_media":0,"parent":0,"menu_order":0,"comment_status":"closed","ping_status":"closed","template":"","meta":{"footnotes":""},"class_list":["post-3224","page","type-page","status-publish","hentry"],"_links":{"self":[{"href":"https:\/\/webs.uab.cat\/ahcisp\/en\/wp-json\/wp\/v2\/pages\/3224","targetHints":{"allow":["GET"]}}],"collection":[{"href":"https:\/\/webs.uab.cat\/ahcisp\/en\/wp-json\/wp\/v2\/pages"}],"about":[{"href":"https:\/\/webs.uab.cat\/ahcisp\/en\/wp-json\/wp\/v2\/types\/page"}],"author":[{"embeddable":true,"href":"https:\/\/webs.uab.cat\/ahcisp\/en\/wp-json\/wp\/v2\/users\/1643"}],"replies":[{"embeddable":true,"href":"https:\/\/webs.uab.cat\/ahcisp\/en\/wp-json\/wp\/v2\/comments?post=3224"}],"version-history":[{"count":6,"href":"https:\/\/webs.uab.cat\/ahcisp\/en\/wp-json\/wp\/v2\/pages\/3224\/revisions"}],"predecessor-version":[{"id":5852,"href":"https:\/\/webs.uab.cat\/ahcisp\/en\/wp-json\/wp\/v2\/pages\/3224\/revisions\/5852"}],"wp:attachment":[{"href":"https:\/\/webs.uab.cat\/ahcisp\/en\/wp-json\/wp\/v2\/media?parent=3224"}],"curies":[{"name":"wp","href":"https:\/\/api.w.org\/{rel}","templated":true}]}}