{"id":4206,"date":"2024-02-22T16:29:50","date_gmt":"2024-02-22T14:29:50","guid":{"rendered":"https:\/\/webs.uab.cat\/ahcisp\/?page_id=4206"},"modified":"2024-06-15T11:37:47","modified_gmt":"2024-06-15T09:37:47","slug":"team","status":"publish","type":"page","link":"https:\/\/webs.uab.cat\/ahcisp\/en\/team\/","title":{"rendered":"Team"},"content":{"rendered":"\n<figure class=\"wp-block-image size-large\"><img decoding=\"async\" src=\"https:\/\/webs.uab.cat\/ahcisp\/wp-content\/uploads\/sites\/320\/2024\/05\/equip1-1024x314.png\" alt=\"\" class=\"wp-image-3886\" \/><\/figure>\n\n\n\n<h2 class=\"wp-block-heading\">Coordinator<\/h2>\n\n\n\n<p>The AHCISP group is coordinated by Professor <a href=\"https:\/\/webs.uab.cat\/ahcisp\/en\/montserrat-ventura\/\" data-type=\"page\" data-id=\"2679\">Montserrat Ventura i Oller<\/a>.<\/p>\n\n\n\n<h2 class=\"wp-block-heading\">Researchers<\/h2>\n\n\n\n<p>List of AHCISP research members:<\/p>\n\n\n\n<ul class=\"wp-block-list\">\n<li><a href=\"https:\/\/webs.uab.cat\/ahcisp\/en\/montserrat-clua-i-faie\/\" data-type=\"page\" data-id=\"2625\">Montserrat Clua i Fain\u00e9<\/a><\/li>\n\n\n\n<li><a href=\"https:\/\/webs.uab.cat\/ahcisp\/en\/virginia-fons-renaudon\/\" data-type=\"page\" data-id=\"2447\">Virginia Fons Renaudon<\/a><\/li>\n\n\n\n<li><a href=\"https:\/\/webs.uab.cat\/ahcisp\/en\/josep-lluis-mateo-dieste\/\" data-type=\"page\" data-id=\"2571\">Josep Llu\u00eds Mateo Dieste<\/a><\/li>\n\n\n\n<li><a href=\"https:\/\/webs.uab.cat\/ahcisp\/en\/claudio-milano\/\" data-type=\"page\" data-id=\"3033\">Claudio Milano<\/a><\/li>\n\n\n\n<li><a href=\"https:\/\/webs.uab.cat\/ahcisp\/en\/didac-santos-fita\/\" data-type=\"page\" data-id=\"2605\">D\u00eddac Santos Fita<\/a><\/li>\n\n\n\n<li><a href=\"https:\/\/webs.uab.cat\/ahcisp\/en\/verena-stolcke\/\" data-type=\"page\" data-id=\"2727\">Verena Stolcke<\/a> (Fundadora)<\/li>\n\n\n\n<li><a href=\"https:\/\/webs.uab.cat\/ahcisp\/en\/montserrat-ventura\/\" data-type=\"page\" data-id=\"2679\">Montserrat Ventura Oller<\/a><\/li>\n<\/ul>\n\n\n\n<h2 class=\"wp-block-heading\"><strong>External Researchers \/ Collaborators<\/strong><\/h2>\n\n\n\n<ul class=\"wp-block-list\">\n<li><a href=\"https:\/\/webs.uab.cat\/ahcisp\/en\/silvia-g-alvarez-litben\/\" data-type=\"page\" data-id=\"2455\">Silvia G. \u00c1lvarez Litben<\/a><\/li>\n\n\n\n<li><a href=\"https:\/\/webs.uab.cat\/ahcisp\/en\/igor-bogdanovic\/\" data-type=\"page\" data-id=\"3059\">Igor Bogdanovic<\/a><\/li>\n\n\n\n<li><a href=\"https:\/\/webs.uab.cat\/ahcisp\/en\/domenico-branca\/\" data-type=\"page\" data-id=\"3068\">Domenico Branca<\/a><\/li>\n\n\n\n<li><a href=\"https:\/\/webs.uab.cat\/ahcisp\/jordi-castellvi\/\">Jordi Castellv\u00ed<\/a><\/li>\n\n\n\n<li><a href=\"https:\/\/webs.uab.cat\/ahcisp\/pablo-dominguez\/\">Pablo Dom\u00ednguez<\/a><\/li>\n\n\n\n<li><a href=\"https:\/\/webs.uab.cat\/ahcisp\/en\/miquel-figueras-moreu\/\" data-type=\"page\" data-id=\"4341\">Miquel Figueras Moreu<\/a><\/li>\n\n\n\n<li><a href=\"https:\/\/webs.uab.cat\/ahcisp\/en\/vanessa-gaibar-constanso\/\" data-type=\"page\" data-id=\"2413\">Vanessa Gaibar Constans\u00f3<\/a><\/li>\n\n\n\n<li><a href=\"https:\/\/webs.uab.cat\/ahcisp\/en\/esther-oliver-grasiot\/\">Esther Oliver Grasiot<\/a><\/li>\n\n\n\n<li><a href=\"https:\/\/webs.uab.cat\/ahcisp\/en\/alexandre-surralles-i-calonge\/\" data-type=\"page\" data-id=\"2666\">Alexandre Surrall\u00e9s i Calonge<\/a><\/li>\n\n\n\n<li><a href=\"https:\/\/webs.uab.cat\/ahcisp\/en\/alice-van-den-bogaert\/\" data-type=\"page\" data-id=\"2702\">Alice Van den Bogaert<\/a><\/li>\n\n\n\n<li><a href=\"https:\/\/webs.uab.cat\/ahcisp\/en\/maria-laura-zulaica\/\" data-type=\"page\" data-id=\"2557\">Mar\u00eda Laura Zulaica<\/a><\/li>\n<\/ul>\n\n\n\n<h3 class=\"wp-block-heading has-text-align-center\">Project Collaborators<\/h3>\n\n\n\n<p>In addition, various <a href=\"https:\/\/webs.uab.cat\/ahcisp\/en\/projects\/\" data-type=\"page\" data-id=\"4066\">projects of the AHCISP group<\/a> have incorporated other collaborators.<\/p>\n\n\n\n<h2 class=\"wp-block-heading has-text-align-left\">PhDs<\/h2>\n\n\n\n<p>For a complete list of current theses and the list of dissertations defended in the AHCISP group, see the <a href=\"https:\/\/webs.uab.cat\/ahcisp\/en\/teaching\/\">teaching <\/a>section.<\/p>\n\n\n\n<div style=\"height:20px\" aria-hidden=\"true\" class=\"wp-block-spacer\"><\/div>\n\n\n\n<h2 class=\"wp-block-heading\"><strong>Former Members and Collaborators<\/strong><\/h2>\n\n\n\n<ul class=\"wp-block-list\">\n<li><a href=\"https:\/\/webs.uab.cat\/ahcisp\/en\/yolanda-aixela\/\" data-type=\"page\" data-id=\"3180\">Yolanda Aixel\u00e0<\/a><\/li>\n\n\n\n<li><a href=\"https:\/\/webs.uab.cat\/ahcisp\/en\/alexandre-coello-de-la-rosa\/\" data-type=\"page\" data-id=\"3082\">Alexandre Coello De La Rosa<\/a><\/li>\n\n\n\n<li><a href=\"https:\/\/webs.uab.cat\/ahcisp\/en\/begonya-enguix\/\" data-type=\"page\" data-id=\"3206\">Begonya Enguix<\/a><\/li>\n\n\n\n<li><a href=\"https:\/\/webs.uab.cat\/ahcisp\/en\/marcio-ferreira\/\" data-type=\"page\" data-id=\"4630\">Marcio Ferreira da Silva<\/a><\/li>\n\n\n\n<li><a href=\"https:\/\/webs.uab.cat\/ahcisp\/en\/araceli-gonzalez\/\" data-type=\"page\" data-id=\"3171\">Araceli Gonz\u00e1lez<\/a><\/li>\n\n\n\n<li><a href=\"https:\/\/webs.uab.cat\/ahcisp\/en\/sabine-kradolfer\/\" data-type=\"page\" data-id=\"4643\">Sabine Kradolfer<\/a><\/li>\n\n\n\n<li><a href=\"https:\/\/webs.uab.cat\/ahcisp\/en\/maite-marin\/\" data-type=\"page\" data-id=\"4577\">Maite Mar\u00edn<\/a><\/li>\n\n\n\n<li><a href=\"https:\/\/webs.uab.cat\/ahcisp\/en\/josep-marti\/\" data-type=\"page\" data-id=\"3199\">Josep Mart\u00ed<\/a><\/li>\n\n\n\n<li><a href=\"https:\/\/webs.uab.cat\/ahcisp\/en\/monica-martinez-mauri\/\" data-type=\"page\" data-id=\"3088\">M\u00f2nica Mart\u00ednez Mauri<\/a><\/li>\n\n\n\n<li><a href=\"https:\/\/webs.uab.cat\/ahcisp\/en\/joan-muela-ribera\/\" data-type=\"page\" data-id=\"3106\">Joan Muela<\/a><\/li>\n\n\n\n<li><a href=\"https:\/\/webs.uab.cat\/ahcisp\/maite-ojeda-mata\/\">Maite Ojeda Mata<\/a><\/li>\n\n\n\n<li><a href=\"https:\/\/webs.uab.cat\/ahcisp\/en\/enric-porqueres\/\" data-type=\"page\" data-id=\"3191\">Enric Porqueres<\/a><\/li>\n\n\n\n<li><a href=\"https:\/\/webs.uab.cat\/ahcisp\/en\/salvador-queralt\/\" data-type=\"page\" data-id=\"4565\">Salvador Queralt<\/a><\/li>\n\n\n\n<li><a href=\"https:\/\/webs.uab.cat\/ahcisp\/en\/maria-eugenia-ramirez-goicoechea\/\" data-type=\"page\" data-id=\"4645\">Maria Eugenia Ram\u00edrez Goicoechea<\/a><\/li>\n<\/ul>\n\n\n\n<div style=\"height:20px\" aria-hidden=\"true\" class=\"wp-block-spacer\"><\/div>\n\n\n\n<h2 class=\"wp-block-heading\">Guest Researchers<\/h2>\n\n\n\n<h3 class=\"wp-block-heading has-text-align-center\"><strong>Predoc<\/strong><\/h3>\n\n\n\n<ul class=\"wp-block-list\">\n<li><strong>Mathieu Viau Courville<\/strong>, Sainsbury Research Unit for the Arts of Africa, Oceania and the Americas, University of East Anglia, Norwich, Norfolk, NR4 7TJ&nbsp; United Kingdom (UK), <em>01\/01\/2010 &#8211; 31\/12\/2010<\/em>.<\/li>\n\n\n\n<li><strong>V\u00edctor Manuel Garcia Torres<\/strong>, Universidad Nacional Aut\u00f3noma de M\u00e9xico, <em>01\/09\/2013 &#8211; 31\/12\/2013<\/em>.<\/li>\n\n\n\n<li><strong>Sandra Patricia Rodr\u00edguez Gonz\u00e1lez<\/strong> (Pontificia Universidad Javeriana, Colombia), <em>12\/09\/ 2016\/ &#8211; 25\/02\/2017<\/em><\/li>\n\n\n\n<li><strong>Aline de Oliveira Aranha<\/strong> (PPGAS_USP Brasil) Beca FAPESP \u2013 Funda\u00e7\u00e3o de Amparo \u00e0 Pesquisa do Estado de S\u00e3o Paulo, Brasil, <em>01\/12\/2016 &#8211; 04\/04\/2017<\/em><\/li>\n\n\n\n<li><strong>Julian Simoes<\/strong>, U. de Campinas Brasil, <em>01\/11\/2016 &#8211; 30\/10\/2017<\/em><\/li>\n\n\n\n<li><strong>Julian Felipe Cano Osorio<\/strong>, Doctorando en Antropolog\u00eda social en Ciesas-Sureste (San Crist\u00f3bal de Las Casas-Chiapas, M\u00e9xico), <em>01\/11\/2018 &#8211; 08\/02\/2019<\/em><\/li>\n\n\n\n<li><strong>Laura Fonseca<\/strong> (Universidade Estadual de Campinas -Unicamp-), Brasil, <em>01\/09\/2023 &#8211;&nbsp; 29\/02\/2024<\/em><\/li>\n\n\n\n<li><strong>Emma Lord<\/strong>,&nbsp;\u201cCentre for the Study of the Sciences&nbsp;and the Humanities\u201d (SVT), Universitat de Bergen, Noruega, 01\/03\/2024 &#8211; 30\/05\/2024<\/li>\n<\/ul>\n\n\n\n<h3 class=\"wp-block-heading has-text-align-center\"><strong>Postdoc<\/strong><\/h3>\n\n\n\n<ul class=\"wp-block-list\">\n<li><a href=\"https:\/\/webs.uab.cat\/ahcisp\/en\/alexandre-surralles-i-calonge\/\" data-type=\"page\" data-id=\"2666\"><strong>Alexandre Surrall\u00e9s<\/strong><\/a> (Laboratoire Anthropologie Sociale \/ CNRS-Coll\u00e8ge de France, Paris): AGAUR \u2013 PIV (profesor Investigador Visitant), <em>01\/02\/2007<\/em> &#8211; <em>30\/12\/2007<\/em>, Grup Recerca AHCISP-UAB (SGR)<\/li>\n\n\n\n<li><strong>Stefano Varesse<\/strong> (Dept. Native American Studies, Univ. California, San Diego, USA): AGAUR \u2013 PIV (profesor Investigador Visitant)<em> 10\/01\/2009<\/em> &#8211; <em>15\/03\/2009<\/em>, Grup Recerca AHCISP-UAB (SGR)<\/li>\n\n\n\n<li><strong>Luciano Literas<\/strong>, (CONICET \u2013 Universidad de Buenos Aires, Argentina). <em>01\/02\/2014 &#8211; 30 04\/2014 <\/em>Grup Recerca AHCISP-UAB (SGR)<\/li>\n\n\n\n<li><strong>Charles A. McDonald<\/strong>, (New School for social Research, New York), Wenner-Gren Foundation For Anthropological research-Dissertation Fieldwork Grant (<em>1\/08\/2015 &#8211; 31\/12\/2015<\/em>) Grup Recerca AHCISP-UAB (SGR)<\/li>\n\n\n\n<li><strong>Christina de Rezende Rubim<\/strong> (Universidade Sao Paulo, Brasil) CNPq e CAPES,&nbsp; <em>01\/09\/2014&nbsp; <\/em>&#8211; <em>30\/06\/2015<\/em>, Grup Recerca AHCISP-UAB (SGR)<\/li>\n\n\n\n<li><strong>Juan Javier Rivera And\u00eda<\/strong>: Beatriu de Pin\u00f3s-Marie Curie fellow, <em>1\/10\/2014 &#8211; 30\/09\/2016<\/em> Grup Recerca AHCISP-UAB (SGR)<\/li>\n\n\n\n<li><a href=\"https:\/\/webs.uab.cat\/ahcisp\/en\/didac-santos-fita\/\" data-type=\"page\" data-id=\"2605\"><strong>D\u00eddac Santos-Fita<\/strong><\/a> (Instituto Amaz\u00f4nico de Agriculturas Familiares, Universidade Federal do Par\u00e1 (Bel\u00e9m, Par\u00e1, Brasil), <em>17\/12\/2018 &#8211; 08\/01\/2019<\/em>, Grup Recerca AHCISP-UAB (SGR)<\/li>\n\n\n\n<li><strong>Mar\u00eda Eugenia Dom\u00ednguez<\/strong>, (Universidad Federal de Santa Catarina (Brasil), <em>06\/03\/2020 &#8211; 31\/08\/2020<\/em>, Grup Recerca AHCISP-UAB (SGR)<\/li>\n\n\n\n<li><strong>Maria Audirene de Souza Cordeiro<\/strong>, Univ. Federal Amazonas (Manaos, Brasil). Estancia Post-Doctoral, Funda\u00e7\u00e3o de Amparo \u00e0 Pesquisa do Estado do Amazonas &#8211; FAPEAM &#8211; \u2013 PRODOC\/FAPEAM N\u00ba 003\/2022; Grup de Recerca AHCISP- UAB: <em>01\/06\/2022 &#8211; 01\/06\/ 2023<\/em><\/li>\n\n\n\n<li><strong>Marisa C. Gaspar<\/strong> (ISEG, Universidade de Lisboa. PostDoctoral Fellow by Foundation for Science and Technology), <em>21\/10\/2022 &#8211; 21\/12\/2022<\/em>, Grup de recerca AHCISP, UAB.<\/li>\n<\/ul>\n\n\n\n<div style=\"height:20px\" aria-hidden=\"true\" class=\"wp-block-spacer\"><\/div>\n\n\n\n<h2 class=\"wp-block-heading\">Founding Members<\/h2>\n\n\n\n<p>The founding members of the AHCISP research group were: Verena Stolcke, Montserrat Clua i Fain\u00e9, Alexandre Coello De la Rosa, M\u00f2nica Mart\u00ednez Mauri, Josep Llu\u00eds Mateo Dieste, Maite Ojeda Mata, Alice Van den Bogaert and Montserrat Ventura i Oller.<\/p>\n","protected":false},"excerpt":{"rendered":"<p>Coordinator The AHCISP group is coordinated by Professor Montserrat Ventura i Oller. Researchers List of AHCISP research members: External Researchers \/ Collaborators Project Collaborators In addition, various projects of the AHCISP group have incorporated other collaborators. PhDs For a complete list of current theses and the list of dissertations defended in the AHCISP group, see [&hellip;]<\/p>\n","protected":false},"author":1643,"featured_media":0,"parent":0,"menu_order":0,"comment_status":"closed","ping_status":"closed","template":"","meta":{"footnotes":""},"class_list":["post-4206","page","type-page","status-publish","hentry"],"_links":{"self":[{"href":"https:\/\/webs.uab.cat\/ahcisp\/en\/wp-json\/wp\/v2\/pages\/4206","targetHints":{"allow":["GET"]}}],"collection":[{"href":"https:\/\/webs.uab.cat\/ahcisp\/en\/wp-json\/wp\/v2\/pages"}],"about":[{"href":"https:\/\/webs.uab.cat\/ahcisp\/en\/wp-json\/wp\/v2\/types\/page"}],"author":[{"embeddable":true,"href":"https:\/\/webs.uab.cat\/ahcisp\/en\/wp-json\/wp\/v2\/users\/1643"}],"replies":[{"embeddable":true,"href":"https:\/\/webs.uab.cat\/ahcisp\/en\/wp-json\/wp\/v2\/comments?post=4206"}],"version-history":[{"count":16,"href":"https:\/\/webs.uab.cat\/ahcisp\/en\/wp-json\/wp\/v2\/pages\/4206\/revisions"}],"predecessor-version":[{"id":5148,"href":"https:\/\/webs.uab.cat\/ahcisp\/en\/wp-json\/wp\/v2\/pages\/4206\/revisions\/5148"}],"wp:attachment":[{"href":"https:\/\/webs.uab.cat\/ahcisp\/en\/wp-json\/wp\/v2\/media?parent=4206"}],"curies":[{"name":"wp","href":"https:\/\/api.w.org\/{rel}","templated":true}]}}