{"id":2456,"date":"2024-02-03T16:35:30","date_gmt":"2024-02-03T14:35:30","guid":{"rendered":"https:\/\/webs.uab.cat\/ahcisp\/?page_id=2456"},"modified":"2024-06-10T23:09:12","modified_gmt":"2024-06-10T21:09:12","slug":"silvia-g-alvarez-litben","status":"publish","type":"page","link":"https:\/\/webs.uab.cat\/ahcisp\/es\/silvia-g-alvarez-litben\/","title":{"rendered":"Silvia G. \u00c1lvarez"},"content":{"rendered":"\n<div class=\"wp-block-columns is-layout-flex wp-container-core-columns-is-layout-9d6595d7 wp-block-columns-is-layout-flex\">\n<div class=\"wp-block-column is-layout-flow wp-block-column-is-layout-flow\" style=\"flex-basis:33.33%\">\n<figure class=\"wp-block-image size-full\"><img loading=\"lazy\" decoding=\"async\" width=\"777\" height=\"1024\" src=\"https:\/\/webs.uab.cat\/ahcisp\/wp-content\/uploads\/sites\/320\/2024\/02\/Silvia-Graciela-Alvarez-Litben.jpeg\" alt=\"\" class=\"wp-image-2460\" srcset=\"https:\/\/webs.uab.cat\/ahcisp\/wp-content\/uploads\/sites\/320\/2024\/02\/Silvia-Graciela-Alvarez-Litben.jpeg 777w, https:\/\/webs.uab.cat\/ahcisp\/wp-content\/uploads\/sites\/320\/2024\/02\/Silvia-Graciela-Alvarez-Litben-228x300.jpeg 228w, https:\/\/webs.uab.cat\/ahcisp\/wp-content\/uploads\/sites\/320\/2024\/02\/Silvia-Graciela-Alvarez-Litben-768x1012.jpeg 768w\" sizes=\"auto, (max-width: 777px) 100vw, 777px\" \/><\/figure>\n<\/div>\n\n\n\n<div class=\"wp-block-column is-layout-flow wp-block-column-is-layout-flow\" style=\"flex-basis:66.66%\">\n<h2 class=\"wp-block-heading\">Silvia G. \u00c1lvarez Litben<\/h2>\n\n\n\n<ul class=\"has-normal-font-size wp-block-list\">\n<li><strong>Vinculaci\u00f3n<\/strong>: colaboradora, investigadora externa<\/li>\n\n\n\n<li><strong>Correo<\/strong>: <a href=\"mailto:vanessa.gaibar@gmail.com\" target=\"_blank\" rel=\"noreferrer noopener\"> <\/a><a href=\"mailto:silvia.alvarez@uab.cat\" target=\"_blank\" rel=\"noreferrer noopener\">silvia.alvarez@uab.cat<\/a><\/li>\n\n\n\n<li><strong>ORCID<\/strong>:  <a href=\"https:\/\/orcid.org\/0000-0002-9092-1764\">0000-0002-9092-1764<\/a><\/li>\n\n\n\n<li><a href=\"https:\/\/www.researchgate.net\/profile\/Silvia-Alvarez-Litben\" target=\"_blank\" rel=\"noreferrer noopener\"><strong>ResearchGate<\/strong><\/a><\/li>\n<\/ul>\n<\/div>\n<\/div>\n\n\n\n<h2 class=\"wp-block-heading\">L\u00edneas de Investigaci\u00f3n<\/h2>\n\n\n\n<p>Fundadora y Directora del \u201cGrup de Recerca Interdisciplinari, Hist\u00f2rica, Ambiental i Cultural\u201d \u2013 GIRHAC de la UAB. Mis temas de investigaci\u00f3n son: a) Procesos de resistencia \u00e9tnica en Am\u00e9rica; b) Pol\u00edticas sociales, procesos de desarrollo y el concepto de Buen Vivir (Sumak Kawsay); c) Construcci\u00f3n de identidades y territorialidad \u00e9tnica en la costa ecuatoriana; d) Relaciones sociedad-naturaleza(s) y colonialidad; e) Uso de tecnolog\u00edas prehisp\u00e1nicas para el manejo del agua; f) Organizaci\u00f3n comunal, manejo de los recursos colectivos, y sustentabilidad; g) Transferencia y aplicaci\u00f3n de conocimiento cient\u00edfico a trav\u00e9s de museos, documentales y consultor\u00edas; y h) Patrimonios culturales, saberes ancestrales, y an\u00e1lisis simb\u00f3licos. Como l\u00edneas y temas de inter\u00e9s destaco: a) Relaciones inter\u00e9tnicas, interculturalidad, aculturaci\u00f3n; b) Investigaci\u00f3n interdisciplinar cualitativa y participativa; c) Procesos de transformaci\u00f3n social y ambiental de larga duraci\u00f3n y d) Gesti\u00f3n de bienes comunales. Actualmente asesora del <a href=\"http:\/\/www.complejoculturalrealalto.org\/\">\u201cComplejo Cultural Real Alto\u201d en la Comuna Pechiche, Santa Elena, Ecuador<\/a>.<\/p>\n\n\n\n<hr class=\"wp-block-separator has-alpha-channel-opacity\" \/>\n\n\n\n<p><a href=\"https:\/\/webs.uab.cat\/ahcisp\/es\/equipo\/\">&lt;&lt; Volver a &#8216;Equipo&#8217;<\/a><\/p>\n","protected":false},"excerpt":{"rendered":"<p>Silvia G. \u00c1lvarez Litben L\u00edneas de Investigaci\u00f3n Fundadora y Directora del \u201cGrup de Recerca Interdisciplinari, Hist\u00f2rica, Ambiental i Cultural\u201d \u2013 GIRHAC de la UAB. Mis temas de investigaci\u00f3n son: a) Procesos de resistencia \u00e9tnica en Am\u00e9rica; b) Pol\u00edticas sociales, procesos de desarrollo y el concepto de Buen Vivir (Sumak Kawsay); c) Construcci\u00f3n de identidades y [&hellip;]<\/p>\n","protected":false},"author":1643,"featured_media":0,"parent":0,"menu_order":0,"comment_status":"closed","ping_status":"closed","template":"","meta":{"footnotes":""},"class_list":["post-2456","page","type-page","status-publish","hentry"],"_links":{"self":[{"href":"https:\/\/webs.uab.cat\/ahcisp\/es\/wp-json\/wp\/v2\/pages\/2456","targetHints":{"allow":["GET"]}}],"collection":[{"href":"https:\/\/webs.uab.cat\/ahcisp\/es\/wp-json\/wp\/v2\/pages"}],"about":[{"href":"https:\/\/webs.uab.cat\/ahcisp\/es\/wp-json\/wp\/v2\/types\/page"}],"author":[{"embeddable":true,"href":"https:\/\/webs.uab.cat\/ahcisp\/es\/wp-json\/wp\/v2\/users\/1643"}],"replies":[{"embeddable":true,"href":"https:\/\/webs.uab.cat\/ahcisp\/es\/wp-json\/wp\/v2\/comments?post=2456"}],"version-history":[{"count":3,"href":"https:\/\/webs.uab.cat\/ahcisp\/es\/wp-json\/wp\/v2\/pages\/2456\/revisions"}],"predecessor-version":[{"id":4818,"href":"https:\/\/webs.uab.cat\/ahcisp\/es\/wp-json\/wp\/v2\/pages\/2456\/revisions\/4818"}],"wp:attachment":[{"href":"https:\/\/webs.uab.cat\/ahcisp\/es\/wp-json\/wp\/v2\/media?parent=2456"}],"curies":[{"name":"wp","href":"https:\/\/api.w.org\/{rel}","templated":true}]}}