{"id":2479,"date":"2024-02-03T17:03:59","date_gmt":"2024-02-03T15:03:59","guid":{"rendered":"https:\/\/webs.uab.cat\/ahcisp\/?page_id=2479"},"modified":"2024-06-10T23:17:57","modified_gmt":"2024-06-10T21:17:57","slug":"ramon-massana-codina","status":"publish","type":"page","link":"https:\/\/webs.uab.cat\/ahcisp\/es\/ramon-massana-codina\/","title":{"rendered":"Ramon Massana"},"content":{"rendered":"\n<div class=\"wp-block-group alignwide\"><div class=\"wp-block-group__inner-container is-layout-constrained wp-block-group-is-layout-constrained\">\n<div class=\"wp-block-columns is-layout-flex wp-container-core-columns-is-layout-9d6595d7 wp-block-columns-is-layout-flex\">\n<div class=\"wp-block-column is-layout-flow wp-block-column-is-layout-flow\" style=\"flex-basis:33.33%\">\n<figure class=\"wp-block-image size-full\"><img loading=\"lazy\" decoding=\"async\" width=\"2318\" height=\"2031\" src=\"https:\/\/webs.uab.cat\/ahcisp\/wp-content\/uploads\/sites\/320\/2024\/02\/Ramon-Massana.png\" alt=\"\" class=\"wp-image-2458\" srcset=\"https:\/\/webs.uab.cat\/ahcisp\/wp-content\/uploads\/sites\/320\/2024\/02\/Ramon-Massana.png 2318w, https:\/\/webs.uab.cat\/ahcisp\/wp-content\/uploads\/sites\/320\/2024\/02\/Ramon-Massana-300x263.png 300w, https:\/\/webs.uab.cat\/ahcisp\/wp-content\/uploads\/sites\/320\/2024\/02\/Ramon-Massana-1024x897.png 1024w, https:\/\/webs.uab.cat\/ahcisp\/wp-content\/uploads\/sites\/320\/2024\/02\/Ramon-Massana-768x673.png 768w, https:\/\/webs.uab.cat\/ahcisp\/wp-content\/uploads\/sites\/320\/2024\/02\/Ramon-Massana-1536x1346.png 1536w, https:\/\/webs.uab.cat\/ahcisp\/wp-content\/uploads\/sites\/320\/2024\/02\/Ramon-Massana-2048x1794.png 2048w, https:\/\/webs.uab.cat\/ahcisp\/wp-content\/uploads\/sites\/320\/2024\/02\/Ramon-Massana-1200x1051.png 1200w, https:\/\/webs.uab.cat\/ahcisp\/wp-content\/uploads\/sites\/320\/2024\/02\/Ramon-Massana-1980x1735.png 1980w\" sizes=\"auto, (max-width: 2318px) 100vw, 2318px\" \/><\/figure>\n<\/div>\n\n\n\n<div class=\"wp-block-column is-layout-flow wp-block-column-is-layout-flow\" style=\"flex-basis:66.66%\">\n<h2 class=\"wp-block-heading\"><strong>Ramon Massana Codina<\/strong><\/h2>\n\n\n\n<ul class=\"has-small-font-size wp-block-list\">\n<li><strong>Vinculaci\u00f3n<\/strong>: doctorando<\/li>\n\n\n\n<li><strong>Correo<\/strong>: <a href=\"mailto:ramon.massana@autonoma.cat\" target=\"_blank\" rel=\"noreferrer noopener\">ramon.massana@autonoma.ca<\/a><\/li>\n\n\n\n<li><strong>ORCID<\/strong>: <a href=\"https:\/\/orcid.org\/my-orcid?orcid=0009-0005-0067-9767\">0009-0005-0067-976<\/a><\/li>\n<\/ul>\n<\/div>\n<\/div>\n\n\n\n<h3 class=\"wp-block-heading\">L\u00edneas de Investigaci\u00f3n<\/h3>\n\n\n\n<p>Licenciado en Antropolog\u00eda Social y Cultural (UB), M\u00e1ster en Historia Contempor\u00e1nea (UAB) y doctorando en Antropolog\u00eda Social y Cultual (UAB).<\/p>\n\n\n\n<p>Ha sido profesor de la asignatura <em>Sociedad y cultura<\/em> en el grado de Educaci\u00f3n Social en la Universidad de Vic, y docente en diferentes centros de educaci\u00f3n secundaria y de formaci\u00f3n de adultos.<\/p>\n\n\n\n<p>Sus temas de inter\u00e9s est\u00e1n vinculados a la antropolog\u00eda hist\u00f3rica. Actualmente trabaja en su tesis <em>La memoria anarquista en el Bergued\u00e0: una mirada desde la antropolog\u00eda hist\u00f3rica<\/em>, bajo la direcci\u00f3n de la Dra. Montserrat Clua, y que se encuadra en la l\u00ednea <em>1. Intersectional exclusions, conflict movements and conflict resolution<\/em> del SGR del grupo de investigaci\u00f3n AHCISP.<\/p>\n\n\n\n<p>Ha publicado el libro <em>Foc i brases. Rep\u00fablica, guerra <\/em><em>i<\/em><em> postguerra <\/em><em>a<\/em><em> Vilada<\/em> (L&#8217;Albada, 2020), el volumen de memorias de ancianos del Bergued\u00e0 <em>Vid<\/em><em>e<\/em><em>s<\/em> (L&#8217;Albada, 2017) y ha publicado diversas entrevistas relacionadas con la memoria anarquista para la revista Catalunya, entre otros.<\/p>\n<\/div><\/div>\n\n\n\n<hr class=\"wp-block-separator has-alpha-channel-opacity\" \/>\n\n\n\n<p><a href=\"https:\/\/webs.uab.cat\/ahcisp\/es\/equipo\/\">&lt;&lt; Volver a &#8216;Equipo&#8217;<\/a><\/p>\n","protected":false},"excerpt":{"rendered":"<p>Ramon Massana Codina L\u00edneas de Investigaci\u00f3n Licenciado en Antropolog\u00eda Social y Cultural (UB), M\u00e1ster en Historia Contempor\u00e1nea (UAB) y doctorando en Antropolog\u00eda Social y Cultual (UAB). Ha sido profesor de la asignatura Sociedad y cultura en el grado de Educaci\u00f3n Social en la Universidad de Vic, y docente en diferentes centros de educaci\u00f3n secundaria y [&hellip;]<\/p>\n","protected":false},"author":1643,"featured_media":0,"parent":0,"menu_order":0,"comment_status":"closed","ping_status":"closed","template":"","meta":{"footnotes":""},"class_list":["post-2479","page","type-page","status-publish","hentry"],"_links":{"self":[{"href":"https:\/\/webs.uab.cat\/ahcisp\/es\/wp-json\/wp\/v2\/pages\/2479","targetHints":{"allow":["GET"]}}],"collection":[{"href":"https:\/\/webs.uab.cat\/ahcisp\/es\/wp-json\/wp\/v2\/pages"}],"about":[{"href":"https:\/\/webs.uab.cat\/ahcisp\/es\/wp-json\/wp\/v2\/types\/page"}],"author":[{"embeddable":true,"href":"https:\/\/webs.uab.cat\/ahcisp\/es\/wp-json\/wp\/v2\/users\/1643"}],"replies":[{"embeddable":true,"href":"https:\/\/webs.uab.cat\/ahcisp\/es\/wp-json\/wp\/v2\/comments?post=2479"}],"version-history":[{"count":3,"href":"https:\/\/webs.uab.cat\/ahcisp\/es\/wp-json\/wp\/v2\/pages\/2479\/revisions"}],"predecessor-version":[{"id":4857,"href":"https:\/\/webs.uab.cat\/ahcisp\/es\/wp-json\/wp\/v2\/pages\/2479\/revisions\/4857"}],"wp:attachment":[{"href":"https:\/\/webs.uab.cat\/ahcisp\/es\/wp-json\/wp\/v2\/media?parent=2479"}],"curies":[{"name":"wp","href":"https:\/\/api.w.org\/{rel}","templated":true}]}}