{"id":2494,"date":"2024-02-03T18:17:59","date_gmt":"2024-02-03T16:17:59","guid":{"rendered":"https:\/\/webs.uab.cat\/ahcisp\/?page_id=2494"},"modified":"2024-06-10T23:17:38","modified_gmt":"2024-06-10T21:17:38","slug":"margherita-tancini","status":"publish","type":"page","link":"https:\/\/webs.uab.cat\/ahcisp\/es\/margherita-tancini\/","title":{"rendered":"Margherita Tancini"},"content":{"rendered":"\n<div class=\"wp-block-group alignwide\"><div class=\"wp-block-group__inner-container is-layout-constrained wp-block-group-is-layout-constrained\">\n<div class=\"wp-block-columns is-layout-flex wp-container-core-columns-is-layout-9d6595d7 wp-block-columns-is-layout-flex\">\n<div class=\"wp-block-column is-layout-flow wp-block-column-is-layout-flow\" style=\"flex-basis:33.33%\">\n<figure class=\"wp-block-image size-full\"><img loading=\"lazy\" decoding=\"async\" width=\"824\" height=\"1024\" src=\"https:\/\/webs.uab.cat\/ahcisp\/wp-content\/uploads\/sites\/320\/2024\/02\/Margherita-Tancini.jpg\" alt=\"\" class=\"wp-image-2490\" srcset=\"https:\/\/webs.uab.cat\/ahcisp\/wp-content\/uploads\/sites\/320\/2024\/02\/Margherita-Tancini.jpg 824w, https:\/\/webs.uab.cat\/ahcisp\/wp-content\/uploads\/sites\/320\/2024\/02\/Margherita-Tancini-241x300.jpg 241w, https:\/\/webs.uab.cat\/ahcisp\/wp-content\/uploads\/sites\/320\/2024\/02\/Margherita-Tancini-768x954.jpg 768w\" sizes=\"auto, (max-width: 824px) 100vw, 824px\" \/><\/figure>\n<\/div>\n\n\n\n<div class=\"wp-block-column is-layout-flow wp-block-column-is-layout-flow\" style=\"flex-basis:66.66%\">\n<h2 class=\"wp-block-heading\">Margherita Tancini<\/h2>\n\n\n\n<ul class=\"has-small-font-size wp-block-list\">\n<li><strong>Vinculaci\u00f3n<\/strong>: doctoranda<\/li>\n\n\n\n<li><strong>Correo<\/strong>: <a href=\"mailto:1625518@uab.cat\" target=\"_blank\" rel=\"noreferrer noopener\">1625518@uab.cat<\/a><\/li>\n\n\n\n<li><strong>ORCID<\/strong>: <\/li>\n<\/ul>\n<\/div>\n<\/div>\n\n\n\n<h3 class=\"wp-block-heading\">L\u00edneas de Investigaci\u00f3n<\/h3>\n\n\n\n<p>Actualmente trabajando en una investigaci\u00f3n de doctorado con el objetivo de analizar el desarrollo tur\u00edstico de la provincia de Manab\u00ed, Ecuador. En concreto, la tesis se centra en c\u00f3mo ha evolucionado el turismo en las comunidades de Pile y Ayampe desde una perspectiva de identidades y g\u00e9nero.<\/p>\n\n\n\n<p>Mis principales l\u00edneas de investigaci\u00f3n son espec\u00edficamente la identidad local de la provincia de Manab\u00ed, turismo comunitario, g\u00e9nero y mujeres turistas \u201csolo travelers\u201d. He tenido el placer de participar como ponente en conferencias como el congreso internacional \u00abCiencia, investigaci\u00f3n, desarrollo y tecnolog\u00eda\u00bb por la Universidad Estatal del Sur de Manab\u00ed (marzo 2023), congreso internacional SOCANTUR (junio 2023), congreso Antropolog\u00eda ASAEE (septiembre 2023) y en el \u00abForo internacional de mujeres poderosas y resilientes reactivando la econom\u00eda 2020\u00bb por el colectivo \u201cAlas -ec\u201d.<\/p>\n<\/div><\/div>\n\n\n\n<hr class=\"wp-block-separator has-alpha-channel-opacity\" \/>\n\n\n\n<p><a href=\"https:\/\/webs.uab.cat\/ahcisp\/es\/equipo\/\">&lt;&lt; Volver a &#8216;Equipo&#8217;<\/a><\/p>\n","protected":false},"excerpt":{"rendered":"<p>Margherita Tancini L\u00edneas de Investigaci\u00f3n Actualmente trabajando en una investigaci\u00f3n de doctorado con el objetivo de analizar el desarrollo tur\u00edstico de la provincia de Manab\u00ed, Ecuador. En concreto, la tesis se centra en c\u00f3mo ha evolucionado el turismo en las comunidades de Pile y Ayampe desde una perspectiva de identidades y g\u00e9nero. Mis principales l\u00edneas [&hellip;]<\/p>\n","protected":false},"author":1643,"featured_media":0,"parent":0,"menu_order":0,"comment_status":"closed","ping_status":"closed","template":"","meta":{"footnotes":""},"class_list":["post-2494","page","type-page","status-publish","hentry"],"_links":{"self":[{"href":"https:\/\/webs.uab.cat\/ahcisp\/es\/wp-json\/wp\/v2\/pages\/2494","targetHints":{"allow":["GET"]}}],"collection":[{"href":"https:\/\/webs.uab.cat\/ahcisp\/es\/wp-json\/wp\/v2\/pages"}],"about":[{"href":"https:\/\/webs.uab.cat\/ahcisp\/es\/wp-json\/wp\/v2\/types\/page"}],"author":[{"embeddable":true,"href":"https:\/\/webs.uab.cat\/ahcisp\/es\/wp-json\/wp\/v2\/users\/1643"}],"replies":[{"embeddable":true,"href":"https:\/\/webs.uab.cat\/ahcisp\/es\/wp-json\/wp\/v2\/comments?post=2494"}],"version-history":[{"count":2,"href":"https:\/\/webs.uab.cat\/ahcisp\/es\/wp-json\/wp\/v2\/pages\/2494\/revisions"}],"predecessor-version":[{"id":4846,"href":"https:\/\/webs.uab.cat\/ahcisp\/es\/wp-json\/wp\/v2\/pages\/2494\/revisions\/4846"}],"wp:attachment":[{"href":"https:\/\/webs.uab.cat\/ahcisp\/es\/wp-json\/wp\/v2\/media?parent=2494"}],"curies":[{"name":"wp","href":"https:\/\/api.w.org\/{rel}","templated":true}]}}