{"id":2554,"date":"2024-02-03T18:30:47","date_gmt":"2024-02-03T16:30:47","guid":{"rendered":"https:\/\/webs.uab.cat\/ahcisp\/?page_id=2554"},"modified":"2024-06-10T23:18:05","modified_gmt":"2024-06-10T21:18:05","slug":"luisa-pelaez-cordoba","status":"publish","type":"page","link":"https:\/\/webs.uab.cat\/ahcisp\/es\/luisa-pelaez-cordoba\/","title":{"rendered":"Luisa Pel\u00e1ez"},"content":{"rendered":"\n<div class=\"wp-block-group alignwide\"><div class=\"wp-block-group__inner-container is-layout-constrained wp-block-group-is-layout-constrained\">\n<div class=\"wp-block-columns is-layout-flex wp-container-core-columns-is-layout-9d6595d7 wp-block-columns-is-layout-flex\">\n<div class=\"wp-block-column is-layout-flow wp-block-column-is-layout-flow\" style=\"flex-basis:33.33%\">\n<figure class=\"wp-block-image size-full\"><img loading=\"lazy\" decoding=\"async\" width=\"494\" height=\"659\" src=\"https:\/\/webs.uab.cat\/ahcisp\/wp-content\/uploads\/sites\/320\/2024\/02\/Luisa-Pelaez-Cordoba.jpeg\" alt=\"\" class=\"wp-image-2514\" srcset=\"https:\/\/webs.uab.cat\/ahcisp\/wp-content\/uploads\/sites\/320\/2024\/02\/Luisa-Pelaez-Cordoba.jpeg 494w, https:\/\/webs.uab.cat\/ahcisp\/wp-content\/uploads\/sites\/320\/2024\/02\/Luisa-Pelaez-Cordoba-225x300.jpeg 225w\" sizes=\"auto, (max-width: 494px) 100vw, 494px\" \/><\/figure>\n<\/div>\n\n\n\n<div class=\"wp-block-column is-layout-flow wp-block-column-is-layout-flow\" style=\"flex-basis:66.66%\">\n<h2 class=\"wp-block-heading\">Luisa Pel\u00e1ez Cordoba<\/h2>\n\n\n\n<ul class=\"has-small-font-size wp-block-list\">\n<li><strong>Vinculaci\u00f3n<\/strong>: doctoranda<\/li>\n\n\n\n<li><strong>Correo<\/strong>: <a href=\"mailto:luisafernanda.pelaez@autonoma.cat\" target=\"_blank\" rel=\"noreferrer noopener\">luisafernanda.pelaez@autonoma.cat <\/a><\/li>\n\n\n\n<li><strong>ORCID<\/strong>:  <a href=\"https:\/\/orcid.org\/0000-0003-2156-8191\">0000-0003-2156-8191<\/a><\/li>\n<\/ul>\n<\/div>\n<\/div>\n\n\n\n<h3 class=\"wp-block-heading\">L\u00edneas de Investigaci\u00f3n<\/h3>\n\n\n\n<p>Mis temas de investigaci\u00f3n est\u00e1n enfocados en la <strong>Reproducci\u00f3n Social, Derechos Sexuales y Reproductivos, Desarrollo Infantil, Crianza y Cultura, Cuidados comunitarios, Ritualidad y Medicinas Tradicionales.<\/strong> Mi trabajo investigativo se ha ubicado principalmente en comunidades \u00e9tnicas del Sur occidente colombiano, particularmente en comunidades Afrodescendientes asentadas en el Pac\u00edfico del Sur de Colombia. Soy colaboradora en el Colectivo de Estudios Latinoamericanos (CELAB) de la UAB, una red de investigadores Latinoamericanos en Catalunya enfocados en difundir conocimientos sobre desde diferentes \u00e1reas sobre la regi\u00f3n.<\/p>\n<\/div><\/div>\n\n\n\n<hr class=\"wp-block-separator has-alpha-channel-opacity\" \/>\n\n\n\n<p><a href=\"https:\/\/webs.uab.cat\/ahcisp\/es\/equipo\/\">&lt;&lt; Volver a &#8216;Equipo&#8217;<\/a><\/p>\n","protected":false},"excerpt":{"rendered":"<p>Luisa Pel\u00e1ez Cordoba L\u00edneas de Investigaci\u00f3n Mis temas de investigaci\u00f3n est\u00e1n enfocados en la Reproducci\u00f3n Social, Derechos Sexuales y Reproductivos, Desarrollo Infantil, Crianza y Cultura, Cuidados comunitarios, Ritualidad y Medicinas Tradicionales. Mi trabajo investigativo se ha ubicado principalmente en comunidades \u00e9tnicas del Sur occidente colombiano, particularmente en comunidades Afrodescendientes asentadas en el Pac\u00edfico del Sur [&hellip;]<\/p>\n","protected":false},"author":1643,"featured_media":0,"parent":0,"menu_order":0,"comment_status":"closed","ping_status":"closed","template":"","meta":{"footnotes":""},"class_list":["post-2554","page","type-page","status-publish","hentry"],"_links":{"self":[{"href":"https:\/\/webs.uab.cat\/ahcisp\/es\/wp-json\/wp\/v2\/pages\/2554","targetHints":{"allow":["GET"]}}],"collection":[{"href":"https:\/\/webs.uab.cat\/ahcisp\/es\/wp-json\/wp\/v2\/pages"}],"about":[{"href":"https:\/\/webs.uab.cat\/ahcisp\/es\/wp-json\/wp\/v2\/types\/page"}],"author":[{"embeddable":true,"href":"https:\/\/webs.uab.cat\/ahcisp\/es\/wp-json\/wp\/v2\/users\/1643"}],"replies":[{"embeddable":true,"href":"https:\/\/webs.uab.cat\/ahcisp\/es\/wp-json\/wp\/v2\/comments?post=2554"}],"version-history":[{"count":2,"href":"https:\/\/webs.uab.cat\/ahcisp\/es\/wp-json\/wp\/v2\/pages\/2554\/revisions"}],"predecessor-version":[{"id":4862,"href":"https:\/\/webs.uab.cat\/ahcisp\/es\/wp-json\/wp\/v2\/pages\/2554\/revisions\/4862"}],"wp:attachment":[{"href":"https:\/\/webs.uab.cat\/ahcisp\/es\/wp-json\/wp\/v2\/media?parent=2554"}],"curies":[{"name":"wp","href":"https:\/\/api.w.org\/{rel}","templated":true}]}}