{"id":2563,"date":"2024-02-03T18:45:11","date_gmt":"2024-02-03T16:45:11","guid":{"rendered":"https:\/\/webs.uab.cat\/ahcisp\/?page_id=2563"},"modified":"2024-06-10T23:09:30","modified_gmt":"2024-06-10T21:09:30","slug":"maria-laura-zulaica","status":"publish","type":"page","link":"https:\/\/webs.uab.cat\/ahcisp\/es\/maria-laura-zulaica\/","title":{"rendered":"Mar\u00eda L. Zulaica"},"content":{"rendered":"\n<div class=\"wp-block-group alignwide\"><div class=\"wp-block-group__inner-container is-layout-constrained wp-block-group-is-layout-constrained\">\n<div class=\"wp-block-columns is-layout-flex wp-container-core-columns-is-layout-9d6595d7 wp-block-columns-is-layout-flex\">\n<div class=\"wp-block-column is-layout-flow wp-block-column-is-layout-flow\" style=\"flex-basis:33.33%\">\n<figure class=\"wp-block-image size-full\"><img loading=\"lazy\" decoding=\"async\" width=\"601\" height=\"801\" src=\"https:\/\/webs.uab.cat\/ahcisp\/wp-content\/uploads\/sites\/320\/2024\/02\/Laura_Zulaica.jpeg\" alt=\"\" class=\"wp-image-2511\" srcset=\"https:\/\/webs.uab.cat\/ahcisp\/wp-content\/uploads\/sites\/320\/2024\/02\/Laura_Zulaica.jpeg 601w, https:\/\/webs.uab.cat\/ahcisp\/wp-content\/uploads\/sites\/320\/2024\/02\/Laura_Zulaica-225x300.jpeg 225w\" sizes=\"auto, (max-width: 601px) 100vw, 601px\" \/><\/figure>\n<\/div>\n\n\n\n<div class=\"wp-block-column is-layout-flow wp-block-column-is-layout-flow\" style=\"flex-basis:66.66%\">\n<h2 class=\"wp-block-heading\">Mar\u00eda Laura Zulaica<\/h2>\n\n\n\n<ul class=\"has-normal-font-size wp-block-list\">\n<li><strong>Vinculaci\u00f3n<\/strong>: colaboradora, investigadora externa<\/li>\n\n\n\n<li><strong>Correo<\/strong>: <a href=\"mailto:laurazulaica@conicet.gov.ar\" target=\"_blank\" rel=\"noreferrer noopener\">laurazulaica@conicet.gov.ar<\/a><\/li>\n\n\n\n<li><strong>ORCID<\/strong>: <a href=\"http:\/\/orcid.org\/0000-0001-8101-5957\" target=\"_blank\" rel=\"noreferrer noopener\">0000-0001-8101-5957<\/a><\/li>\n\n\n\n<li><a href=\"https:\/\/www.conicet.gov.ar\/new_scp\/detalle.php?id=36194&amp;datos_academicos=yes\">CONICET<\/a><\/li>\n<\/ul>\n<\/div>\n<\/div>\n\n\n\n<h3 class=\"wp-block-heading\">L\u00edneas de Investigaci\u00f3n<\/h3>\n\n\n\n<p>Directora del Grupo de Estudios Ambientales Urbanos y Periurbanos del Instituto del H\u00e1bitat y del Ambiente (IHAM), Facultad de Arquitectura, Urbanismo y Dise\u00f1o (FAUD) de la Universidad Nacional de Mar del Plata (UNMdP, Argentina). Mis investigaciones se centran en el estudio de las relaciones complejas que emergen entre la sociedad y la naturaleza a trav\u00e9s del tiempo. <\/p>\n\n\n\n<p>Partiendo de los debates actuales en torno a las nociones de sostenibilidad y desarrollo sostenible, mis investigaciones m\u00e1s recientes se enfocan en la construcci\u00f3n y evaluaci\u00f3n de indicadores e \u00edndices ambientales y de sostenibilidad entre cuyos campos de aplicaci\u00f3n se destacan: la gesti\u00f3n ambiental y del h\u00e1bitat, el ordenamiento territorial y la evaluaci\u00f3n ambiental. Mis experiencias en investigaci\u00f3n intentan contribuir con posibles soluciones a las problem\u00e1ticas ambientales y de sostenibilidad en diferentes \u00e1mbitos territoriales a trav\u00e9s de instancias de vinculaci\u00f3n y transferencia.<\/p>\n\n\n\n<hr class=\"wp-block-separator has-alpha-channel-opacity\" \/>\n\n\n\n<p><a href=\"https:\/\/webs.uab.cat\/ahcisp\/es\/equipo\/\">&lt;&lt; Volver a &#8216;Equipo&#8217;<\/a><\/p>\n<\/div><\/div>\n","protected":false},"excerpt":{"rendered":"<p>Mar\u00eda Laura Zulaica L\u00edneas de Investigaci\u00f3n Directora del Grupo de Estudios Ambientales Urbanos y Periurbanos del Instituto del H\u00e1bitat y del Ambiente (IHAM), Facultad de Arquitectura, Urbanismo y Dise\u00f1o (FAUD) de la Universidad Nacional de Mar del Plata (UNMdP, Argentina). Mis investigaciones se centran en el estudio de las relaciones complejas que emergen entre la [&hellip;]<\/p>\n","protected":false},"author":1643,"featured_media":0,"parent":0,"menu_order":0,"comment_status":"closed","ping_status":"closed","template":"","meta":{"footnotes":""},"class_list":["post-2563","page","type-page","status-publish","hentry"],"_links":{"self":[{"href":"https:\/\/webs.uab.cat\/ahcisp\/es\/wp-json\/wp\/v2\/pages\/2563","targetHints":{"allow":["GET"]}}],"collection":[{"href":"https:\/\/webs.uab.cat\/ahcisp\/es\/wp-json\/wp\/v2\/pages"}],"about":[{"href":"https:\/\/webs.uab.cat\/ahcisp\/es\/wp-json\/wp\/v2\/types\/page"}],"author":[{"embeddable":true,"href":"https:\/\/webs.uab.cat\/ahcisp\/es\/wp-json\/wp\/v2\/users\/1643"}],"replies":[{"embeddable":true,"href":"https:\/\/webs.uab.cat\/ahcisp\/es\/wp-json\/wp\/v2\/comments?post=2563"}],"version-history":[{"count":4,"href":"https:\/\/webs.uab.cat\/ahcisp\/es\/wp-json\/wp\/v2\/pages\/2563\/revisions"}],"predecessor-version":[{"id":4827,"href":"https:\/\/webs.uab.cat\/ahcisp\/es\/wp-json\/wp\/v2\/pages\/2563\/revisions\/4827"}],"wp:attachment":[{"href":"https:\/\/webs.uab.cat\/ahcisp\/es\/wp-json\/wp\/v2\/media?parent=2563"}],"curies":[{"name":"wp","href":"https:\/\/api.w.org\/{rel}","templated":true}]}}