{"id":2579,"date":"2024-02-03T19:04:58","date_gmt":"2024-02-03T17:04:58","guid":{"rendered":"https:\/\/webs.uab.cat\/ahcisp\/?page_id=2579"},"modified":"2024-06-10T23:17:49","modified_gmt":"2024-06-10T21:17:49","slug":"ignacio-contreras-ilabaca","status":"publish","type":"page","link":"https:\/\/webs.uab.cat\/ahcisp\/es\/ignacio-contreras-ilabaca\/","title":{"rendered":"Ignacio Contreras"},"content":{"rendered":"\n<div class=\"wp-block-group alignwide\"><div class=\"wp-block-group__inner-container is-layout-constrained wp-block-group-is-layout-constrained\">\n<div class=\"wp-block-columns is-layout-flex wp-container-core-columns-is-layout-9d6595d7 wp-block-columns-is-layout-flex\">\n<div class=\"wp-block-column is-layout-flow wp-block-column-is-layout-flow\" style=\"flex-basis:33.33%\">\n<figure class=\"wp-block-image size-full\"><img loading=\"lazy\" decoding=\"async\" width=\"471\" height=\"470\" src=\"https:\/\/webs.uab.cat\/ahcisp\/wp-content\/uploads\/sites\/320\/2024\/02\/Ignacio_Contreras.jpeg\" alt=\"\" class=\"wp-image-2548\" srcset=\"https:\/\/webs.uab.cat\/ahcisp\/wp-content\/uploads\/sites\/320\/2024\/02\/Ignacio_Contreras.jpeg 471w, https:\/\/webs.uab.cat\/ahcisp\/wp-content\/uploads\/sites\/320\/2024\/02\/Ignacio_Contreras-300x300.jpeg 300w, https:\/\/webs.uab.cat\/ahcisp\/wp-content\/uploads\/sites\/320\/2024\/02\/Ignacio_Contreras-150x150.jpeg 150w\" sizes=\"auto, (max-width: 471px) 100vw, 471px\" \/><\/figure>\n<\/div>\n\n\n\n<div class=\"wp-block-column is-layout-flow wp-block-column-is-layout-flow\" style=\"flex-basis:66.66%\">\n<h2 class=\"wp-block-heading\">Ignacio Contreras Ilabaca<\/h2>\n\n\n\n<ul class=\"has-normal-font-size wp-block-list\">\n<li><strong>Vinculaci\u00f3n<\/strong>: Doctorando Becario<\/li>\n\n\n\n<li><strong>Correo<\/strong>: <a href=\"mailto:ignacio.contrerasi@autonoma.cat\" target=\"_blank\" rel=\"noreferrer noopener\">ignacio.contrerasi@autonoma.cat<\/a><\/li>\n\n\n\n<li><strong>ORCID<\/strong>: <a href=\"https:\/\/orcid.org\/0000-0002-7881-6830\" target=\"_blank\" rel=\"noreferrer noopener\">0000-0002-7881-6830<\/a> <\/li>\n<\/ul>\n<\/div>\n<\/div>\n\n\n\n<h3 class=\"wp-block-heading\">L\u00edneas de Investigaci\u00f3n<\/h3>\n\n\n\n<p>Soci\u00f3logo con experiencia de trabajo de campo en la Amazon\u00eda Ecuatoriana. Licenciado en Sociolog\u00eda (2017, Universidad de Concepci\u00f3n, Chile) y M\u00e1ster en Antropolog\u00eda Visual (2020, FLACSO, Ecuador). Actualmente es becario doctoral por el Programa de Formaci\u00f3n de Capital Humano Avanzado de la Agencia Nacional de Investigaci\u00f3n y Desarrollo de Chile (2020-2025) y se encuentra adscrito al Grupo de Investigaci\u00f3n Antropolog\u00eda e Historia de la Construcci\u00f3n de Identidades Sociales y Pol\u00edticas (AHCISP) en el Departamento de Antropolog\u00eda Social y Cultural de la Universitat Aut\u00f2noma de Barcelona. Sus l\u00edneas de investigaci\u00f3n se ubican entre la etnolog\u00eda ind\u00edgena de las tierras bajas de Am\u00e9rica del Sur y los estudios visuales. En su tesis de doctorado investiga sobre la fabricaci\u00f3n de im\u00e1genes y las relaciones entre cosmolog\u00eda amerindia y reg\u00edmenes de visualidad en un grupo ind\u00edgena Tukano Occidental de la Amazonia Ecuatoriana.<\/p>\n<\/div><\/div>\n\n\n\n<hr class=\"wp-block-separator has-alpha-channel-opacity\" \/>\n\n\n\n<p><a href=\"https:\/\/webs.uab.cat\/ahcisp\/es\/equipo\/\">&lt;&lt; Volver a &#8216;Equipo&#8217;<\/a><\/p>\n","protected":false},"excerpt":{"rendered":"<p>Ignacio Contreras Ilabaca L\u00edneas de Investigaci\u00f3n Soci\u00f3logo con experiencia de trabajo de campo en la Amazon\u00eda Ecuatoriana. Licenciado en Sociolog\u00eda (2017, Universidad de Concepci\u00f3n, Chile) y M\u00e1ster en Antropolog\u00eda Visual (2020, FLACSO, Ecuador). Actualmente es becario doctoral por el Programa de Formaci\u00f3n de Capital Humano Avanzado de la Agencia Nacional de Investigaci\u00f3n y Desarrollo de [&hellip;]<\/p>\n","protected":false},"author":1643,"featured_media":0,"parent":0,"menu_order":0,"comment_status":"closed","ping_status":"closed","template":"","meta":{"footnotes":""},"class_list":["post-2579","page","type-page","status-publish","hentry"],"_links":{"self":[{"href":"https:\/\/webs.uab.cat\/ahcisp\/es\/wp-json\/wp\/v2\/pages\/2579","targetHints":{"allow":["GET"]}}],"collection":[{"href":"https:\/\/webs.uab.cat\/ahcisp\/es\/wp-json\/wp\/v2\/pages"}],"about":[{"href":"https:\/\/webs.uab.cat\/ahcisp\/es\/wp-json\/wp\/v2\/types\/page"}],"author":[{"embeddable":true,"href":"https:\/\/webs.uab.cat\/ahcisp\/es\/wp-json\/wp\/v2\/users\/1643"}],"replies":[{"embeddable":true,"href":"https:\/\/webs.uab.cat\/ahcisp\/es\/wp-json\/wp\/v2\/comments?post=2579"}],"version-history":[{"count":4,"href":"https:\/\/webs.uab.cat\/ahcisp\/es\/wp-json\/wp\/v2\/pages\/2579\/revisions"}],"predecessor-version":[{"id":4851,"href":"https:\/\/webs.uab.cat\/ahcisp\/es\/wp-json\/wp\/v2\/pages\/2579\/revisions\/4851"}],"wp:attachment":[{"href":"https:\/\/webs.uab.cat\/ahcisp\/es\/wp-json\/wp\/v2\/media?parent=2579"}],"curies":[{"name":"wp","href":"https:\/\/api.w.org\/{rel}","templated":true}]}}