{"id":2590,"date":"2024-02-03T19:11:40","date_gmt":"2024-02-03T17:11:40","guid":{"rendered":"https:\/\/webs.uab.cat\/ahcisp\/?page_id=2590"},"modified":"2025-03-08T19:13:51","modified_gmt":"2025-03-08T17:13:51","slug":"pau-sanosa-cols","status":"publish","type":"page","link":"https:\/\/webs.uab.cat\/ahcisp\/es\/pau-sanosa-cols\/","title":{"rendered":"Pau Sanosa"},"content":{"rendered":"\n<div class=\"wp-block-group alignwide\"><div class=\"wp-block-group__inner-container is-layout-constrained wp-block-group-is-layout-constrained\">\n<div class=\"wp-block-columns is-layout-flex wp-container-core-columns-is-layout-9d6595d7 wp-block-columns-is-layout-flex\">\n<div class=\"wp-block-column is-layout-flow wp-block-column-is-layout-flow\" style=\"flex-basis:33.33%\">\n<figure class=\"wp-block-image size-full\"><img loading=\"lazy\" decoding=\"async\" width=\"664\" height=\"887\" src=\"https:\/\/webs.uab.cat\/ahcisp\/wp-content\/uploads\/sites\/320\/2024\/02\/Pau_Sanosa.png\" alt=\"\" class=\"wp-image-2524\" srcset=\"https:\/\/webs.uab.cat\/ahcisp\/wp-content\/uploads\/sites\/320\/2024\/02\/Pau_Sanosa.png 664w, https:\/\/webs.uab.cat\/ahcisp\/wp-content\/uploads\/sites\/320\/2024\/02\/Pau_Sanosa-225x300.png 225w\" sizes=\"auto, (max-width: 664px) 100vw, 664px\" \/><\/figure>\n<\/div>\n\n\n\n<div class=\"wp-block-column is-layout-flow wp-block-column-is-layout-flow\" style=\"flex-basis:66.66%\">\n<h2 class=\"wp-block-heading\"><strong>Pau Sanosa Cols<\/strong><\/h2>\n\n\n\n<ul class=\"wp-block-list has-small-font-size\">\n<li><strong>Vinculaci\u00f3n<\/strong>: colaborador externo<\/li>\n\n\n\n<li><strong>Correo<\/strong>: <a href=\"mailto:pausanosa@gmail.com\">pausanosa@gmail.com<\/a><\/li>\n\n\n\n<li><strong>ORCID<\/strong>: <a href=\"https:\/\/orcid.org\/0000-0003-2396-0584\">0000-0003-2396-0584<\/a><\/li>\n\n\n\n<li><a href=\"https:\/\/www.researchgate.net\/profile\/Pau-Sanosa-Cols\"><strong>ResearchGate<\/strong><\/a><\/li>\n<\/ul>\n<\/div>\n<\/div>\n\n\n\n<h3 class=\"wp-block-heading\">L\u00edneas de Investigaci\u00f3n<\/h3>\n\n\n\n<p>Sit\u00fao mi investigaci\u00f3n en el \u00e1mbito de la antropolog\u00eda ambiental, concretamente en las relaciones naturaleza-cultura en contextos pastoriles de monta\u00f1a mediterr\u00e1nea. Me focalizo en las formas de organizaci\u00f3n colectiva desarrolladas alrededor del aprovechamiento de pastos y en las instituciones formales e informales que los grupos humanos desarrollan para esta finalidad. Asimismo, me intereso en las relaciones establecidas con los animales dom\u00e9sticos y los territorios de pasto, tanto en lo referente a la dimensi\u00f3n material como en el conjunto de expresiones socioculturales. En este sentido, me intereso tambi\u00e9n por como pol\u00edticas agrarias, mercados globales y procesos de cambio sociocultural perfilan estas relaciones. Desarrollo mis investigaciones en el Pirineo catal\u00e1n y en la Sierra de Segura. M\u00e1s all\u00e1 del \u00e1mbito acad\u00e9mico, colaboro con la asociaci\u00f3n <a href=\"https:\/\/www.icomunales.org\/\">Iniciativa Comunales<\/a> y soy mimbro honorario de <a href=\"https:\/\/www.iccaconsortium.org\/es\/inicio\/\">ICCA-Consortium<\/a>.<\/p>\n\n\n\n<hr class=\"wp-block-separator has-alpha-channel-opacity\" \/>\n\n\n\n<p><a href=\"https:\/\/webs.uab.cat\/ahcisp\/es\/equipo\/\">&lt;&lt; Volver a &#8216;Equipo&#8217;<\/a><\/p>\n<\/div><\/div>\n","protected":false},"excerpt":{"rendered":"<p>Pau Sanosa Cols L\u00edneas de Investigaci\u00f3n Sit\u00fao mi investigaci\u00f3n en el \u00e1mbito de la antropolog\u00eda ambiental, concretamente en las relaciones naturaleza-cultura en contextos pastoriles de monta\u00f1a mediterr\u00e1nea. Me focalizo en las formas de organizaci\u00f3n colectiva desarrolladas alrededor del aprovechamiento de pastos y en las instituciones formales e informales que los grupos humanos desarrollan para esta [&hellip;]<\/p>\n","protected":false},"author":1643,"featured_media":0,"parent":0,"menu_order":0,"comment_status":"closed","ping_status":"closed","template":"","meta":{"footnotes":""},"class_list":["post-2590","page","type-page","status-publish","hentry"],"_links":{"self":[{"href":"https:\/\/webs.uab.cat\/ahcisp\/es\/wp-json\/wp\/v2\/pages\/2590","targetHints":{"allow":["GET"]}}],"collection":[{"href":"https:\/\/webs.uab.cat\/ahcisp\/es\/wp-json\/wp\/v2\/pages"}],"about":[{"href":"https:\/\/webs.uab.cat\/ahcisp\/es\/wp-json\/wp\/v2\/types\/page"}],"author":[{"embeddable":true,"href":"https:\/\/webs.uab.cat\/ahcisp\/es\/wp-json\/wp\/v2\/users\/1643"}],"replies":[{"embeddable":true,"href":"https:\/\/webs.uab.cat\/ahcisp\/es\/wp-json\/wp\/v2\/comments?post=2590"}],"version-history":[{"count":3,"href":"https:\/\/webs.uab.cat\/ahcisp\/es\/wp-json\/wp\/v2\/pages\/2590\/revisions"}],"predecessor-version":[{"id":5854,"href":"https:\/\/webs.uab.cat\/ahcisp\/es\/wp-json\/wp\/v2\/pages\/2590\/revisions\/5854"}],"wp:attachment":[{"href":"https:\/\/webs.uab.cat\/ahcisp\/es\/wp-json\/wp\/v2\/media?parent=2590"}],"curies":[{"name":"wp","href":"https:\/\/api.w.org\/{rel}","templated":true}]}}