{"id":2596,"date":"2024-02-03T19:18:49","date_gmt":"2024-02-03T17:18:49","guid":{"rendered":"https:\/\/webs.uab.cat\/ahcisp\/?page_id=2596"},"modified":"2024-06-10T23:17:47","modified_gmt":"2024-06-10T21:17:47","slug":"gloria-e-casanova-molina","status":"publish","type":"page","link":"https:\/\/webs.uab.cat\/ahcisp\/es\/gloria-e-casanova-molina\/","title":{"rendered":"Gloria E. Casanova"},"content":{"rendered":"\n<div class=\"wp-block-group alignwide\"><div class=\"wp-block-group__inner-container is-layout-constrained wp-block-group-is-layout-constrained\">\n<div class=\"wp-block-columns is-layout-flex wp-container-core-columns-is-layout-9d6595d7 wp-block-columns-is-layout-flex\">\n<div class=\"wp-block-column is-layout-flow wp-block-column-is-layout-flow\" style=\"flex-basis:33.33%\">\n<figure class=\"wp-block-image size-full\"><img loading=\"lazy\" decoding=\"async\" width=\"627\" height=\"837\" src=\"https:\/\/webs.uab.cat\/ahcisp\/wp-content\/uploads\/sites\/320\/2024\/02\/Gloria-Casanova.png\" alt=\"\" class=\"wp-image-2545\" srcset=\"https:\/\/webs.uab.cat\/ahcisp\/wp-content\/uploads\/sites\/320\/2024\/02\/Gloria-Casanova.png 627w, https:\/\/webs.uab.cat\/ahcisp\/wp-content\/uploads\/sites\/320\/2024\/02\/Gloria-Casanova-225x300.png 225w\" sizes=\"auto, (max-width: 627px) 100vw, 627px\" \/><\/figure>\n<\/div>\n\n\n\n<div class=\"wp-block-column is-layout-flow wp-block-column-is-layout-flow\" style=\"flex-basis:66.66%\">\n<h2 class=\"wp-block-heading\">Gloria E. Casanova Molina<\/h2>\n\n\n\n<ul class=\"has-small-font-size wp-block-list\">\n<li><strong>Vinculaci\u00f3n<\/strong>: doctoranda<\/li>\n\n\n\n<li><strong>Correo<\/strong>: <a href=\"mailto:gloria.casanova@uab.cat\">gloria.casanova@uab.cat<\/a><\/li>\n\n\n\n<li><strong>ORCID<\/strong>:\u00a0<a href=\"https:\/\/orcid.org\/0000-0003-2889-693X\">0000-0003-2889-693X<\/a><\/li>\n\n\n\n<li><a href=\"https:\/\/portalrecerca.uab.cat\/en\/persons\/gloria-e-casanova-molina\">Portal de Recerca UAB -EGRETA<\/a><\/li>\n<\/ul>\n<\/div>\n<\/div>\n\n\n\n<h3 class=\"wp-block-heading\">L\u00edneas de Investigaci\u00f3n<\/h3>\n\n\n\n<p>Mis l\u00edneas de investigaci\u00f3n son:<\/p>\n\n\n\n<ul class=\"wp-block-list\">\n<li>Antropolog\u00eda de y desde los cuerpos<\/li>\n\n\n\n<li>Antropolog\u00eda de las emociones y afectos<\/li>\n\n\n\n<li>Antropolog\u00eda de la subjetividad<\/li>\n\n\n\n<li>Antropolog\u00eda del g\u00e9nero y sexualidad<\/li>\n\n\n\n<li>Antropolog\u00eda feminista<\/li>\n<\/ul>\n\n\n\n<p>Mis temas de inter\u00e9s son las intersexualidades, disidencias sexo-afectivas y corporales, procesos de construcci\u00f3n identitaria y <em>embodiment <\/em>o encarnaci\u00f3n sexual.<\/p>\n\n\n\n<p>Soy integrante del grupo <a href=\"https:\/\/webs.uab.cat\/lis\/es\/\">Estudis Socials i de G\u00e8nere sobre la Corporalitat, la Subjectivitat<\/a> (LIS) <a href=\"https:\/\/webs.uab.cat\/lis\/es\/vinculos\/\">https:\/\/webs.uab.cat\/lis\/es\/vinculos\/<\/a><\/p>\n\n\n\n<p>Formo parte de la <a href=\"https:\/\/red.antropologiadelcuerpo.com\/index.php\/category\/investigadores\/chile\/\">Red de Investigaci\u00f3n de y desde los Cuerpos<\/a> y participo en el <a href=\"https:\/\/www.antropologia.cat\/grups-de-treball\/grup-antropologia-del-cos-i-la-sexualitat\/\">Grup de Recerca en Antropologia del Cos i la Sexualitat (GRACS)<\/a> del Institut Catal\u00e0 d\u2019Antropologia Becaria doctoral. Proyecto de investigaci\u00f3nN\u00ba72210444, financiado por Programa de Formaci\u00f3n de Capital Humano Avanzado de la Asociaci\u00f3n Nacional de investigaci\u00f3n y Desarrollo de Chile (ANID).<\/p>\n\n\n\n<hr class=\"wp-block-separator has-alpha-channel-opacity\" \/>\n\n\n\n<p><a href=\"https:\/\/webs.uab.cat\/ahcisp\/es\/equipo\/\">&lt;&lt; Volver a &#8216;Equipo&#8217;<\/a><\/p>\n<\/div><\/div>\n","protected":false},"excerpt":{"rendered":"<p>Gloria E. Casanova Molina L\u00edneas de Investigaci\u00f3n Mis l\u00edneas de investigaci\u00f3n son: Mis temas de inter\u00e9s son las intersexualidades, disidencias sexo-afectivas y corporales, procesos de construcci\u00f3n identitaria y embodiment o encarnaci\u00f3n sexual. Soy integrante del grupo Estudis Socials i de G\u00e8nere sobre la Corporalitat, la Subjectivitat (LIS) https:\/\/webs.uab.cat\/lis\/es\/vinculos\/ Formo parte de la Red de Investigaci\u00f3n [&hellip;]<\/p>\n","protected":false},"author":1643,"featured_media":0,"parent":0,"menu_order":0,"comment_status":"closed","ping_status":"closed","template":"","meta":{"footnotes":""},"class_list":["post-2596","page","type-page","status-publish","hentry"],"_links":{"self":[{"href":"https:\/\/webs.uab.cat\/ahcisp\/es\/wp-json\/wp\/v2\/pages\/2596","targetHints":{"allow":["GET"]}}],"collection":[{"href":"https:\/\/webs.uab.cat\/ahcisp\/es\/wp-json\/wp\/v2\/pages"}],"about":[{"href":"https:\/\/webs.uab.cat\/ahcisp\/es\/wp-json\/wp\/v2\/types\/page"}],"author":[{"embeddable":true,"href":"https:\/\/webs.uab.cat\/ahcisp\/es\/wp-json\/wp\/v2\/users\/1643"}],"replies":[{"embeddable":true,"href":"https:\/\/webs.uab.cat\/ahcisp\/es\/wp-json\/wp\/v2\/comments?post=2596"}],"version-history":[{"count":2,"href":"https:\/\/webs.uab.cat\/ahcisp\/es\/wp-json\/wp\/v2\/pages\/2596\/revisions"}],"predecessor-version":[{"id":4850,"href":"https:\/\/webs.uab.cat\/ahcisp\/es\/wp-json\/wp\/v2\/pages\/2596\/revisions\/4850"}],"wp:attachment":[{"href":"https:\/\/webs.uab.cat\/ahcisp\/es\/wp-json\/wp\/v2\/media?parent=2596"}],"curies":[{"name":"wp","href":"https:\/\/api.w.org\/{rel}","templated":true}]}}