{"id":2606,"date":"2024-02-03T19:27:25","date_gmt":"2024-02-03T17:27:25","guid":{"rendered":"https:\/\/webs.uab.cat\/ahcisp\/?page_id=2606"},"modified":"2024-06-10T23:03:45","modified_gmt":"2024-06-10T21:03:45","slug":"didac-santos-fita","status":"publish","type":"page","link":"https:\/\/webs.uab.cat\/ahcisp\/es\/didac-santos-fita\/","title":{"rendered":"D\u00eddac Santos"},"content":{"rendered":"\n<div class=\"wp-block-group alignwide\"><div class=\"wp-block-group__inner-container is-layout-constrained wp-block-group-is-layout-constrained\">\n<div class=\"wp-block-columns is-layout-flex wp-container-core-columns-is-layout-9d6595d7 wp-block-columns-is-layout-flex\">\n<div class=\"wp-block-column is-layout-flow wp-block-column-is-layout-flow\" style=\"flex-basis:33.33%\">\n<figure class=\"wp-block-image size-full\"><img loading=\"lazy\" decoding=\"async\" width=\"1153\" height=\"1294\" src=\"https:\/\/webs.uab.cat\/ahcisp\/wp-content\/uploads\/sites\/320\/2024\/02\/Didac-Santos-Fita.jpg\" alt=\"\" class=\"wp-image-2539\" srcset=\"https:\/\/webs.uab.cat\/ahcisp\/wp-content\/uploads\/sites\/320\/2024\/02\/Didac-Santos-Fita.jpg 1153w, https:\/\/webs.uab.cat\/ahcisp\/wp-content\/uploads\/sites\/320\/2024\/02\/Didac-Santos-Fita-267x300.jpg 267w, https:\/\/webs.uab.cat\/ahcisp\/wp-content\/uploads\/sites\/320\/2024\/02\/Didac-Santos-Fita-912x1024.jpg 912w, https:\/\/webs.uab.cat\/ahcisp\/wp-content\/uploads\/sites\/320\/2024\/02\/Didac-Santos-Fita-768x862.jpg 768w\" sizes=\"auto, (max-width: 1153px) 100vw, 1153px\" \/><\/figure>\n<\/div>\n\n\n\n<div class=\"wp-block-column is-layout-flow wp-block-column-is-layout-flow\" style=\"flex-basis:66.66%\">\n<h2 class=\"wp-block-heading\">D\u00eddac Santos Fita<\/h2>\n\n\n\n<ul class=\"has-small-font-size wp-block-list\">\n<li><strong>Vinculaci\u00f3n<\/strong>: miembro AHCISP, Investigador Postdoctoral \u201cMar\u00eda Zambrano\u201d<\/li>\n\n\n\n<li><strong>Correo<\/strong>: <a href=\"\/Desktop\/AHCISP\/CVs\/didac.santos@uab.cat\">didac.santos@uab.cat<\/a><\/li>\n\n\n\n<li><strong>ORCID<\/strong>: <a href=\"https:\/\/orcid.org\/0000-0001-7347-8476\" target=\"_blank\" rel=\"noreferrer noopener\">0000-0001-7347-8476<\/a><\/li>\n\n\n\n<li><a href=\"https:\/\/uab.academia.edu\/D%C3%ADdacSantosFita\" target=\"_blank\" rel=\"noreferrer noopener\"><strong>Academia.edu<\/strong><\/a><\/li>\n\n\n\n<li><strong><a href=\"https:\/\/www.researchgate.net\/profile\/Didac-Fita\" target=\"_blank\" rel=\"noreferrer noopener\">ResearchGate<\/a><\/strong><\/li>\n<\/ul>\n<\/div>\n<\/div>\n\n\n\n<h3 class=\"wp-block-heading\">L\u00edneas de Investigaci\u00f3n<\/h3>\n\n\n\n<p>Centr\u00e1ndome en la articulaci\u00f3n entre Antropolog\u00eda y Biolog\u00eda\/Ecolog\u00eda, junto con los fundamentos aprendidos de otros campos cient\u00edficos y una perspectiva hist\u00f3rica, abordo de forma integral y con mayor amplitud de an\u00e1lisis los fen\u00f3menos socioambientales que condicionan los tipos de relaci\u00f3n que los humanos establecen con el resto de los seres vivos y el medioambiente. Desde la Etnobiolog\u00eda y subdisdiplinas, trabajo en los siguientes temas: a) Relaciones Humano &#8211; Naturaleza; b) Manejo y conservaci\u00f3n de los recursos naturales (me he centrado m\u00e1s en la fauna silvestre). Caza, chamanismo y ritualidad; c) Sistemas tradicionales de producci\u00f3n, sostenibilidad y soberan\u00eda alimentaria; y d) Diversidad y patrimonio biocultural, derecho consuetudinario, identidad y procesos territoriales. Todo ello desde la interdisciplinariedad, mediante metodolog\u00edas y t\u00e9cnicas cualitativas y cuantitativas, as\u00ed como las metodolog\u00edas participativas; tambi\u00e9n con la herramienta audiovisual. Trabajo con grupos ind\u00edgenas, afrodescendientes y campesinos en Am\u00e9rica Latina. Actualmente en los Pirineos catalanes con percepci\u00f3n del paisaje (visual y sonoro).<\/p>\n\n\n\n<hr class=\"wp-block-separator has-alpha-channel-opacity\" \/>\n\n\n\n<p><a href=\"https:\/\/webs.uab.cat\/ahcisp\/es\/equipo\/\">&lt;&lt; Volver a &#8216;Equipo&#8217;<\/a><\/p>\n<\/div><\/div>\n","protected":false},"excerpt":{"rendered":"<p>D\u00eddac Santos Fita L\u00edneas de Investigaci\u00f3n Centr\u00e1ndome en la articulaci\u00f3n entre Antropolog\u00eda y Biolog\u00eda\/Ecolog\u00eda, junto con los fundamentos aprendidos de otros campos cient\u00edficos y una perspectiva hist\u00f3rica, abordo de forma integral y con mayor amplitud de an\u00e1lisis los fen\u00f3menos socioambientales que condicionan los tipos de relaci\u00f3n que los humanos establecen con el resto de los [&hellip;]<\/p>\n","protected":false},"author":1643,"featured_media":0,"parent":0,"menu_order":0,"comment_status":"closed","ping_status":"closed","template":"","meta":{"footnotes":""},"class_list":["post-2606","page","type-page","status-publish","hentry"],"_links":{"self":[{"href":"https:\/\/webs.uab.cat\/ahcisp\/es\/wp-json\/wp\/v2\/pages\/2606","targetHints":{"allow":["GET"]}}],"collection":[{"href":"https:\/\/webs.uab.cat\/ahcisp\/es\/wp-json\/wp\/v2\/pages"}],"about":[{"href":"https:\/\/webs.uab.cat\/ahcisp\/es\/wp-json\/wp\/v2\/types\/page"}],"author":[{"embeddable":true,"href":"https:\/\/webs.uab.cat\/ahcisp\/es\/wp-json\/wp\/v2\/users\/1643"}],"replies":[{"embeddable":true,"href":"https:\/\/webs.uab.cat\/ahcisp\/es\/wp-json\/wp\/v2\/comments?post=2606"}],"version-history":[{"count":2,"href":"https:\/\/webs.uab.cat\/ahcisp\/es\/wp-json\/wp\/v2\/pages\/2606\/revisions"}],"predecessor-version":[{"id":4805,"href":"https:\/\/webs.uab.cat\/ahcisp\/es\/wp-json\/wp\/v2\/pages\/2606\/revisions\/4805"}],"wp:attachment":[{"href":"https:\/\/webs.uab.cat\/ahcisp\/es\/wp-json\/wp\/v2\/media?parent=2606"}],"curies":[{"name":"wp","href":"https:\/\/api.w.org\/{rel}","templated":true}]}}