{"id":2620,"date":"2024-02-03T19:44:49","date_gmt":"2024-02-03T17:44:49","guid":{"rendered":"https:\/\/webs.uab.cat\/ahcisp\/?page_id=2620"},"modified":"2024-06-15T11:33:22","modified_gmt":"2024-06-15T09:33:22","slug":"esther-oliver-grasiot","status":"publish","type":"page","link":"https:\/\/webs.uab.cat\/ahcisp\/es\/esther-oliver-grasiot\/","title":{"rendered":"Esther Oliver Grasiot"},"content":{"rendered":"\n<div class=\"wp-block-group alignwide\"><div class=\"wp-block-group__inner-container is-layout-constrained wp-block-group-is-layout-constrained\">\n<div class=\"wp-block-columns is-layout-flex wp-container-core-columns-is-layout-9d6595d7 wp-block-columns-is-layout-flex\">\n<div class=\"wp-block-column is-layout-flow wp-block-column-is-layout-flow\" style=\"flex-basis:33.33%\">\n<figure class=\"wp-block-image size-full\"><img loading=\"lazy\" decoding=\"async\" width=\"437\" height=\"583\" src=\"https:\/\/webs.uab.cat\/ahcisp\/wp-content\/uploads\/sites\/320\/2024\/02\/Esther-Oliver-Grasiot.jpg\" alt=\"\" class=\"wp-image-2542\" srcset=\"https:\/\/webs.uab.cat\/ahcisp\/wp-content\/uploads\/sites\/320\/2024\/02\/Esther-Oliver-Grasiot.jpg 437w, https:\/\/webs.uab.cat\/ahcisp\/wp-content\/uploads\/sites\/320\/2024\/02\/Esther-Oliver-Grasiot-225x300.jpg 225w\" sizes=\"auto, (max-width: 437px) 100vw, 437px\" \/><\/figure>\n<\/div>\n\n\n\n<div class=\"wp-block-column is-layout-flow wp-block-column-is-layout-flow\" style=\"flex-basis:66.66%\">\n<h2 class=\"wp-block-heading\"><strong>Esther Oliver Grasiot<\/strong><\/h2>\n\n\n\n<ul class=\"has-small-font-size wp-block-list\">\n<li><strong>Vinculaci\u00f3n<\/strong>: Professora associada Doctora, Ph.D.<\/li>\n\n\n\n<li><strong>Correo<\/strong>: <a href=\"mailto:Esther.OliverG@autonoma.cat\">Esther.OliverG@autonoma.cat<\/a><\/li>\n\n\n\n<li><strong>Oficina<\/strong>: B9-233<\/li>\n\n\n\n<li><strong>Tel<\/strong>: +34 93 581 8324<\/li>\n\n\n\n<li><strong>ORCID<\/strong>: <a href=\"https:\/\/orcid.org\/0000-0003-3053-8859\">0000-0003-3053-8859<\/a><\/li>\n<\/ul>\n<\/div>\n<\/div>\n\n\n\n<h3 class=\"wp-block-heading\">L\u00edneas de Investigaci\u00f3n<\/h3>\n\n\n\n<p>Mis temas de investigaci\u00f3n son los pueblos ind\u00edgenas, las mediaciones culturales, la antropolog\u00eda de la paz y el conflicto y la cooperaci\u00f3n internacional y el desarrollo.<\/p>\n\n\n\n<p>Mis investigaciones est\u00e1n dedicadas a las mediaciones culturales en contextos ind\u00edgenas en Guatemala. En particular, me intereso por la aplicaci\u00f3n de los mecanismos de la justicia transicional desde las experiencias de los supervivientes en la regi\u00f3n ixil. Tambi\u00e9n reflexiono sobre las estrategias metodol\u00f3gicas en las investigaciones etnogr\u00e1ficas en contextos de postconflicto y violencia. Durante los \u00faltimos a\u00f1os he realizado diversas estancias de trabajo de campo en Guatemala (2014, 2015, 2017, 2018, 2019) y he colaborado en varios proyectos de investigaci\u00f3n estatales y europeos.<\/p>\n<\/div><\/div>\n","protected":false},"excerpt":{"rendered":"<p>Esther Oliver Grasiot L\u00edneas de Investigaci\u00f3n Mis temas de investigaci\u00f3n son los pueblos ind\u00edgenas, las mediaciones culturales, la antropolog\u00eda de la paz y el conflicto y la cooperaci\u00f3n internacional y el desarrollo. Mis investigaciones est\u00e1n dedicadas a las mediaciones culturales en contextos ind\u00edgenas en Guatemala. En particular, me intereso por la aplicaci\u00f3n de los mecanismos [&hellip;]<\/p>\n","protected":false},"author":1643,"featured_media":0,"parent":0,"menu_order":0,"comment_status":"closed","ping_status":"closed","template":"","meta":{"footnotes":""},"class_list":["post-2620","page","type-page","status-publish","hentry"],"_links":{"self":[{"href":"https:\/\/webs.uab.cat\/ahcisp\/es\/wp-json\/wp\/v2\/pages\/2620","targetHints":{"allow":["GET"]}}],"collection":[{"href":"https:\/\/webs.uab.cat\/ahcisp\/es\/wp-json\/wp\/v2\/pages"}],"about":[{"href":"https:\/\/webs.uab.cat\/ahcisp\/es\/wp-json\/wp\/v2\/types\/page"}],"author":[{"embeddable":true,"href":"https:\/\/webs.uab.cat\/ahcisp\/es\/wp-json\/wp\/v2\/users\/1643"}],"replies":[{"embeddable":true,"href":"https:\/\/webs.uab.cat\/ahcisp\/es\/wp-json\/wp\/v2\/comments?post=2620"}],"version-history":[{"count":2,"href":"https:\/\/webs.uab.cat\/ahcisp\/es\/wp-json\/wp\/v2\/pages\/2620\/revisions"}],"predecessor-version":[{"id":5143,"href":"https:\/\/webs.uab.cat\/ahcisp\/es\/wp-json\/wp\/v2\/pages\/2620\/revisions\/5143"}],"wp:attachment":[{"href":"https:\/\/webs.uab.cat\/ahcisp\/es\/wp-json\/wp\/v2\/media?parent=2620"}],"curies":[{"name":"wp","href":"https:\/\/api.w.org\/{rel}","templated":true}]}}