{"id":2626,"date":"2024-02-03T19:51:23","date_gmt":"2024-02-03T17:51:23","guid":{"rendered":"https:\/\/webs.uab.cat\/ahcisp\/?page_id=2626"},"modified":"2024-06-10T23:03:41","modified_gmt":"2024-06-10T21:03:41","slug":"montserrat-clua-i-faie","status":"publish","type":"page","link":"https:\/\/webs.uab.cat\/ahcisp\/es\/montserrat-clua-i-faie\/","title":{"rendered":"Montserrat Clua"},"content":{"rendered":"\n<div class=\"wp-block-group alignwide\"><div class=\"wp-block-group__inner-container is-layout-constrained wp-block-group-is-layout-constrained\">\n<div class=\"wp-block-columns is-layout-flex wp-container-core-columns-is-layout-9d6595d7 wp-block-columns-is-layout-flex\">\n<div class=\"wp-block-column is-layout-flow wp-block-column-is-layout-flow\" style=\"flex-basis:33.33%\">\n<figure class=\"wp-block-image size-full\"><img loading=\"lazy\" decoding=\"async\" width=\"686\" height=\"768\" src=\"https:\/\/webs.uab.cat\/ahcisp\/wp-content\/uploads\/sites\/320\/2024\/02\/Montse_Clua.jpg\" alt=\"\" class=\"wp-image-2521\" srcset=\"https:\/\/webs.uab.cat\/ahcisp\/wp-content\/uploads\/sites\/320\/2024\/02\/Montse_Clua.jpg 686w, https:\/\/webs.uab.cat\/ahcisp\/wp-content\/uploads\/sites\/320\/2024\/02\/Montse_Clua-268x300.jpg 268w\" sizes=\"auto, (max-width: 686px) 100vw, 686px\" \/><\/figure>\n<\/div>\n\n\n\n<div class=\"wp-block-column is-layout-flow wp-block-column-is-layout-flow\" style=\"flex-basis:66.66%\">\n<h2 class=\"wp-block-heading\">Montserrat Clua i Fain\u00e9<\/h2>\n\n\n\n<ul class=\"has-small-font-size wp-block-list\">\n<li><strong>Vinculaci\u00f3n<\/strong>: miembra AHCISP<\/li>\n\n\n\n<li><strong>Correo<\/strong>: <a href=\"mailto:Montserrat.Clua@uab.cat\">Montserrat.Clua@uab.cat<\/a><\/li>\n\n\n\n<li><strong>ORCID<\/strong>: <a href=\"https:\/\/orcid.org\/0000-0002-2784-281X\" target=\"_blank\" rel=\"noreferrer noopener\">0000-0002-2784-281X<\/a><\/li>\n\n\n\n<li><a href=\"https:\/\/portalrecerca.uab.cat\/en\/persons\/maria-montserrat-clua-faine-3\"><strong>Portal de Recerca UAB<\/strong><\/a><\/li>\n<\/ul>\n<\/div>\n<\/div>\n\n\n\n<h3 class=\"wp-block-heading\">L\u00edneas de Investigaci\u00f3n<\/h3>\n\n\n\n<p>Mi l\u00ednea de investigaci\u00f3n se enmarca en la antropolog\u00eda pol\u00edtica centrada en la cultura y sociedad catalanas, donde he desarrollado trabajo de campo etnogr\u00e1fico en la construcci\u00f3n de identidades en Catalu\u00f1a, el patrimonio y el uso de la literatura catalana como material etnogr\u00e1fico. Tambi\u00e9n he trabajado en la historia de la antropolog\u00eda espa\u00f1ola. Experta en el nacionalismo, mis temas de investigaci\u00f3n son las identidades \u00e9tnicas y nacionales, y su interseccionalidad con el g\u00e9nero, el fenotipo y la clase, indagando sobre los discursos de inclusi\u00f3n y exclusi\u00f3n de la inmigraci\u00f3n, el racismo y la xenofobia, tanto a nivel te\u00f3rico como en el caso etnogr\u00e1fico catal\u00e1n. Ha realizado etnograf\u00eda sobre la construcci\u00f3n de la identidad catalana y su relaci\u00f3n con el proceso independentista desarrollado en Catalu\u00f1a los \u00faltimos 15 a\u00f1os. Mi tesis doctoral sobre la aportaci\u00f3n de la antropolog\u00eda a los estudios sobre el nacionalismo fue Premio Extraordinario de Tesis (UAB, 2008).<\/p>\n<\/div><\/div>\n\n\n\n<hr class=\"wp-block-separator has-alpha-channel-opacity\" \/>\n\n\n\n<p><a href=\"https:\/\/webs.uab.cat\/ahcisp\/es\/equipo\/\">&lt;&lt; Volver a &#8216;Equipo&#8217;<\/a><\/p>\n","protected":false},"excerpt":{"rendered":"<p>Montserrat Clua i Fain\u00e9 L\u00edneas de Investigaci\u00f3n Mi l\u00ednea de investigaci\u00f3n se enmarca en la antropolog\u00eda pol\u00edtica centrada en la cultura y sociedad catalanas, donde he desarrollado trabajo de campo etnogr\u00e1fico en la construcci\u00f3n de identidades en Catalu\u00f1a, el patrimonio y el uso de la literatura catalana como material etnogr\u00e1fico. Tambi\u00e9n he trabajado en la [&hellip;]<\/p>\n","protected":false},"author":1643,"featured_media":0,"parent":0,"menu_order":0,"comment_status":"closed","ping_status":"closed","template":"","meta":{"footnotes":""},"class_list":["post-2626","page","type-page","status-publish","hentry"],"_links":{"self":[{"href":"https:\/\/webs.uab.cat\/ahcisp\/es\/wp-json\/wp\/v2\/pages\/2626","targetHints":{"allow":["GET"]}}],"collection":[{"href":"https:\/\/webs.uab.cat\/ahcisp\/es\/wp-json\/wp\/v2\/pages"}],"about":[{"href":"https:\/\/webs.uab.cat\/ahcisp\/es\/wp-json\/wp\/v2\/types\/page"}],"author":[{"embeddable":true,"href":"https:\/\/webs.uab.cat\/ahcisp\/es\/wp-json\/wp\/v2\/users\/1643"}],"replies":[{"embeddable":true,"href":"https:\/\/webs.uab.cat\/ahcisp\/es\/wp-json\/wp\/v2\/comments?post=2626"}],"version-history":[{"count":3,"href":"https:\/\/webs.uab.cat\/ahcisp\/es\/wp-json\/wp\/v2\/pages\/2626\/revisions"}],"predecessor-version":[{"id":4802,"href":"https:\/\/webs.uab.cat\/ahcisp\/es\/wp-json\/wp\/v2\/pages\/2626\/revisions\/4802"}],"wp:attachment":[{"href":"https:\/\/webs.uab.cat\/ahcisp\/es\/wp-json\/wp\/v2\/media?parent=2626"}],"curies":[{"name":"wp","href":"https:\/\/api.w.org\/{rel}","templated":true}]}}