{"id":2660,"date":"2024-02-13T20:53:05","date_gmt":"2024-02-13T18:53:05","guid":{"rendered":"https:\/\/webs.uab.cat\/ahcisp\/?page_id=2660"},"modified":"2024-06-10T23:09:18","modified_gmt":"2024-06-10T21:09:18","slug":"pablo-dominguez","status":"publish","type":"page","link":"https:\/\/webs.uab.cat\/ahcisp\/es\/pablo-dominguez\/","title":{"rendered":"Pablo Dom\u00ednguez"},"content":{"rendered":"\n<div class=\"wp-block-group alignwide\"><div class=\"wp-block-group__inner-container is-layout-constrained wp-block-group-is-layout-constrained\">\n<div class=\"wp-block-columns is-layout-flex wp-container-core-columns-is-layout-9d6595d7 wp-block-columns-is-layout-flex\">\n<div class=\"wp-block-column is-layout-flow wp-block-column-is-layout-flow\" style=\"flex-basis:33.33%\">\n<figure class=\"wp-block-image size-full\"><img loading=\"lazy\" decoding=\"async\" width=\"262\" height=\"348\" src=\"https:\/\/webs.uab.cat\/ahcisp\/wp-content\/uploads\/sites\/320\/2024\/02\/Pablo_Dominguez.jpg\" alt=\"\" class=\"wp-image-2650\" srcset=\"https:\/\/webs.uab.cat\/ahcisp\/wp-content\/uploads\/sites\/320\/2024\/02\/Pablo_Dominguez.jpg 262w, https:\/\/webs.uab.cat\/ahcisp\/wp-content\/uploads\/sites\/320\/2024\/02\/Pablo_Dominguez-226x300.jpg 226w\" sizes=\"auto, (max-width: 262px) 100vw, 262px\" \/><\/figure>\n<\/div>\n\n\n\n<div class=\"wp-block-column is-layout-flow wp-block-column-is-layout-flow\" style=\"flex-basis:66.66%\">\n<h2 class=\"wp-block-heading\"><strong>Pablo Dom\u00ednguez<\/strong><\/h2>\n\n\n\n<ul class=\"has-small-font-size wp-block-list\">\n<li><strong>Vinculaci\u00f3n<\/strong>: colaborador, investigador externo<\/li>\n\n\n\n<li><strong>Correo<\/strong>: <a href=\"mailto:Pablo.Dominguez@uab.cat\">Pablo.Dominguez@uab.cat<\/a><\/li>\n\n\n\n<li><strong>ORCID<\/strong>:  <a href=\"http:\/\/orcid.org\/0000-0002-8890-7509\">0000-0002-8890-7509<\/a><\/li>\n\n\n\n<li><a href=\"https:\/\/cv.archives-ouvertes.fr\/pablo-dominguez?langChosen=fr\"><strong>Curriculum Vitae<\/strong><\/a><\/li>\n<\/ul>\n<\/div>\n<\/div>\n\n\n\n<h3 class=\"wp-block-heading\">L\u00edneas de Investigaci\u00f3n<\/h3>\n\n\n\n<p>Soy investigador permanente del <a href=\"http:\/\/www.cnrs.fr\/\">CNRS<\/a> franc\u00e9s, con sede en el Laboratorio de Ecoantropolog\u00eda del <a href=\"https:\/\/www.museedelhomme.fr\/en\/what-is-the-musee-de-l-homme\">Museo del ser humano<\/a> de Par\u00eds, e investigador vinculado de la UAB. Combino 6 a\u00f1os de formaci\u00f3n en Biolog\u00eda, especialidad Ambiental, en la UAM (Madrid) y AMU (Marsella), con un Doctorado en Etnolog\u00eda en la EHESS (Par\u00eds) y la UAB (Barcelona) sobre la gobernanza <em>comunal<\/em> de los recursos naturales de poblaciones trashumantes agrosilvopastoriles del Alto Atlas, y sus capacidades de sostenibilidad y conservaci\u00f3n, as\u00ed como su diversidad biocultural. Hoy me centro especialmente en la regi\u00f3n mediterr\u00e1nea, concentrando la mayor parte de mi trabajo en Espa\u00f1a, Marruecos y los Balcanes. Investigo \u201csobre\u201d estos sistemas comunales, pero tambi\u00e9n \u201ca favor\u201d de sus valores naturales y culturales. Esto me lleva a menudo a interactuar con organizaciones de la sociedad civil, organismos p\u00fablicos, agencias internacionales y diferentes actores y tomadores de decisiones en un esfuerzo continuo por favorecer la transferencia de conocimiento y el asesoramiento para su aplicaci\u00f3n pr\u00e1ctica sobre el terreno. M\u00e1s informaci\u00f3n en el <a href=\"https:\/\/piccahers.org\">blog PICCAHers<\/a>.<\/p>\n<\/div><\/div>\n\n\n\n<hr class=\"wp-block-separator has-alpha-channel-opacity\" \/>\n\n\n\n<p><a href=\"https:\/\/webs.uab.cat\/ahcisp\/es\/equipo\/\">&lt;&lt; Volver a &#8216;Equipo&#8217;<\/a><\/p>\n","protected":false},"excerpt":{"rendered":"<p>Pablo Dom\u00ednguez L\u00edneas de Investigaci\u00f3n Soy investigador permanente del CNRS franc\u00e9s, con sede en el Laboratorio de Ecoantropolog\u00eda del Museo del ser humano de Par\u00eds, e investigador vinculado de la UAB. Combino 6 a\u00f1os de formaci\u00f3n en Biolog\u00eda, especialidad Ambiental, en la UAM (Madrid) y AMU (Marsella), con un Doctorado en Etnolog\u00eda en la EHESS [&hellip;]<\/p>\n","protected":false},"author":1643,"featured_media":0,"parent":0,"menu_order":0,"comment_status":"closed","ping_status":"closed","template":"","meta":{"footnotes":""},"class_list":["post-2660","page","type-page","status-publish","hentry"],"_links":{"self":[{"href":"https:\/\/webs.uab.cat\/ahcisp\/es\/wp-json\/wp\/v2\/pages\/2660","targetHints":{"allow":["GET"]}}],"collection":[{"href":"https:\/\/webs.uab.cat\/ahcisp\/es\/wp-json\/wp\/v2\/pages"}],"about":[{"href":"https:\/\/webs.uab.cat\/ahcisp\/es\/wp-json\/wp\/v2\/types\/page"}],"author":[{"embeddable":true,"href":"https:\/\/webs.uab.cat\/ahcisp\/es\/wp-json\/wp\/v2\/users\/1643"}],"replies":[{"embeddable":true,"href":"https:\/\/webs.uab.cat\/ahcisp\/es\/wp-json\/wp\/v2\/comments?post=2660"}],"version-history":[{"count":3,"href":"https:\/\/webs.uab.cat\/ahcisp\/es\/wp-json\/wp\/v2\/pages\/2660\/revisions"}],"predecessor-version":[{"id":4822,"href":"https:\/\/webs.uab.cat\/ahcisp\/es\/wp-json\/wp\/v2\/pages\/2660\/revisions\/4822"}],"wp:attachment":[{"href":"https:\/\/webs.uab.cat\/ahcisp\/es\/wp-json\/wp\/v2\/media?parent=2660"}],"curies":[{"name":"wp","href":"https:\/\/api.w.org\/{rel}","templated":true}]}}