{"id":2667,"date":"2024-02-13T21:02:43","date_gmt":"2024-02-13T19:02:43","guid":{"rendered":"https:\/\/webs.uab.cat\/ahcisp\/?page_id=2667"},"modified":"2024-06-10T23:09:23","modified_gmt":"2024-06-10T21:09:23","slug":"alexandre-surralles-i-calonge","status":"publish","type":"page","link":"https:\/\/webs.uab.cat\/ahcisp\/es\/alexandre-surralles-i-calonge\/","title":{"rendered":"Alexandre Surrall\u00e9s"},"content":{"rendered":"\n<div class=\"wp-block-group alignwide\"><div class=\"wp-block-group__inner-container is-layout-constrained wp-block-group-is-layout-constrained\">\n<div class=\"wp-block-columns is-layout-flex wp-container-core-columns-is-layout-9d6595d7 wp-block-columns-is-layout-flex\">\n<div class=\"wp-block-column is-layout-flow wp-block-column-is-layout-flow\" style=\"flex-basis:33.33%\">\n<figure class=\"wp-block-image size-full\"><img loading=\"lazy\" decoding=\"async\" width=\"191\" height=\"255\" src=\"https:\/\/webs.uab.cat\/ahcisp\/wp-content\/uploads\/sites\/320\/2024\/02\/Alexandre_Surralles.jpeg\" alt=\"\" class=\"wp-image-2655\" \/><\/figure>\n<\/div>\n\n\n\n<div class=\"wp-block-column is-layout-flow wp-block-column-is-layout-flow\" style=\"flex-basis:66.66%\">\n<h2 class=\"wp-block-heading\">Alexandre Surrall\u00e9s i Calonge<\/h2>\n\n\n\n<ul class=\"has-normal-font-size wp-block-list\">\n<li><strong>Vinculaci\u00f3n<\/strong>: colaborador, investigador externo<\/li>\n\n\n\n<li><strong>Correo<\/strong>: <a href=\"mailto:alexandre.surralles@ehess.fr\">alexandre.surralles@ehess.fr<\/a><\/li>\n\n\n\n<li><strong>ORCID<\/strong>:<\/li>\n<\/ul>\n<\/div>\n<\/div>\n\n\n\n<h3 class=\"wp-block-heading\">L\u00edneas de Investigaci\u00f3n<\/h3>\n\n\n\n<p>Catedr\u00e1tico en la EHESS y investigador senior (director de investigaci\u00f3n) en el CNRS, Alexandre Surrall\u00e9s dirige el equipo de investigaci\u00f3n <em>Affectivit\u00e9, perception, sensation: le corps agissant <\/em>en el Laboratoire d&#8217;anthropologie sociale del Coll\u00e8ge de France.\u00a0 Especialista en antropolog\u00eda de la Amazonia, sus investigaciones se centran en el papel de la afectividad en la definici\u00f3n de los v\u00ednculos sociales, y abarcan temas tan variados como los derechos de los pueblos ind\u00edgenas y la lexicograf\u00eda en la Am\u00e9rica colonial.\u00a0 Es autor de <em>Au c\u0153ur du sens ; perception, affectivit\u00e9, action chez les Candoshi<\/em> (Par\u00eds, \u00c9ditions de la Maison des sciences de l&#8217;homme y CNRS \u00e9ditions, 2003) y <em>La raison lexicographique : d\u00e9couverte des langues et origine de l&#8217;anthropologie<\/em> (Par\u00eds, Fayard, 2023).<\/p>\n\n\n\n<hr class=\"wp-block-separator has-alpha-channel-opacity\" \/>\n\n\n\n<p><a href=\"https:\/\/webs.uab.cat\/ahcisp\/es\/equipo\/\">&lt;&lt; Volver a &#8216;Equipo&#8217;<\/a><\/p>\n<\/div><\/div>\n","protected":false},"excerpt":{"rendered":"<p>Alexandre Surrall\u00e9s i Calonge L\u00edneas de Investigaci\u00f3n Catedr\u00e1tico en la EHESS y investigador senior (director de investigaci\u00f3n) en el CNRS, Alexandre Surrall\u00e9s dirige el equipo de investigaci\u00f3n Affectivit\u00e9, perception, sensation: le corps agissant en el Laboratoire d&#8217;anthropologie sociale del Coll\u00e8ge de France.\u00a0 Especialista en antropolog\u00eda de la Amazonia, sus investigaciones se centran en el papel [&hellip;]<\/p>\n","protected":false},"author":1643,"featured_media":0,"parent":0,"menu_order":0,"comment_status":"closed","ping_status":"closed","template":"","meta":{"footnotes":""},"class_list":["post-2667","page","type-page","status-publish","hentry"],"_links":{"self":[{"href":"https:\/\/webs.uab.cat\/ahcisp\/es\/wp-json\/wp\/v2\/pages\/2667","targetHints":{"allow":["GET"]}}],"collection":[{"href":"https:\/\/webs.uab.cat\/ahcisp\/es\/wp-json\/wp\/v2\/pages"}],"about":[{"href":"https:\/\/webs.uab.cat\/ahcisp\/es\/wp-json\/wp\/v2\/types\/page"}],"author":[{"embeddable":true,"href":"https:\/\/webs.uab.cat\/ahcisp\/es\/wp-json\/wp\/v2\/users\/1643"}],"replies":[{"embeddable":true,"href":"https:\/\/webs.uab.cat\/ahcisp\/es\/wp-json\/wp\/v2\/comments?post=2667"}],"version-history":[{"count":4,"href":"https:\/\/webs.uab.cat\/ahcisp\/es\/wp-json\/wp\/v2\/pages\/2667\/revisions"}],"predecessor-version":[{"id":4825,"href":"https:\/\/webs.uab.cat\/ahcisp\/es\/wp-json\/wp\/v2\/pages\/2667\/revisions\/4825"}],"wp:attachment":[{"href":"https:\/\/webs.uab.cat\/ahcisp\/es\/wp-json\/wp\/v2\/media?parent=2667"}],"curies":[{"name":"wp","href":"https:\/\/api.w.org\/{rel}","templated":true}]}}